{"id":5037,"date":"2018-11-28T16:33:54","date_gmt":"2018-11-28T14:33:54","guid":{"rendered":"https:\/\/kamoto.md\/shop\/fara-categorie\/ferastrau-circular-kamoto-kcs-1519\/"},"modified":"2026-02-26T09:38:21","modified_gmt":"2026-02-26T07:38:21","slug":"fierastrau-circular-kamoto-kcs-1519","status":"publish","type":"product","link":"https:\/\/kamoto.md\/ro\/shop\/scule-electrice\/ferastrau-circular-manual\/fierastrau-circular-kamoto-kcs-1519\/","title":{"rendered":"Fier\u0103str\u0103u circular Kamoto KCS1519"},"content":{"rendered":"<p>Fier\u0103str\u0103ul circular KAMOTO KCS 1519 este un instrument puternic \u0219i fiabil pentru t\u0103ieri directe \u00een produse din lemn \u0219i plastic. Ofer\u0103 o ajustare confortabil\u0103, f\u0103r\u0103 utilizarea instrumentelor suplimentare, ad\u00e2ncimea \u0219i unghiul t\u0103ieturii, ad\u00e2ncimea maxim\u0103 a t\u0103ierii la un unghi de 90 \u00b0 &#8211; 60 mm.<\/p>\n<p>\u2022 M\u00e2nerul este echipat cu pl\u0103cu\u021be de cauciuc ExtraGrip pentru fixarea sigur\u0103 a sculei \u00een m\u00e2n\u0103.<br \/>\n\u2022 Reglarea convenabil\u0103 a unui col\u021b petrecut pe b\u0103utur\u0103 f\u0103r\u0103 scule<br \/>\n\u2022 Comoditate suplimentar\u0103 \u00een timpul func\u021bion\u0103rii asigur\u0103 acces rapid la periile de c\u0103rbune. Ele pot fi \u00eenlocuite independent, f\u0103r\u0103 a contacta centrul de service.<br \/>\n\u2022 Cablul de alimentare din cauciuc de 3 metri rezist\u0103 la temperaturi sc\u0103zute \u0219i are o durat\u0103 de via\u021b\u0103 mai mare datorit\u0103 utiliz\u0103rii materialelor de \u00eenalt\u0103 calitate care sunt rezistente la curbele repetate.<\/p>\n","protected":false},"excerpt":{"rendered":"<p>Caracteristici generale<br \/>\nProducator: KAMOTO<br \/>\nPutere: 1500 W<br \/>\nAlimentare: 220 V<br \/>\nDiametrul discului: 190 mm<br \/>\nNum\u0103rul de rota\u021bii: 6000 rev \/ min.<br \/>\nAd\u00e2ncimea de t\u0103iere la 90\u00ba: 60 mm<br \/>\nLungimea cablului: 3 m<br \/>\nGreutate: 4,3 kg<\/p>\n","protected":false},"featured_media":3627,"template":"","meta":[],"product_brand":[],"product_cat":[322],"product_tag":[],"class_list":{"0":"post-5037","1":"product","2":"type-product","3":"status-publish","4":"has-post-thumbnail","6":"product_cat-ferastrau-circular-manual","8":"first","9":"outofstock","10":"shipping-taxable","11":"product-type-simple"},"yoast_head":"<!-- This site is optimized with the Yoast SEO plugin v27.3 - https:\/\/yoast.com\/product\/yoast-seo-wordpress\/ -->\n<title>Vrei Ferastrau circular ieftine? Moldova - Chisinau - Kamoto.md<\/title>\n<meta name=\"description\" content=\"Descoprea Ferastrau circular la PRETURI de importator \u25bb Vezi OFERTELE pe site! - Kamoto.md - Fier\u0103str\u0103u circular Kamoto KCS1519\" \/>\n<meta name=\"robots\" content=\"index, follow, max-snippet:-1, max-image-preview:large, max-video-preview:-1\" \/>\n<link rel=\"canonical\" href=\"https:\/\/kamoto.md\/ro\/shop\/scule-electrice\/ferastrau-circular-manual\/fierastrau-circular-kamoto-kcs-1519\/\" \/>\n<meta property=\"og:locale\" content=\"ro_RO\" \/>\n<meta property=\"og:type\" content=\"article\" \/>\n<meta property=\"og:title\" content=\"Vrei Ferastrau circular ieftine? Moldova - Chisinau - Kamoto.md\" \/>\n<meta property=\"og:description\" content=\"Descoprea Ferastrau circular la PRETURI de importator \u25bb Vezi OFERTELE pe site! - Kamoto.md - Fier\u0103str\u0103u circular Kamoto KCS1519\" \/>\n<meta property=\"og:url\" content=\"https:\/\/kamoto.md\/ro\/shop\/scule-electrice\/ferastrau-circular-manual\/fierastrau-circular-kamoto-kcs-1519\/\" \/>\n<meta property=\"og:site_name\" content=\"Kamoto.md\" \/>\n<meta property=\"article:modified_time\" content=\"2026-02-26T07:38:21+00:00\" \/>\n<meta property=\"og:image\" content=\"https:\/\/kamoto.md\/wp-content\/uploads\/2021\/05\/logo2.png\" \/>\n\t<meta property=\"og:image:width\" content=\"1000\" \/>\n\t<meta property=\"og:image:height\" content=\"1000\" \/>\n\t<meta property=\"og:image:type\" content=\"image\/png\" \/>\n<meta name=\"twitter:card\" content=\"summary_large_image\" \/>\n<meta name=\"twitter:label1\" content=\"Timp estimat pentru citire\" \/>\n\t<meta name=\"twitter:data1\" content=\"1 minut\" \/>\n<script type=\"application\/ld+json\" class=\"yoast-schema-graph\">{\"@context\":\"https:\\\/\\\/schema.org\",\"@graph\":[{\"@type\":[\"WebPage\",\"ItemPage\"],\"@id\":\"https:\\\/\\\/kamoto.md\\\/ro\\\/shop\\\/scule-electrice\\\/ferastrau-circular-manual\\\/fierastrau-circular-kamoto-kcs-1519\\\/\",\"url\":\"https:\\\/\\\/kamoto.md\\\/ro\\\/shop\\\/scule-electrice\\\/ferastrau-circular-manual\\\/fierastrau-circular-kamoto-kcs-1519\\\/\",\"name\":\"Vrei Ferastrau circular ieftine? Moldova - Chisinau - Kamoto.md\",\"isPartOf\":{\"@id\":\"https:\\\/\\\/kamoto.md\\\/ro\\\/#website\"},\"primaryImageOfPage\":{\"@id\":\"https:\\\/\\\/kamoto.md\\\/ro\\\/shop\\\/scule-electrice\\\/ferastrau-circular-manual\\\/fierastrau-circular-kamoto-kcs-1519\\\/#primaryimage\"},\"image\":{\"@id\":\"https:\\\/\\\/kamoto.md\\\/ro\\\/shop\\\/scule-electrice\\\/ferastrau-circular-manual\\\/fierastrau-circular-kamoto-kcs-1519\\\/#primaryimage\"},\"thumbnailUrl\":\"https:\\\/\\\/kamoto.md\\\/wp-content\\\/uploads\\\/2018\\\/11\\\/1_G.O_22.11.2018-8.jpg\",\"datePublished\":\"2018-11-28T14:33:54+00:00\",\"dateModified\":\"2026-02-26T07:38:21+00:00\",\"description\":\"Descoprea Ferastrau circular la PRETURI de importator \u25bb Vezi OFERTELE pe site! - Kamoto.md - Fier\u0103str\u0103u circular Kamoto KCS1519\",\"breadcrumb\":{\"@id\":\"https:\\\/\\\/kamoto.md\\\/ro\\\/shop\\\/scule-electrice\\\/ferastrau-circular-manual\\\/fierastrau-circular-kamoto-kcs-1519\\\/#breadcrumb\"},\"inLanguage\":\"ro-RO\",\"potentialAction\":[{\"@type\":\"ReadAction\",\"target\":[\"https:\\\/\\\/kamoto.md\\\/ro\\\/shop\\\/scule-electrice\\\/ferastrau-circular-manual\\\/fierastrau-circular-kamoto-kcs-1519\\\/\"]}]},{\"@type\":\"ImageObject\",\"inLanguage\":\"ro-RO\",\"@id\":\"https:\\\/\\\/kamoto.md\\\/ro\\\/shop\\\/scule-electrice\\\/ferastrau-circular-manual\\\/fierastrau-circular-kamoto-kcs-1519\\\/#primaryimage\",\"url\":\"https:\\\/\\\/kamoto.md\\\/wp-content\\\/uploads\\\/2018\\\/11\\\/1_G.O_22.11.2018-8.jpg\",\"contentUrl\":\"https:\\\/\\\/kamoto.md\\\/wp-content\\\/uploads\\\/2018\\\/11\\\/1_G.O_22.11.2018-8.jpg\",\"width\":1000,\"height\":1000},{\"@type\":\"BreadcrumbList\",\"@id\":\"https:\\\/\\\/kamoto.md\\\/ro\\\/shop\\\/scule-electrice\\\/ferastrau-circular-manual\\\/fierastrau-circular-kamoto-kcs-1519\\\/#breadcrumb\",\"itemListElement\":[{\"@type\":\"ListItem\",\"position\":1,\"name\":\"\u0413\u043b\u0430\u0432\u043d\u0430\u044f \u0441\u0442\u0440\u0430\u043d\u0438\u0446\u0430\",\"item\":\"https:\\\/\\\/kamoto.md\\\/ro\\\/\"},{\"@type\":\"ListItem\",\"position\":2,\"name\":\"Catalog\",\"item\":\"https:\\\/\\\/kamoto.md\\\/ro\\\/catalog\\\/\"},{\"@type\":\"ListItem\",\"position\":3,\"name\":\"Instrumente electrice\",\"item\":\"https:\\\/\\\/kamoto.md\\\/ro\\\/catalog\\\/scule-electrice\\\/\"},{\"@type\":\"ListItem\",\"position\":4,\"name\":\"Fer\u0103straie circulare manuale\",\"item\":\"https:\\\/\\\/kamoto.md\\\/ro\\\/catalog\\\/scule-electrice\\\/ferastrau-circular-manual\\\/\"},{\"@type\":\"ListItem\",\"position\":5,\"name\":\"Fier\u0103str\u0103u circular Kamoto KCS1519\"}]},{\"@type\":\"WebSite\",\"@id\":\"https:\\\/\\\/kamoto.md\\\/ro\\\/#website\",\"url\":\"https:\\\/\\\/kamoto.md\\\/ro\\\/\",\"name\":\"Kamoto.MD\",\"description\":\"\u0418\u043d\u0442\u0435\u0440\u043d\u0435\u0442 \u043c\u0430\u0433\u0430\u0437\u0438\u043d \u044d\u043b\u0435\u043a\u0442\u0440\u043e\u0438\u043d\u0441\u0442\u0440\u0443\u043c\u0435\u043d\u0442\u0430, \u0441\u0430\u0434\u043e\u0432\u043e\u0439 \u0438 \u0441\u0438\u043b\u043e\u0432\u043e\u0439 \u0442\u0435\u0445\u043d\u0438\u043a\u0438.\",\"publisher\":{\"@id\":\"https:\\\/\\\/kamoto.md\\\/ro\\\/#organization\"},\"potentialAction\":[{\"@type\":\"SearchAction\",\"target\":{\"@type\":\"EntryPoint\",\"urlTemplate\":\"https:\\\/\\\/kamoto.md\\\/ro\\\/?s={search_term_string}\"},\"query-input\":{\"@type\":\"PropertyValueSpecification\",\"valueRequired\":true,\"valueName\":\"search_term_string\"}}],\"inLanguage\":\"ro-RO\"},{\"@type\":\"Organization\",\"@id\":\"https:\\\/\\\/kamoto.md\\\/ro\\\/#organization\",\"name\":\"Kamoto S.R.L.\",\"url\":\"https:\\\/\\\/kamoto.md\\\/ro\\\/\",\"logo\":{\"@type\":\"ImageObject\",\"inLanguage\":\"ro-RO\",\"@id\":\"https:\\\/\\\/kamoto.md\\\/ro\\\/#\\\/schema\\\/logo\\\/image\\\/\",\"url\":\"https:\\\/\\\/kamoto.md\\\/wp-content\\\/uploads\\\/2017\\\/08\\\/logo.png\",\"contentUrl\":\"https:\\\/\\\/kamoto.md\\\/wp-content\\\/uploads\\\/2017\\\/08\\\/logo.png\",\"width\":323,\"height\":50,\"caption\":\"Kamoto S.R.L.\"},\"image\":{\"@id\":\"https:\\\/\\\/kamoto.md\\\/ro\\\/#\\\/schema\\\/logo\\\/image\\\/\"}}]}<\/script>\n<!-- \/ Yoast SEO plugin. -->","yoast_head_json":{"title":"Vrei Ferastrau circular ieftine? Moldova - Chisinau - Kamoto.md","description":"Descoprea Ferastrau circular la PRETURI de importator \u25bb Vezi OFERTELE pe site! - Kamoto.md - Fier\u0103str\u0103u circular Kamoto KCS1519","robots":{"index":"index","follow":"follow","max-snippet":"max-snippet:-1","max-image-preview":"max-image-preview:large","max-video-preview":"max-video-preview:-1"},"canonical":"https:\/\/kamoto.md\/ro\/shop\/scule-electrice\/ferastrau-circular-manual\/fierastrau-circular-kamoto-kcs-1519\/","og_locale":"ro_RO","og_type":"article","og_title":"Vrei Ferastrau circular ieftine? Moldova - Chisinau - Kamoto.md","og_description":"Descoprea Ferastrau circular la PRETURI de importator \u25bb Vezi OFERTELE pe site! - Kamoto.md - Fier\u0103str\u0103u circular Kamoto KCS1519","og_url":"https:\/\/kamoto.md\/ro\/shop\/scule-electrice\/ferastrau-circular-manual\/fierastrau-circular-kamoto-kcs-1519\/","og_site_name":"Kamoto.md","article_modified_time":"2026-02-26T07:38:21+00:00","og_image":[{"width":1000,"height":1000,"url":"https:\/\/kamoto.md\/wp-content\/uploads\/2021\/05\/logo2.png","type":"image\/png"}],"twitter_card":"summary_large_image","twitter_misc":{"Timp estimat pentru citire":"1 minut"},"schema":{"@context":"https:\/\/schema.org","@graph":[{"@type":["WebPage","ItemPage"],"@id":"https:\/\/kamoto.md\/ro\/shop\/scule-electrice\/ferastrau-circular-manual\/fierastrau-circular-kamoto-kcs-1519\/","url":"https:\/\/kamoto.md\/ro\/shop\/scule-electrice\/ferastrau-circular-manual\/fierastrau-circular-kamoto-kcs-1519\/","name":"Vrei Ferastrau circular ieftine? Moldova - Chisinau - Kamoto.md","isPartOf":{"@id":"https:\/\/kamoto.md\/ro\/#website"},"primaryImageOfPage":{"@id":"https:\/\/kamoto.md\/ro\/shop\/scule-electrice\/ferastrau-circular-manual\/fierastrau-circular-kamoto-kcs-1519\/#primaryimage"},"image":{"@id":"https:\/\/kamoto.md\/ro\/shop\/scule-electrice\/ferastrau-circular-manual\/fierastrau-circular-kamoto-kcs-1519\/#primaryimage"},"thumbnailUrl":"https:\/\/kamoto.md\/wp-content\/uploads\/2018\/11\/1_G.O_22.11.2018-8.jpg","datePublished":"2018-11-28T14:33:54+00:00","dateModified":"2026-02-26T07:38:21+00:00","description":"Descoprea Ferastrau circular la PRETURI de importator \u25bb Vezi OFERTELE pe site! - Kamoto.md - Fier\u0103str\u0103u circular Kamoto KCS1519","breadcrumb":{"@id":"https:\/\/kamoto.md\/ro\/shop\/scule-electrice\/ferastrau-circular-manual\/fierastrau-circular-kamoto-kcs-1519\/#breadcrumb"},"inLanguage":"ro-RO","potentialAction":[{"@type":"ReadAction","target":["https:\/\/kamoto.md\/ro\/shop\/scule-electrice\/ferastrau-circular-manual\/fierastrau-circular-kamoto-kcs-1519\/"]}]},{"@type":"ImageObject","inLanguage":"ro-RO","@id":"https:\/\/kamoto.md\/ro\/shop\/scule-electrice\/ferastrau-circular-manual\/fierastrau-circular-kamoto-kcs-1519\/#primaryimage","url":"https:\/\/kamoto.md\/wp-content\/uploads\/2018\/11\/1_G.O_22.11.2018-8.jpg","contentUrl":"https:\/\/kamoto.md\/wp-content\/uploads\/2018\/11\/1_G.O_22.11.2018-8.jpg","width":1000,"height":1000},{"@type":"BreadcrumbList","@id":"https:\/\/kamoto.md\/ro\/shop\/scule-electrice\/ferastrau-circular-manual\/fierastrau-circular-kamoto-kcs-1519\/#breadcrumb","itemListElement":[{"@type":"ListItem","position":1,"name":"\u0413\u043b\u0430\u0432\u043d\u0430\u044f \u0441\u0442\u0440\u0430\u043d\u0438\u0446\u0430","item":"https:\/\/kamoto.md\/ro\/"},{"@type":"ListItem","position":2,"name":"Catalog","item":"https:\/\/kamoto.md\/ro\/catalog\/"},{"@type":"ListItem","position":3,"name":"Instrumente electrice","item":"https:\/\/kamoto.md\/ro\/catalog\/scule-electrice\/"},{"@type":"ListItem","position":4,"name":"Fer\u0103straie circulare manuale","item":"https:\/\/kamoto.md\/ro\/catalog\/scule-electrice\/ferastrau-circular-manual\/"},{"@type":"ListItem","position":5,"name":"Fier\u0103str\u0103u circular Kamoto KCS1519"}]},{"@type":"WebSite","@id":"https:\/\/kamoto.md\/ro\/#website","url":"https:\/\/kamoto.md\/ro\/","name":"Kamoto.MD","description":"\u0418\u043d\u0442\u0435\u0440\u043d\u0435\u0442 \u043c\u0430\u0433\u0430\u0437\u0438\u043d \u044d\u043b\u0435\u043a\u0442\u0440\u043e\u0438\u043d\u0441\u0442\u0440\u0443\u043c\u0435\u043d\u0442\u0430, \u0441\u0430\u0434\u043e\u0432\u043e\u0439 \u0438 \u0441\u0438\u043b\u043e\u0432\u043e\u0439 \u0442\u0435\u0445\u043d\u0438\u043a\u0438.","publisher":{"@id":"https:\/\/kamoto.md\/ro\/#organization"},"potentialAction":[{"@type":"SearchAction","target":{"@type":"EntryPoint","urlTemplate":"https:\/\/kamoto.md\/ro\/?s={search_term_string}"},"query-input":{"@type":"PropertyValueSpecification","valueRequired":true,"valueName":"search_term_string"}}],"inLanguage":"ro-RO"},{"@type":"Organization","@id":"https:\/\/kamoto.md\/ro\/#organization","name":"Kamoto S.R.L.","url":"https:\/\/kamoto.md\/ro\/","logo":{"@type":"ImageObject","inLanguage":"ro-RO","@id":"https:\/\/kamoto.md\/ro\/#\/schema\/logo\/image\/","url":"https:\/\/kamoto.md\/wp-content\/uploads\/2017\/08\/logo.png","contentUrl":"https:\/\/kamoto.md\/wp-content\/uploads\/2017\/08\/logo.png","width":323,"height":50,"caption":"Kamoto S.R.L."},"image":{"@id":"https:\/\/kamoto.md\/ro\/#\/schema\/logo\/image\/"}}]}},"_links":{"self":[{"href":"https:\/\/kamoto.md\/ro\/wp-json\/wp\/v2\/product\/5037","targetHints":{"allow":["GET"]}}],"collection":[{"href":"https:\/\/kamoto.md\/ro\/wp-json\/wp\/v2\/product"}],"about":[{"href":"https:\/\/kamoto.md\/ro\/wp-json\/wp\/v2\/types\/product"}],"wp:featuredmedia":[{"embeddable":true,"href":"https:\/\/kamoto.md\/ro\/wp-json\/wp\/v2\/media\/3627"}],"wp:attachment":[{"href":"https:\/\/kamoto.md\/ro\/wp-json\/wp\/v2\/media?parent=5037"}],"wp:term":[{"taxonomy":"product_brand","embeddable":true,"href":"https:\/\/kamoto.md\/ro\/wp-json\/wp\/v2\/product_brand?post=5037"},{"taxonomy":"product_cat","embeddable":true,"href":"https:\/\/kamoto.md\/ro\/wp-json\/wp\/v2\/product_cat?post=5037"},{"taxonomy":"product_tag","embeddable":true,"href":"https:\/\/kamoto.md\/ro\/wp-json\/wp\/v2\/product_tag?post=5037"}],"curies":[{"name":"wp","href":"https:\/\/api.w.org\/{rel}","templated":true}]}}