{"id":5040,"date":"2018-11-06T09:34:55","date_gmt":"2018-11-06T07:34:55","guid":{"rendered":"https:\/\/kamoto.md\/shop\/fara-categorie\/masina-de-insurubat-cu-acumulator-kamoto-kcd-1420\/"},"modified":"2026-02-27T13:43:48","modified_gmt":"2026-02-27T11:43:48","slug":"masina-de-insurubat-pe-acumulator-kamoto-kcd-1420","status":"publish","type":"product","link":"https:\/\/kamoto.md\/ro\/shop\/scule-electrice\/masini-de-insurubat-cu-acumulator\/masina-de-insurubat-pe-acumulator-kamoto-kcd-1420\/","title":{"rendered":"Ma\u0219in\u0103 de \u00een\u0219urubat pe acumulator KAMOTO KCD1420"},"content":{"rendered":"<p>Ma\u0219in\u0103 de \u00een\u0219urubat pe acumulator KAMOTO KCD1420 cu capacitate crescut\u0103 a bateriei, dispozitiv u\u0219or \u0219i compact pentru lucrul cu elemente de fixare \u0219i g\u0103urirea g\u0103urilor \u00een diferite tipuri de materiale. Corpul ergonomic \u0219i distribu\u021bia excelent\u0103 a greut\u0103\u021bii fac munca foarte confortabil\u0103. Retroiluminarea puternic\u0103 v\u0103 permite s\u0103 lucra\u021bi \u00een locuri cu iluminare slab\u0103. Baterie Li-Ion cu capacitate de 2,0 Ah \u0219i func\u021bie de \u00eenc\u0103rcare rapid\u0103 \u00eentr-o or\u0103. Sistemul electronic protejeaz\u0103 bateriile de supra\u00eenc\u0103rcare.<\/p>\n<p>&#8211; Bateria u\u0219oar\u0103 Li-Ion asigur\u0103 un cuplu constant p\u00e2n\u0103 c\u00e2nd bateria este complet desc\u0103rcat\u0103.<br \/>\n&#8211; Carcasa proiectat\u0103 ergonomic \u0219i greutatea perfect distribuit\u0103 fac munca c\u00e2t mai confortabil\u0103 posibil.<br \/>\n&#8211; Luminos.<\/p>\n","protected":false},"excerpt":{"rendered":"<p>Baterie: Li-on<br \/>\nTensiunea bateriei: 14 V<br \/>\nCapacitatea bateriei: 2.0 Ah<br \/>\nDiametrul mandrinei: 0,8 &#8211; 10 mm<br \/>\nInversare: Verificare<br \/>\nM\u00e2ner cauciucat ExtraGrip: Da<br \/>\nBlocarea axului: Nu<br \/>\nNum\u0103r de viteze: 2<br \/>\n1 vitez\u0103: 0-400 rpm<br \/>\n2 viteze: 0-1500 rpm<br \/>\nNum\u0103r de reglaje ale cuplului: 20+1<br \/>\nMod de impact: Nu<br \/>\nCuplu dur: 35 Nm<br \/>\nCuplu moale: 25 Nm<br \/>\nTip mandrin\u0103: Mandrin\u0103 cu ac\u021biune rapid\u0103<br \/>\nControlul vitezei: Da<br \/>\nNum\u0103r de baterii \u00een set: 2<br \/>\nIluminarea spa\u021biului de lucru: Da<br \/>\n\u00cenc\u0103rcare rapid\u0103 \u00een 1 or\u0103: Da<br \/>\nSistem de protec\u021bie a bateriei: Da<br \/>\nGreutate: 1,5 kg<\/p>\n","protected":false},"featured_media":3580,"template":"","meta":[],"product_brand":[],"product_cat":[315],"product_tag":[],"class_list":{"0":"post-5040","1":"product","2":"type-product","3":"status-publish","4":"has-post-thumbnail","6":"product_cat-masini-de-insurubat-cu-acumulator","8":"first","9":"outofstock","10":"shipping-taxable","11":"product-type-simple"},"yoast_head":"<!-- This site is optimized with the Yoast SEO plugin v27.3 - https:\/\/yoast.com\/product\/yoast-seo-wordpress\/ -->\n<title>Ma\u0219ini de \u00een\u0219urubat pe acumulator - Ma\u0219in\u0103 de \u00een\u0219urubat pe acumulator KAMOTO KCD1420 - Kamoto.md<\/title>\n<meta name=\"robots\" content=\"index, follow, max-snippet:-1, max-image-preview:large, max-video-preview:-1\" \/>\n<link rel=\"canonical\" href=\"https:\/\/kamoto.md\/ro\/shop\/scule-electrice\/masini-de-insurubat-cu-acumulator\/masina-de-insurubat-pe-acumulator-kamoto-kcd-1420\/\" \/>\n<meta property=\"og:locale\" content=\"ro_RO\" \/>\n<meta property=\"og:type\" content=\"article\" \/>\n<meta property=\"og:title\" content=\"Ma\u0219ini de \u00een\u0219urubat pe acumulator - Ma\u0219in\u0103 de \u00een\u0219urubat pe acumulator KAMOTO KCD1420 - Kamoto.md\" \/>\n<meta property=\"og:description\" content=\"Baterie: Li-on Tensiunea bateriei: 14 V Capacitatea bateriei: 2.0 Ah Diametrul mandrinei: 0,8 - 10 mm Inversare: Verificare M\u00e2ner cauciucat ExtraGrip: Da Blocarea axului: Nu Num\u0103r de viteze: 2 1 vitez\u0103: 0-400 rpm 2 viteze: 0-1500 rpm Num\u0103r de reglaje ale cuplului: 20+1 Mod de impact: Nu Cuplu dur: 35 Nm Cuplu moale: 25 Nm Tip mandrin\u0103: Mandrin\u0103 cu ac\u021biune rapid\u0103 Controlul vitezei: Da Num\u0103r de baterii \u00een set: 2 Iluminarea spa\u021biului de lucru: Da \u00cenc\u0103rcare rapid\u0103 \u00een 1 or\u0103: Da Sistem de protec\u021bie a bateriei: Da Greutate: 1,5 kg\" \/>\n<meta property=\"og:url\" content=\"https:\/\/kamoto.md\/ro\/shop\/scule-electrice\/masini-de-insurubat-cu-acumulator\/masina-de-insurubat-pe-acumulator-kamoto-kcd-1420\/\" \/>\n<meta property=\"og:site_name\" content=\"Kamoto.md\" \/>\n<meta property=\"article:modified_time\" content=\"2026-02-27T11:43:48+00:00\" \/>\n<meta property=\"og:image\" content=\"https:\/\/kamoto.md\/wp-content\/uploads\/2021\/05\/logo2.png\" \/>\n\t<meta property=\"og:image:width\" content=\"1000\" \/>\n\t<meta property=\"og:image:height\" content=\"1000\" \/>\n\t<meta property=\"og:image:type\" content=\"image\/png\" \/>\n<meta name=\"twitter:card\" content=\"summary_large_image\" \/>\n<meta name=\"twitter:label1\" content=\"Timp estimat pentru citire\" \/>\n\t<meta name=\"twitter:data1\" content=\"1 minut\" \/>\n<script type=\"application\/ld+json\" class=\"yoast-schema-graph\">{\"@context\":\"https:\\\/\\\/schema.org\",\"@graph\":[{\"@type\":[\"WebPage\",\"ItemPage\"],\"@id\":\"https:\\\/\\\/kamoto.md\\\/ro\\\/shop\\\/scule-electrice\\\/masini-de-insurubat-cu-acumulator\\\/masina-de-insurubat-pe-acumulator-kamoto-kcd-1420\\\/\",\"url\":\"https:\\\/\\\/kamoto.md\\\/ro\\\/shop\\\/scule-electrice\\\/masini-de-insurubat-cu-acumulator\\\/masina-de-insurubat-pe-acumulator-kamoto-kcd-1420\\\/\",\"name\":\"Ma\u0219ini de \u00een\u0219urubat pe acumulator - Ma\u0219in\u0103 de \u00een\u0219urubat pe acumulator KAMOTO KCD1420 - Kamoto.md\",\"isPartOf\":{\"@id\":\"https:\\\/\\\/kamoto.md\\\/ro\\\/#website\"},\"primaryImageOfPage\":{\"@id\":\"https:\\\/\\\/kamoto.md\\\/ro\\\/shop\\\/scule-electrice\\\/masini-de-insurubat-cu-acumulator\\\/masina-de-insurubat-pe-acumulator-kamoto-kcd-1420\\\/#primaryimage\"},\"image\":{\"@id\":\"https:\\\/\\\/kamoto.md\\\/ro\\\/shop\\\/scule-electrice\\\/masini-de-insurubat-cu-acumulator\\\/masina-de-insurubat-pe-acumulator-kamoto-kcd-1420\\\/#primaryimage\"},\"thumbnailUrl\":\"https:\\\/\\\/kamoto.md\\\/wp-content\\\/uploads\\\/2018\\\/11\\\/1_G.O_29.010.2018-31.jpg\",\"datePublished\":\"2018-11-06T07:34:55+00:00\",\"dateModified\":\"2026-02-27T11:43:48+00:00\",\"breadcrumb\":{\"@id\":\"https:\\\/\\\/kamoto.md\\\/ro\\\/shop\\\/scule-electrice\\\/masini-de-insurubat-cu-acumulator\\\/masina-de-insurubat-pe-acumulator-kamoto-kcd-1420\\\/#breadcrumb\"},\"inLanguage\":\"ro-RO\",\"potentialAction\":[{\"@type\":\"ReadAction\",\"target\":[\"https:\\\/\\\/kamoto.md\\\/ro\\\/shop\\\/scule-electrice\\\/masini-de-insurubat-cu-acumulator\\\/masina-de-insurubat-pe-acumulator-kamoto-kcd-1420\\\/\"]}]},{\"@type\":\"ImageObject\",\"inLanguage\":\"ro-RO\",\"@id\":\"https:\\\/\\\/kamoto.md\\\/ro\\\/shop\\\/scule-electrice\\\/masini-de-insurubat-cu-acumulator\\\/masina-de-insurubat-pe-acumulator-kamoto-kcd-1420\\\/#primaryimage\",\"url\":\"https:\\\/\\\/kamoto.md\\\/wp-content\\\/uploads\\\/2018\\\/11\\\/1_G.O_29.010.2018-31.jpg\",\"contentUrl\":\"https:\\\/\\\/kamoto.md\\\/wp-content\\\/uploads\\\/2018\\\/11\\\/1_G.O_29.010.2018-31.jpg\",\"width\":1000,\"height\":1000},{\"@type\":\"BreadcrumbList\",\"@id\":\"https:\\\/\\\/kamoto.md\\\/ro\\\/shop\\\/scule-electrice\\\/masini-de-insurubat-cu-acumulator\\\/masina-de-insurubat-pe-acumulator-kamoto-kcd-1420\\\/#breadcrumb\",\"itemListElement\":[{\"@type\":\"ListItem\",\"position\":1,\"name\":\"\u0413\u043b\u0430\u0432\u043d\u0430\u044f \u0441\u0442\u0440\u0430\u043d\u0438\u0446\u0430\",\"item\":\"https:\\\/\\\/kamoto.md\\\/ro\\\/\"},{\"@type\":\"ListItem\",\"position\":2,\"name\":\"Catalog\",\"item\":\"https:\\\/\\\/kamoto.md\\\/ro\\\/catalog\\\/\"},{\"@type\":\"ListItem\",\"position\":3,\"name\":\"Instrumente electrice\",\"item\":\"https:\\\/\\\/kamoto.md\\\/ro\\\/catalog\\\/scule-electrice\\\/\"},{\"@type\":\"ListItem\",\"position\":4,\"name\":\"Ma\u0219ini de \u00een\u0219urubat pe acumulator\",\"item\":\"https:\\\/\\\/kamoto.md\\\/ro\\\/catalog\\\/scule-electrice\\\/masini-de-insurubat-cu-acumulator\\\/\"},{\"@type\":\"ListItem\",\"position\":5,\"name\":\"Ma\u0219in\u0103 de \u00een\u0219urubat pe acumulator KAMOTO KCD1420\"}]},{\"@type\":\"WebSite\",\"@id\":\"https:\\\/\\\/kamoto.md\\\/ro\\\/#website\",\"url\":\"https:\\\/\\\/kamoto.md\\\/ro\\\/\",\"name\":\"Kamoto.MD\",\"description\":\"\u0418\u043d\u0442\u0435\u0440\u043d\u0435\u0442 \u043c\u0430\u0433\u0430\u0437\u0438\u043d \u044d\u043b\u0435\u043a\u0442\u0440\u043e\u0438\u043d\u0441\u0442\u0440\u0443\u043c\u0435\u043d\u0442\u0430, \u0441\u0430\u0434\u043e\u0432\u043e\u0439 \u0438 \u0441\u0438\u043b\u043e\u0432\u043e\u0439 \u0442\u0435\u0445\u043d\u0438\u043a\u0438.\",\"publisher\":{\"@id\":\"https:\\\/\\\/kamoto.md\\\/ro\\\/#organization\"},\"potentialAction\":[{\"@type\":\"SearchAction\",\"target\":{\"@type\":\"EntryPoint\",\"urlTemplate\":\"https:\\\/\\\/kamoto.md\\\/ro\\\/?s={search_term_string}\"},\"query-input\":{\"@type\":\"PropertyValueSpecification\",\"valueRequired\":true,\"valueName\":\"search_term_string\"}}],\"inLanguage\":\"ro-RO\"},{\"@type\":\"Organization\",\"@id\":\"https:\\\/\\\/kamoto.md\\\/ro\\\/#organization\",\"name\":\"Kamoto S.R.L.\",\"url\":\"https:\\\/\\\/kamoto.md\\\/ro\\\/\",\"logo\":{\"@type\":\"ImageObject\",\"inLanguage\":\"ro-RO\",\"@id\":\"https:\\\/\\\/kamoto.md\\\/ro\\\/#\\\/schema\\\/logo\\\/image\\\/\",\"url\":\"https:\\\/\\\/kamoto.md\\\/wp-content\\\/uploads\\\/2017\\\/08\\\/logo.png\",\"contentUrl\":\"https:\\\/\\\/kamoto.md\\\/wp-content\\\/uploads\\\/2017\\\/08\\\/logo.png\",\"width\":323,\"height\":50,\"caption\":\"Kamoto S.R.L.\"},\"image\":{\"@id\":\"https:\\\/\\\/kamoto.md\\\/ro\\\/#\\\/schema\\\/logo\\\/image\\\/\"}}]}<\/script>\n<!-- \/ Yoast SEO plugin. -->","yoast_head_json":{"title":"Ma\u0219ini de \u00een\u0219urubat pe acumulator - Ma\u0219in\u0103 de \u00een\u0219urubat pe acumulator KAMOTO KCD1420 - Kamoto.md","robots":{"index":"index","follow":"follow","max-snippet":"max-snippet:-1","max-image-preview":"max-image-preview:large","max-video-preview":"max-video-preview:-1"},"canonical":"https:\/\/kamoto.md\/ro\/shop\/scule-electrice\/masini-de-insurubat-cu-acumulator\/masina-de-insurubat-pe-acumulator-kamoto-kcd-1420\/","og_locale":"ro_RO","og_type":"article","og_title":"Ma\u0219ini de \u00een\u0219urubat pe acumulator - Ma\u0219in\u0103 de \u00een\u0219urubat pe acumulator KAMOTO KCD1420 - Kamoto.md","og_description":"Baterie: Li-on Tensiunea bateriei: 14 V Capacitatea bateriei: 2.0 Ah Diametrul mandrinei: 0,8 - 10 mm Inversare: Verificare M\u00e2ner cauciucat ExtraGrip: Da Blocarea axului: Nu Num\u0103r de viteze: 2 1 vitez\u0103: 0-400 rpm 2 viteze: 0-1500 rpm Num\u0103r de reglaje ale cuplului: 20+1 Mod de impact: Nu Cuplu dur: 35 Nm Cuplu moale: 25 Nm Tip mandrin\u0103: Mandrin\u0103 cu ac\u021biune rapid\u0103 Controlul vitezei: Da Num\u0103r de baterii \u00een set: 2 Iluminarea spa\u021biului de lucru: Da \u00cenc\u0103rcare rapid\u0103 \u00een 1 or\u0103: Da Sistem de protec\u021bie a bateriei: Da Greutate: 1,5 kg","og_url":"https:\/\/kamoto.md\/ro\/shop\/scule-electrice\/masini-de-insurubat-cu-acumulator\/masina-de-insurubat-pe-acumulator-kamoto-kcd-1420\/","og_site_name":"Kamoto.md","article_modified_time":"2026-02-27T11:43:48+00:00","og_image":[{"width":1000,"height":1000,"url":"https:\/\/kamoto.md\/wp-content\/uploads\/2021\/05\/logo2.png","type":"image\/png"}],"twitter_card":"summary_large_image","twitter_misc":{"Timp estimat pentru citire":"1 minut"},"schema":{"@context":"https:\/\/schema.org","@graph":[{"@type":["WebPage","ItemPage"],"@id":"https:\/\/kamoto.md\/ro\/shop\/scule-electrice\/masini-de-insurubat-cu-acumulator\/masina-de-insurubat-pe-acumulator-kamoto-kcd-1420\/","url":"https:\/\/kamoto.md\/ro\/shop\/scule-electrice\/masini-de-insurubat-cu-acumulator\/masina-de-insurubat-pe-acumulator-kamoto-kcd-1420\/","name":"Ma\u0219ini de \u00een\u0219urubat pe acumulator - Ma\u0219in\u0103 de \u00een\u0219urubat pe acumulator KAMOTO KCD1420 - Kamoto.md","isPartOf":{"@id":"https:\/\/kamoto.md\/ro\/#website"},"primaryImageOfPage":{"@id":"https:\/\/kamoto.md\/ro\/shop\/scule-electrice\/masini-de-insurubat-cu-acumulator\/masina-de-insurubat-pe-acumulator-kamoto-kcd-1420\/#primaryimage"},"image":{"@id":"https:\/\/kamoto.md\/ro\/shop\/scule-electrice\/masini-de-insurubat-cu-acumulator\/masina-de-insurubat-pe-acumulator-kamoto-kcd-1420\/#primaryimage"},"thumbnailUrl":"https:\/\/kamoto.md\/wp-content\/uploads\/2018\/11\/1_G.O_29.010.2018-31.jpg","datePublished":"2018-11-06T07:34:55+00:00","dateModified":"2026-02-27T11:43:48+00:00","breadcrumb":{"@id":"https:\/\/kamoto.md\/ro\/shop\/scule-electrice\/masini-de-insurubat-cu-acumulator\/masina-de-insurubat-pe-acumulator-kamoto-kcd-1420\/#breadcrumb"},"inLanguage":"ro-RO","potentialAction":[{"@type":"ReadAction","target":["https:\/\/kamoto.md\/ro\/shop\/scule-electrice\/masini-de-insurubat-cu-acumulator\/masina-de-insurubat-pe-acumulator-kamoto-kcd-1420\/"]}]},{"@type":"ImageObject","inLanguage":"ro-RO","@id":"https:\/\/kamoto.md\/ro\/shop\/scule-electrice\/masini-de-insurubat-cu-acumulator\/masina-de-insurubat-pe-acumulator-kamoto-kcd-1420\/#primaryimage","url":"https:\/\/kamoto.md\/wp-content\/uploads\/2018\/11\/1_G.O_29.010.2018-31.jpg","contentUrl":"https:\/\/kamoto.md\/wp-content\/uploads\/2018\/11\/1_G.O_29.010.2018-31.jpg","width":1000,"height":1000},{"@type":"BreadcrumbList","@id":"https:\/\/kamoto.md\/ro\/shop\/scule-electrice\/masini-de-insurubat-cu-acumulator\/masina-de-insurubat-pe-acumulator-kamoto-kcd-1420\/#breadcrumb","itemListElement":[{"@type":"ListItem","position":1,"name":"\u0413\u043b\u0430\u0432\u043d\u0430\u044f \u0441\u0442\u0440\u0430\u043d\u0438\u0446\u0430","item":"https:\/\/kamoto.md\/ro\/"},{"@type":"ListItem","position":2,"name":"Catalog","item":"https:\/\/kamoto.md\/ro\/catalog\/"},{"@type":"ListItem","position":3,"name":"Instrumente electrice","item":"https:\/\/kamoto.md\/ro\/catalog\/scule-electrice\/"},{"@type":"ListItem","position":4,"name":"Ma\u0219ini de \u00een\u0219urubat pe acumulator","item":"https:\/\/kamoto.md\/ro\/catalog\/scule-electrice\/masini-de-insurubat-cu-acumulator\/"},{"@type":"ListItem","position":5,"name":"Ma\u0219in\u0103 de \u00een\u0219urubat pe acumulator KAMOTO KCD1420"}]},{"@type":"WebSite","@id":"https:\/\/kamoto.md\/ro\/#website","url":"https:\/\/kamoto.md\/ro\/","name":"Kamoto.MD","description":"\u0418\u043d\u0442\u0435\u0440\u043d\u0435\u0442 \u043c\u0430\u0433\u0430\u0437\u0438\u043d \u044d\u043b\u0435\u043a\u0442\u0440\u043e\u0438\u043d\u0441\u0442\u0440\u0443\u043c\u0435\u043d\u0442\u0430, \u0441\u0430\u0434\u043e\u0432\u043e\u0439 \u0438 \u0441\u0438\u043b\u043e\u0432\u043e\u0439 \u0442\u0435\u0445\u043d\u0438\u043a\u0438.","publisher":{"@id":"https:\/\/kamoto.md\/ro\/#organization"},"potentialAction":[{"@type":"SearchAction","target":{"@type":"EntryPoint","urlTemplate":"https:\/\/kamoto.md\/ro\/?s={search_term_string}"},"query-input":{"@type":"PropertyValueSpecification","valueRequired":true,"valueName":"search_term_string"}}],"inLanguage":"ro-RO"},{"@type":"Organization","@id":"https:\/\/kamoto.md\/ro\/#organization","name":"Kamoto S.R.L.","url":"https:\/\/kamoto.md\/ro\/","logo":{"@type":"ImageObject","inLanguage":"ro-RO","@id":"https:\/\/kamoto.md\/ro\/#\/schema\/logo\/image\/","url":"https:\/\/kamoto.md\/wp-content\/uploads\/2017\/08\/logo.png","contentUrl":"https:\/\/kamoto.md\/wp-content\/uploads\/2017\/08\/logo.png","width":323,"height":50,"caption":"Kamoto S.R.L."},"image":{"@id":"https:\/\/kamoto.md\/ro\/#\/schema\/logo\/image\/"}}]}},"_links":{"self":[{"href":"https:\/\/kamoto.md\/ro\/wp-json\/wp\/v2\/product\/5040","targetHints":{"allow":["GET"]}}],"collection":[{"href":"https:\/\/kamoto.md\/ro\/wp-json\/wp\/v2\/product"}],"about":[{"href":"https:\/\/kamoto.md\/ro\/wp-json\/wp\/v2\/types\/product"}],"wp:featuredmedia":[{"embeddable":true,"href":"https:\/\/kamoto.md\/ro\/wp-json\/wp\/v2\/media\/3580"}],"wp:attachment":[{"href":"https:\/\/kamoto.md\/ro\/wp-json\/wp\/v2\/media?parent=5040"}],"wp:term":[{"taxonomy":"product_brand","embeddable":true,"href":"https:\/\/kamoto.md\/ro\/wp-json\/wp\/v2\/product_brand?post=5040"},{"taxonomy":"product_cat","embeddable":true,"href":"https:\/\/kamoto.md\/ro\/wp-json\/wp\/v2\/product_cat?post=5040"},{"taxonomy":"product_tag","embeddable":true,"href":"https:\/\/kamoto.md\/ro\/wp-json\/wp\/v2\/product_tag?post=5040"}],"curies":[{"name":"wp","href":"https:\/\/api.w.org\/{rel}","templated":true}]}}