{"id":5043,"date":"2018-10-05T18:35:09","date_gmt":"2018-10-05T16:35:09","guid":{"rendered":"https:\/\/kamoto.md\/shop\/fara-categorie\/betoniera-kamoto-bm-140v\/"},"modified":"2026-02-26T15:36:38","modified_gmt":"2026-02-26T13:36:38","slug":"betoniera-kamoto-bm-140v","status":"publish","type":"product","link":"https:\/\/kamoto.md\/ro\/shop\/utilaje-pentru-constructii\/betoniere\/betoniera-kamoto-bm-140v\/","title":{"rendered":"Betonier\u0103 KAMOTO BM140V"},"content":{"rendered":"<p>Betonier\u0103 cu reductor KAMOTO BM140V cu regim lung de func\u021bionare este destinat prepar\u0103rii amestecurilor de beton \u00een locuri cu o cantitate mic\u0103 de beton \u0219i lucr\u0103ri de finisare \u00een construc\u021bia de case, vile, garaje, repara\u021bii ale cl\u0103dirilor, pl\u0103ci de trotuar etc.<\/p>\n<p><a href=\"https:\/\/kamoto.md\/rekomendatsii\/kakogo-tipa-betonomeshalku-vybrat\/\"><strong>\u041a\u0410\u041a\u041e\u0413\u041e \u0422\u0418\u041f\u0410 \u0411\u0415\u0422\u041e\u041d\u041e\u041c\u0415\u0428\u0410\u041b\u041a\u0423 \u0412\u042b\u0411\u0420\u0410\u0422\u042c?<\/strong><\/a><\/p>\n","protected":false},"excerpt":{"rendered":"<p>Caracteristici generale<br \/>\nProducator: KAMOTO<br \/>\nTipul mixerului de beton: cu reductor<br \/>\nCapacitatea rezervorului: 140 litri<br \/>\nVolumul amestecului finit: 95 l<br \/>\nPuterea motorului electric: 375 W<br \/>\nTensiunea re\u021belei: 220 V<br \/>\nFrecven\u021ba curentului: 50 Hz<br \/>\nDimensiunea deschiderii de \u00eenc\u0103rcare: 370 mm<br \/>\nViteza de rota\u021bie a rezervorului: 23 rpm<br \/>\nGreutate: 54 kg<\/p>\n","protected":false},"featured_media":3968,"template":"","meta":[],"product_brand":[],"product_cat":[311],"product_tag":[],"class_list":{"0":"post-5043","1":"product","2":"type-product","3":"status-publish","4":"has-post-thumbnail","6":"product_cat-betoniere","8":"first","9":"outofstock","10":"shipping-taxable","11":"product-type-simple"},"yoast_head":"<!-- This site is optimized with the Yoast SEO plugin v27.3 - https:\/\/yoast.com\/product\/yoast-seo-wordpress\/ -->\n<title>Betoniere - Betonier\u0103 KAMOTO BM140V - Kamoto.md<\/title>\n<meta name=\"robots\" content=\"index, follow, max-snippet:-1, max-image-preview:large, max-video-preview:-1\" \/>\n<link rel=\"canonical\" href=\"https:\/\/kamoto.md\/ro\/shop\/utilaje-pentru-constructii\/betoniere\/betoniera-kamoto-bm-140v\/\" \/>\n<meta property=\"og:locale\" content=\"ro_RO\" \/>\n<meta property=\"og:type\" content=\"article\" \/>\n<meta property=\"og:title\" content=\"Betoniere - Betonier\u0103 KAMOTO BM140V - Kamoto.md\" \/>\n<meta property=\"og:description\" content=\"Caracteristici generale Producator: KAMOTO Tipul mixerului de beton: cu reductor Capacitatea rezervorului: 140 litri Volumul amestecului finit: 95 l Puterea motorului electric: 375 W Tensiunea re\u021belei: 220 V Frecven\u021ba curentului: 50 Hz Dimensiunea deschiderii de \u00eenc\u0103rcare: 370 mm Viteza de rota\u021bie a rezervorului: 23 rpm Greutate: 54 kg\" \/>\n<meta property=\"og:url\" content=\"https:\/\/kamoto.md\/ro\/shop\/utilaje-pentru-constructii\/betoniere\/betoniera-kamoto-bm-140v\/\" \/>\n<meta property=\"og:site_name\" content=\"Kamoto.md\" \/>\n<meta property=\"article:modified_time\" content=\"2026-02-26T13:36:38+00:00\" \/>\n<meta property=\"og:image\" content=\"https:\/\/kamoto.md\/wp-content\/uploads\/2021\/05\/logo2.png\" \/>\n\t<meta property=\"og:image:width\" content=\"1000\" \/>\n\t<meta property=\"og:image:height\" content=\"1000\" \/>\n\t<meta property=\"og:image:type\" content=\"image\/png\" \/>\n<meta name=\"twitter:card\" content=\"summary_large_image\" \/>\n<meta name=\"twitter:label1\" content=\"Timp estimat pentru citire\" \/>\n\t<meta name=\"twitter:data1\" content=\"1 minut\" \/>\n<script type=\"application\/ld+json\" class=\"yoast-schema-graph\">{\"@context\":\"https:\\\/\\\/schema.org\",\"@graph\":[{\"@type\":[\"WebPage\",\"ItemPage\"],\"@id\":\"https:\\\/\\\/kamoto.md\\\/ro\\\/shop\\\/utilaje-pentru-constructii\\\/betoniere\\\/betoniera-kamoto-bm-140v\\\/\",\"url\":\"https:\\\/\\\/kamoto.md\\\/ro\\\/shop\\\/utilaje-pentru-constructii\\\/betoniere\\\/betoniera-kamoto-bm-140v\\\/\",\"name\":\"Betoniere - Betonier\u0103 KAMOTO BM140V - Kamoto.md\",\"isPartOf\":{\"@id\":\"https:\\\/\\\/kamoto.md\\\/ro\\\/#website\"},\"primaryImageOfPage\":{\"@id\":\"https:\\\/\\\/kamoto.md\\\/ro\\\/shop\\\/utilaje-pentru-constructii\\\/betoniere\\\/betoniera-kamoto-bm-140v\\\/#primaryimage\"},\"image\":{\"@id\":\"https:\\\/\\\/kamoto.md\\\/ro\\\/shop\\\/utilaje-pentru-constructii\\\/betoniere\\\/betoniera-kamoto-bm-140v\\\/#primaryimage\"},\"thumbnailUrl\":\"https:\\\/\\\/kamoto.md\\\/wp-content\\\/uploads\\\/2018\\\/10\\\/G.O_20.08.2019-1.jpg\",\"datePublished\":\"2018-10-05T16:35:09+00:00\",\"dateModified\":\"2026-02-26T13:36:38+00:00\",\"breadcrumb\":{\"@id\":\"https:\\\/\\\/kamoto.md\\\/ro\\\/shop\\\/utilaje-pentru-constructii\\\/betoniere\\\/betoniera-kamoto-bm-140v\\\/#breadcrumb\"},\"inLanguage\":\"ro-RO\",\"potentialAction\":[{\"@type\":\"ReadAction\",\"target\":[\"https:\\\/\\\/kamoto.md\\\/ro\\\/shop\\\/utilaje-pentru-constructii\\\/betoniere\\\/betoniera-kamoto-bm-140v\\\/\"]}]},{\"@type\":\"ImageObject\",\"inLanguage\":\"ro-RO\",\"@id\":\"https:\\\/\\\/kamoto.md\\\/ro\\\/shop\\\/utilaje-pentru-constructii\\\/betoniere\\\/betoniera-kamoto-bm-140v\\\/#primaryimage\",\"url\":\"https:\\\/\\\/kamoto.md\\\/wp-content\\\/uploads\\\/2018\\\/10\\\/G.O_20.08.2019-1.jpg\",\"contentUrl\":\"https:\\\/\\\/kamoto.md\\\/wp-content\\\/uploads\\\/2018\\\/10\\\/G.O_20.08.2019-1.jpg\",\"width\":1000,\"height\":1000},{\"@type\":\"BreadcrumbList\",\"@id\":\"https:\\\/\\\/kamoto.md\\\/ro\\\/shop\\\/utilaje-pentru-constructii\\\/betoniere\\\/betoniera-kamoto-bm-140v\\\/#breadcrumb\",\"itemListElement\":[{\"@type\":\"ListItem\",\"position\":1,\"name\":\"\u0413\u043b\u0430\u0432\u043d\u0430\u044f \u0441\u0442\u0440\u0430\u043d\u0438\u0446\u0430\",\"item\":\"https:\\\/\\\/kamoto.md\\\/ro\\\/\"},{\"@type\":\"ListItem\",\"position\":2,\"name\":\"Catalog\",\"item\":\"https:\\\/\\\/kamoto.md\\\/ro\\\/catalog\\\/\"},{\"@type\":\"ListItem\",\"position\":3,\"name\":\"Utilaje pentru construc\u021bii\",\"item\":\"https:\\\/\\\/kamoto.md\\\/ro\\\/catalog\\\/utilaje-pentru-constructii\\\/\"},{\"@type\":\"ListItem\",\"position\":4,\"name\":\"Betoniere\",\"item\":\"https:\\\/\\\/kamoto.md\\\/ro\\\/catalog\\\/utilaje-pentru-constructii\\\/betoniere\\\/\"},{\"@type\":\"ListItem\",\"position\":5,\"name\":\"Betonier\u0103 KAMOTO BM140V\"}]},{\"@type\":\"WebSite\",\"@id\":\"https:\\\/\\\/kamoto.md\\\/ro\\\/#website\",\"url\":\"https:\\\/\\\/kamoto.md\\\/ro\\\/\",\"name\":\"Kamoto.MD\",\"description\":\"\u0418\u043d\u0442\u0435\u0440\u043d\u0435\u0442 \u043c\u0430\u0433\u0430\u0437\u0438\u043d \u044d\u043b\u0435\u043a\u0442\u0440\u043e\u0438\u043d\u0441\u0442\u0440\u0443\u043c\u0435\u043d\u0442\u0430, \u0441\u0430\u0434\u043e\u0432\u043e\u0439 \u0438 \u0441\u0438\u043b\u043e\u0432\u043e\u0439 \u0442\u0435\u0445\u043d\u0438\u043a\u0438.\",\"publisher\":{\"@id\":\"https:\\\/\\\/kamoto.md\\\/ro\\\/#organization\"},\"potentialAction\":[{\"@type\":\"SearchAction\",\"target\":{\"@type\":\"EntryPoint\",\"urlTemplate\":\"https:\\\/\\\/kamoto.md\\\/ro\\\/?s={search_term_string}\"},\"query-input\":{\"@type\":\"PropertyValueSpecification\",\"valueRequired\":true,\"valueName\":\"search_term_string\"}}],\"inLanguage\":\"ro-RO\"},{\"@type\":\"Organization\",\"@id\":\"https:\\\/\\\/kamoto.md\\\/ro\\\/#organization\",\"name\":\"Kamoto S.R.L.\",\"url\":\"https:\\\/\\\/kamoto.md\\\/ro\\\/\",\"logo\":{\"@type\":\"ImageObject\",\"inLanguage\":\"ro-RO\",\"@id\":\"https:\\\/\\\/kamoto.md\\\/ro\\\/#\\\/schema\\\/logo\\\/image\\\/\",\"url\":\"https:\\\/\\\/kamoto.md\\\/wp-content\\\/uploads\\\/2017\\\/08\\\/logo.png\",\"contentUrl\":\"https:\\\/\\\/kamoto.md\\\/wp-content\\\/uploads\\\/2017\\\/08\\\/logo.png\",\"width\":323,\"height\":50,\"caption\":\"Kamoto S.R.L.\"},\"image\":{\"@id\":\"https:\\\/\\\/kamoto.md\\\/ro\\\/#\\\/schema\\\/logo\\\/image\\\/\"}}]}<\/script>\n<!-- \/ Yoast SEO plugin. -->","yoast_head_json":{"title":"Betoniere - Betonier\u0103 KAMOTO BM140V - Kamoto.md","robots":{"index":"index","follow":"follow","max-snippet":"max-snippet:-1","max-image-preview":"max-image-preview:large","max-video-preview":"max-video-preview:-1"},"canonical":"https:\/\/kamoto.md\/ro\/shop\/utilaje-pentru-constructii\/betoniere\/betoniera-kamoto-bm-140v\/","og_locale":"ro_RO","og_type":"article","og_title":"Betoniere - Betonier\u0103 KAMOTO BM140V - Kamoto.md","og_description":"Caracteristici generale Producator: KAMOTO Tipul mixerului de beton: cu reductor Capacitatea rezervorului: 140 litri Volumul amestecului finit: 95 l Puterea motorului electric: 375 W Tensiunea re\u021belei: 220 V Frecven\u021ba curentului: 50 Hz Dimensiunea deschiderii de \u00eenc\u0103rcare: 370 mm Viteza de rota\u021bie a rezervorului: 23 rpm Greutate: 54 kg","og_url":"https:\/\/kamoto.md\/ro\/shop\/utilaje-pentru-constructii\/betoniere\/betoniera-kamoto-bm-140v\/","og_site_name":"Kamoto.md","article_modified_time":"2026-02-26T13:36:38+00:00","og_image":[{"width":1000,"height":1000,"url":"https:\/\/kamoto.md\/wp-content\/uploads\/2021\/05\/logo2.png","type":"image\/png"}],"twitter_card":"summary_large_image","twitter_misc":{"Timp estimat pentru citire":"1 minut"},"schema":{"@context":"https:\/\/schema.org","@graph":[{"@type":["WebPage","ItemPage"],"@id":"https:\/\/kamoto.md\/ro\/shop\/utilaje-pentru-constructii\/betoniere\/betoniera-kamoto-bm-140v\/","url":"https:\/\/kamoto.md\/ro\/shop\/utilaje-pentru-constructii\/betoniere\/betoniera-kamoto-bm-140v\/","name":"Betoniere - Betonier\u0103 KAMOTO BM140V - Kamoto.md","isPartOf":{"@id":"https:\/\/kamoto.md\/ro\/#website"},"primaryImageOfPage":{"@id":"https:\/\/kamoto.md\/ro\/shop\/utilaje-pentru-constructii\/betoniere\/betoniera-kamoto-bm-140v\/#primaryimage"},"image":{"@id":"https:\/\/kamoto.md\/ro\/shop\/utilaje-pentru-constructii\/betoniere\/betoniera-kamoto-bm-140v\/#primaryimage"},"thumbnailUrl":"https:\/\/kamoto.md\/wp-content\/uploads\/2018\/10\/G.O_20.08.2019-1.jpg","datePublished":"2018-10-05T16:35:09+00:00","dateModified":"2026-02-26T13:36:38+00:00","breadcrumb":{"@id":"https:\/\/kamoto.md\/ro\/shop\/utilaje-pentru-constructii\/betoniere\/betoniera-kamoto-bm-140v\/#breadcrumb"},"inLanguage":"ro-RO","potentialAction":[{"@type":"ReadAction","target":["https:\/\/kamoto.md\/ro\/shop\/utilaje-pentru-constructii\/betoniere\/betoniera-kamoto-bm-140v\/"]}]},{"@type":"ImageObject","inLanguage":"ro-RO","@id":"https:\/\/kamoto.md\/ro\/shop\/utilaje-pentru-constructii\/betoniere\/betoniera-kamoto-bm-140v\/#primaryimage","url":"https:\/\/kamoto.md\/wp-content\/uploads\/2018\/10\/G.O_20.08.2019-1.jpg","contentUrl":"https:\/\/kamoto.md\/wp-content\/uploads\/2018\/10\/G.O_20.08.2019-1.jpg","width":1000,"height":1000},{"@type":"BreadcrumbList","@id":"https:\/\/kamoto.md\/ro\/shop\/utilaje-pentru-constructii\/betoniere\/betoniera-kamoto-bm-140v\/#breadcrumb","itemListElement":[{"@type":"ListItem","position":1,"name":"\u0413\u043b\u0430\u0432\u043d\u0430\u044f \u0441\u0442\u0440\u0430\u043d\u0438\u0446\u0430","item":"https:\/\/kamoto.md\/ro\/"},{"@type":"ListItem","position":2,"name":"Catalog","item":"https:\/\/kamoto.md\/ro\/catalog\/"},{"@type":"ListItem","position":3,"name":"Utilaje pentru construc\u021bii","item":"https:\/\/kamoto.md\/ro\/catalog\/utilaje-pentru-constructii\/"},{"@type":"ListItem","position":4,"name":"Betoniere","item":"https:\/\/kamoto.md\/ro\/catalog\/utilaje-pentru-constructii\/betoniere\/"},{"@type":"ListItem","position":5,"name":"Betonier\u0103 KAMOTO BM140V"}]},{"@type":"WebSite","@id":"https:\/\/kamoto.md\/ro\/#website","url":"https:\/\/kamoto.md\/ro\/","name":"Kamoto.MD","description":"\u0418\u043d\u0442\u0435\u0440\u043d\u0435\u0442 \u043c\u0430\u0433\u0430\u0437\u0438\u043d \u044d\u043b\u0435\u043a\u0442\u0440\u043e\u0438\u043d\u0441\u0442\u0440\u0443\u043c\u0435\u043d\u0442\u0430, \u0441\u0430\u0434\u043e\u0432\u043e\u0439 \u0438 \u0441\u0438\u043b\u043e\u0432\u043e\u0439 \u0442\u0435\u0445\u043d\u0438\u043a\u0438.","publisher":{"@id":"https:\/\/kamoto.md\/ro\/#organization"},"potentialAction":[{"@type":"SearchAction","target":{"@type":"EntryPoint","urlTemplate":"https:\/\/kamoto.md\/ro\/?s={search_term_string}"},"query-input":{"@type":"PropertyValueSpecification","valueRequired":true,"valueName":"search_term_string"}}],"inLanguage":"ro-RO"},{"@type":"Organization","@id":"https:\/\/kamoto.md\/ro\/#organization","name":"Kamoto S.R.L.","url":"https:\/\/kamoto.md\/ro\/","logo":{"@type":"ImageObject","inLanguage":"ro-RO","@id":"https:\/\/kamoto.md\/ro\/#\/schema\/logo\/image\/","url":"https:\/\/kamoto.md\/wp-content\/uploads\/2017\/08\/logo.png","contentUrl":"https:\/\/kamoto.md\/wp-content\/uploads\/2017\/08\/logo.png","width":323,"height":50,"caption":"Kamoto S.R.L."},"image":{"@id":"https:\/\/kamoto.md\/ro\/#\/schema\/logo\/image\/"}}]}},"_links":{"self":[{"href":"https:\/\/kamoto.md\/ro\/wp-json\/wp\/v2\/product\/5043","targetHints":{"allow":["GET"]}}],"collection":[{"href":"https:\/\/kamoto.md\/ro\/wp-json\/wp\/v2\/product"}],"about":[{"href":"https:\/\/kamoto.md\/ro\/wp-json\/wp\/v2\/types\/product"}],"wp:featuredmedia":[{"embeddable":true,"href":"https:\/\/kamoto.md\/ro\/wp-json\/wp\/v2\/media\/3968"}],"wp:attachment":[{"href":"https:\/\/kamoto.md\/ro\/wp-json\/wp\/v2\/media?parent=5043"}],"wp:term":[{"taxonomy":"product_brand","embeddable":true,"href":"https:\/\/kamoto.md\/ro\/wp-json\/wp\/v2\/product_brand?post=5043"},{"taxonomy":"product_cat","embeddable":true,"href":"https:\/\/kamoto.md\/ro\/wp-json\/wp\/v2\/product_cat?post=5043"},{"taxonomy":"product_tag","embeddable":true,"href":"https:\/\/kamoto.md\/ro\/wp-json\/wp\/v2\/product_tag?post=5043"}],"curies":[{"name":"wp","href":"https:\/\/api.w.org\/{rel}","templated":true}]}}