{"id":5051,"date":"2018-09-11T20:15:14","date_gmt":"2018-09-11T18:15:14","guid":{"rendered":"https:\/\/kamoto.md\/shop\/fara-categorie\/polizor-unghiular-kamoto-kag-2623\/"},"modified":"2026-02-27T16:17:42","modified_gmt":"2026-02-27T14:17:42","slug":"polizor-unghiular-kamoto-a2600","status":"publish","type":"product","link":"https:\/\/kamoto.md\/ro\/shop\/scule-electrice\/polizoare-unghiulare\/polizor-unghiular-kamoto-a2600\/","title":{"rendered":"Polizor unghiular Kamoto A2600"},"content":{"rendered":"<p>Polizorul unghiular Kamoto A2600 este proiectat pentru profesioni\u0219ti. Sistemul anti-praf pe mai multe niveluri permite nu numai acestui dispozitiv s\u0103 efectueze func\u021bii comune pentru ma\u0219inile de t\u0103iat unghiuri, ci \u0219i s\u0103 lucreze cu pl\u0103ci \u0219i pietre. Lag\u0103rele duplicate pe un arbore fac dispozitivul dur \u0219i durabil.<\/p>\n<p>\u2022 Cutia de viteze a acestui model este conceput\u0103 astfel \u00eenc\u00e2t s\u0103 nu prind\u0103 praful \u00een interiorul instrumentului \u0219i s\u0103 evacueze eficient n\u0103molul prin orificiile de ventila\u021bie.<br \/>\n\u2022 Sp\u0103lare suplimentar\u0103 a statorului \u0219i rezervarea rotorului cu filet aramid rezistent la c\u0103ldur\u0103.<br \/>\n\u2022 Dou\u0103 rulmen\u021bi sunt instalate pe arborele motor.<br \/>\n\u2022 Protec\u021bie suplimentar\u0103 a suportului de sprijin \u00eempotriva prafului \u0219i a vibra\u021biilor.<br \/>\n\u2022 Cre\u0219terea cuplului datorit\u0103 utiliz\u0103rii angrenajelor rigide cu angrenaj elicoidal.<br \/>\n\u2022 Comoditate suplimentar\u0103 \u00een timpul func\u021bion\u0103rii asigur\u0103 acces rapid la periile de c\u0103rbune. Ele pot fi \u00eenlocuite independent, f\u0103r\u0103 a contacta centrul de service.<br \/>\n\u2022 Protec\u021bie eficient\u0103 a operatorului \u00eempotriva activ\u0103rii accidentale.<br \/>\n\u2022 Cablul de re\u021bea din cauciuc rezist\u0103 la temperaturi sc\u0103zute \u0219i are o durat\u0103 de via\u021b\u0103 mai mare datorit\u0103 utiliz\u0103rii materialelor de calitate rezistente la curbele repetate.<\/p>\n","protected":false},"excerpt":{"rendered":"<p>Caracteristici generale<br \/>\nProducator: KAMOTO<br \/>\nConsum nominal de putere: 2600 W<br \/>\nDiametrul discului: 230 mm<br \/>\nViteza de rotatie in gol: 6500 rpm<br \/>\nDimensiunea axului: M14<br \/>\nTensiunea de alimentare: 220 V<br \/>\nFrecven\u021ba curentului: 50 Hz<br \/>\nCablu rezistent la \u00eenghe\u021b de cauciuc: Da<br \/>\nProtec\u021bia \u00eempotriva prafului \u00een mai multe etape: Da<br \/>\nBlocarea axului: Da<br \/>\nSistem de \u00eenlocuire rapid\u0103 a periilor: Da<br \/>\nStart Soft: Nu<br \/>\nGreutate: 6,5 kg<\/p>\n","protected":false},"featured_media":3447,"template":"","meta":[],"product_brand":[],"product_cat":[326],"product_tag":[],"class_list":{"0":"post-5051","1":"product","2":"type-product","3":"status-publish","4":"has-post-thumbnail","6":"product_cat-polizoare-unghiulare","8":"first","9":"outofstock","10":"shipping-taxable","11":"product-type-simple"},"yoast_head":"<!-- This site is optimized with the Yoast SEO plugin v27.3 - https:\/\/yoast.com\/product\/yoast-seo-wordpress\/ -->\n<title>Vrei Polizor unghiular ieftine? Moldova - Chisinau - Kamoto.md<\/title>\n<meta name=\"description\" content=\"Descoprea gama noastra de Polizor unghiular la PRETURI de importator \u25bb Vezi OFERTELE pe site! - Kamoto.md - Polizor unghiular Kamoto A2600\" \/>\n<meta name=\"robots\" content=\"index, follow, max-snippet:-1, max-image-preview:large, max-video-preview:-1\" \/>\n<link rel=\"canonical\" href=\"https:\/\/kamoto.md\/ro\/shop\/scule-electrice\/polizoare-unghiulare\/polizor-unghiular-kamoto-a2600\/\" \/>\n<meta property=\"og:locale\" content=\"ro_RO\" \/>\n<meta property=\"og:type\" content=\"article\" \/>\n<meta property=\"og:title\" content=\"Vrei Polizor unghiular ieftine? Moldova - Chisinau - Kamoto.md\" \/>\n<meta property=\"og:description\" content=\"Descoprea gama noastra de Polizor unghiular la PRETURI de importator \u25bb Vezi OFERTELE pe site! - Kamoto.md - Polizor unghiular Kamoto A2600\" \/>\n<meta property=\"og:url\" content=\"https:\/\/kamoto.md\/ro\/shop\/scule-electrice\/polizoare-unghiulare\/polizor-unghiular-kamoto-a2600\/\" \/>\n<meta property=\"og:site_name\" content=\"Kamoto.md\" \/>\n<meta property=\"article:modified_time\" content=\"2026-02-27T14:17:42+00:00\" \/>\n<meta property=\"og:image\" content=\"https:\/\/kamoto.md\/wp-content\/uploads\/2021\/05\/logo2.png\" \/>\n\t<meta property=\"og:image:width\" content=\"1000\" \/>\n\t<meta property=\"og:image:height\" content=\"1000\" \/>\n\t<meta property=\"og:image:type\" content=\"image\/png\" \/>\n<meta name=\"twitter:card\" content=\"summary_large_image\" \/>\n<meta name=\"twitter:label1\" content=\"Timp estimat pentru citire\" \/>\n\t<meta name=\"twitter:data1\" content=\"1 minut\" \/>\n<script type=\"application\/ld+json\" class=\"yoast-schema-graph\">{\"@context\":\"https:\\\/\\\/schema.org\",\"@graph\":[{\"@type\":[\"WebPage\",\"ItemPage\"],\"@id\":\"https:\\\/\\\/kamoto.md\\\/ro\\\/shop\\\/scule-electrice\\\/polizoare-unghiulare\\\/polizor-unghiular-kamoto-a2600\\\/\",\"url\":\"https:\\\/\\\/kamoto.md\\\/ro\\\/shop\\\/scule-electrice\\\/polizoare-unghiulare\\\/polizor-unghiular-kamoto-a2600\\\/\",\"name\":\"Vrei Polizor unghiular ieftine? Moldova - Chisinau - Kamoto.md\",\"isPartOf\":{\"@id\":\"https:\\\/\\\/kamoto.md\\\/ro\\\/#website\"},\"primaryImageOfPage\":{\"@id\":\"https:\\\/\\\/kamoto.md\\\/ro\\\/shop\\\/scule-electrice\\\/polizoare-unghiulare\\\/polizor-unghiular-kamoto-a2600\\\/#primaryimage\"},\"image\":{\"@id\":\"https:\\\/\\\/kamoto.md\\\/ro\\\/shop\\\/scule-electrice\\\/polizoare-unghiulare\\\/polizor-unghiular-kamoto-a2600\\\/#primaryimage\"},\"thumbnailUrl\":\"https:\\\/\\\/kamoto.md\\\/wp-content\\\/uploads\\\/2018\\\/09\\\/1-1.jpg\",\"datePublished\":\"2018-09-11T18:15:14+00:00\",\"dateModified\":\"2026-02-27T14:17:42+00:00\",\"description\":\"Descoprea gama noastra de Polizor unghiular la PRETURI de importator \u25bb Vezi OFERTELE pe site! - Kamoto.md - Polizor unghiular Kamoto A2600\",\"breadcrumb\":{\"@id\":\"https:\\\/\\\/kamoto.md\\\/ro\\\/shop\\\/scule-electrice\\\/polizoare-unghiulare\\\/polizor-unghiular-kamoto-a2600\\\/#breadcrumb\"},\"inLanguage\":\"ro-RO\",\"potentialAction\":[{\"@type\":\"ReadAction\",\"target\":[\"https:\\\/\\\/kamoto.md\\\/ro\\\/shop\\\/scule-electrice\\\/polizoare-unghiulare\\\/polizor-unghiular-kamoto-a2600\\\/\"]}]},{\"@type\":\"ImageObject\",\"inLanguage\":\"ro-RO\",\"@id\":\"https:\\\/\\\/kamoto.md\\\/ro\\\/shop\\\/scule-electrice\\\/polizoare-unghiulare\\\/polizor-unghiular-kamoto-a2600\\\/#primaryimage\",\"url\":\"https:\\\/\\\/kamoto.md\\\/wp-content\\\/uploads\\\/2018\\\/09\\\/1-1.jpg\",\"contentUrl\":\"https:\\\/\\\/kamoto.md\\\/wp-content\\\/uploads\\\/2018\\\/09\\\/1-1.jpg\",\"width\":1000,\"height\":1000},{\"@type\":\"BreadcrumbList\",\"@id\":\"https:\\\/\\\/kamoto.md\\\/ro\\\/shop\\\/scule-electrice\\\/polizoare-unghiulare\\\/polizor-unghiular-kamoto-a2600\\\/#breadcrumb\",\"itemListElement\":[{\"@type\":\"ListItem\",\"position\":1,\"name\":\"\u0413\u043b\u0430\u0432\u043d\u0430\u044f \u0441\u0442\u0440\u0430\u043d\u0438\u0446\u0430\",\"item\":\"https:\\\/\\\/kamoto.md\\\/ro\\\/\"},{\"@type\":\"ListItem\",\"position\":2,\"name\":\"Catalog\",\"item\":\"https:\\\/\\\/kamoto.md\\\/ro\\\/catalog\\\/\"},{\"@type\":\"ListItem\",\"position\":3,\"name\":\"Instrumente electrice\",\"item\":\"https:\\\/\\\/kamoto.md\\\/ro\\\/catalog\\\/scule-electrice\\\/\"},{\"@type\":\"ListItem\",\"position\":4,\"name\":\"Polizoare unghiulare\",\"item\":\"https:\\\/\\\/kamoto.md\\\/ro\\\/catalog\\\/scule-electrice\\\/polizoare-unghiulare\\\/\"},{\"@type\":\"ListItem\",\"position\":5,\"name\":\"Polizor unghiular Kamoto A2600\"}]},{\"@type\":\"WebSite\",\"@id\":\"https:\\\/\\\/kamoto.md\\\/ro\\\/#website\",\"url\":\"https:\\\/\\\/kamoto.md\\\/ro\\\/\",\"name\":\"Kamoto.MD\",\"description\":\"\u0418\u043d\u0442\u0435\u0440\u043d\u0435\u0442 \u043c\u0430\u0433\u0430\u0437\u0438\u043d \u044d\u043b\u0435\u043a\u0442\u0440\u043e\u0438\u043d\u0441\u0442\u0440\u0443\u043c\u0435\u043d\u0442\u0430, \u0441\u0430\u0434\u043e\u0432\u043e\u0439 \u0438 \u0441\u0438\u043b\u043e\u0432\u043e\u0439 \u0442\u0435\u0445\u043d\u0438\u043a\u0438.\",\"publisher\":{\"@id\":\"https:\\\/\\\/kamoto.md\\\/ro\\\/#organization\"},\"potentialAction\":[{\"@type\":\"SearchAction\",\"target\":{\"@type\":\"EntryPoint\",\"urlTemplate\":\"https:\\\/\\\/kamoto.md\\\/ro\\\/?s={search_term_string}\"},\"query-input\":{\"@type\":\"PropertyValueSpecification\",\"valueRequired\":true,\"valueName\":\"search_term_string\"}}],\"inLanguage\":\"ro-RO\"},{\"@type\":\"Organization\",\"@id\":\"https:\\\/\\\/kamoto.md\\\/ro\\\/#organization\",\"name\":\"Kamoto S.R.L.\",\"url\":\"https:\\\/\\\/kamoto.md\\\/ro\\\/\",\"logo\":{\"@type\":\"ImageObject\",\"inLanguage\":\"ro-RO\",\"@id\":\"https:\\\/\\\/kamoto.md\\\/ro\\\/#\\\/schema\\\/logo\\\/image\\\/\",\"url\":\"https:\\\/\\\/kamoto.md\\\/wp-content\\\/uploads\\\/2017\\\/08\\\/logo.png\",\"contentUrl\":\"https:\\\/\\\/kamoto.md\\\/wp-content\\\/uploads\\\/2017\\\/08\\\/logo.png\",\"width\":323,\"height\":50,\"caption\":\"Kamoto S.R.L.\"},\"image\":{\"@id\":\"https:\\\/\\\/kamoto.md\\\/ro\\\/#\\\/schema\\\/logo\\\/image\\\/\"}}]}<\/script>\n<!-- \/ Yoast SEO plugin. -->","yoast_head_json":{"title":"Vrei Polizor unghiular ieftine? Moldova - Chisinau - Kamoto.md","description":"Descoprea gama noastra de Polizor unghiular la PRETURI de importator \u25bb Vezi OFERTELE pe site! - Kamoto.md - Polizor unghiular Kamoto A2600","robots":{"index":"index","follow":"follow","max-snippet":"max-snippet:-1","max-image-preview":"max-image-preview:large","max-video-preview":"max-video-preview:-1"},"canonical":"https:\/\/kamoto.md\/ro\/shop\/scule-electrice\/polizoare-unghiulare\/polizor-unghiular-kamoto-a2600\/","og_locale":"ro_RO","og_type":"article","og_title":"Vrei Polizor unghiular ieftine? Moldova - Chisinau - Kamoto.md","og_description":"Descoprea gama noastra de Polizor unghiular la PRETURI de importator \u25bb Vezi OFERTELE pe site! - Kamoto.md - Polizor unghiular Kamoto A2600","og_url":"https:\/\/kamoto.md\/ro\/shop\/scule-electrice\/polizoare-unghiulare\/polizor-unghiular-kamoto-a2600\/","og_site_name":"Kamoto.md","article_modified_time":"2026-02-27T14:17:42+00:00","og_image":[{"width":1000,"height":1000,"url":"https:\/\/kamoto.md\/wp-content\/uploads\/2021\/05\/logo2.png","type":"image\/png"}],"twitter_card":"summary_large_image","twitter_misc":{"Timp estimat pentru citire":"1 minut"},"schema":{"@context":"https:\/\/schema.org","@graph":[{"@type":["WebPage","ItemPage"],"@id":"https:\/\/kamoto.md\/ro\/shop\/scule-electrice\/polizoare-unghiulare\/polizor-unghiular-kamoto-a2600\/","url":"https:\/\/kamoto.md\/ro\/shop\/scule-electrice\/polizoare-unghiulare\/polizor-unghiular-kamoto-a2600\/","name":"Vrei Polizor unghiular ieftine? Moldova - Chisinau - Kamoto.md","isPartOf":{"@id":"https:\/\/kamoto.md\/ro\/#website"},"primaryImageOfPage":{"@id":"https:\/\/kamoto.md\/ro\/shop\/scule-electrice\/polizoare-unghiulare\/polizor-unghiular-kamoto-a2600\/#primaryimage"},"image":{"@id":"https:\/\/kamoto.md\/ro\/shop\/scule-electrice\/polizoare-unghiulare\/polizor-unghiular-kamoto-a2600\/#primaryimage"},"thumbnailUrl":"https:\/\/kamoto.md\/wp-content\/uploads\/2018\/09\/1-1.jpg","datePublished":"2018-09-11T18:15:14+00:00","dateModified":"2026-02-27T14:17:42+00:00","description":"Descoprea gama noastra de Polizor unghiular la PRETURI de importator \u25bb Vezi OFERTELE pe site! - Kamoto.md - Polizor unghiular Kamoto A2600","breadcrumb":{"@id":"https:\/\/kamoto.md\/ro\/shop\/scule-electrice\/polizoare-unghiulare\/polizor-unghiular-kamoto-a2600\/#breadcrumb"},"inLanguage":"ro-RO","potentialAction":[{"@type":"ReadAction","target":["https:\/\/kamoto.md\/ro\/shop\/scule-electrice\/polizoare-unghiulare\/polizor-unghiular-kamoto-a2600\/"]}]},{"@type":"ImageObject","inLanguage":"ro-RO","@id":"https:\/\/kamoto.md\/ro\/shop\/scule-electrice\/polizoare-unghiulare\/polizor-unghiular-kamoto-a2600\/#primaryimage","url":"https:\/\/kamoto.md\/wp-content\/uploads\/2018\/09\/1-1.jpg","contentUrl":"https:\/\/kamoto.md\/wp-content\/uploads\/2018\/09\/1-1.jpg","width":1000,"height":1000},{"@type":"BreadcrumbList","@id":"https:\/\/kamoto.md\/ro\/shop\/scule-electrice\/polizoare-unghiulare\/polizor-unghiular-kamoto-a2600\/#breadcrumb","itemListElement":[{"@type":"ListItem","position":1,"name":"\u0413\u043b\u0430\u0432\u043d\u0430\u044f \u0441\u0442\u0440\u0430\u043d\u0438\u0446\u0430","item":"https:\/\/kamoto.md\/ro\/"},{"@type":"ListItem","position":2,"name":"Catalog","item":"https:\/\/kamoto.md\/ro\/catalog\/"},{"@type":"ListItem","position":3,"name":"Instrumente electrice","item":"https:\/\/kamoto.md\/ro\/catalog\/scule-electrice\/"},{"@type":"ListItem","position":4,"name":"Polizoare unghiulare","item":"https:\/\/kamoto.md\/ro\/catalog\/scule-electrice\/polizoare-unghiulare\/"},{"@type":"ListItem","position":5,"name":"Polizor unghiular Kamoto A2600"}]},{"@type":"WebSite","@id":"https:\/\/kamoto.md\/ro\/#website","url":"https:\/\/kamoto.md\/ro\/","name":"Kamoto.MD","description":"\u0418\u043d\u0442\u0435\u0440\u043d\u0435\u0442 \u043c\u0430\u0433\u0430\u0437\u0438\u043d \u044d\u043b\u0435\u043a\u0442\u0440\u043e\u0438\u043d\u0441\u0442\u0440\u0443\u043c\u0435\u043d\u0442\u0430, \u0441\u0430\u0434\u043e\u0432\u043e\u0439 \u0438 \u0441\u0438\u043b\u043e\u0432\u043e\u0439 \u0442\u0435\u0445\u043d\u0438\u043a\u0438.","publisher":{"@id":"https:\/\/kamoto.md\/ro\/#organization"},"potentialAction":[{"@type":"SearchAction","target":{"@type":"EntryPoint","urlTemplate":"https:\/\/kamoto.md\/ro\/?s={search_term_string}"},"query-input":{"@type":"PropertyValueSpecification","valueRequired":true,"valueName":"search_term_string"}}],"inLanguage":"ro-RO"},{"@type":"Organization","@id":"https:\/\/kamoto.md\/ro\/#organization","name":"Kamoto S.R.L.","url":"https:\/\/kamoto.md\/ro\/","logo":{"@type":"ImageObject","inLanguage":"ro-RO","@id":"https:\/\/kamoto.md\/ro\/#\/schema\/logo\/image\/","url":"https:\/\/kamoto.md\/wp-content\/uploads\/2017\/08\/logo.png","contentUrl":"https:\/\/kamoto.md\/wp-content\/uploads\/2017\/08\/logo.png","width":323,"height":50,"caption":"Kamoto S.R.L."},"image":{"@id":"https:\/\/kamoto.md\/ro\/#\/schema\/logo\/image\/"}}]}},"_links":{"self":[{"href":"https:\/\/kamoto.md\/ro\/wp-json\/wp\/v2\/product\/5051","targetHints":{"allow":["GET"]}}],"collection":[{"href":"https:\/\/kamoto.md\/ro\/wp-json\/wp\/v2\/product"}],"about":[{"href":"https:\/\/kamoto.md\/ro\/wp-json\/wp\/v2\/types\/product"}],"wp:featuredmedia":[{"embeddable":true,"href":"https:\/\/kamoto.md\/ro\/wp-json\/wp\/v2\/media\/3447"}],"wp:attachment":[{"href":"https:\/\/kamoto.md\/ro\/wp-json\/wp\/v2\/media?parent=5051"}],"wp:term":[{"taxonomy":"product_brand","embeddable":true,"href":"https:\/\/kamoto.md\/ro\/wp-json\/wp\/v2\/product_brand?post=5051"},{"taxonomy":"product_cat","embeddable":true,"href":"https:\/\/kamoto.md\/ro\/wp-json\/wp\/v2\/product_cat?post=5051"},{"taxonomy":"product_tag","embeddable":true,"href":"https:\/\/kamoto.md\/ro\/wp-json\/wp\/v2\/product_tag?post=5051"}],"curies":[{"name":"wp","href":"https:\/\/api.w.org\/{rel}","templated":true}]}}