{"id":5052,"date":"2018-09-11T20:08:43","date_gmt":"2018-09-11T18:08:43","guid":{"rendered":"https:\/\/kamoto.md\/shop\/fara-categorie\/masina-de-tuns-gazon-pe-benzina-kamoto-lm-5548d\/"},"modified":"2026-02-26T10:13:37","modified_gmt":"2026-02-26T08:13:37","slug":"masina-de-tuns-iarba-pe-benzina-kamoto-lm5548d","status":"publish","type":"product","link":"https:\/\/kamoto.md\/ro\/shop\/scule-si-unelte-de-gradinarit\/masini-de-tuns-gazon\/masina-de-tuns-iarba-pe-benzina-kamoto-lm5548d\/","title":{"rendered":"Ma\u0219in\u0103 de tuns iarb\u0103 pe benzin\u0103 KAMOTO LM5548D"},"content":{"rendered":"<p>Ma\u0219in\u0103 de tuns iarb\u0103 pe benzin\u0103 KAMOTO LM5548D cu motor de patru timpi de 5.5 CP \u0219i cu o \u00een\u0103l\u021bime de t\u0103iere variabil\u0103, este destinat\u0103 t\u0103ierii \u0219i colect\u0103rii iarbelor pe o suprafa\u021b\u0103 plan\u0103 de suprafe\u021be medii \u0219i mari, cu o suprafa\u021b\u0103 total\u0103 de cel mult 1.800 &#8211; 2.000 de metri p\u0103tra\u021bi. \u00cen toamn\u0103, ma\u0219ina de tuns iarba poate fi utilizat\u0103 \u0219i pentru colectarea frunzelor care au c\u0103zut de pe copaci.<\/p>\n<p>&#8222;4 \u00een 1&#8221; \u00eenseamn\u0103 c\u0103 ma\u0219ina de tuns iarba are patru func\u021bii: Colectarea iarb\u0103 \u00een colectorul de iarb\u0103, iarba din spate, mulcirea \u0219i iarba lateral\u0103.<\/p>\n<p>Masina de tuns iarba se distinge prin pornirea usoara, performanta ridicata si usurinta in intretinere. M\u00e2nerul deta\u0219abil, cutia de colectare deta\u0219abil\u0103 \u0219i m\u0103rimea compact\u0103 u\u0219ureaz\u0103 transportul \u0219i depozitarea ma\u0219inii de tuns iarb\u0103. Pentru a facilita munca, ma\u0219ina de tuns iarba este echipat\u0103 cu un mecanism de antrenare a ro\u021bilor \u0219i o p\u00e2rghie de control al vitezei de pe panoul de comand\u0103. Ro\u021bile din spate mari dau ma\u0219inii de tuns iarb\u0103 o mai bun\u0103 stabilitate \u0219i o stabilitate a \u00een\u0103l\u021bimii de tuns. Carcasa ma\u0219inii de tuns iarba este echipat\u0103 cu o racordare la furtun &#8211; pentru cur\u0103\u021barea rapid\u0103 a interiorului pun\u021bii dup\u0103 lucru. Inclus \u00een domeniul de aplicare al furniz\u0103rii este un mulcher pentru desc\u0103rcarea lateral\u0103 a gazonului.<\/p>\n<p>Diferen\u021ba dintre ejec\u021bia lateral\u0103 \u0219i cea posterioar\u0103 a iarbului este c\u0103, \u00een timpul lucrului cu ejec\u021bie lateral\u0103, iarba este aruncat\u0103 \u00eenapoi pe gazon nu prin deschiderea din spate a pun\u021bii de t\u0103iere, ci prin deschiderea lateral\u0103. Aceast\u0103 caracteristic\u0103 este util\u0103 \u00een special atunci c\u00e2nd cositi iarba de-a lungul umerilor.<br \/>\nMULCHING (Cuvantul englez MULCH (&#8222;mulch&#8221;) tradus in limba rusa inseamna &#8222;humus&#8221;. In primul rand, aceasta este paie pentru a proteja solul de evaporare, inghetare, pentru a reduce cresterea buruienilor, gazonul pare mai bine \u00eengrijit \u0219i mai pu\u021bine de\u0219euri r\u0103m\u00e2n pe el. C\u00e2nd mulci, \u00een\u0103l\u021bimea de iarba t\u0103iate ar trebui s\u0103 fie nu mai mult de 1-2 cm.<br \/>\nFunc\u021bia de preg\u0103tire automat\u0103 a mulsului \u0219i \u00eempr\u0103\u0219tierea \u00een jurul gazonului nu este disponibil\u0103 \u00een toate modelele de ma\u0219ini de tuns iarba. Este important aici s\u0103 nu v\u0103 bucura\u021bi orbe\u0219te de aceast\u0103 ocazie folositoare, deoarece mulcirea are sens atunci c\u00e2nd se coboar\u0103 \u00een mod necesar o iarb\u0103 uscat\u0103, dar moale. \u00cen caz contrar, mulciul se va transforma \u00een aglomer\u0103ri, nu acoper\u0103 \u00een mod egal gazonul, \u00eenfund\u0103 r\u0103d\u0103cinile de iarb\u0103, formeaz\u0103 un strat excesiv de p\u00e2sl\u0103 \u0219i, prin urmare, interfereaz\u0103 numai cu cre\u0219terea s\u0103n\u0103toas\u0103 a ierbii. Peluza va ar\u0103ta neclintit\u0103 \u0219i va trebui s\u0103 o piepteasc\u0103. Ar trebui s\u0103 monitoriza\u021bi stratul de mulci \u0219i s\u0103 \u00eel piepta\u021bi periodic, altfel metabolismul se va rupe, ciupercile de mucegai vor \u00eencepe s\u0103 se dezvolte, iarba va putrezi. Munca se desf\u0103\u0219oar\u0103 \u00een septembrie-octombrie, stratul de mulci va contribui la transferul \u00eenghe\u021burilor de iarn\u0103, este posibil\u0103 \u0219i aplicarea \u00eengr\u0103\u0219\u0103mintelor de toamn\u0103.<\/p>\n<p>Fi\u021bi aten\u021bi!<br \/>\nDac\u0103 iarba de pe peluza dvs. este suficient de mare, nu gr\u0103bi\u021bi lucrurile \u0219i t\u0103ia\u021bi-o imediat la r\u0103d\u0103cin\u0103. Exist\u0103 o recomandare general\u0103: pute\u021bi s\u0103 cosi \u00een siguran\u021b\u0103 nu mai mult de o treime din \u00een\u0103l\u021bimea iarb\u0103, pentru a nu deranja cre\u0219terea \u0219i pentru a nu strica paji\u0219tea. \u00cen caz contrar, poate deveni galben. Aminti\u021bi-v\u0103 c\u0103 iarba are o tulpin\u0103 \u0219i una sau mai multe frunze de care are nevoie pentru respira\u021bie. C\u00e2nd ruleaz\u0103 gazonul, ar trebui t\u0103iat \u00een mai multe etape cu un interval de dou\u0103 s\u0103pt\u0103m\u00e2ni.<\/p>\n","protected":false},"excerpt":{"rendered":"<p>Caracteristici generale<br \/>\nProducator: KAMOTO<br \/>\nTipul motorului: Benzin\u0103 \u00een patru timpi<br \/>\nMotor: 173 cm\u00b3<br \/>\nPutere: 5,5 CP<br \/>\nViteza motorului: 3000 rpm<br \/>\nL\u0103\u021bimea de t\u0103iere: 480 mm<br \/>\n\u00cen\u0103l\u021bimea de t\u0103iere: 25-75 mm<br \/>\nAutopropulsat\u0103: Da<br \/>\nVolumul colectorului: 60 l.<br \/>\nSistem de pornire: pornire manual\u0103<br \/>\nNivelul zgomotului: 96 dB<br \/>\nCapacitatea rezervorului de combustibil: 1,0 l.<br \/>\nCapacitatea carterului: 0,6 l.<br \/>\nColector: plastic<br \/>\nTipul de eliberare \/ recoltare a ierbii (4 \u00een 1): Evacuare spate, colectarea ierbii \u00een cutia de colectare, mulcirea \u0219i desc\u0103rcarea lateral\u0103<br \/>\nNum\u0103rul de ro\u021bi: patru ro\u021bi<br \/>\nDiametrul ro\u021bii din fa\u021b\u0103: 8 &#8222;\/ 203 mm<br \/>\nDiametrul ro\u021bii din spate: 11 &#8222;\/ 279 mm<br \/>\nDrive: Spate<br \/>\nFunc\u021bia de mulcire: Da<br \/>\nLichidare laterala de iarb\u0103: Da<br \/>\nIndicator pentru a verifica umplerea: Da<br \/>\nConexiune pentru punte de sp\u0103lare: Da<\/p>\n","protected":false},"featured_media":3438,"template":"","meta":[],"product_brand":[],"product_cat":[289],"product_tag":[],"class_list":{"0":"post-5052","1":"product","2":"type-product","3":"status-publish","4":"has-post-thumbnail","6":"product_cat-masini-de-tuns-gazon","8":"first","9":"outofstock","10":"shipping-taxable","11":"product-type-simple"},"yoast_head":"<!-- This site is optimized with the Yoast SEO plugin v27.3 - https:\/\/yoast.com\/product\/yoast-seo-wordpress\/ -->\n<title>Vrei masini de tuns gazon pe benzina ieftine? Moldova - Chisinau<\/title>\n<meta name=\"description\" content=\"Descoprea gama noastra de Masini de tuns gazon pe benzina la PRETURI de importator \u25bb Vezi OFERTELE pe site! - Kamoto.md - Ma\u0219in\u0103 de tuns iarb\u0103 pe benzin\u0103 KAMOTO LM5548D\" \/>\n<meta name=\"robots\" content=\"index, follow, max-snippet:-1, max-image-preview:large, max-video-preview:-1\" \/>\n<link rel=\"canonical\" href=\"https:\/\/kamoto.md\/ro\/shop\/scule-si-unelte-de-gradinarit\/masini-de-tuns-gazon\/masina-de-tuns-iarba-pe-benzina-kamoto-lm5548d\/\" \/>\n<meta property=\"og:locale\" content=\"ro_RO\" \/>\n<meta property=\"og:type\" content=\"article\" \/>\n<meta property=\"og:title\" content=\"Vrei masini de tuns gazon pe benzina ieftine? Moldova - Chisinau\" \/>\n<meta property=\"og:description\" content=\"Descoprea gama noastra de Masini de tuns gazon pe benzina la PRETURI de importator \u25bb Vezi OFERTELE pe site! - Kamoto.md - Ma\u0219in\u0103 de tuns iarb\u0103 pe benzin\u0103 KAMOTO LM5548D\" \/>\n<meta property=\"og:url\" content=\"https:\/\/kamoto.md\/ro\/shop\/scule-si-unelte-de-gradinarit\/masini-de-tuns-gazon\/masina-de-tuns-iarba-pe-benzina-kamoto-lm5548d\/\" \/>\n<meta property=\"og:site_name\" content=\"Kamoto.md\" \/>\n<meta property=\"article:modified_time\" content=\"2026-02-26T08:13:37+00:00\" \/>\n<meta property=\"og:image\" content=\"https:\/\/kamoto.md\/wp-content\/uploads\/2021\/05\/logo2.png\" \/>\n\t<meta property=\"og:image:width\" content=\"1000\" \/>\n\t<meta property=\"og:image:height\" content=\"1000\" \/>\n\t<meta property=\"og:image:type\" content=\"image\/png\" \/>\n<meta name=\"twitter:card\" content=\"summary_large_image\" \/>\n<meta name=\"twitter:label1\" content=\"Timp estimat pentru citire\" \/>\n\t<meta name=\"twitter:data1\" content=\"3 minute\" \/>\n<script type=\"application\/ld+json\" class=\"yoast-schema-graph\">{\"@context\":\"https:\\\/\\\/schema.org\",\"@graph\":[{\"@type\":[\"WebPage\",\"ItemPage\"],\"@id\":\"https:\\\/\\\/kamoto.md\\\/ro\\\/shop\\\/scule-si-unelte-de-gradinarit\\\/masini-de-tuns-gazon\\\/masina-de-tuns-iarba-pe-benzina-kamoto-lm5548d\\\/\",\"url\":\"https:\\\/\\\/kamoto.md\\\/ro\\\/shop\\\/scule-si-unelte-de-gradinarit\\\/masini-de-tuns-gazon\\\/masina-de-tuns-iarba-pe-benzina-kamoto-lm5548d\\\/\",\"name\":\"Vrei masini de tuns gazon pe benzina ieftine? Moldova - Chisinau\",\"isPartOf\":{\"@id\":\"https:\\\/\\\/kamoto.md\\\/ro\\\/#website\"},\"primaryImageOfPage\":{\"@id\":\"https:\\\/\\\/kamoto.md\\\/ro\\\/shop\\\/scule-si-unelte-de-gradinarit\\\/masini-de-tuns-gazon\\\/masina-de-tuns-iarba-pe-benzina-kamoto-lm5548d\\\/#primaryimage\"},\"image\":{\"@id\":\"https:\\\/\\\/kamoto.md\\\/ro\\\/shop\\\/scule-si-unelte-de-gradinarit\\\/masini-de-tuns-gazon\\\/masina-de-tuns-iarba-pe-benzina-kamoto-lm5548d\\\/#primaryimage\"},\"thumbnailUrl\":\"https:\\\/\\\/kamoto.md\\\/wp-content\\\/uploads\\\/2018\\\/09\\\/1.jpg\",\"datePublished\":\"2018-09-11T18:08:43+00:00\",\"dateModified\":\"2026-02-26T08:13:37+00:00\",\"description\":\"Descoprea gama noastra de Masini de tuns gazon pe benzina la PRETURI de importator \u25bb Vezi OFERTELE pe site! - Kamoto.md - Ma\u0219in\u0103 de tuns iarb\u0103 pe benzin\u0103 KAMOTO LM5548D\",\"breadcrumb\":{\"@id\":\"https:\\\/\\\/kamoto.md\\\/ro\\\/shop\\\/scule-si-unelte-de-gradinarit\\\/masini-de-tuns-gazon\\\/masina-de-tuns-iarba-pe-benzina-kamoto-lm5548d\\\/#breadcrumb\"},\"inLanguage\":\"ro-RO\",\"potentialAction\":[{\"@type\":\"ReadAction\",\"target\":[\"https:\\\/\\\/kamoto.md\\\/ro\\\/shop\\\/scule-si-unelte-de-gradinarit\\\/masini-de-tuns-gazon\\\/masina-de-tuns-iarba-pe-benzina-kamoto-lm5548d\\\/\"]}]},{\"@type\":\"ImageObject\",\"inLanguage\":\"ro-RO\",\"@id\":\"https:\\\/\\\/kamoto.md\\\/ro\\\/shop\\\/scule-si-unelte-de-gradinarit\\\/masini-de-tuns-gazon\\\/masina-de-tuns-iarba-pe-benzina-kamoto-lm5548d\\\/#primaryimage\",\"url\":\"https:\\\/\\\/kamoto.md\\\/wp-content\\\/uploads\\\/2018\\\/09\\\/1.jpg\",\"contentUrl\":\"https:\\\/\\\/kamoto.md\\\/wp-content\\\/uploads\\\/2018\\\/09\\\/1.jpg\",\"width\":1000,\"height\":1000},{\"@type\":\"BreadcrumbList\",\"@id\":\"https:\\\/\\\/kamoto.md\\\/ro\\\/shop\\\/scule-si-unelte-de-gradinarit\\\/masini-de-tuns-gazon\\\/masina-de-tuns-iarba-pe-benzina-kamoto-lm5548d\\\/#breadcrumb\",\"itemListElement\":[{\"@type\":\"ListItem\",\"position\":1,\"name\":\"\u0413\u043b\u0430\u0432\u043d\u0430\u044f \u0441\u0442\u0440\u0430\u043d\u0438\u0446\u0430\",\"item\":\"https:\\\/\\\/kamoto.md\\\/ro\\\/\"},{\"@type\":\"ListItem\",\"position\":2,\"name\":\"Catalog\",\"item\":\"https:\\\/\\\/kamoto.md\\\/ro\\\/catalog\\\/\"},{\"@type\":\"ListItem\",\"position\":3,\"name\":\"Instrumente \u0219i unelte de gr\u0103din\u0103rit\",\"item\":\"https:\\\/\\\/kamoto.md\\\/ro\\\/catalog\\\/scule-si-unelte-de-gradinarit\\\/\"},{\"@type\":\"ListItem\",\"position\":4,\"name\":\"Ma\u0219ini de tuns gazon\",\"item\":\"https:\\\/\\\/kamoto.md\\\/ro\\\/catalog\\\/scule-si-unelte-de-gradinarit\\\/masini-de-tuns-gazon\\\/\"},{\"@type\":\"ListItem\",\"position\":5,\"name\":\"Ma\u0219in\u0103 de tuns iarb\u0103 pe benzin\u0103 KAMOTO LM5548D\"}]},{\"@type\":\"WebSite\",\"@id\":\"https:\\\/\\\/kamoto.md\\\/ro\\\/#website\",\"url\":\"https:\\\/\\\/kamoto.md\\\/ro\\\/\",\"name\":\"Kamoto.MD\",\"description\":\"\u0418\u043d\u0442\u0435\u0440\u043d\u0435\u0442 \u043c\u0430\u0433\u0430\u0437\u0438\u043d \u044d\u043b\u0435\u043a\u0442\u0440\u043e\u0438\u043d\u0441\u0442\u0440\u0443\u043c\u0435\u043d\u0442\u0430, \u0441\u0430\u0434\u043e\u0432\u043e\u0439 \u0438 \u0441\u0438\u043b\u043e\u0432\u043e\u0439 \u0442\u0435\u0445\u043d\u0438\u043a\u0438.\",\"publisher\":{\"@id\":\"https:\\\/\\\/kamoto.md\\\/ro\\\/#organization\"},\"potentialAction\":[{\"@type\":\"SearchAction\",\"target\":{\"@type\":\"EntryPoint\",\"urlTemplate\":\"https:\\\/\\\/kamoto.md\\\/ro\\\/?s={search_term_string}\"},\"query-input\":{\"@type\":\"PropertyValueSpecification\",\"valueRequired\":true,\"valueName\":\"search_term_string\"}}],\"inLanguage\":\"ro-RO\"},{\"@type\":\"Organization\",\"@id\":\"https:\\\/\\\/kamoto.md\\\/ro\\\/#organization\",\"name\":\"Kamoto S.R.L.\",\"url\":\"https:\\\/\\\/kamoto.md\\\/ro\\\/\",\"logo\":{\"@type\":\"ImageObject\",\"inLanguage\":\"ro-RO\",\"@id\":\"https:\\\/\\\/kamoto.md\\\/ro\\\/#\\\/schema\\\/logo\\\/image\\\/\",\"url\":\"https:\\\/\\\/kamoto.md\\\/wp-content\\\/uploads\\\/2017\\\/08\\\/logo.png\",\"contentUrl\":\"https:\\\/\\\/kamoto.md\\\/wp-content\\\/uploads\\\/2017\\\/08\\\/logo.png\",\"width\":323,\"height\":50,\"caption\":\"Kamoto S.R.L.\"},\"image\":{\"@id\":\"https:\\\/\\\/kamoto.md\\\/ro\\\/#\\\/schema\\\/logo\\\/image\\\/\"}}]}<\/script>\n<!-- \/ Yoast SEO plugin. -->","yoast_head_json":{"title":"Vrei masini de tuns gazon pe benzina ieftine? Moldova - Chisinau","description":"Descoprea gama noastra de Masini de tuns gazon pe benzina la PRETURI de importator \u25bb Vezi OFERTELE pe site! - Kamoto.md - Ma\u0219in\u0103 de tuns iarb\u0103 pe benzin\u0103 KAMOTO LM5548D","robots":{"index":"index","follow":"follow","max-snippet":"max-snippet:-1","max-image-preview":"max-image-preview:large","max-video-preview":"max-video-preview:-1"},"canonical":"https:\/\/kamoto.md\/ro\/shop\/scule-si-unelte-de-gradinarit\/masini-de-tuns-gazon\/masina-de-tuns-iarba-pe-benzina-kamoto-lm5548d\/","og_locale":"ro_RO","og_type":"article","og_title":"Vrei masini de tuns gazon pe benzina ieftine? Moldova - Chisinau","og_description":"Descoprea gama noastra de Masini de tuns gazon pe benzina la PRETURI de importator \u25bb Vezi OFERTELE pe site! - Kamoto.md - Ma\u0219in\u0103 de tuns iarb\u0103 pe benzin\u0103 KAMOTO LM5548D","og_url":"https:\/\/kamoto.md\/ro\/shop\/scule-si-unelte-de-gradinarit\/masini-de-tuns-gazon\/masina-de-tuns-iarba-pe-benzina-kamoto-lm5548d\/","og_site_name":"Kamoto.md","article_modified_time":"2026-02-26T08:13:37+00:00","og_image":[{"width":1000,"height":1000,"url":"https:\/\/kamoto.md\/wp-content\/uploads\/2021\/05\/logo2.png","type":"image\/png"}],"twitter_card":"summary_large_image","twitter_misc":{"Timp estimat pentru citire":"3 minute"},"schema":{"@context":"https:\/\/schema.org","@graph":[{"@type":["WebPage","ItemPage"],"@id":"https:\/\/kamoto.md\/ro\/shop\/scule-si-unelte-de-gradinarit\/masini-de-tuns-gazon\/masina-de-tuns-iarba-pe-benzina-kamoto-lm5548d\/","url":"https:\/\/kamoto.md\/ro\/shop\/scule-si-unelte-de-gradinarit\/masini-de-tuns-gazon\/masina-de-tuns-iarba-pe-benzina-kamoto-lm5548d\/","name":"Vrei masini de tuns gazon pe benzina ieftine? Moldova - Chisinau","isPartOf":{"@id":"https:\/\/kamoto.md\/ro\/#website"},"primaryImageOfPage":{"@id":"https:\/\/kamoto.md\/ro\/shop\/scule-si-unelte-de-gradinarit\/masini-de-tuns-gazon\/masina-de-tuns-iarba-pe-benzina-kamoto-lm5548d\/#primaryimage"},"image":{"@id":"https:\/\/kamoto.md\/ro\/shop\/scule-si-unelte-de-gradinarit\/masini-de-tuns-gazon\/masina-de-tuns-iarba-pe-benzina-kamoto-lm5548d\/#primaryimage"},"thumbnailUrl":"https:\/\/kamoto.md\/wp-content\/uploads\/2018\/09\/1.jpg","datePublished":"2018-09-11T18:08:43+00:00","dateModified":"2026-02-26T08:13:37+00:00","description":"Descoprea gama noastra de Masini de tuns gazon pe benzina la PRETURI de importator \u25bb Vezi OFERTELE pe site! - Kamoto.md - Ma\u0219in\u0103 de tuns iarb\u0103 pe benzin\u0103 KAMOTO LM5548D","breadcrumb":{"@id":"https:\/\/kamoto.md\/ro\/shop\/scule-si-unelte-de-gradinarit\/masini-de-tuns-gazon\/masina-de-tuns-iarba-pe-benzina-kamoto-lm5548d\/#breadcrumb"},"inLanguage":"ro-RO","potentialAction":[{"@type":"ReadAction","target":["https:\/\/kamoto.md\/ro\/shop\/scule-si-unelte-de-gradinarit\/masini-de-tuns-gazon\/masina-de-tuns-iarba-pe-benzina-kamoto-lm5548d\/"]}]},{"@type":"ImageObject","inLanguage":"ro-RO","@id":"https:\/\/kamoto.md\/ro\/shop\/scule-si-unelte-de-gradinarit\/masini-de-tuns-gazon\/masina-de-tuns-iarba-pe-benzina-kamoto-lm5548d\/#primaryimage","url":"https:\/\/kamoto.md\/wp-content\/uploads\/2018\/09\/1.jpg","contentUrl":"https:\/\/kamoto.md\/wp-content\/uploads\/2018\/09\/1.jpg","width":1000,"height":1000},{"@type":"BreadcrumbList","@id":"https:\/\/kamoto.md\/ro\/shop\/scule-si-unelte-de-gradinarit\/masini-de-tuns-gazon\/masina-de-tuns-iarba-pe-benzina-kamoto-lm5548d\/#breadcrumb","itemListElement":[{"@type":"ListItem","position":1,"name":"\u0413\u043b\u0430\u0432\u043d\u0430\u044f \u0441\u0442\u0440\u0430\u043d\u0438\u0446\u0430","item":"https:\/\/kamoto.md\/ro\/"},{"@type":"ListItem","position":2,"name":"Catalog","item":"https:\/\/kamoto.md\/ro\/catalog\/"},{"@type":"ListItem","position":3,"name":"Instrumente \u0219i unelte de gr\u0103din\u0103rit","item":"https:\/\/kamoto.md\/ro\/catalog\/scule-si-unelte-de-gradinarit\/"},{"@type":"ListItem","position":4,"name":"Ma\u0219ini de tuns gazon","item":"https:\/\/kamoto.md\/ro\/catalog\/scule-si-unelte-de-gradinarit\/masini-de-tuns-gazon\/"},{"@type":"ListItem","position":5,"name":"Ma\u0219in\u0103 de tuns iarb\u0103 pe benzin\u0103 KAMOTO LM5548D"}]},{"@type":"WebSite","@id":"https:\/\/kamoto.md\/ro\/#website","url":"https:\/\/kamoto.md\/ro\/","name":"Kamoto.MD","description":"\u0418\u043d\u0442\u0435\u0440\u043d\u0435\u0442 \u043c\u0430\u0433\u0430\u0437\u0438\u043d \u044d\u043b\u0435\u043a\u0442\u0440\u043e\u0438\u043d\u0441\u0442\u0440\u0443\u043c\u0435\u043d\u0442\u0430, \u0441\u0430\u0434\u043e\u0432\u043e\u0439 \u0438 \u0441\u0438\u043b\u043e\u0432\u043e\u0439 \u0442\u0435\u0445\u043d\u0438\u043a\u0438.","publisher":{"@id":"https:\/\/kamoto.md\/ro\/#organization"},"potentialAction":[{"@type":"SearchAction","target":{"@type":"EntryPoint","urlTemplate":"https:\/\/kamoto.md\/ro\/?s={search_term_string}"},"query-input":{"@type":"PropertyValueSpecification","valueRequired":true,"valueName":"search_term_string"}}],"inLanguage":"ro-RO"},{"@type":"Organization","@id":"https:\/\/kamoto.md\/ro\/#organization","name":"Kamoto S.R.L.","url":"https:\/\/kamoto.md\/ro\/","logo":{"@type":"ImageObject","inLanguage":"ro-RO","@id":"https:\/\/kamoto.md\/ro\/#\/schema\/logo\/image\/","url":"https:\/\/kamoto.md\/wp-content\/uploads\/2017\/08\/logo.png","contentUrl":"https:\/\/kamoto.md\/wp-content\/uploads\/2017\/08\/logo.png","width":323,"height":50,"caption":"Kamoto S.R.L."},"image":{"@id":"https:\/\/kamoto.md\/ro\/#\/schema\/logo\/image\/"}}]}},"_links":{"self":[{"href":"https:\/\/kamoto.md\/ro\/wp-json\/wp\/v2\/product\/5052","targetHints":{"allow":["GET"]}}],"collection":[{"href":"https:\/\/kamoto.md\/ro\/wp-json\/wp\/v2\/product"}],"about":[{"href":"https:\/\/kamoto.md\/ro\/wp-json\/wp\/v2\/types\/product"}],"wp:featuredmedia":[{"embeddable":true,"href":"https:\/\/kamoto.md\/ro\/wp-json\/wp\/v2\/media\/3438"}],"wp:attachment":[{"href":"https:\/\/kamoto.md\/ro\/wp-json\/wp\/v2\/media?parent=5052"}],"wp:term":[{"taxonomy":"product_brand","embeddable":true,"href":"https:\/\/kamoto.md\/ro\/wp-json\/wp\/v2\/product_brand?post=5052"},{"taxonomy":"product_cat","embeddable":true,"href":"https:\/\/kamoto.md\/ro\/wp-json\/wp\/v2\/product_cat?post=5052"},{"taxonomy":"product_tag","embeddable":true,"href":"https:\/\/kamoto.md\/ro\/wp-json\/wp\/v2\/product_tag?post=5052"}],"curies":[{"name":"wp","href":"https:\/\/api.w.org\/{rel}","templated":true}]}}