{"id":5053,"date":"2018-08-08T11:52:22","date_gmt":"2018-08-08T09:52:22","guid":{"rendered":"https:\/\/kamoto.md\/shop\/fara-categorie\/masina-de-insurubat-cu-acumulator-kamoto-kcd-184bl\/"},"modified":"2026-02-27T13:45:53","modified_gmt":"2026-02-27T11:45:53","slug":"masina-de-insurubat-pe-acumulator-kamoto-kcd-184bl","status":"publish","type":"product","link":"https:\/\/kamoto.md\/ro\/shop\/scule-electrice\/masini-de-insurubat-cu-acumulator\/masina-de-insurubat-pe-acumulator-kamoto-kcd-184bl\/","title":{"rendered":"Ma\u0219in\u0103 de \u00een\u0219urubat pe acumulator KAMOTO KCD184BL"},"content":{"rendered":"<p>Ma\u0219ina de \u00een\u0219urubat pe acumulator KAMOTO KCD184BL cu motor f\u0103r\u0103 perii proiectat pentru sarcini mari \u0219i punerea \u00een aplicare efectiv\u0103 a unei cantit\u0103\u021bi mari de munc\u0103. Motorul f\u0103r\u0103 perii func\u021bioneaz\u0103 mai u\u0219or, nu necesit\u0103 \u00eentre\u021binere, utilizeaz\u0103 mai eficient energia acumulatorului, din cauza lipsei unui colector, practic nu exist\u0103 frecare \u00een ansamblu, cre\u0219terea eficien\u021bei, temperatura de func\u021bionare a motorului electric este redus\u0103 semnificativ, ceea ce v\u0103 permite s\u0103 direc\u021biona\u021bi energia maxim\u0103 a bateriei pentru a efectua o munc\u0103 util\u0103.<\/p>\n<p>\u2022 Motor puternic, eficient \u0219i economic f\u0103r\u0103 perii<br \/>\n\u2022 Reductor echilibrat \u0219i silen\u021bios, care permite ob\u021binerea unei valori mari a cuplului \u0219i a unei viteze mari de rota\u021bie a cartu\u0219ului \u00een treapta a doua<br \/>\n\u2022 Butonul de inversare a zonei crescute pentru confortul utilizatorului<br \/>\n\u2022 Baterii de \u00eenalt\u0103 capacitate de 4A<br \/>\n\u2022 Carcasa mare \u0219i convenabil\u0103 v\u0103 permite s\u0103 stoca\u021bi toate accesoriile necesare.<\/p>\n","protected":false},"excerpt":{"rendered":"<p>Caracteristici generale<br \/>\nProducator: KAMOTO<br \/>\nTipul motorului: f\u0103r\u0103 perii<br \/>\nAcumulator: Li-Ion, 18 V<br \/>\nNum\u0103rul de baterii incluse: 2<br \/>\nCapacitatea bateriei: 4 A \/ h<br \/>\nChuck tip: rapid-blocare<br \/>\nDiametrul maxim al unei cleme a cartu\u0219ului: 13 mm<br \/>\nNum\u0103rul de viteze: 2<br \/>\nPrima vitez\u0103: 0 &#8211; 400 rpm<br \/>\nA doua vitez\u0103: 0 &#8211; 1500 rpm<br \/>\nNum\u0103rul de reglaje ale cuplului: 21 + 1<br \/>\nCuplu maxim: 55 Hm<br \/>\nCuplu tare \/ moale: 55\/45 Hm<br \/>\nBlocarea axului: Da<br \/>\nFunc\u021bia de impact: Nu<br \/>\nReverse: Da<br \/>\nSistem electronic de protec\u021bie automat\u0103 a bateriilor: Da<br \/>\nSuport din cauciuc ExtraGrip: Da<br \/>\n\u00cenc\u0103rcare rapid\u0103: Da<br \/>\nIluminarea zonei de lucru: Da<br \/>\nGreutate: 1,8 kg<\/p>\n","protected":false},"featured_media":3402,"template":"","meta":[],"product_brand":[],"product_cat":[315],"product_tag":[],"class_list":{"0":"post-5053","1":"product","2":"type-product","3":"status-publish","4":"has-post-thumbnail","6":"product_cat-masini-de-insurubat-cu-acumulator","8":"first","9":"outofstock","10":"shipping-taxable","11":"product-type-simple"},"yoast_head":"<!-- This site is optimized with the Yoast SEO plugin v27.3 - https:\/\/yoast.com\/product\/yoast-seo-wordpress\/ -->\n<title>Vrei masini de insurubat cu acumulator ieftine? Moldova - Chisinau<\/title>\n<meta name=\"description\" content=\"Descoprea gama noastra de Masini de insurubat cu acumulator la PRETURI de importator \u25bb Vezi OFERTELE pe site! - Kamoto.md - Ma\u0219in\u0103 de \u00een\u0219urubat pe acumulator KAMOTO KCD184BL\" \/>\n<meta name=\"robots\" content=\"index, follow, max-snippet:-1, max-image-preview:large, max-video-preview:-1\" \/>\n<link rel=\"canonical\" href=\"https:\/\/kamoto.md\/ro\/shop\/scule-electrice\/masini-de-insurubat-cu-acumulator\/masina-de-insurubat-pe-acumulator-kamoto-kcd-184bl\/\" \/>\n<meta property=\"og:locale\" content=\"ro_RO\" \/>\n<meta property=\"og:type\" content=\"article\" \/>\n<meta property=\"og:title\" content=\"Vrei masini de insurubat cu acumulator ieftine? Moldova - Chisinau\" \/>\n<meta property=\"og:description\" content=\"Descoprea gama noastra de Masini de insurubat cu acumulator la PRETURI de importator \u25bb Vezi OFERTELE pe site! - Kamoto.md - Ma\u0219in\u0103 de \u00een\u0219urubat pe acumulator KAMOTO KCD184BL\" \/>\n<meta property=\"og:url\" content=\"https:\/\/kamoto.md\/ro\/shop\/scule-electrice\/masini-de-insurubat-cu-acumulator\/masina-de-insurubat-pe-acumulator-kamoto-kcd-184bl\/\" \/>\n<meta property=\"og:site_name\" content=\"Kamoto.md\" \/>\n<meta property=\"article:modified_time\" content=\"2026-02-27T11:45:53+00:00\" \/>\n<meta property=\"og:image\" content=\"https:\/\/kamoto.md\/wp-content\/uploads\/2021\/05\/logo2.png\" \/>\n\t<meta property=\"og:image:width\" content=\"1000\" \/>\n\t<meta property=\"og:image:height\" content=\"1000\" \/>\n\t<meta property=\"og:image:type\" content=\"image\/png\" \/>\n<meta name=\"twitter:card\" content=\"summary_large_image\" \/>\n<meta name=\"twitter:label1\" content=\"Timp estimat pentru citire\" \/>\n\t<meta name=\"twitter:data1\" content=\"1 minut\" \/>\n<script type=\"application\/ld+json\" class=\"yoast-schema-graph\">{\"@context\":\"https:\\\/\\\/schema.org\",\"@graph\":[{\"@type\":[\"WebPage\",\"ItemPage\"],\"@id\":\"https:\\\/\\\/kamoto.md\\\/ro\\\/shop\\\/scule-electrice\\\/masini-de-insurubat-cu-acumulator\\\/masina-de-insurubat-pe-acumulator-kamoto-kcd-184bl\\\/\",\"url\":\"https:\\\/\\\/kamoto.md\\\/ro\\\/shop\\\/scule-electrice\\\/masini-de-insurubat-cu-acumulator\\\/masina-de-insurubat-pe-acumulator-kamoto-kcd-184bl\\\/\",\"name\":\"Vrei masini de insurubat cu acumulator ieftine? Moldova - Chisinau\",\"isPartOf\":{\"@id\":\"https:\\\/\\\/kamoto.md\\\/ro\\\/#website\"},\"primaryImageOfPage\":{\"@id\":\"https:\\\/\\\/kamoto.md\\\/ro\\\/shop\\\/scule-electrice\\\/masini-de-insurubat-cu-acumulator\\\/masina-de-insurubat-pe-acumulator-kamoto-kcd-184bl\\\/#primaryimage\"},\"image\":{\"@id\":\"https:\\\/\\\/kamoto.md\\\/ro\\\/shop\\\/scule-electrice\\\/masini-de-insurubat-cu-acumulator\\\/masina-de-insurubat-pe-acumulator-kamoto-kcd-184bl\\\/#primaryimage\"},\"thumbnailUrl\":\"https:\\\/\\\/kamoto.md\\\/wp-content\\\/uploads\\\/2018\\\/08\\\/G_O_9737-1.jpg\",\"datePublished\":\"2018-08-08T09:52:22+00:00\",\"dateModified\":\"2026-02-27T11:45:53+00:00\",\"description\":\"Descoprea gama noastra de Masini de insurubat cu acumulator la PRETURI de importator \u25bb Vezi OFERTELE pe site! - Kamoto.md - Ma\u0219in\u0103 de \u00een\u0219urubat pe acumulator KAMOTO KCD184BL\",\"breadcrumb\":{\"@id\":\"https:\\\/\\\/kamoto.md\\\/ro\\\/shop\\\/scule-electrice\\\/masini-de-insurubat-cu-acumulator\\\/masina-de-insurubat-pe-acumulator-kamoto-kcd-184bl\\\/#breadcrumb\"},\"inLanguage\":\"ro-RO\",\"potentialAction\":[{\"@type\":\"ReadAction\",\"target\":[\"https:\\\/\\\/kamoto.md\\\/ro\\\/shop\\\/scule-electrice\\\/masini-de-insurubat-cu-acumulator\\\/masina-de-insurubat-pe-acumulator-kamoto-kcd-184bl\\\/\"]}]},{\"@type\":\"ImageObject\",\"inLanguage\":\"ro-RO\",\"@id\":\"https:\\\/\\\/kamoto.md\\\/ro\\\/shop\\\/scule-electrice\\\/masini-de-insurubat-cu-acumulator\\\/masina-de-insurubat-pe-acumulator-kamoto-kcd-184bl\\\/#primaryimage\",\"url\":\"https:\\\/\\\/kamoto.md\\\/wp-content\\\/uploads\\\/2018\\\/08\\\/G_O_9737-1.jpg\",\"contentUrl\":\"https:\\\/\\\/kamoto.md\\\/wp-content\\\/uploads\\\/2018\\\/08\\\/G_O_9737-1.jpg\",\"width\":1000,\"height\":1000},{\"@type\":\"BreadcrumbList\",\"@id\":\"https:\\\/\\\/kamoto.md\\\/ro\\\/shop\\\/scule-electrice\\\/masini-de-insurubat-cu-acumulator\\\/masina-de-insurubat-pe-acumulator-kamoto-kcd-184bl\\\/#breadcrumb\",\"itemListElement\":[{\"@type\":\"ListItem\",\"position\":1,\"name\":\"\u0413\u043b\u0430\u0432\u043d\u0430\u044f \u0441\u0442\u0440\u0430\u043d\u0438\u0446\u0430\",\"item\":\"https:\\\/\\\/kamoto.md\\\/ro\\\/\"},{\"@type\":\"ListItem\",\"position\":2,\"name\":\"Catalog\",\"item\":\"https:\\\/\\\/kamoto.md\\\/ro\\\/catalog\\\/\"},{\"@type\":\"ListItem\",\"position\":3,\"name\":\"Instrumente electrice\",\"item\":\"https:\\\/\\\/kamoto.md\\\/ro\\\/catalog\\\/scule-electrice\\\/\"},{\"@type\":\"ListItem\",\"position\":4,\"name\":\"Ma\u0219ini de \u00een\u0219urubat pe acumulator\",\"item\":\"https:\\\/\\\/kamoto.md\\\/ro\\\/catalog\\\/scule-electrice\\\/masini-de-insurubat-cu-acumulator\\\/\"},{\"@type\":\"ListItem\",\"position\":5,\"name\":\"Ma\u0219in\u0103 de \u00een\u0219urubat pe acumulator KAMOTO KCD184BL\"}]},{\"@type\":\"WebSite\",\"@id\":\"https:\\\/\\\/kamoto.md\\\/ro\\\/#website\",\"url\":\"https:\\\/\\\/kamoto.md\\\/ro\\\/\",\"name\":\"Kamoto.MD\",\"description\":\"\u0418\u043d\u0442\u0435\u0440\u043d\u0435\u0442 \u043c\u0430\u0433\u0430\u0437\u0438\u043d \u044d\u043b\u0435\u043a\u0442\u0440\u043e\u0438\u043d\u0441\u0442\u0440\u0443\u043c\u0435\u043d\u0442\u0430, \u0441\u0430\u0434\u043e\u0432\u043e\u0439 \u0438 \u0441\u0438\u043b\u043e\u0432\u043e\u0439 \u0442\u0435\u0445\u043d\u0438\u043a\u0438.\",\"publisher\":{\"@id\":\"https:\\\/\\\/kamoto.md\\\/ro\\\/#organization\"},\"potentialAction\":[{\"@type\":\"SearchAction\",\"target\":{\"@type\":\"EntryPoint\",\"urlTemplate\":\"https:\\\/\\\/kamoto.md\\\/ro\\\/?s={search_term_string}\"},\"query-input\":{\"@type\":\"PropertyValueSpecification\",\"valueRequired\":true,\"valueName\":\"search_term_string\"}}],\"inLanguage\":\"ro-RO\"},{\"@type\":\"Organization\",\"@id\":\"https:\\\/\\\/kamoto.md\\\/ro\\\/#organization\",\"name\":\"Kamoto S.R.L.\",\"url\":\"https:\\\/\\\/kamoto.md\\\/ro\\\/\",\"logo\":{\"@type\":\"ImageObject\",\"inLanguage\":\"ro-RO\",\"@id\":\"https:\\\/\\\/kamoto.md\\\/ro\\\/#\\\/schema\\\/logo\\\/image\\\/\",\"url\":\"https:\\\/\\\/kamoto.md\\\/wp-content\\\/uploads\\\/2017\\\/08\\\/logo.png\",\"contentUrl\":\"https:\\\/\\\/kamoto.md\\\/wp-content\\\/uploads\\\/2017\\\/08\\\/logo.png\",\"width\":323,\"height\":50,\"caption\":\"Kamoto S.R.L.\"},\"image\":{\"@id\":\"https:\\\/\\\/kamoto.md\\\/ro\\\/#\\\/schema\\\/logo\\\/image\\\/\"}}]}<\/script>\n<!-- \/ Yoast SEO plugin. -->","yoast_head_json":{"title":"Vrei masini de insurubat cu acumulator ieftine? Moldova - Chisinau","description":"Descoprea gama noastra de Masini de insurubat cu acumulator la PRETURI de importator \u25bb Vezi OFERTELE pe site! - Kamoto.md - Ma\u0219in\u0103 de \u00een\u0219urubat pe acumulator KAMOTO KCD184BL","robots":{"index":"index","follow":"follow","max-snippet":"max-snippet:-1","max-image-preview":"max-image-preview:large","max-video-preview":"max-video-preview:-1"},"canonical":"https:\/\/kamoto.md\/ro\/shop\/scule-electrice\/masini-de-insurubat-cu-acumulator\/masina-de-insurubat-pe-acumulator-kamoto-kcd-184bl\/","og_locale":"ro_RO","og_type":"article","og_title":"Vrei masini de insurubat cu acumulator ieftine? Moldova - Chisinau","og_description":"Descoprea gama noastra de Masini de insurubat cu acumulator la PRETURI de importator \u25bb Vezi OFERTELE pe site! - Kamoto.md - Ma\u0219in\u0103 de \u00een\u0219urubat pe acumulator KAMOTO KCD184BL","og_url":"https:\/\/kamoto.md\/ro\/shop\/scule-electrice\/masini-de-insurubat-cu-acumulator\/masina-de-insurubat-pe-acumulator-kamoto-kcd-184bl\/","og_site_name":"Kamoto.md","article_modified_time":"2026-02-27T11:45:53+00:00","og_image":[{"width":1000,"height":1000,"url":"https:\/\/kamoto.md\/wp-content\/uploads\/2021\/05\/logo2.png","type":"image\/png"}],"twitter_card":"summary_large_image","twitter_misc":{"Timp estimat pentru citire":"1 minut"},"schema":{"@context":"https:\/\/schema.org","@graph":[{"@type":["WebPage","ItemPage"],"@id":"https:\/\/kamoto.md\/ro\/shop\/scule-electrice\/masini-de-insurubat-cu-acumulator\/masina-de-insurubat-pe-acumulator-kamoto-kcd-184bl\/","url":"https:\/\/kamoto.md\/ro\/shop\/scule-electrice\/masini-de-insurubat-cu-acumulator\/masina-de-insurubat-pe-acumulator-kamoto-kcd-184bl\/","name":"Vrei masini de insurubat cu acumulator ieftine? Moldova - Chisinau","isPartOf":{"@id":"https:\/\/kamoto.md\/ro\/#website"},"primaryImageOfPage":{"@id":"https:\/\/kamoto.md\/ro\/shop\/scule-electrice\/masini-de-insurubat-cu-acumulator\/masina-de-insurubat-pe-acumulator-kamoto-kcd-184bl\/#primaryimage"},"image":{"@id":"https:\/\/kamoto.md\/ro\/shop\/scule-electrice\/masini-de-insurubat-cu-acumulator\/masina-de-insurubat-pe-acumulator-kamoto-kcd-184bl\/#primaryimage"},"thumbnailUrl":"https:\/\/kamoto.md\/wp-content\/uploads\/2018\/08\/G_O_9737-1.jpg","datePublished":"2018-08-08T09:52:22+00:00","dateModified":"2026-02-27T11:45:53+00:00","description":"Descoprea gama noastra de Masini de insurubat cu acumulator la PRETURI de importator \u25bb Vezi OFERTELE pe site! - Kamoto.md - Ma\u0219in\u0103 de \u00een\u0219urubat pe acumulator KAMOTO KCD184BL","breadcrumb":{"@id":"https:\/\/kamoto.md\/ro\/shop\/scule-electrice\/masini-de-insurubat-cu-acumulator\/masina-de-insurubat-pe-acumulator-kamoto-kcd-184bl\/#breadcrumb"},"inLanguage":"ro-RO","potentialAction":[{"@type":"ReadAction","target":["https:\/\/kamoto.md\/ro\/shop\/scule-electrice\/masini-de-insurubat-cu-acumulator\/masina-de-insurubat-pe-acumulator-kamoto-kcd-184bl\/"]}]},{"@type":"ImageObject","inLanguage":"ro-RO","@id":"https:\/\/kamoto.md\/ro\/shop\/scule-electrice\/masini-de-insurubat-cu-acumulator\/masina-de-insurubat-pe-acumulator-kamoto-kcd-184bl\/#primaryimage","url":"https:\/\/kamoto.md\/wp-content\/uploads\/2018\/08\/G_O_9737-1.jpg","contentUrl":"https:\/\/kamoto.md\/wp-content\/uploads\/2018\/08\/G_O_9737-1.jpg","width":1000,"height":1000},{"@type":"BreadcrumbList","@id":"https:\/\/kamoto.md\/ro\/shop\/scule-electrice\/masini-de-insurubat-cu-acumulator\/masina-de-insurubat-pe-acumulator-kamoto-kcd-184bl\/#breadcrumb","itemListElement":[{"@type":"ListItem","position":1,"name":"\u0413\u043b\u0430\u0432\u043d\u0430\u044f \u0441\u0442\u0440\u0430\u043d\u0438\u0446\u0430","item":"https:\/\/kamoto.md\/ro\/"},{"@type":"ListItem","position":2,"name":"Catalog","item":"https:\/\/kamoto.md\/ro\/catalog\/"},{"@type":"ListItem","position":3,"name":"Instrumente electrice","item":"https:\/\/kamoto.md\/ro\/catalog\/scule-electrice\/"},{"@type":"ListItem","position":4,"name":"Ma\u0219ini de \u00een\u0219urubat pe acumulator","item":"https:\/\/kamoto.md\/ro\/catalog\/scule-electrice\/masini-de-insurubat-cu-acumulator\/"},{"@type":"ListItem","position":5,"name":"Ma\u0219in\u0103 de \u00een\u0219urubat pe acumulator KAMOTO KCD184BL"}]},{"@type":"WebSite","@id":"https:\/\/kamoto.md\/ro\/#website","url":"https:\/\/kamoto.md\/ro\/","name":"Kamoto.MD","description":"\u0418\u043d\u0442\u0435\u0440\u043d\u0435\u0442 \u043c\u0430\u0433\u0430\u0437\u0438\u043d \u044d\u043b\u0435\u043a\u0442\u0440\u043e\u0438\u043d\u0441\u0442\u0440\u0443\u043c\u0435\u043d\u0442\u0430, \u0441\u0430\u0434\u043e\u0432\u043e\u0439 \u0438 \u0441\u0438\u043b\u043e\u0432\u043e\u0439 \u0442\u0435\u0445\u043d\u0438\u043a\u0438.","publisher":{"@id":"https:\/\/kamoto.md\/ro\/#organization"},"potentialAction":[{"@type":"SearchAction","target":{"@type":"EntryPoint","urlTemplate":"https:\/\/kamoto.md\/ro\/?s={search_term_string}"},"query-input":{"@type":"PropertyValueSpecification","valueRequired":true,"valueName":"search_term_string"}}],"inLanguage":"ro-RO"},{"@type":"Organization","@id":"https:\/\/kamoto.md\/ro\/#organization","name":"Kamoto S.R.L.","url":"https:\/\/kamoto.md\/ro\/","logo":{"@type":"ImageObject","inLanguage":"ro-RO","@id":"https:\/\/kamoto.md\/ro\/#\/schema\/logo\/image\/","url":"https:\/\/kamoto.md\/wp-content\/uploads\/2017\/08\/logo.png","contentUrl":"https:\/\/kamoto.md\/wp-content\/uploads\/2017\/08\/logo.png","width":323,"height":50,"caption":"Kamoto S.R.L."},"image":{"@id":"https:\/\/kamoto.md\/ro\/#\/schema\/logo\/image\/"}}]}},"_links":{"self":[{"href":"https:\/\/kamoto.md\/ro\/wp-json\/wp\/v2\/product\/5053","targetHints":{"allow":["GET"]}}],"collection":[{"href":"https:\/\/kamoto.md\/ro\/wp-json\/wp\/v2\/product"}],"about":[{"href":"https:\/\/kamoto.md\/ro\/wp-json\/wp\/v2\/types\/product"}],"wp:featuredmedia":[{"embeddable":true,"href":"https:\/\/kamoto.md\/ro\/wp-json\/wp\/v2\/media\/3402"}],"wp:attachment":[{"href":"https:\/\/kamoto.md\/ro\/wp-json\/wp\/v2\/media?parent=5053"}],"wp:term":[{"taxonomy":"product_brand","embeddable":true,"href":"https:\/\/kamoto.md\/ro\/wp-json\/wp\/v2\/product_brand?post=5053"},{"taxonomy":"product_cat","embeddable":true,"href":"https:\/\/kamoto.md\/ro\/wp-json\/wp\/v2\/product_cat?post=5053"},{"taxonomy":"product_tag","embeddable":true,"href":"https:\/\/kamoto.md\/ro\/wp-json\/wp\/v2\/product_tag?post=5053"}],"curies":[{"name":"wp","href":"https:\/\/api.w.org\/{rel}","templated":true}]}}