{"id":5057,"date":"2018-02-26T14:01:24","date_gmt":"2018-02-26T12:01:24","guid":{"rendered":"https:\/\/kamoto.md\/shop\/fara-categorie\/generator-pe-benzina-kamoto-gg-6500e\/"},"modified":"2026-02-27T13:46:48","modified_gmt":"2026-02-27T11:46:48","slug":"generator-pe-benzina-kamoto-gg-6500e","status":"publish","type":"product","link":"https:\/\/kamoto.md\/ro\/shop\/generatoare-si-compresoare\/generatoare\/generator-pe-benzina-kamoto-gg-6500e\/","title":{"rendered":"Generator pe benzina Kamoto GG6500E"},"content":{"rendered":"<p>Generator pe benzina Kamoto GG6500E. Acest generator este conceput pentru alimentarea rapid\u0103 a locurilor de construc\u021bie mici, atelierelor de urgen\u021b\u0103 mobile, a unit\u0103\u021bilor de construc\u021bie a drumurilor, precum \u0219i pentru alimentarea de urgen\u021b\u0103 a cabanelor mici, a casei de \u021bar\u0103 etc. Tensiunea de ie\u0219ire a generatorului este 230 V. Este echipat cu un sistem de pornire manual \u0219i electronic. Digital multi-display digital v\u0103 permite s\u0103 monitoriza\u021bi toate caracteristicile de ie\u0219ire: tensiune, frecven\u021b\u0103, precum \u0219i contor de ore, ceea ce ajut\u0103 la monitorizarea intervalelor dintre \u00eentre\u021binere. Ie\u0219irea la 12 vol\u021bi v\u0103 permite s\u0103 \u00eenc\u0103rca\u021bi bateria \u00een caz de urgen\u021b\u0103.<\/p>\n<p>Puterea nominal\u0103 a generatorului este de 6 kW, maxim 6,5 kW. Aceast\u0103 putere v\u0103 permite s\u0103 conecta\u021bi la generatorul toate sculele electrice de pe \u0219antierul unei case de mici dimensiuni, mai multe ma\u0219ini de ciocan clasa mijlocie \u00een desf\u0103\u0219urarea lucr\u0103rilor de repara\u021bii rutiere, o ma\u0219in\u0103 de sudur\u0103 &#8211; \u00een timp ce elimina\u021bi accidentele \u00een utilit\u0103\u021bi. \u00cen cazul unei \u00eentreruperi a energiei electrice, generatorul poate oferi nu numai iluminatul unei case de \u021bar\u0103, ci \u0219i func\u021bionarea unei pompe de ap\u0103, a unui \u00eenc\u0103lzitor electric \u0219i a unui aragaz electric.<\/p>\n<p>Generatorul este echipat cu sistemul AVR pentru a stabiliza tensiunea de ie\u0219ire atunci c\u00e2nd se modific\u0103 viteza motorului. Aceast\u0103 unitate ofer\u0103 o ie\u0219ire uniform\u0103 f\u0103r\u0103 supratensiuni \u0219i c\u0103deri de tensiune, ceea ce permite alimentarea nu numai a consumatorilor simpli de la generator, cum ar fi l\u0103mpile de iluminat sau \u00eenc\u0103lzitoarele, dar \u0219i aparatele de uz casnic, cum ar fi televizoarele sau frigiderele.<\/p>\n<p>Caracteristici generatoare:<\/p>\n<p>litera E din titlu indic\u0103 prezen\u021ba pe aparat a sistemului electronic de pornire (manual + pornire electronic\u0103)<br \/>\ngenerator sincron, conceput pentru o putere de pornire m\u0103rit\u0103 \u0219i cu o eficien\u021b\u0103 ridicat\u0103<br \/>\nun singur cilindru \u00een 4 timpi cu motor OHV pe benzin\u0103 cu supape superioare<br \/>\nmotorul cu un arbore cu came inferior nu necesit\u0103 ad\u0103ugarea de ulei \u00een benzin\u0103<br \/>\npornirea u\u0219oar\u0103 la temperaturi sc\u0103zute (presupun\u00e2nd alegerea corect\u0103 a uleiului)<br \/>\neficien\u021ba ridicat\u0103 a motorului<br \/>\nrezervorul mare v\u0103 permite s\u0103 lucra\u021bi mult timp f\u0103r\u0103 alimentare cu combustibil<br \/>\nsistem de stabilizare a tensiunii de ie\u0219ire (NEW AVR &#8211; Regulator automat de tensiune)<br \/>\ncuplarea de cupru a rotorului \u0219i a alternatorului statorului<br \/>\nprotec\u021bia la suprasarcin\u0103 protejeaz\u0103 cele mai scumpe componente \u0219i componente de e\u0219ec<br \/>\ncarcas\u0103 armat\u0103 cu capace suplimentare pentru protejarea rezervorului de gaz<br \/>\nnivelul zgomotului &#8211; 74 dB<br \/>\ndurat\u0103 de via\u021b\u0103 mai mare de 1000 de ore<br \/>\nAtunci c\u00e2nd alege\u021bi un generator, trebuie s\u0103 lua\u021bi \u00een considerare rezerva de putere necesar\u0103 pentru func\u021bionarea corect\u0103 a dispozitivului:<\/p>\n<p>puterea total\u0103 a consumatorilor de energie electric\u0103 trebuie s\u0103 fie mai mic\u0103 dec\u00e2t puterea generatorului<br \/>\npentru dispozitive rezistive (dispozitive f\u0103r\u0103 motor electric: televizoare, l\u0103mpi, \u00eenc\u0103lzitoare, sobe etc.) &#8211; este necesar\u0103 o rezerv\u0103 de energie de 10%<br \/>\npentru dispozitive inductive (dispozitive care au un motor electric \u00een proiectare: burghie, ma\u0219ini de tuns, echipament de gr\u0103din\u0103) &#8211; marja de putere ar trebui s\u0103 fie la nivelul de 20%<br \/>\nmerit\u0103 de asemenea s\u0103 se \u021bin\u0103 cont de faptul c\u0103 curentul de pornire al dispozitivelor inductive poate dep\u0103\u0219i puterea nominal\u0103 de 3 ori<br \/>\nSunt incluse \u00eempreun\u0103 cu generatorul ro\u021bile \u0219i m\u00e2nerele.<\/p>\n","protected":false},"excerpt":{"rendered":"<p>Caracteristici generale<br \/>\nProducator: KAMOTO<br \/>\nTip: Sincron<br \/>\nTensiune nominal\u0103: 220 V, 50 Hz<br \/>\nPutere maxim\u0103, kW: 6.5<br \/>\nPutere nominal\u0103, kW: 6,0<br \/>\nFactor de putere: 1.0<br \/>\nIe\u0219ire DC: 12V<br \/>\nTip motor: 4 timpi, benzin\u0103, r\u0103cire cu aer, OHV<br \/>\nVolum, cubic cm: 420<br \/>\nPutere hp: 14,0<br \/>\nCombustibil: Benzin\u0103 f\u0103r\u0103 benzin\u0103 A-95<br \/>\nCapacitatea rezervorului, l.: 25<br \/>\nSp. consumul de combustibil, g \/ kWh: 370<br \/>\nConsumul de combustibil, l \/ kWh: 0,5<br \/>\nConsumul de combustibil la nom. putere, l \/ h: 3,0<br \/>\nUlei recomandat: API 10W40&gt; SF<br \/>\nVolumul de ulei, l: 1.1<br \/>\nStart electric: Da<br \/>\nSet de livrare (2 ro\u021bi + 2 m\u00e2nere): Da<br \/>\nAutostart: Da<br \/>\nDimensiuni L \u00d7 W \u00d7 H, mm: 700x600x580<br \/>\nGreutate, kg: 95<\/p>\n","protected":false},"featured_media":3303,"template":"","meta":[],"product_brand":[],"product_cat":[299],"product_tag":[],"class_list":{"0":"post-5057","1":"product","2":"type-product","3":"status-publish","4":"has-post-thumbnail","6":"product_cat-generatoare","8":"first","9":"outofstock","10":"shipping-taxable","11":"product-type-simple"},"yoast_head":"<!-- This site is optimized with the Yoast SEO plugin v27.3 - https:\/\/yoast.com\/product\/yoast-seo-wordpress\/ -->\n<title>Vrei Generator pe benzina ieftine? Moldova - Chisinau - Kamoto.md<\/title>\n<meta name=\"description\" content=\"Descoprea gama noastra de Generatoare pe benzina la PRETURI de importator \u25bb Vezi OFERTELE pe site! - Kamoto.md - Generator pe benzina Kamoto GG6500E\" \/>\n<meta name=\"robots\" content=\"index, follow, max-snippet:-1, max-image-preview:large, max-video-preview:-1\" \/>\n<link rel=\"canonical\" href=\"https:\/\/kamoto.md\/ro\/shop\/generatoare-si-compresoare\/generatoare\/generator-pe-benzina-kamoto-gg-6500e\/\" \/>\n<meta property=\"og:locale\" content=\"ro_RO\" \/>\n<meta property=\"og:type\" content=\"article\" \/>\n<meta property=\"og:title\" content=\"Vrei Generator pe benzina ieftine? Moldova - Chisinau - Kamoto.md\" \/>\n<meta property=\"og:description\" content=\"Descoprea gama noastra de Generatoare pe benzina la PRETURI de importator \u25bb Vezi OFERTELE pe site! - Kamoto.md - Generator pe benzina Kamoto GG6500E\" \/>\n<meta property=\"og:url\" content=\"https:\/\/kamoto.md\/ro\/shop\/generatoare-si-compresoare\/generatoare\/generator-pe-benzina-kamoto-gg-6500e\/\" \/>\n<meta property=\"og:site_name\" content=\"Kamoto.md\" \/>\n<meta property=\"article:modified_time\" content=\"2026-02-27T11:46:48+00:00\" \/>\n<meta property=\"og:image\" content=\"https:\/\/kamoto.md\/wp-content\/uploads\/2021\/05\/logo2.png\" \/>\n\t<meta property=\"og:image:width\" content=\"1000\" \/>\n\t<meta property=\"og:image:height\" content=\"1000\" \/>\n\t<meta property=\"og:image:type\" content=\"image\/png\" \/>\n<meta name=\"twitter:card\" content=\"summary_large_image\" \/>\n<meta name=\"twitter:label1\" content=\"Timp estimat pentru citire\" \/>\n\t<meta name=\"twitter:data1\" content=\"3 minute\" \/>\n<script type=\"application\/ld+json\" class=\"yoast-schema-graph\">{\"@context\":\"https:\\\/\\\/schema.org\",\"@graph\":[{\"@type\":[\"WebPage\",\"ItemPage\"],\"@id\":\"https:\\\/\\\/kamoto.md\\\/ro\\\/shop\\\/generatoare-si-compresoare\\\/generatoare\\\/generator-pe-benzina-kamoto-gg-6500e\\\/\",\"url\":\"https:\\\/\\\/kamoto.md\\\/ro\\\/shop\\\/generatoare-si-compresoare\\\/generatoare\\\/generator-pe-benzina-kamoto-gg-6500e\\\/\",\"name\":\"Vrei Generator pe benzina ieftine? Moldova - Chisinau - Kamoto.md\",\"isPartOf\":{\"@id\":\"https:\\\/\\\/kamoto.md\\\/ro\\\/#website\"},\"primaryImageOfPage\":{\"@id\":\"https:\\\/\\\/kamoto.md\\\/ro\\\/shop\\\/generatoare-si-compresoare\\\/generatoare\\\/generator-pe-benzina-kamoto-gg-6500e\\\/#primaryimage\"},\"image\":{\"@id\":\"https:\\\/\\\/kamoto.md\\\/ro\\\/shop\\\/generatoare-si-compresoare\\\/generatoare\\\/generator-pe-benzina-kamoto-gg-6500e\\\/#primaryimage\"},\"thumbnailUrl\":\"https:\\\/\\\/kamoto.md\\\/wp-content\\\/uploads\\\/2018\\\/02\\\/GG6500E-1.jpg\",\"datePublished\":\"2018-02-26T12:01:24+00:00\",\"dateModified\":\"2026-02-27T11:46:48+00:00\",\"description\":\"Descoprea gama noastra de Generatoare pe benzina la PRETURI de importator \u25bb Vezi OFERTELE pe site! - Kamoto.md - Generator pe benzina Kamoto GG6500E\",\"breadcrumb\":{\"@id\":\"https:\\\/\\\/kamoto.md\\\/ro\\\/shop\\\/generatoare-si-compresoare\\\/generatoare\\\/generator-pe-benzina-kamoto-gg-6500e\\\/#breadcrumb\"},\"inLanguage\":\"ro-RO\",\"potentialAction\":[{\"@type\":\"ReadAction\",\"target\":[\"https:\\\/\\\/kamoto.md\\\/ro\\\/shop\\\/generatoare-si-compresoare\\\/generatoare\\\/generator-pe-benzina-kamoto-gg-6500e\\\/\"]}]},{\"@type\":\"ImageObject\",\"inLanguage\":\"ro-RO\",\"@id\":\"https:\\\/\\\/kamoto.md\\\/ro\\\/shop\\\/generatoare-si-compresoare\\\/generatoare\\\/generator-pe-benzina-kamoto-gg-6500e\\\/#primaryimage\",\"url\":\"https:\\\/\\\/kamoto.md\\\/wp-content\\\/uploads\\\/2018\\\/02\\\/GG6500E-1.jpg\",\"contentUrl\":\"https:\\\/\\\/kamoto.md\\\/wp-content\\\/uploads\\\/2018\\\/02\\\/GG6500E-1.jpg\",\"width\":1000,\"height\":1000},{\"@type\":\"BreadcrumbList\",\"@id\":\"https:\\\/\\\/kamoto.md\\\/ro\\\/shop\\\/generatoare-si-compresoare\\\/generatoare\\\/generator-pe-benzina-kamoto-gg-6500e\\\/#breadcrumb\",\"itemListElement\":[{\"@type\":\"ListItem\",\"position\":1,\"name\":\"\u0413\u043b\u0430\u0432\u043d\u0430\u044f \u0441\u0442\u0440\u0430\u043d\u0438\u0446\u0430\",\"item\":\"https:\\\/\\\/kamoto.md\\\/ro\\\/\"},{\"@type\":\"ListItem\",\"position\":2,\"name\":\"Catalog\",\"item\":\"https:\\\/\\\/kamoto.md\\\/ro\\\/catalog\\\/\"},{\"@type\":\"ListItem\",\"position\":3,\"name\":\"Generatoare si Compresoare\",\"item\":\"https:\\\/\\\/kamoto.md\\\/ro\\\/catalog\\\/generatoare-si-compresoare\\\/\"},{\"@type\":\"ListItem\",\"position\":4,\"name\":\"Generatoare\",\"item\":\"https:\\\/\\\/kamoto.md\\\/ro\\\/catalog\\\/generatoare-si-compresoare\\\/generatoare\\\/\"},{\"@type\":\"ListItem\",\"position\":5,\"name\":\"Generator pe benzina Kamoto GG6500E\"}]},{\"@type\":\"WebSite\",\"@id\":\"https:\\\/\\\/kamoto.md\\\/ro\\\/#website\",\"url\":\"https:\\\/\\\/kamoto.md\\\/ro\\\/\",\"name\":\"Kamoto.MD\",\"description\":\"\u0418\u043d\u0442\u0435\u0440\u043d\u0435\u0442 \u043c\u0430\u0433\u0430\u0437\u0438\u043d \u044d\u043b\u0435\u043a\u0442\u0440\u043e\u0438\u043d\u0441\u0442\u0440\u0443\u043c\u0435\u043d\u0442\u0430, \u0441\u0430\u0434\u043e\u0432\u043e\u0439 \u0438 \u0441\u0438\u043b\u043e\u0432\u043e\u0439 \u0442\u0435\u0445\u043d\u0438\u043a\u0438.\",\"publisher\":{\"@id\":\"https:\\\/\\\/kamoto.md\\\/ro\\\/#organization\"},\"potentialAction\":[{\"@type\":\"SearchAction\",\"target\":{\"@type\":\"EntryPoint\",\"urlTemplate\":\"https:\\\/\\\/kamoto.md\\\/ro\\\/?s={search_term_string}\"},\"query-input\":{\"@type\":\"PropertyValueSpecification\",\"valueRequired\":true,\"valueName\":\"search_term_string\"}}],\"inLanguage\":\"ro-RO\"},{\"@type\":\"Organization\",\"@id\":\"https:\\\/\\\/kamoto.md\\\/ro\\\/#organization\",\"name\":\"Kamoto S.R.L.\",\"url\":\"https:\\\/\\\/kamoto.md\\\/ro\\\/\",\"logo\":{\"@type\":\"ImageObject\",\"inLanguage\":\"ro-RO\",\"@id\":\"https:\\\/\\\/kamoto.md\\\/ro\\\/#\\\/schema\\\/logo\\\/image\\\/\",\"url\":\"https:\\\/\\\/kamoto.md\\\/wp-content\\\/uploads\\\/2017\\\/08\\\/logo.png\",\"contentUrl\":\"https:\\\/\\\/kamoto.md\\\/wp-content\\\/uploads\\\/2017\\\/08\\\/logo.png\",\"width\":323,\"height\":50,\"caption\":\"Kamoto S.R.L.\"},\"image\":{\"@id\":\"https:\\\/\\\/kamoto.md\\\/ro\\\/#\\\/schema\\\/logo\\\/image\\\/\"}}]}<\/script>\n<!-- \/ Yoast SEO plugin. -->","yoast_head_json":{"title":"Vrei Generator pe benzina ieftine? Moldova - Chisinau - Kamoto.md","description":"Descoprea gama noastra de Generatoare pe benzina la PRETURI de importator \u25bb Vezi OFERTELE pe site! - Kamoto.md - Generator pe benzina Kamoto GG6500E","robots":{"index":"index","follow":"follow","max-snippet":"max-snippet:-1","max-image-preview":"max-image-preview:large","max-video-preview":"max-video-preview:-1"},"canonical":"https:\/\/kamoto.md\/ro\/shop\/generatoare-si-compresoare\/generatoare\/generator-pe-benzina-kamoto-gg-6500e\/","og_locale":"ro_RO","og_type":"article","og_title":"Vrei Generator pe benzina ieftine? Moldova - Chisinau - Kamoto.md","og_description":"Descoprea gama noastra de Generatoare pe benzina la PRETURI de importator \u25bb Vezi OFERTELE pe site! - Kamoto.md - Generator pe benzina Kamoto GG6500E","og_url":"https:\/\/kamoto.md\/ro\/shop\/generatoare-si-compresoare\/generatoare\/generator-pe-benzina-kamoto-gg-6500e\/","og_site_name":"Kamoto.md","article_modified_time":"2026-02-27T11:46:48+00:00","og_image":[{"width":1000,"height":1000,"url":"https:\/\/kamoto.md\/wp-content\/uploads\/2021\/05\/logo2.png","type":"image\/png"}],"twitter_card":"summary_large_image","twitter_misc":{"Timp estimat pentru citire":"3 minute"},"schema":{"@context":"https:\/\/schema.org","@graph":[{"@type":["WebPage","ItemPage"],"@id":"https:\/\/kamoto.md\/ro\/shop\/generatoare-si-compresoare\/generatoare\/generator-pe-benzina-kamoto-gg-6500e\/","url":"https:\/\/kamoto.md\/ro\/shop\/generatoare-si-compresoare\/generatoare\/generator-pe-benzina-kamoto-gg-6500e\/","name":"Vrei Generator pe benzina ieftine? Moldova - Chisinau - Kamoto.md","isPartOf":{"@id":"https:\/\/kamoto.md\/ro\/#website"},"primaryImageOfPage":{"@id":"https:\/\/kamoto.md\/ro\/shop\/generatoare-si-compresoare\/generatoare\/generator-pe-benzina-kamoto-gg-6500e\/#primaryimage"},"image":{"@id":"https:\/\/kamoto.md\/ro\/shop\/generatoare-si-compresoare\/generatoare\/generator-pe-benzina-kamoto-gg-6500e\/#primaryimage"},"thumbnailUrl":"https:\/\/kamoto.md\/wp-content\/uploads\/2018\/02\/GG6500E-1.jpg","datePublished":"2018-02-26T12:01:24+00:00","dateModified":"2026-02-27T11:46:48+00:00","description":"Descoprea gama noastra de Generatoare pe benzina la PRETURI de importator \u25bb Vezi OFERTELE pe site! - Kamoto.md - Generator pe benzina Kamoto GG6500E","breadcrumb":{"@id":"https:\/\/kamoto.md\/ro\/shop\/generatoare-si-compresoare\/generatoare\/generator-pe-benzina-kamoto-gg-6500e\/#breadcrumb"},"inLanguage":"ro-RO","potentialAction":[{"@type":"ReadAction","target":["https:\/\/kamoto.md\/ro\/shop\/generatoare-si-compresoare\/generatoare\/generator-pe-benzina-kamoto-gg-6500e\/"]}]},{"@type":"ImageObject","inLanguage":"ro-RO","@id":"https:\/\/kamoto.md\/ro\/shop\/generatoare-si-compresoare\/generatoare\/generator-pe-benzina-kamoto-gg-6500e\/#primaryimage","url":"https:\/\/kamoto.md\/wp-content\/uploads\/2018\/02\/GG6500E-1.jpg","contentUrl":"https:\/\/kamoto.md\/wp-content\/uploads\/2018\/02\/GG6500E-1.jpg","width":1000,"height":1000},{"@type":"BreadcrumbList","@id":"https:\/\/kamoto.md\/ro\/shop\/generatoare-si-compresoare\/generatoare\/generator-pe-benzina-kamoto-gg-6500e\/#breadcrumb","itemListElement":[{"@type":"ListItem","position":1,"name":"\u0413\u043b\u0430\u0432\u043d\u0430\u044f \u0441\u0442\u0440\u0430\u043d\u0438\u0446\u0430","item":"https:\/\/kamoto.md\/ro\/"},{"@type":"ListItem","position":2,"name":"Catalog","item":"https:\/\/kamoto.md\/ro\/catalog\/"},{"@type":"ListItem","position":3,"name":"Generatoare si Compresoare","item":"https:\/\/kamoto.md\/ro\/catalog\/generatoare-si-compresoare\/"},{"@type":"ListItem","position":4,"name":"Generatoare","item":"https:\/\/kamoto.md\/ro\/catalog\/generatoare-si-compresoare\/generatoare\/"},{"@type":"ListItem","position":5,"name":"Generator pe benzina Kamoto GG6500E"}]},{"@type":"WebSite","@id":"https:\/\/kamoto.md\/ro\/#website","url":"https:\/\/kamoto.md\/ro\/","name":"Kamoto.MD","description":"\u0418\u043d\u0442\u0435\u0440\u043d\u0435\u0442 \u043c\u0430\u0433\u0430\u0437\u0438\u043d \u044d\u043b\u0435\u043a\u0442\u0440\u043e\u0438\u043d\u0441\u0442\u0440\u0443\u043c\u0435\u043d\u0442\u0430, \u0441\u0430\u0434\u043e\u0432\u043e\u0439 \u0438 \u0441\u0438\u043b\u043e\u0432\u043e\u0439 \u0442\u0435\u0445\u043d\u0438\u043a\u0438.","publisher":{"@id":"https:\/\/kamoto.md\/ro\/#organization"},"potentialAction":[{"@type":"SearchAction","target":{"@type":"EntryPoint","urlTemplate":"https:\/\/kamoto.md\/ro\/?s={search_term_string}"},"query-input":{"@type":"PropertyValueSpecification","valueRequired":true,"valueName":"search_term_string"}}],"inLanguage":"ro-RO"},{"@type":"Organization","@id":"https:\/\/kamoto.md\/ro\/#organization","name":"Kamoto S.R.L.","url":"https:\/\/kamoto.md\/ro\/","logo":{"@type":"ImageObject","inLanguage":"ro-RO","@id":"https:\/\/kamoto.md\/ro\/#\/schema\/logo\/image\/","url":"https:\/\/kamoto.md\/wp-content\/uploads\/2017\/08\/logo.png","contentUrl":"https:\/\/kamoto.md\/wp-content\/uploads\/2017\/08\/logo.png","width":323,"height":50,"caption":"Kamoto S.R.L."},"image":{"@id":"https:\/\/kamoto.md\/ro\/#\/schema\/logo\/image\/"}}]}},"_links":{"self":[{"href":"https:\/\/kamoto.md\/ro\/wp-json\/wp\/v2\/product\/5057","targetHints":{"allow":["GET"]}}],"collection":[{"href":"https:\/\/kamoto.md\/ro\/wp-json\/wp\/v2\/product"}],"about":[{"href":"https:\/\/kamoto.md\/ro\/wp-json\/wp\/v2\/types\/product"}],"wp:featuredmedia":[{"embeddable":true,"href":"https:\/\/kamoto.md\/ro\/wp-json\/wp\/v2\/media\/3303"}],"wp:attachment":[{"href":"https:\/\/kamoto.md\/ro\/wp-json\/wp\/v2\/media?parent=5057"}],"wp:term":[{"taxonomy":"product_brand","embeddable":true,"href":"https:\/\/kamoto.md\/ro\/wp-json\/wp\/v2\/product_brand?post=5057"},{"taxonomy":"product_cat","embeddable":true,"href":"https:\/\/kamoto.md\/ro\/wp-json\/wp\/v2\/product_cat?post=5057"},{"taxonomy":"product_tag","embeddable":true,"href":"https:\/\/kamoto.md\/ro\/wp-json\/wp\/v2\/product_tag?post=5057"}],"curies":[{"name":"wp","href":"https:\/\/api.w.org\/{rel}","templated":true}]}}