{"id":5064,"date":"2017-11-02T22:59:23","date_gmt":"2017-11-02T20:59:23","guid":{"rendered":"https:\/\/kamoto.md\/shop\/fara-categorie\/motocultor-pe-benzina-kamoto-gc-7105\/"},"modified":"2026-02-27T13:47:43","modified_gmt":"2026-02-27T11:47:43","slug":"motocultor-pe-benzina-kamoto-gc7105","status":"publish","type":"product","link":"https:\/\/kamoto.md\/ro\/shop\/scule-si-unelte-de-gradinarit\/cultivatoare-pe-benzina\/motocultor-pe-benzina-kamoto-gc7105\/","title":{"rendered":"Motocultor pe benzin\u0103 KAMOTO GC7105"},"content":{"rendered":"<p>Motocultor pe benzin\u0103 KAMOTO GC7105 cu motor de 7 CP \u0219i cu o l\u0103\u021bime mare de captur\u0103 (105 cm), echipat cu t\u0103ietori \u00eent\u0103ri\u021bi (24 buc\u0103\u021bi), care permite utilizarea sa pe soluri grele \u0219i pentru prelucrarea terenurilor virgine. Este instalat un m\u00e2ner de control cu capacitatea de a regla \u0219i roti \u00een diferite planuri, care are de asemenea un compartiment pentru depozitarea instrumentelor \u0219i a diferitelor obiecte mici. Transmisia se face prin cutia de viteze, iar cobor\u00e2rea sau ridicarea treptei de vitez\u0103 se poate realiza prin aruncarea centurii dintr-o canelur\u0103 a scripetei \u00een altul: 4 \u00eenainte, 2 \u00eenapoi. \u0218aiba cu trei nervuri deja instalat\u0103 pe cultivator face posibil\u0103 conectarea unei ma\u0219ini de tuns iarba rotative \u0219i a unei ma\u0219ini de z\u0103pad\u0103, iar o unitate de trac\u021biune puternic\u0103 este cea mai comun\u0103 \u0219i face posibil\u0103 instalarea diverselor ata\u0219amente: un plug, un excavator, un excavator de cartofi \u0219i, de asemenea, pentru a conecta un c\u0103rucior. Sunt incluse \u0219i ro\u021bile pneumatice \u0219i discurile laterale.<\/p>\n<p>Transmisia din font\u0103 este solid\u0103, nu exist\u0103 nici o cus\u0103tura, nici o garnitur\u0103 \u0219i, ca urmare, nu exist\u0103 scurgeri de ulei. Spre deosebire de reductorul din aluminiu, fonta este mai durabil\u0103, iar scaunele de lag\u0103re nu sunt supuse form\u0103rii unei mine, ceea ce prelunge\u0219te considerabil durata de via\u021b\u0103 a reductorului.<\/p>\n","protected":false},"excerpt":{"rendered":"<p>Producator: KAMOTO<br \/>\nPuterea motorului: 7,0 CP<br \/>\nUlei de motor recomandat: 10W40<br \/>\nUlei de transmisie recomandat: TAD-17<br \/>\nL\u0103\u021bimea de lucru: 105 cm<br \/>\nAd\u00e2ncimea de lucru: 30 cm<br \/>\nTransmisie: 4 inainte \/ 2 invers<br \/>\nReducer: Font\u0103, lan\u021b<br \/>\nNum\u0103r de t\u0103ietori: 24 buc<br \/>\nCuplaj: centur\u0103<br \/>\nLeg\u0103tur\u0103 activ\u0103: scripe\u021bi<br \/>\nPneuri pneumatice, tip: 4.00-8<br \/>\nDepozitarea instrumentului: Da<br \/>\nFar: Nu<br \/>\nGreutate: 94,6 kg<\/p>\n","protected":false},"featured_media":2837,"template":"","meta":[],"product_brand":[],"product_cat":[291],"product_tag":[],"class_list":{"0":"post-5064","1":"product","2":"type-product","3":"status-publish","4":"has-post-thumbnail","6":"product_cat-cultivatoare-pe-benzina","8":"first","9":"outofstock","10":"shipping-taxable","11":"product-type-simple"},"yoast_head":"<!-- This site is optimized with the Yoast SEO plugin v27.3 - https:\/\/yoast.com\/product\/yoast-seo-wordpress\/ -->\n<title>Vrei Motocultor pe benzina ieftine? Moldova - Chisinau - Kamoto.md<\/title>\n<meta name=\"description\" content=\"Descoprea gama noastra deMotocultor pe benzina la PRETURI de importator \u25bb Vezi OFERTELE pe site! - Kamoto.md - Motocultor pe benzin\u0103 KAMOTO GC7105\" \/>\n<meta name=\"robots\" content=\"index, follow, max-snippet:-1, max-image-preview:large, max-video-preview:-1\" \/>\n<link rel=\"canonical\" href=\"https:\/\/kamoto.md\/ro\/shop\/scule-si-unelte-de-gradinarit\/cultivatoare-pe-benzina\/motocultor-pe-benzina-kamoto-gc7105\/\" \/>\n<meta property=\"og:locale\" content=\"ro_RO\" \/>\n<meta property=\"og:type\" content=\"article\" \/>\n<meta property=\"og:title\" content=\"Vrei Motocultor pe benzina ieftine? Moldova - Chisinau - Kamoto.md\" \/>\n<meta property=\"og:description\" content=\"Descoprea gama noastra deMotocultor pe benzina la PRETURI de importator \u25bb Vezi OFERTELE pe site! - Kamoto.md - Motocultor pe benzin\u0103 KAMOTO GC7105\" \/>\n<meta property=\"og:url\" content=\"https:\/\/kamoto.md\/ro\/shop\/scule-si-unelte-de-gradinarit\/cultivatoare-pe-benzina\/motocultor-pe-benzina-kamoto-gc7105\/\" \/>\n<meta property=\"og:site_name\" content=\"Kamoto.md\" \/>\n<meta property=\"article:modified_time\" content=\"2026-02-27T11:47:43+00:00\" \/>\n<meta property=\"og:image\" content=\"https:\/\/kamoto.md\/wp-content\/uploads\/2021\/05\/logo2.png\" \/>\n\t<meta property=\"og:image:width\" content=\"1000\" \/>\n\t<meta property=\"og:image:height\" content=\"1000\" \/>\n\t<meta property=\"og:image:type\" content=\"image\/png\" \/>\n<meta name=\"twitter:card\" content=\"summary_large_image\" \/>\n<meta name=\"twitter:label1\" content=\"Timp estimat pentru citire\" \/>\n\t<meta name=\"twitter:data1\" content=\"2 minute\" \/>\n<script type=\"application\/ld+json\" class=\"yoast-schema-graph\">{\"@context\":\"https:\\\/\\\/schema.org\",\"@graph\":[{\"@type\":[\"WebPage\",\"ItemPage\"],\"@id\":\"https:\\\/\\\/kamoto.md\\\/ro\\\/shop\\\/scule-si-unelte-de-gradinarit\\\/cultivatoare-pe-benzina\\\/motocultor-pe-benzina-kamoto-gc7105\\\/\",\"url\":\"https:\\\/\\\/kamoto.md\\\/ro\\\/shop\\\/scule-si-unelte-de-gradinarit\\\/cultivatoare-pe-benzina\\\/motocultor-pe-benzina-kamoto-gc7105\\\/\",\"name\":\"Vrei Motocultor pe benzina ieftine? Moldova - Chisinau - Kamoto.md\",\"isPartOf\":{\"@id\":\"https:\\\/\\\/kamoto.md\\\/ro\\\/#website\"},\"primaryImageOfPage\":{\"@id\":\"https:\\\/\\\/kamoto.md\\\/ro\\\/shop\\\/scule-si-unelte-de-gradinarit\\\/cultivatoare-pe-benzina\\\/motocultor-pe-benzina-kamoto-gc7105\\\/#primaryimage\"},\"image\":{\"@id\":\"https:\\\/\\\/kamoto.md\\\/ro\\\/shop\\\/scule-si-unelte-de-gradinarit\\\/cultivatoare-pe-benzina\\\/motocultor-pe-benzina-kamoto-gc7105\\\/#primaryimage\"},\"thumbnailUrl\":\"https:\\\/\\\/kamoto.md\\\/wp-content\\\/uploads\\\/2017\\\/11\\\/GC7105_1.png\",\"datePublished\":\"2017-11-02T20:59:23+00:00\",\"dateModified\":\"2026-02-27T11:47:43+00:00\",\"description\":\"Descoprea gama noastra deMotocultor pe benzina la PRETURI de importator \u25bb Vezi OFERTELE pe site! - Kamoto.md - Motocultor pe benzin\u0103 KAMOTO GC7105\",\"breadcrumb\":{\"@id\":\"https:\\\/\\\/kamoto.md\\\/ro\\\/shop\\\/scule-si-unelte-de-gradinarit\\\/cultivatoare-pe-benzina\\\/motocultor-pe-benzina-kamoto-gc7105\\\/#breadcrumb\"},\"inLanguage\":\"ro-RO\",\"potentialAction\":[{\"@type\":\"ReadAction\",\"target\":[\"https:\\\/\\\/kamoto.md\\\/ro\\\/shop\\\/scule-si-unelte-de-gradinarit\\\/cultivatoare-pe-benzina\\\/motocultor-pe-benzina-kamoto-gc7105\\\/\"]}]},{\"@type\":\"ImageObject\",\"inLanguage\":\"ro-RO\",\"@id\":\"https:\\\/\\\/kamoto.md\\\/ro\\\/shop\\\/scule-si-unelte-de-gradinarit\\\/cultivatoare-pe-benzina\\\/motocultor-pe-benzina-kamoto-gc7105\\\/#primaryimage\",\"url\":\"https:\\\/\\\/kamoto.md\\\/wp-content\\\/uploads\\\/2017\\\/11\\\/GC7105_1.png\",\"contentUrl\":\"https:\\\/\\\/kamoto.md\\\/wp-content\\\/uploads\\\/2017\\\/11\\\/GC7105_1.png\",\"width\":1000,\"height\":1000},{\"@type\":\"BreadcrumbList\",\"@id\":\"https:\\\/\\\/kamoto.md\\\/ro\\\/shop\\\/scule-si-unelte-de-gradinarit\\\/cultivatoare-pe-benzina\\\/motocultor-pe-benzina-kamoto-gc7105\\\/#breadcrumb\",\"itemListElement\":[{\"@type\":\"ListItem\",\"position\":1,\"name\":\"\u0413\u043b\u0430\u0432\u043d\u0430\u044f \u0441\u0442\u0440\u0430\u043d\u0438\u0446\u0430\",\"item\":\"https:\\\/\\\/kamoto.md\\\/ro\\\/\"},{\"@type\":\"ListItem\",\"position\":2,\"name\":\"Catalog\",\"item\":\"https:\\\/\\\/kamoto.md\\\/ro\\\/catalog\\\/\"},{\"@type\":\"ListItem\",\"position\":3,\"name\":\"Instrumente \u0219i unelte de gr\u0103din\u0103rit\",\"item\":\"https:\\\/\\\/kamoto.md\\\/ro\\\/catalog\\\/scule-si-unelte-de-gradinarit\\\/\"},{\"@type\":\"ListItem\",\"position\":4,\"name\":\"Motocultoare pe benzin\u0103\",\"item\":\"https:\\\/\\\/kamoto.md\\\/ro\\\/catalog\\\/scule-si-unelte-de-gradinarit\\\/cultivatoare-pe-benzina\\\/\"},{\"@type\":\"ListItem\",\"position\":5,\"name\":\"Motocultor pe benzin\u0103 KAMOTO GC7105\"}]},{\"@type\":\"WebSite\",\"@id\":\"https:\\\/\\\/kamoto.md\\\/ro\\\/#website\",\"url\":\"https:\\\/\\\/kamoto.md\\\/ro\\\/\",\"name\":\"Kamoto.MD\",\"description\":\"\u0418\u043d\u0442\u0435\u0440\u043d\u0435\u0442 \u043c\u0430\u0433\u0430\u0437\u0438\u043d \u044d\u043b\u0435\u043a\u0442\u0440\u043e\u0438\u043d\u0441\u0442\u0440\u0443\u043c\u0435\u043d\u0442\u0430, \u0441\u0430\u0434\u043e\u0432\u043e\u0439 \u0438 \u0441\u0438\u043b\u043e\u0432\u043e\u0439 \u0442\u0435\u0445\u043d\u0438\u043a\u0438.\",\"publisher\":{\"@id\":\"https:\\\/\\\/kamoto.md\\\/ro\\\/#organization\"},\"potentialAction\":[{\"@type\":\"SearchAction\",\"target\":{\"@type\":\"EntryPoint\",\"urlTemplate\":\"https:\\\/\\\/kamoto.md\\\/ro\\\/?s={search_term_string}\"},\"query-input\":{\"@type\":\"PropertyValueSpecification\",\"valueRequired\":true,\"valueName\":\"search_term_string\"}}],\"inLanguage\":\"ro-RO\"},{\"@type\":\"Organization\",\"@id\":\"https:\\\/\\\/kamoto.md\\\/ro\\\/#organization\",\"name\":\"Kamoto S.R.L.\",\"url\":\"https:\\\/\\\/kamoto.md\\\/ro\\\/\",\"logo\":{\"@type\":\"ImageObject\",\"inLanguage\":\"ro-RO\",\"@id\":\"https:\\\/\\\/kamoto.md\\\/ro\\\/#\\\/schema\\\/logo\\\/image\\\/\",\"url\":\"https:\\\/\\\/kamoto.md\\\/wp-content\\\/uploads\\\/2017\\\/08\\\/logo.png\",\"contentUrl\":\"https:\\\/\\\/kamoto.md\\\/wp-content\\\/uploads\\\/2017\\\/08\\\/logo.png\",\"width\":323,\"height\":50,\"caption\":\"Kamoto S.R.L.\"},\"image\":{\"@id\":\"https:\\\/\\\/kamoto.md\\\/ro\\\/#\\\/schema\\\/logo\\\/image\\\/\"}}]}<\/script>\n<!-- \/ Yoast SEO plugin. -->","yoast_head_json":{"title":"Vrei Motocultor pe benzina ieftine? Moldova - Chisinau - Kamoto.md","description":"Descoprea gama noastra deMotocultor pe benzina la PRETURI de importator \u25bb Vezi OFERTELE pe site! - Kamoto.md - Motocultor pe benzin\u0103 KAMOTO GC7105","robots":{"index":"index","follow":"follow","max-snippet":"max-snippet:-1","max-image-preview":"max-image-preview:large","max-video-preview":"max-video-preview:-1"},"canonical":"https:\/\/kamoto.md\/ro\/shop\/scule-si-unelte-de-gradinarit\/cultivatoare-pe-benzina\/motocultor-pe-benzina-kamoto-gc7105\/","og_locale":"ro_RO","og_type":"article","og_title":"Vrei Motocultor pe benzina ieftine? Moldova - Chisinau - Kamoto.md","og_description":"Descoprea gama noastra deMotocultor pe benzina la PRETURI de importator \u25bb Vezi OFERTELE pe site! - Kamoto.md - Motocultor pe benzin\u0103 KAMOTO GC7105","og_url":"https:\/\/kamoto.md\/ro\/shop\/scule-si-unelte-de-gradinarit\/cultivatoare-pe-benzina\/motocultor-pe-benzina-kamoto-gc7105\/","og_site_name":"Kamoto.md","article_modified_time":"2026-02-27T11:47:43+00:00","og_image":[{"width":1000,"height":1000,"url":"https:\/\/kamoto.md\/wp-content\/uploads\/2021\/05\/logo2.png","type":"image\/png"}],"twitter_card":"summary_large_image","twitter_misc":{"Timp estimat pentru citire":"2 minute"},"schema":{"@context":"https:\/\/schema.org","@graph":[{"@type":["WebPage","ItemPage"],"@id":"https:\/\/kamoto.md\/ro\/shop\/scule-si-unelte-de-gradinarit\/cultivatoare-pe-benzina\/motocultor-pe-benzina-kamoto-gc7105\/","url":"https:\/\/kamoto.md\/ro\/shop\/scule-si-unelte-de-gradinarit\/cultivatoare-pe-benzina\/motocultor-pe-benzina-kamoto-gc7105\/","name":"Vrei Motocultor pe benzina ieftine? Moldova - Chisinau - Kamoto.md","isPartOf":{"@id":"https:\/\/kamoto.md\/ro\/#website"},"primaryImageOfPage":{"@id":"https:\/\/kamoto.md\/ro\/shop\/scule-si-unelte-de-gradinarit\/cultivatoare-pe-benzina\/motocultor-pe-benzina-kamoto-gc7105\/#primaryimage"},"image":{"@id":"https:\/\/kamoto.md\/ro\/shop\/scule-si-unelte-de-gradinarit\/cultivatoare-pe-benzina\/motocultor-pe-benzina-kamoto-gc7105\/#primaryimage"},"thumbnailUrl":"https:\/\/kamoto.md\/wp-content\/uploads\/2017\/11\/GC7105_1.png","datePublished":"2017-11-02T20:59:23+00:00","dateModified":"2026-02-27T11:47:43+00:00","description":"Descoprea gama noastra deMotocultor pe benzina la PRETURI de importator \u25bb Vezi OFERTELE pe site! - Kamoto.md - Motocultor pe benzin\u0103 KAMOTO GC7105","breadcrumb":{"@id":"https:\/\/kamoto.md\/ro\/shop\/scule-si-unelte-de-gradinarit\/cultivatoare-pe-benzina\/motocultor-pe-benzina-kamoto-gc7105\/#breadcrumb"},"inLanguage":"ro-RO","potentialAction":[{"@type":"ReadAction","target":["https:\/\/kamoto.md\/ro\/shop\/scule-si-unelte-de-gradinarit\/cultivatoare-pe-benzina\/motocultor-pe-benzina-kamoto-gc7105\/"]}]},{"@type":"ImageObject","inLanguage":"ro-RO","@id":"https:\/\/kamoto.md\/ro\/shop\/scule-si-unelte-de-gradinarit\/cultivatoare-pe-benzina\/motocultor-pe-benzina-kamoto-gc7105\/#primaryimage","url":"https:\/\/kamoto.md\/wp-content\/uploads\/2017\/11\/GC7105_1.png","contentUrl":"https:\/\/kamoto.md\/wp-content\/uploads\/2017\/11\/GC7105_1.png","width":1000,"height":1000},{"@type":"BreadcrumbList","@id":"https:\/\/kamoto.md\/ro\/shop\/scule-si-unelte-de-gradinarit\/cultivatoare-pe-benzina\/motocultor-pe-benzina-kamoto-gc7105\/#breadcrumb","itemListElement":[{"@type":"ListItem","position":1,"name":"\u0413\u043b\u0430\u0432\u043d\u0430\u044f \u0441\u0442\u0440\u0430\u043d\u0438\u0446\u0430","item":"https:\/\/kamoto.md\/ro\/"},{"@type":"ListItem","position":2,"name":"Catalog","item":"https:\/\/kamoto.md\/ro\/catalog\/"},{"@type":"ListItem","position":3,"name":"Instrumente \u0219i unelte de gr\u0103din\u0103rit","item":"https:\/\/kamoto.md\/ro\/catalog\/scule-si-unelte-de-gradinarit\/"},{"@type":"ListItem","position":4,"name":"Motocultoare pe benzin\u0103","item":"https:\/\/kamoto.md\/ro\/catalog\/scule-si-unelte-de-gradinarit\/cultivatoare-pe-benzina\/"},{"@type":"ListItem","position":5,"name":"Motocultor pe benzin\u0103 KAMOTO GC7105"}]},{"@type":"WebSite","@id":"https:\/\/kamoto.md\/ro\/#website","url":"https:\/\/kamoto.md\/ro\/","name":"Kamoto.MD","description":"\u0418\u043d\u0442\u0435\u0440\u043d\u0435\u0442 \u043c\u0430\u0433\u0430\u0437\u0438\u043d \u044d\u043b\u0435\u043a\u0442\u0440\u043e\u0438\u043d\u0441\u0442\u0440\u0443\u043c\u0435\u043d\u0442\u0430, \u0441\u0430\u0434\u043e\u0432\u043e\u0439 \u0438 \u0441\u0438\u043b\u043e\u0432\u043e\u0439 \u0442\u0435\u0445\u043d\u0438\u043a\u0438.","publisher":{"@id":"https:\/\/kamoto.md\/ro\/#organization"},"potentialAction":[{"@type":"SearchAction","target":{"@type":"EntryPoint","urlTemplate":"https:\/\/kamoto.md\/ro\/?s={search_term_string}"},"query-input":{"@type":"PropertyValueSpecification","valueRequired":true,"valueName":"search_term_string"}}],"inLanguage":"ro-RO"},{"@type":"Organization","@id":"https:\/\/kamoto.md\/ro\/#organization","name":"Kamoto S.R.L.","url":"https:\/\/kamoto.md\/ro\/","logo":{"@type":"ImageObject","inLanguage":"ro-RO","@id":"https:\/\/kamoto.md\/ro\/#\/schema\/logo\/image\/","url":"https:\/\/kamoto.md\/wp-content\/uploads\/2017\/08\/logo.png","contentUrl":"https:\/\/kamoto.md\/wp-content\/uploads\/2017\/08\/logo.png","width":323,"height":50,"caption":"Kamoto S.R.L."},"image":{"@id":"https:\/\/kamoto.md\/ro\/#\/schema\/logo\/image\/"}}]}},"_links":{"self":[{"href":"https:\/\/kamoto.md\/ro\/wp-json\/wp\/v2\/product\/5064","targetHints":{"allow":["GET"]}}],"collection":[{"href":"https:\/\/kamoto.md\/ro\/wp-json\/wp\/v2\/product"}],"about":[{"href":"https:\/\/kamoto.md\/ro\/wp-json\/wp\/v2\/types\/product"}],"wp:featuredmedia":[{"embeddable":true,"href":"https:\/\/kamoto.md\/ro\/wp-json\/wp\/v2\/media\/2837"}],"wp:attachment":[{"href":"https:\/\/kamoto.md\/ro\/wp-json\/wp\/v2\/media?parent=5064"}],"wp:term":[{"taxonomy":"product_brand","embeddable":true,"href":"https:\/\/kamoto.md\/ro\/wp-json\/wp\/v2\/product_brand?post=5064"},{"taxonomy":"product_cat","embeddable":true,"href":"https:\/\/kamoto.md\/ro\/wp-json\/wp\/v2\/product_cat?post=5064"},{"taxonomy":"product_tag","embeddable":true,"href":"https:\/\/kamoto.md\/ro\/wp-json\/wp\/v2\/product_tag?post=5064"}],"curies":[{"name":"wp","href":"https:\/\/api.w.org\/{rel}","templated":true}]}}