{"id":5072,"date":"2019-07-17T20:46:15","date_gmt":"2019-07-17T18:46:15","guid":{"rendered":"https:\/\/kamoto.md\/shop\/fara-categorie\/damil-pentru-tuns-iarba-kamoto\/"},"modified":"2026-02-27T13:33:09","modified_gmt":"2026-02-27T11:33:09","slug":"bobina-p-u-motocoasa-kamoto-ts30","status":"publish","type":"product","link":"https:\/\/kamoto.md\/ro\/shop\/accesorii\/bobine-pentru-motocoase\/bobina-p-u-motocoasa-kamoto-ts30\/","title":{"rendered":"Bobin\u0103 p\/u motocoas\u0103 KAMOTO TS30"},"content":{"rendered":"<p>Bobina p\/u motocoas\u0103 KAMOTO TS30 este proiectat\u0103 pentru t\u0103ierea ierbii de gazon.<\/p>\n<p>Corpul este fabricat din nailon de \u00eenalt\u0103 calitate pentru rigiditate sporit\u0103, durabilitate \u0219i rezisten\u021b\u0103 la impact, \u00een timp ce capul metalic de derulare nu se va uza \u00een timpul func\u021bion\u0103rii \u0219i a numeroaselor impacturi la sol.<\/p>\n<p>Lungimea firelor de t\u0103iere este reglat\u0103 prin lovirea u\u0219oar\u0103 a bobinei de sol.<\/p>\n","protected":false},"excerpt":{"rendered":"<p>Tip: Semi-automat<br \/>\nRacord: Filet M10 x 1,25 st\u00e2nga<br \/>\nDiametrul liniei de t\u0103iere: 1,6 &#8211; 3,0 mm<br \/>\n\u00cenc\u0103rcare rapid\u0103 a liniei: Da<br \/>\nMaterial corp bobin\u0103: Nylon<br \/>\nMaterial cap de derulare: Metal<\/p>\n","protected":false},"featured_media":3917,"template":"","meta":[],"product_brand":[],"product_cat":[278],"product_tag":[],"class_list":{"0":"post-5072","1":"product","2":"type-product","3":"status-publish","4":"has-post-thumbnail","6":"product_cat-bobine-pentru-motocoase","8":"first","9":"instock","10":"shipping-taxable","11":"purchasable","12":"product-type-simple"},"yoast_head":"<!-- This site is optimized with the Yoast SEO plugin v27.3 - https:\/\/yoast.com\/product\/yoast-seo-wordpress\/ -->\n<title>Cumpara Trimmer Reel in Chisinau- % Trimmer Reel\u2b50<\/title>\n<meta name=\"description\" content=\"Cau\u021bi de unde s\u0103 cumperi ieftin Trimmer Coil din stoc \u00een Kishinev? \u2705 Selec\u021bie larg\u0103 \u0219i pre\u021buri mici \u2b50%Kamoto.md % Bobin\u0103 Trimmer ts-2430 cu garan\u021bie \u2705\" \/>\n<meta name=\"robots\" content=\"index, follow, max-snippet:-1, max-image-preview:large, max-video-preview:-1\" \/>\n<link rel=\"canonical\" href=\"https:\/\/kamoto.md\/ro\/shop\/accesorii\/bobine-pentru-motocoase\/bobina-p-u-motocoasa-kamoto-ts30\/\" \/>\n<meta property=\"og:locale\" content=\"ro_RO\" \/>\n<meta property=\"og:type\" content=\"article\" \/>\n<meta property=\"og:title\" content=\"Cumpara Trimmer Reel in Chisinau- % Trimmer Reel\u2b50\" \/>\n<meta property=\"og:description\" content=\"Cau\u021bi de unde s\u0103 cumperi ieftin Trimmer Coil din stoc \u00een Kishinev? \u2705 Selec\u021bie larg\u0103 \u0219i pre\u021buri mici \u2b50%Kamoto.md % Bobin\u0103 Trimmer ts-2430 cu garan\u021bie \u2705\" \/>\n<meta property=\"og:url\" content=\"https:\/\/kamoto.md\/ro\/shop\/accesorii\/bobine-pentru-motocoase\/bobina-p-u-motocoasa-kamoto-ts30\/\" \/>\n<meta property=\"og:site_name\" content=\"Kamoto.md\" \/>\n<meta property=\"article:modified_time\" content=\"2026-02-27T11:33:09+00:00\" \/>\n<meta property=\"og:image\" content=\"https:\/\/kamoto.md\/wp-content\/uploads\/2021\/05\/logo2.png\" \/>\n\t<meta property=\"og:image:width\" content=\"1000\" \/>\n\t<meta property=\"og:image:height\" content=\"1000\" \/>\n\t<meta property=\"og:image:type\" content=\"image\/png\" \/>\n<meta name=\"twitter:card\" content=\"summary_large_image\" \/>\n<meta name=\"twitter:label1\" content=\"Timp estimat pentru citire\" \/>\n\t<meta name=\"twitter:data1\" content=\"1 minut\" \/>\n<script type=\"application\/ld+json\" class=\"yoast-schema-graph\">{\"@context\":\"https:\\\/\\\/schema.org\",\"@graph\":[{\"@type\":[\"WebPage\",\"ItemPage\"],\"@id\":\"https:\\\/\\\/kamoto.md\\\/ro\\\/shop\\\/accesorii\\\/bobine-pentru-motocoase\\\/bobina-p-u-motocoasa-kamoto-ts30\\\/\",\"url\":\"https:\\\/\\\/kamoto.md\\\/ro\\\/shop\\\/accesorii\\\/bobine-pentru-motocoase\\\/bobina-p-u-motocoasa-kamoto-ts30\\\/\",\"name\":\"Cumpara Trimmer Reel in Chisinau- % Trimmer Reel\u2b50\",\"isPartOf\":{\"@id\":\"https:\\\/\\\/kamoto.md\\\/ro\\\/#website\"},\"primaryImageOfPage\":{\"@id\":\"https:\\\/\\\/kamoto.md\\\/ro\\\/shop\\\/accesorii\\\/bobine-pentru-motocoase\\\/bobina-p-u-motocoasa-kamoto-ts30\\\/#primaryimage\"},\"image\":{\"@id\":\"https:\\\/\\\/kamoto.md\\\/ro\\\/shop\\\/accesorii\\\/bobine-pentru-motocoase\\\/bobina-p-u-motocoasa-kamoto-ts30\\\/#primaryimage\"},\"thumbnailUrl\":\"https:\\\/\\\/kamoto.md\\\/wp-content\\\/uploads\\\/2019\\\/07\\\/G.O_12.07.2019-1-1.jpg\",\"datePublished\":\"2019-07-17T18:46:15+00:00\",\"dateModified\":\"2026-02-27T11:33:09+00:00\",\"description\":\"Cau\u021bi de unde s\u0103 cumperi ieftin Trimmer Coil din stoc \u00een Kishinev? \u2705 Selec\u021bie larg\u0103 \u0219i pre\u021buri mici \u2b50%Kamoto.md % Bobin\u0103 Trimmer ts-2430 cu garan\u021bie \u2705\",\"breadcrumb\":{\"@id\":\"https:\\\/\\\/kamoto.md\\\/ro\\\/shop\\\/accesorii\\\/bobine-pentru-motocoase\\\/bobina-p-u-motocoasa-kamoto-ts30\\\/#breadcrumb\"},\"inLanguage\":\"ro-RO\",\"potentialAction\":[{\"@type\":\"ReadAction\",\"target\":[\"https:\\\/\\\/kamoto.md\\\/ro\\\/shop\\\/accesorii\\\/bobine-pentru-motocoase\\\/bobina-p-u-motocoasa-kamoto-ts30\\\/\"]}]},{\"@type\":\"ImageObject\",\"inLanguage\":\"ro-RO\",\"@id\":\"https:\\\/\\\/kamoto.md\\\/ro\\\/shop\\\/accesorii\\\/bobine-pentru-motocoase\\\/bobina-p-u-motocoasa-kamoto-ts30\\\/#primaryimage\",\"url\":\"https:\\\/\\\/kamoto.md\\\/wp-content\\\/uploads\\\/2019\\\/07\\\/G.O_12.07.2019-1-1.jpg\",\"contentUrl\":\"https:\\\/\\\/kamoto.md\\\/wp-content\\\/uploads\\\/2019\\\/07\\\/G.O_12.07.2019-1-1.jpg\",\"width\":1000,\"height\":1000},{\"@type\":\"BreadcrumbList\",\"@id\":\"https:\\\/\\\/kamoto.md\\\/ro\\\/shop\\\/accesorii\\\/bobine-pentru-motocoase\\\/bobina-p-u-motocoasa-kamoto-ts30\\\/#breadcrumb\",\"itemListElement\":[{\"@type\":\"ListItem\",\"position\":1,\"name\":\"\u0413\u043b\u0430\u0432\u043d\u0430\u044f \u0441\u0442\u0440\u0430\u043d\u0438\u0446\u0430\",\"item\":\"https:\\\/\\\/kamoto.md\\\/ro\\\/\"},{\"@type\":\"ListItem\",\"position\":2,\"name\":\"Catalog\",\"item\":\"https:\\\/\\\/kamoto.md\\\/ro\\\/catalog\\\/\"},{\"@type\":\"ListItem\",\"position\":3,\"name\":\"Accesorii\",\"item\":\"https:\\\/\\\/kamoto.md\\\/ro\\\/catalog\\\/accesorii\\\/\"},{\"@type\":\"ListItem\",\"position\":4,\"name\":\"Bobine pentru motocoase\",\"item\":\"https:\\\/\\\/kamoto.md\\\/ro\\\/catalog\\\/accesorii\\\/bobine-pentru-motocoase\\\/\"},{\"@type\":\"ListItem\",\"position\":5,\"name\":\"Bobin\u0103 p\\\/u motocoas\u0103 KAMOTO TS30\"}]},{\"@type\":\"WebSite\",\"@id\":\"https:\\\/\\\/kamoto.md\\\/ro\\\/#website\",\"url\":\"https:\\\/\\\/kamoto.md\\\/ro\\\/\",\"name\":\"Kamoto.MD\",\"description\":\"\u0418\u043d\u0442\u0435\u0440\u043d\u0435\u0442 \u043c\u0430\u0433\u0430\u0437\u0438\u043d \u044d\u043b\u0435\u043a\u0442\u0440\u043e\u0438\u043d\u0441\u0442\u0440\u0443\u043c\u0435\u043d\u0442\u0430, \u0441\u0430\u0434\u043e\u0432\u043e\u0439 \u0438 \u0441\u0438\u043b\u043e\u0432\u043e\u0439 \u0442\u0435\u0445\u043d\u0438\u043a\u0438.\",\"publisher\":{\"@id\":\"https:\\\/\\\/kamoto.md\\\/ro\\\/#organization\"},\"potentialAction\":[{\"@type\":\"SearchAction\",\"target\":{\"@type\":\"EntryPoint\",\"urlTemplate\":\"https:\\\/\\\/kamoto.md\\\/ro\\\/?s={search_term_string}\"},\"query-input\":{\"@type\":\"PropertyValueSpecification\",\"valueRequired\":true,\"valueName\":\"search_term_string\"}}],\"inLanguage\":\"ro-RO\"},{\"@type\":\"Organization\",\"@id\":\"https:\\\/\\\/kamoto.md\\\/ro\\\/#organization\",\"name\":\"Kamoto S.R.L.\",\"url\":\"https:\\\/\\\/kamoto.md\\\/ro\\\/\",\"logo\":{\"@type\":\"ImageObject\",\"inLanguage\":\"ro-RO\",\"@id\":\"https:\\\/\\\/kamoto.md\\\/ro\\\/#\\\/schema\\\/logo\\\/image\\\/\",\"url\":\"https:\\\/\\\/kamoto.md\\\/wp-content\\\/uploads\\\/2017\\\/08\\\/logo.png\",\"contentUrl\":\"https:\\\/\\\/kamoto.md\\\/wp-content\\\/uploads\\\/2017\\\/08\\\/logo.png\",\"width\":323,\"height\":50,\"caption\":\"Kamoto S.R.L.\"},\"image\":{\"@id\":\"https:\\\/\\\/kamoto.md\\\/ro\\\/#\\\/schema\\\/logo\\\/image\\\/\"}}]}<\/script>\n<!-- \/ Yoast SEO plugin. -->","yoast_head_json":{"title":"Cumpara Trimmer Reel in Chisinau- % Trimmer Reel\u2b50","description":"Cau\u021bi de unde s\u0103 cumperi ieftin Trimmer Coil din stoc \u00een Kishinev? \u2705 Selec\u021bie larg\u0103 \u0219i pre\u021buri mici \u2b50%Kamoto.md % Bobin\u0103 Trimmer ts-2430 cu garan\u021bie \u2705","robots":{"index":"index","follow":"follow","max-snippet":"max-snippet:-1","max-image-preview":"max-image-preview:large","max-video-preview":"max-video-preview:-1"},"canonical":"https:\/\/kamoto.md\/ro\/shop\/accesorii\/bobine-pentru-motocoase\/bobina-p-u-motocoasa-kamoto-ts30\/","og_locale":"ro_RO","og_type":"article","og_title":"Cumpara Trimmer Reel in Chisinau- % Trimmer Reel\u2b50","og_description":"Cau\u021bi de unde s\u0103 cumperi ieftin Trimmer Coil din stoc \u00een Kishinev? \u2705 Selec\u021bie larg\u0103 \u0219i pre\u021buri mici \u2b50%Kamoto.md % Bobin\u0103 Trimmer ts-2430 cu garan\u021bie \u2705","og_url":"https:\/\/kamoto.md\/ro\/shop\/accesorii\/bobine-pentru-motocoase\/bobina-p-u-motocoasa-kamoto-ts30\/","og_site_name":"Kamoto.md","article_modified_time":"2026-02-27T11:33:09+00:00","og_image":[{"width":1000,"height":1000,"url":"https:\/\/kamoto.md\/wp-content\/uploads\/2021\/05\/logo2.png","type":"image\/png"}],"twitter_card":"summary_large_image","twitter_misc":{"Timp estimat pentru citire":"1 minut"},"schema":{"@context":"https:\/\/schema.org","@graph":[{"@type":["WebPage","ItemPage"],"@id":"https:\/\/kamoto.md\/ro\/shop\/accesorii\/bobine-pentru-motocoase\/bobina-p-u-motocoasa-kamoto-ts30\/","url":"https:\/\/kamoto.md\/ro\/shop\/accesorii\/bobine-pentru-motocoase\/bobina-p-u-motocoasa-kamoto-ts30\/","name":"Cumpara Trimmer Reel in Chisinau- % Trimmer Reel\u2b50","isPartOf":{"@id":"https:\/\/kamoto.md\/ro\/#website"},"primaryImageOfPage":{"@id":"https:\/\/kamoto.md\/ro\/shop\/accesorii\/bobine-pentru-motocoase\/bobina-p-u-motocoasa-kamoto-ts30\/#primaryimage"},"image":{"@id":"https:\/\/kamoto.md\/ro\/shop\/accesorii\/bobine-pentru-motocoase\/bobina-p-u-motocoasa-kamoto-ts30\/#primaryimage"},"thumbnailUrl":"https:\/\/kamoto.md\/wp-content\/uploads\/2019\/07\/G.O_12.07.2019-1-1.jpg","datePublished":"2019-07-17T18:46:15+00:00","dateModified":"2026-02-27T11:33:09+00:00","description":"Cau\u021bi de unde s\u0103 cumperi ieftin Trimmer Coil din stoc \u00een Kishinev? \u2705 Selec\u021bie larg\u0103 \u0219i pre\u021buri mici \u2b50%Kamoto.md % Bobin\u0103 Trimmer ts-2430 cu garan\u021bie \u2705","breadcrumb":{"@id":"https:\/\/kamoto.md\/ro\/shop\/accesorii\/bobine-pentru-motocoase\/bobina-p-u-motocoasa-kamoto-ts30\/#breadcrumb"},"inLanguage":"ro-RO","potentialAction":[{"@type":"ReadAction","target":["https:\/\/kamoto.md\/ro\/shop\/accesorii\/bobine-pentru-motocoase\/bobina-p-u-motocoasa-kamoto-ts30\/"]}]},{"@type":"ImageObject","inLanguage":"ro-RO","@id":"https:\/\/kamoto.md\/ro\/shop\/accesorii\/bobine-pentru-motocoase\/bobina-p-u-motocoasa-kamoto-ts30\/#primaryimage","url":"https:\/\/kamoto.md\/wp-content\/uploads\/2019\/07\/G.O_12.07.2019-1-1.jpg","contentUrl":"https:\/\/kamoto.md\/wp-content\/uploads\/2019\/07\/G.O_12.07.2019-1-1.jpg","width":1000,"height":1000},{"@type":"BreadcrumbList","@id":"https:\/\/kamoto.md\/ro\/shop\/accesorii\/bobine-pentru-motocoase\/bobina-p-u-motocoasa-kamoto-ts30\/#breadcrumb","itemListElement":[{"@type":"ListItem","position":1,"name":"\u0413\u043b\u0430\u0432\u043d\u0430\u044f \u0441\u0442\u0440\u0430\u043d\u0438\u0446\u0430","item":"https:\/\/kamoto.md\/ro\/"},{"@type":"ListItem","position":2,"name":"Catalog","item":"https:\/\/kamoto.md\/ro\/catalog\/"},{"@type":"ListItem","position":3,"name":"Accesorii","item":"https:\/\/kamoto.md\/ro\/catalog\/accesorii\/"},{"@type":"ListItem","position":4,"name":"Bobine pentru motocoase","item":"https:\/\/kamoto.md\/ro\/catalog\/accesorii\/bobine-pentru-motocoase\/"},{"@type":"ListItem","position":5,"name":"Bobin\u0103 p\/u motocoas\u0103 KAMOTO TS30"}]},{"@type":"WebSite","@id":"https:\/\/kamoto.md\/ro\/#website","url":"https:\/\/kamoto.md\/ro\/","name":"Kamoto.MD","description":"\u0418\u043d\u0442\u0435\u0440\u043d\u0435\u0442 \u043c\u0430\u0433\u0430\u0437\u0438\u043d \u044d\u043b\u0435\u043a\u0442\u0440\u043e\u0438\u043d\u0441\u0442\u0440\u0443\u043c\u0435\u043d\u0442\u0430, \u0441\u0430\u0434\u043e\u0432\u043e\u0439 \u0438 \u0441\u0438\u043b\u043e\u0432\u043e\u0439 \u0442\u0435\u0445\u043d\u0438\u043a\u0438.","publisher":{"@id":"https:\/\/kamoto.md\/ro\/#organization"},"potentialAction":[{"@type":"SearchAction","target":{"@type":"EntryPoint","urlTemplate":"https:\/\/kamoto.md\/ro\/?s={search_term_string}"},"query-input":{"@type":"PropertyValueSpecification","valueRequired":true,"valueName":"search_term_string"}}],"inLanguage":"ro-RO"},{"@type":"Organization","@id":"https:\/\/kamoto.md\/ro\/#organization","name":"Kamoto S.R.L.","url":"https:\/\/kamoto.md\/ro\/","logo":{"@type":"ImageObject","inLanguage":"ro-RO","@id":"https:\/\/kamoto.md\/ro\/#\/schema\/logo\/image\/","url":"https:\/\/kamoto.md\/wp-content\/uploads\/2017\/08\/logo.png","contentUrl":"https:\/\/kamoto.md\/wp-content\/uploads\/2017\/08\/logo.png","width":323,"height":50,"caption":"Kamoto S.R.L."},"image":{"@id":"https:\/\/kamoto.md\/ro\/#\/schema\/logo\/image\/"}}]}},"_links":{"self":[{"href":"https:\/\/kamoto.md\/ro\/wp-json\/wp\/v2\/product\/5072","targetHints":{"allow":["GET"]}}],"collection":[{"href":"https:\/\/kamoto.md\/ro\/wp-json\/wp\/v2\/product"}],"about":[{"href":"https:\/\/kamoto.md\/ro\/wp-json\/wp\/v2\/types\/product"}],"wp:featuredmedia":[{"embeddable":true,"href":"https:\/\/kamoto.md\/ro\/wp-json\/wp\/v2\/media\/3917"}],"wp:attachment":[{"href":"https:\/\/kamoto.md\/ro\/wp-json\/wp\/v2\/media?parent=5072"}],"wp:term":[{"taxonomy":"product_brand","embeddable":true,"href":"https:\/\/kamoto.md\/ro\/wp-json\/wp\/v2\/product_brand?post=5072"},{"taxonomy":"product_cat","embeddable":true,"href":"https:\/\/kamoto.md\/ro\/wp-json\/wp\/v2\/product_cat?post=5072"},{"taxonomy":"product_tag","embeddable":true,"href":"https:\/\/kamoto.md\/ro\/wp-json\/wp\/v2\/product_tag?post=5072"}],"curies":[{"name":"wp","href":"https:\/\/api.w.org\/{rel}","templated":true}]}}