{"id":9055,"date":"2019-11-05T14:37:24","date_gmt":"2019-11-05T12:37:24","guid":{"rendered":"https:\/\/kamoto.md\/shop\/fara-categorie\/aeroterma-pe-gaz-kamoto-gh30a\/"},"modified":"2026-02-27T16:24:15","modified_gmt":"2026-02-27T14:24:15","slug":"aeroterma-pe-gaz-kamoto-gh30a","status":"publish","type":"product","link":"https:\/\/kamoto.md\/ro\/shop\/tehnica-de-climatizare\/aeroterme-cu-gaz\/aeroterma-pe-gaz-kamoto-gh30a\/","title":{"rendered":"Aeroterm\u0103 pe gaz KAMOTO GH30A"},"content":{"rendered":"<p><iframe loading=\"lazy\" title=\"Kamoto - Aeroterme pe gaz - KAMOTO\u00ae GH10, GH15, GH30A, GH50A, GH30R, GH50R.\" width=\"500\" height=\"281\" src=\"https:\/\/www.youtube.com\/embed\/8WTGwLTKo38?feature=oembed\" frameborder=\"0\" allow=\"accelerometer; autoplay; clipboard-write; encrypted-media; gyroscope; picture-in-picture; web-share\" referrerpolicy=\"strict-origin-when-cross-origin\" allowfullscreen><\/iframe><\/p>\n<p>&nbsp;<\/p>\n<p>Aeroterm\u0103 pe gaz KAMOTO GH30A. Un arz\u0103tor avansat, cu un aport crescut de oxigen, cre\u0219te eficien\u021ba \u0219i reduce emisiile de evacuare. A fost instalat un sistem de control al puterii, precum \u0219i un afi\u0219aj digital al temperaturii (cu ajutorul c\u0103ruia este setat\u0103 temperatura necesar\u0103) \u0219i un afi\u0219aj digital de diagnostic (care indic\u0103 temperatura real\u0103 \u00eentr-o anumit\u0103 \u00eenc\u0103pere), care permite utilizarea pistolului de c\u0103ldur\u0103 cel mai economic at\u00e2t \u00een \u200b\u200bcamerele mari, c\u00e2t \u0219i \u00een cele minime.<\/p>\n<p>Arma cu gaz termic Kamoto GH 30A este proiectat\u0103 pentru a fi utilizat\u0103 \u00een zone bine ventilate: depozite, sere, spa\u021bii industriale etc. \u0219i \u00een spa\u021bii deschise. Furtun cu gaz de 1,5 m \u0219i cutie de viteze inclus\u0103.<\/p>\n<p>Recomand\u0103ri:<br \/>\n<a href=\"https:\/\/kamoto.md\/ro\/recomandari\/informatii-despre-utilizarea-sigura-a-aerotermului-pe-gaz-generator-de-caldura\/\">\u2013 INFORMA\u021aII PRIVIND UTILIZAREA SIGUR\u0102 A AEROTERMULUI PE GAZ (linkul pentru lectur\u0103)<\/a><\/p>\n","protected":false},"excerpt":{"rendered":"<p>Putere termic\u0103: 30 kW<br \/>\nPuterea motorului: 70 W &#8211; 220 Volti<br \/>\nTip gaz: propan \/ butan<br \/>\nDebit de aer: 700 &#8211; 800 m\u00b3 \/ h<br \/>\nConsumul de combustibil: 2,2 kg \/ or\u0103<br \/>\nPresiunea gazului: 0,7 bar<br \/>\nSistem de control al puterii: Da<br \/>\nSistem de protec\u021bie la supra\u00eenc\u0103lzire: Da<br \/>\nSistem de protec\u021bie \u00eempotriva scurgerilor de gaze: Da<br \/>\nAfi\u0219aj digital de temperatur\u0103 (A): Da<br \/>\nEcran digital de diagnosticare: Da<br \/>\nGreutate: 6,3 kg<\/p>\n","protected":false},"featured_media":5269,"template":"","meta":[],"product_brand":[],"product_cat":[302],"product_tag":[],"class_list":{"0":"post-9055","1":"product","2":"type-product","3":"status-publish","4":"has-post-thumbnail","6":"product_cat-aeroterme-cu-gaz","8":"first","9":"outofstock","10":"shipping-taxable","11":"product-type-simple"},"yoast_head":"<!-- This site is optimized with the Yoast SEO plugin v27.3 - https:\/\/yoast.com\/product\/yoast-seo-wordpress\/ -->\n<title>Vrei Aeroterma pe gaz ieftine? Moldova - magazine, preturi, oferte.<\/title>\n<meta name=\"description\" content=\"Descoprea gama noastra de Aeroterme pe gaz la PRETURI de importator \u25bb Vezi OFERTELE pe site! Cumpara acum Aeroterma pe gaz - Kamoto.md\" \/>\n<meta name=\"robots\" content=\"index, follow, max-snippet:-1, max-image-preview:large, max-video-preview:-1\" \/>\n<link rel=\"canonical\" href=\"https:\/\/kamoto.md\/ro\/shop\/tehnica-de-climatizare\/aeroterme-cu-gaz\/aeroterma-pe-gaz-kamoto-gh30a\/\" \/>\n<meta property=\"og:locale\" content=\"ro_RO\" \/>\n<meta property=\"og:type\" content=\"article\" \/>\n<meta property=\"og:title\" content=\"Vrei Aeroterma pe gaz ieftine? Moldova - magazine, preturi, oferte.\" \/>\n<meta property=\"og:description\" content=\"Descoprea gama noastra de Aeroterme pe gaz la PRETURI de importator \u25bb Vezi OFERTELE pe site! Cumpara acum Aeroterma pe gaz - Kamoto.md\" \/>\n<meta property=\"og:url\" content=\"https:\/\/kamoto.md\/ro\/shop\/tehnica-de-climatizare\/aeroterme-cu-gaz\/aeroterma-pe-gaz-kamoto-gh30a\/\" \/>\n<meta property=\"og:site_name\" content=\"Kamoto.md\" \/>\n<meta property=\"article:modified_time\" content=\"2026-02-27T14:24:15+00:00\" \/>\n<meta property=\"og:image\" content=\"https:\/\/kamoto.md\/wp-content\/uploads\/2021\/05\/logo2.png\" \/>\n\t<meta property=\"og:image:width\" content=\"1000\" \/>\n\t<meta property=\"og:image:height\" content=\"1000\" \/>\n\t<meta property=\"og:image:type\" content=\"image\/png\" \/>\n<meta name=\"twitter:card\" content=\"summary_large_image\" \/>\n<meta name=\"twitter:label1\" content=\"Timp estimat pentru citire\" \/>\n\t<meta name=\"twitter:data1\" content=\"1 minut\" \/>\n<script type=\"application\/ld+json\" class=\"yoast-schema-graph\">{\"@context\":\"https:\\\/\\\/schema.org\",\"@graph\":[{\"@type\":[\"WebPage\",\"ItemPage\"],\"@id\":\"https:\\\/\\\/kamoto.md\\\/ro\\\/shop\\\/tehnica-de-climatizare\\\/aeroterme-cu-gaz\\\/aeroterma-pe-gaz-kamoto-gh30a\\\/\",\"url\":\"https:\\\/\\\/kamoto.md\\\/ro\\\/shop\\\/tehnica-de-climatizare\\\/aeroterme-cu-gaz\\\/aeroterma-pe-gaz-kamoto-gh30a\\\/\",\"name\":\"Vrei Aeroterma pe gaz ieftine? Moldova - magazine, preturi, oferte.\",\"isPartOf\":{\"@id\":\"https:\\\/\\\/kamoto.md\\\/ro\\\/#website\"},\"primaryImageOfPage\":{\"@id\":\"https:\\\/\\\/kamoto.md\\\/ro\\\/shop\\\/tehnica-de-climatizare\\\/aeroterme-cu-gaz\\\/aeroterma-pe-gaz-kamoto-gh30a\\\/#primaryimage\"},\"image\":{\"@id\":\"https:\\\/\\\/kamoto.md\\\/ro\\\/shop\\\/tehnica-de-climatizare\\\/aeroterme-cu-gaz\\\/aeroterma-pe-gaz-kamoto-gh30a\\\/#primaryimage\"},\"thumbnailUrl\":\"https:\\\/\\\/kamoto.md\\\/wp-content\\\/uploads\\\/2019\\\/11\\\/0001-5.jpg\",\"datePublished\":\"2019-11-05T12:37:24+00:00\",\"dateModified\":\"2026-02-27T14:24:15+00:00\",\"description\":\"Descoprea gama noastra de Aeroterme pe gaz la PRETURI de importator \u25bb Vezi OFERTELE pe site! Cumpara acum Aeroterma pe gaz - Kamoto.md\",\"breadcrumb\":{\"@id\":\"https:\\\/\\\/kamoto.md\\\/ro\\\/shop\\\/tehnica-de-climatizare\\\/aeroterme-cu-gaz\\\/aeroterma-pe-gaz-kamoto-gh30a\\\/#breadcrumb\"},\"inLanguage\":\"ro-RO\",\"potentialAction\":[{\"@type\":\"ReadAction\",\"target\":[\"https:\\\/\\\/kamoto.md\\\/ro\\\/shop\\\/tehnica-de-climatizare\\\/aeroterme-cu-gaz\\\/aeroterma-pe-gaz-kamoto-gh30a\\\/\"]}]},{\"@type\":\"ImageObject\",\"inLanguage\":\"ro-RO\",\"@id\":\"https:\\\/\\\/kamoto.md\\\/ro\\\/shop\\\/tehnica-de-climatizare\\\/aeroterme-cu-gaz\\\/aeroterma-pe-gaz-kamoto-gh30a\\\/#primaryimage\",\"url\":\"https:\\\/\\\/kamoto.md\\\/wp-content\\\/uploads\\\/2019\\\/11\\\/0001-5.jpg\",\"contentUrl\":\"https:\\\/\\\/kamoto.md\\\/wp-content\\\/uploads\\\/2019\\\/11\\\/0001-5.jpg\",\"width\":1000,\"height\":1000},{\"@type\":\"BreadcrumbList\",\"@id\":\"https:\\\/\\\/kamoto.md\\\/ro\\\/shop\\\/tehnica-de-climatizare\\\/aeroterme-cu-gaz\\\/aeroterma-pe-gaz-kamoto-gh30a\\\/#breadcrumb\",\"itemListElement\":[{\"@type\":\"ListItem\",\"position\":1,\"name\":\"\u0413\u043b\u0430\u0432\u043d\u0430\u044f \u0441\u0442\u0440\u0430\u043d\u0438\u0446\u0430\",\"item\":\"https:\\\/\\\/kamoto.md\\\/ro\\\/\"},{\"@type\":\"ListItem\",\"position\":2,\"name\":\"Catalog\",\"item\":\"https:\\\/\\\/kamoto.md\\\/ro\\\/catalog\\\/\"},{\"@type\":\"ListItem\",\"position\":3,\"name\":\"Tehnic\u0103 de climatizare\",\"item\":\"https:\\\/\\\/kamoto.md\\\/ro\\\/catalog\\\/tehnica-de-climatizare\\\/\"},{\"@type\":\"ListItem\",\"position\":4,\"name\":\"Aeroterme pe gaz\",\"item\":\"https:\\\/\\\/kamoto.md\\\/ro\\\/catalog\\\/tehnica-de-climatizare\\\/aeroterme-cu-gaz\\\/\"},{\"@type\":\"ListItem\",\"position\":5,\"name\":\"Aeroterm\u0103 pe gaz KAMOTO GH30A\"}]},{\"@type\":\"WebSite\",\"@id\":\"https:\\\/\\\/kamoto.md\\\/ro\\\/#website\",\"url\":\"https:\\\/\\\/kamoto.md\\\/ro\\\/\",\"name\":\"Kamoto.MD\",\"description\":\"\u0418\u043d\u0442\u0435\u0440\u043d\u0435\u0442 \u043c\u0430\u0433\u0430\u0437\u0438\u043d \u044d\u043b\u0435\u043a\u0442\u0440\u043e\u0438\u043d\u0441\u0442\u0440\u0443\u043c\u0435\u043d\u0442\u0430, \u0441\u0430\u0434\u043e\u0432\u043e\u0439 \u0438 \u0441\u0438\u043b\u043e\u0432\u043e\u0439 \u0442\u0435\u0445\u043d\u0438\u043a\u0438.\",\"publisher\":{\"@id\":\"https:\\\/\\\/kamoto.md\\\/ro\\\/#organization\"},\"potentialAction\":[{\"@type\":\"SearchAction\",\"target\":{\"@type\":\"EntryPoint\",\"urlTemplate\":\"https:\\\/\\\/kamoto.md\\\/ro\\\/?s={search_term_string}\"},\"query-input\":{\"@type\":\"PropertyValueSpecification\",\"valueRequired\":true,\"valueName\":\"search_term_string\"}}],\"inLanguage\":\"ro-RO\"},{\"@type\":\"Organization\",\"@id\":\"https:\\\/\\\/kamoto.md\\\/ro\\\/#organization\",\"name\":\"Kamoto S.R.L.\",\"url\":\"https:\\\/\\\/kamoto.md\\\/ro\\\/\",\"logo\":{\"@type\":\"ImageObject\",\"inLanguage\":\"ro-RO\",\"@id\":\"https:\\\/\\\/kamoto.md\\\/ro\\\/#\\\/schema\\\/logo\\\/image\\\/\",\"url\":\"https:\\\/\\\/kamoto.md\\\/wp-content\\\/uploads\\\/2017\\\/08\\\/logo.png\",\"contentUrl\":\"https:\\\/\\\/kamoto.md\\\/wp-content\\\/uploads\\\/2017\\\/08\\\/logo.png\",\"width\":323,\"height\":50,\"caption\":\"Kamoto S.R.L.\"},\"image\":{\"@id\":\"https:\\\/\\\/kamoto.md\\\/ro\\\/#\\\/schema\\\/logo\\\/image\\\/\"}}]}<\/script>\n<!-- \/ Yoast SEO plugin. -->","yoast_head_json":{"title":"Vrei Aeroterma pe gaz ieftine? Moldova - magazine, preturi, oferte.","description":"Descoprea gama noastra de Aeroterme pe gaz la PRETURI de importator \u25bb Vezi OFERTELE pe site! Cumpara acum Aeroterma pe gaz - Kamoto.md","robots":{"index":"index","follow":"follow","max-snippet":"max-snippet:-1","max-image-preview":"max-image-preview:large","max-video-preview":"max-video-preview:-1"},"canonical":"https:\/\/kamoto.md\/ro\/shop\/tehnica-de-climatizare\/aeroterme-cu-gaz\/aeroterma-pe-gaz-kamoto-gh30a\/","og_locale":"ro_RO","og_type":"article","og_title":"Vrei Aeroterma pe gaz ieftine? Moldova - magazine, preturi, oferte.","og_description":"Descoprea gama noastra de Aeroterme pe gaz la PRETURI de importator \u25bb Vezi OFERTELE pe site! Cumpara acum Aeroterma pe gaz - Kamoto.md","og_url":"https:\/\/kamoto.md\/ro\/shop\/tehnica-de-climatizare\/aeroterme-cu-gaz\/aeroterma-pe-gaz-kamoto-gh30a\/","og_site_name":"Kamoto.md","article_modified_time":"2026-02-27T14:24:15+00:00","og_image":[{"width":1000,"height":1000,"url":"https:\/\/kamoto.md\/wp-content\/uploads\/2021\/05\/logo2.png","type":"image\/png"}],"twitter_card":"summary_large_image","twitter_misc":{"Timp estimat pentru citire":"1 minut"},"schema":{"@context":"https:\/\/schema.org","@graph":[{"@type":["WebPage","ItemPage"],"@id":"https:\/\/kamoto.md\/ro\/shop\/tehnica-de-climatizare\/aeroterme-cu-gaz\/aeroterma-pe-gaz-kamoto-gh30a\/","url":"https:\/\/kamoto.md\/ro\/shop\/tehnica-de-climatizare\/aeroterme-cu-gaz\/aeroterma-pe-gaz-kamoto-gh30a\/","name":"Vrei Aeroterma pe gaz ieftine? Moldova - magazine, preturi, oferte.","isPartOf":{"@id":"https:\/\/kamoto.md\/ro\/#website"},"primaryImageOfPage":{"@id":"https:\/\/kamoto.md\/ro\/shop\/tehnica-de-climatizare\/aeroterme-cu-gaz\/aeroterma-pe-gaz-kamoto-gh30a\/#primaryimage"},"image":{"@id":"https:\/\/kamoto.md\/ro\/shop\/tehnica-de-climatizare\/aeroterme-cu-gaz\/aeroterma-pe-gaz-kamoto-gh30a\/#primaryimage"},"thumbnailUrl":"https:\/\/kamoto.md\/wp-content\/uploads\/2019\/11\/0001-5.jpg","datePublished":"2019-11-05T12:37:24+00:00","dateModified":"2026-02-27T14:24:15+00:00","description":"Descoprea gama noastra de Aeroterme pe gaz la PRETURI de importator \u25bb Vezi OFERTELE pe site! Cumpara acum Aeroterma pe gaz - Kamoto.md","breadcrumb":{"@id":"https:\/\/kamoto.md\/ro\/shop\/tehnica-de-climatizare\/aeroterme-cu-gaz\/aeroterma-pe-gaz-kamoto-gh30a\/#breadcrumb"},"inLanguage":"ro-RO","potentialAction":[{"@type":"ReadAction","target":["https:\/\/kamoto.md\/ro\/shop\/tehnica-de-climatizare\/aeroterme-cu-gaz\/aeroterma-pe-gaz-kamoto-gh30a\/"]}]},{"@type":"ImageObject","inLanguage":"ro-RO","@id":"https:\/\/kamoto.md\/ro\/shop\/tehnica-de-climatizare\/aeroterme-cu-gaz\/aeroterma-pe-gaz-kamoto-gh30a\/#primaryimage","url":"https:\/\/kamoto.md\/wp-content\/uploads\/2019\/11\/0001-5.jpg","contentUrl":"https:\/\/kamoto.md\/wp-content\/uploads\/2019\/11\/0001-5.jpg","width":1000,"height":1000},{"@type":"BreadcrumbList","@id":"https:\/\/kamoto.md\/ro\/shop\/tehnica-de-climatizare\/aeroterme-cu-gaz\/aeroterma-pe-gaz-kamoto-gh30a\/#breadcrumb","itemListElement":[{"@type":"ListItem","position":1,"name":"\u0413\u043b\u0430\u0432\u043d\u0430\u044f \u0441\u0442\u0440\u0430\u043d\u0438\u0446\u0430","item":"https:\/\/kamoto.md\/ro\/"},{"@type":"ListItem","position":2,"name":"Catalog","item":"https:\/\/kamoto.md\/ro\/catalog\/"},{"@type":"ListItem","position":3,"name":"Tehnic\u0103 de climatizare","item":"https:\/\/kamoto.md\/ro\/catalog\/tehnica-de-climatizare\/"},{"@type":"ListItem","position":4,"name":"Aeroterme pe gaz","item":"https:\/\/kamoto.md\/ro\/catalog\/tehnica-de-climatizare\/aeroterme-cu-gaz\/"},{"@type":"ListItem","position":5,"name":"Aeroterm\u0103 pe gaz KAMOTO GH30A"}]},{"@type":"WebSite","@id":"https:\/\/kamoto.md\/ro\/#website","url":"https:\/\/kamoto.md\/ro\/","name":"Kamoto.MD","description":"\u0418\u043d\u0442\u0435\u0440\u043d\u0435\u0442 \u043c\u0430\u0433\u0430\u0437\u0438\u043d \u044d\u043b\u0435\u043a\u0442\u0440\u043e\u0438\u043d\u0441\u0442\u0440\u0443\u043c\u0435\u043d\u0442\u0430, \u0441\u0430\u0434\u043e\u0432\u043e\u0439 \u0438 \u0441\u0438\u043b\u043e\u0432\u043e\u0439 \u0442\u0435\u0445\u043d\u0438\u043a\u0438.","publisher":{"@id":"https:\/\/kamoto.md\/ro\/#organization"},"potentialAction":[{"@type":"SearchAction","target":{"@type":"EntryPoint","urlTemplate":"https:\/\/kamoto.md\/ro\/?s={search_term_string}"},"query-input":{"@type":"PropertyValueSpecification","valueRequired":true,"valueName":"search_term_string"}}],"inLanguage":"ro-RO"},{"@type":"Organization","@id":"https:\/\/kamoto.md\/ro\/#organization","name":"Kamoto S.R.L.","url":"https:\/\/kamoto.md\/ro\/","logo":{"@type":"ImageObject","inLanguage":"ro-RO","@id":"https:\/\/kamoto.md\/ro\/#\/schema\/logo\/image\/","url":"https:\/\/kamoto.md\/wp-content\/uploads\/2017\/08\/logo.png","contentUrl":"https:\/\/kamoto.md\/wp-content\/uploads\/2017\/08\/logo.png","width":323,"height":50,"caption":"Kamoto S.R.L."},"image":{"@id":"https:\/\/kamoto.md\/ro\/#\/schema\/logo\/image\/"}}]}},"_links":{"self":[{"href":"https:\/\/kamoto.md\/ro\/wp-json\/wp\/v2\/product\/9055","targetHints":{"allow":["GET"]}}],"collection":[{"href":"https:\/\/kamoto.md\/ro\/wp-json\/wp\/v2\/product"}],"about":[{"href":"https:\/\/kamoto.md\/ro\/wp-json\/wp\/v2\/types\/product"}],"wp:featuredmedia":[{"embeddable":true,"href":"https:\/\/kamoto.md\/ro\/wp-json\/wp\/v2\/media\/5269"}],"wp:attachment":[{"href":"https:\/\/kamoto.md\/ro\/wp-json\/wp\/v2\/media?parent=9055"}],"wp:term":[{"taxonomy":"product_brand","embeddable":true,"href":"https:\/\/kamoto.md\/ro\/wp-json\/wp\/v2\/product_brand?post=9055"},{"taxonomy":"product_cat","embeddable":true,"href":"https:\/\/kamoto.md\/ro\/wp-json\/wp\/v2\/product_cat?post=9055"},{"taxonomy":"product_tag","embeddable":true,"href":"https:\/\/kamoto.md\/ro\/wp-json\/wp\/v2\/product_tag?post=9055"}],"curies":[{"name":"wp","href":"https:\/\/api.w.org\/{rel}","templated":true}]}}