{"id":9058,"date":"2017-10-30T23:08:53","date_gmt":"2017-10-30T21:08:53","guid":{"rendered":"https:\/\/kamoto.md\/shop\/fara-categorie\/aeroterma-pe-gaz-kamoto-gh50a\/"},"modified":"2026-02-27T13:51:45","modified_gmt":"2026-02-27T11:51:45","slug":"aeroterma-pe-gaz-kamoto-gh50a","status":"publish","type":"product","link":"https:\/\/kamoto.md\/ro\/shop\/tehnica-de-climatizare\/aeroterme-cu-gaz\/aeroterma-pe-gaz-kamoto-gh50a\/","title":{"rendered":"Aeroterm\u0103 pe gaz KAMOTO GH50A"},"content":{"rendered":"<p><iframe loading=\"lazy\" title=\"\u0413\u0430\u0437\u043e\u0432\u044b\u0435 \u0442\u0435\u043f\u043b\u043e\u0432\u0435\u043d\u0442\u0438\u043b\u044f\u0442\u043e\u0440\u044b.KAMOTO\u00ae\" width=\"500\" height=\"281\" src=\"https:\/\/www.youtube.com\/embed\/zxnCDK4skPw?feature=oembed\" frameborder=\"0\" allow=\"accelerometer; autoplay; clipboard-write; encrypted-media; gyroscope; picture-in-picture; web-share\" referrerpolicy=\"strict-origin-when-cross-origin\" allowfullscreen><\/iframe><\/p>\n<p>Aeroterma pe gaz KAMOTO GH50A este o aeroterma de \u00eenc\u0103lzire portabil cu gaz GPL propan\/butan. Arz\u0103torul \u00eembun\u0103t\u0103\u021bit, cu alimentare sporit\u0103 cu oxigen, cre\u0219te eficien\u021ba \u0219i reduce emisiile de gaze de e\u0219apament. <strong>Este instalat un sistem de reglare a puterii, precum \u0219i un afi\u0219aj digital al temperaturii (care stabile\u0219te temperatura necesar\u0103) \u0219i un afi\u0219aj digital de diagnosticare (care indic\u0103 temperatura real\u0103 dintr-o anumit\u0103 \u00eenc\u0103pere)<\/strong>, ceea ce permite utilizarea c\u00e2t mai economic\u0103 a aeroterma de \u00eenc\u0103lzire \u00een \u00eenc\u0103peri mari \u0219i mici.<\/p>\n<p><em>Aeroterma cu gaz Kamoto GH 50A este conceput pentru a fi utilizat at\u00e2t \u00een \u00eenc\u0103peri bine ventilate: depozite, sere, spa\u021bii industriale etc., c\u00e2t \u0219i \u00een spa\u021bii deschise.<\/em> Furtunul de gaz de 1,5 m \u0219i reductorul sunt incluse.<\/p>\n<p>Recomand\u0103ri:<br \/>\n&#8211; <a href=\"https:\/\/kamoto.md\/ro\/recomandari\/informatii-despre-utilizarea-sigura-a-aerotermului-pe-gaz-generator-de-caldura\/\">INFORMA\u021aII PRIVIND UTILIZAREA \u00ceN SIGURAN\u021a\u0102 A AEROTERMEI CU GAZE TERMICE (GENERATOR DE C\u0102LDUR\u0102) (face\u021bi clic pe link pentru a citi)<\/a><\/p>\n","protected":false},"excerpt":{"rendered":"<p>Putere termic\u0103: 50 kW<br \/>\nPuterea motorului: 70 W &#8211; 220 Vol\u021bi<br \/>\nTip gaz: Propan\/Butan<br \/>\nDebit de aer: 1200 m\u00b3\/or\u0103<br \/>\nConsum de combustibil: 2,2 &#8211; 4,4 kg\/or\u0103<br \/>\nSistem de reglare a puterii: Da<br \/>\nSistem de protec\u021bie la supra\u00eenc\u0103lzire: Da<br \/>\nSistem de protec\u021bie la scurgerile de gaz: Da<br \/>\nAfi\u0219aj digital al temperaturii (A): Da<br \/>\nAfi\u0219aj digital de diagnosticare: Da<br \/>\nAccesorii: reductor \u0219i furtun de gaz (1.5m)<br \/>\nGreutate: 8.0kg<\/p>\n","protected":false},"featured_media":2862,"template":"","meta":[],"product_brand":[],"product_cat":[302],"product_tag":[],"class_list":{"0":"post-9058","1":"product","2":"type-product","3":"status-publish","4":"has-post-thumbnail","6":"product_cat-aeroterme-cu-gaz","8":"first","9":"outofstock","10":"shipping-taxable","11":"product-type-simple"},"yoast_head":"<!-- This site is optimized with the Yoast SEO plugin v27.3 - https:\/\/yoast.com\/product\/yoast-seo-wordpress\/ -->\n<title>Aeroterme pe gaz - Aeroterm\u0103 pe gaz KAMOTO GH50A - Kamoto.md<\/title>\n<meta name=\"robots\" content=\"index, follow, max-snippet:-1, max-image-preview:large, max-video-preview:-1\" \/>\n<link rel=\"canonical\" href=\"https:\/\/kamoto.md\/ro\/shop\/tehnica-de-climatizare\/aeroterme-cu-gaz\/aeroterma-pe-gaz-kamoto-gh50a\/\" \/>\n<meta property=\"og:locale\" content=\"ro_RO\" \/>\n<meta property=\"og:type\" content=\"article\" \/>\n<meta property=\"og:title\" content=\"Aeroterme pe gaz - Aeroterm\u0103 pe gaz KAMOTO GH50A - Kamoto.md\" \/>\n<meta property=\"og:description\" content=\"Putere termic\u0103: 50 kW Puterea motorului: 70 W - 220 Vol\u021bi Tip gaz: Propan\/Butan Debit de aer: 1200 m\u00b3\/or\u0103 Consum de combustibil: 2,2 - 4,4 kg\/or\u0103 Sistem de reglare a puterii: Da Sistem de protec\u021bie la supra\u00eenc\u0103lzire: Da Sistem de protec\u021bie la scurgerile de gaz: Da Afi\u0219aj digital al temperaturii (A): Da Afi\u0219aj digital de diagnosticare: Da Accesorii: reductor \u0219i furtun de gaz (1.5m) Greutate: 8.0kg\" \/>\n<meta property=\"og:url\" content=\"https:\/\/kamoto.md\/ro\/shop\/tehnica-de-climatizare\/aeroterme-cu-gaz\/aeroterma-pe-gaz-kamoto-gh50a\/\" \/>\n<meta property=\"og:site_name\" content=\"Kamoto.md\" \/>\n<meta property=\"article:modified_time\" content=\"2026-02-27T11:51:45+00:00\" \/>\n<meta property=\"og:image\" content=\"https:\/\/kamoto.md\/wp-content\/uploads\/2021\/05\/logo2.png\" \/>\n\t<meta property=\"og:image:width\" content=\"1000\" \/>\n\t<meta property=\"og:image:height\" content=\"1000\" \/>\n\t<meta property=\"og:image:type\" content=\"image\/png\" \/>\n<meta name=\"twitter:card\" content=\"summary_large_image\" \/>\n<meta name=\"twitter:label1\" content=\"Timp estimat pentru citire\" \/>\n\t<meta name=\"twitter:data1\" content=\"1 minut\" \/>\n<script type=\"application\/ld+json\" class=\"yoast-schema-graph\">{\"@context\":\"https:\\\/\\\/schema.org\",\"@graph\":[{\"@type\":[\"WebPage\",\"ItemPage\"],\"@id\":\"https:\\\/\\\/kamoto.md\\\/ro\\\/shop\\\/tehnica-de-climatizare\\\/aeroterme-cu-gaz\\\/aeroterma-pe-gaz-kamoto-gh50a\\\/\",\"url\":\"https:\\\/\\\/kamoto.md\\\/ro\\\/shop\\\/tehnica-de-climatizare\\\/aeroterme-cu-gaz\\\/aeroterma-pe-gaz-kamoto-gh50a\\\/\",\"name\":\"Aeroterme pe gaz - Aeroterm\u0103 pe gaz KAMOTO GH50A - Kamoto.md\",\"isPartOf\":{\"@id\":\"https:\\\/\\\/kamoto.md\\\/ro\\\/#website\"},\"primaryImageOfPage\":{\"@id\":\"https:\\\/\\\/kamoto.md\\\/ro\\\/shop\\\/tehnica-de-climatizare\\\/aeroterme-cu-gaz\\\/aeroterma-pe-gaz-kamoto-gh50a\\\/#primaryimage\"},\"image\":{\"@id\":\"https:\\\/\\\/kamoto.md\\\/ro\\\/shop\\\/tehnica-de-climatizare\\\/aeroterme-cu-gaz\\\/aeroterma-pe-gaz-kamoto-gh50a\\\/#primaryimage\"},\"thumbnailUrl\":\"https:\\\/\\\/kamoto.md\\\/wp-content\\\/uploads\\\/2017\\\/10\\\/GH50A_1.png\",\"datePublished\":\"2017-10-30T21:08:53+00:00\",\"dateModified\":\"2026-02-27T11:51:45+00:00\",\"breadcrumb\":{\"@id\":\"https:\\\/\\\/kamoto.md\\\/ro\\\/shop\\\/tehnica-de-climatizare\\\/aeroterme-cu-gaz\\\/aeroterma-pe-gaz-kamoto-gh50a\\\/#breadcrumb\"},\"inLanguage\":\"ro-RO\",\"potentialAction\":[{\"@type\":\"ReadAction\",\"target\":[\"https:\\\/\\\/kamoto.md\\\/ro\\\/shop\\\/tehnica-de-climatizare\\\/aeroterme-cu-gaz\\\/aeroterma-pe-gaz-kamoto-gh50a\\\/\"]}]},{\"@type\":\"ImageObject\",\"inLanguage\":\"ro-RO\",\"@id\":\"https:\\\/\\\/kamoto.md\\\/ro\\\/shop\\\/tehnica-de-climatizare\\\/aeroterme-cu-gaz\\\/aeroterma-pe-gaz-kamoto-gh50a\\\/#primaryimage\",\"url\":\"https:\\\/\\\/kamoto.md\\\/wp-content\\\/uploads\\\/2017\\\/10\\\/GH50A_1.png\",\"contentUrl\":\"https:\\\/\\\/kamoto.md\\\/wp-content\\\/uploads\\\/2017\\\/10\\\/GH50A_1.png\",\"width\":1000,\"height\":1000},{\"@type\":\"BreadcrumbList\",\"@id\":\"https:\\\/\\\/kamoto.md\\\/ro\\\/shop\\\/tehnica-de-climatizare\\\/aeroterme-cu-gaz\\\/aeroterma-pe-gaz-kamoto-gh50a\\\/#breadcrumb\",\"itemListElement\":[{\"@type\":\"ListItem\",\"position\":1,\"name\":\"\u0413\u043b\u0430\u0432\u043d\u0430\u044f \u0441\u0442\u0440\u0430\u043d\u0438\u0446\u0430\",\"item\":\"https:\\\/\\\/kamoto.md\\\/ro\\\/\"},{\"@type\":\"ListItem\",\"position\":2,\"name\":\"Catalog\",\"item\":\"https:\\\/\\\/kamoto.md\\\/ro\\\/catalog\\\/\"},{\"@type\":\"ListItem\",\"position\":3,\"name\":\"Tehnic\u0103 de climatizare\",\"item\":\"https:\\\/\\\/kamoto.md\\\/ro\\\/catalog\\\/tehnica-de-climatizare\\\/\"},{\"@type\":\"ListItem\",\"position\":4,\"name\":\"Aeroterme pe gaz\",\"item\":\"https:\\\/\\\/kamoto.md\\\/ro\\\/catalog\\\/tehnica-de-climatizare\\\/aeroterme-cu-gaz\\\/\"},{\"@type\":\"ListItem\",\"position\":5,\"name\":\"Aeroterm\u0103 pe gaz KAMOTO GH50A\"}]},{\"@type\":\"WebSite\",\"@id\":\"https:\\\/\\\/kamoto.md\\\/ro\\\/#website\",\"url\":\"https:\\\/\\\/kamoto.md\\\/ro\\\/\",\"name\":\"Kamoto.MD\",\"description\":\"\u0418\u043d\u0442\u0435\u0440\u043d\u0435\u0442 \u043c\u0430\u0433\u0430\u0437\u0438\u043d \u044d\u043b\u0435\u043a\u0442\u0440\u043e\u0438\u043d\u0441\u0442\u0440\u0443\u043c\u0435\u043d\u0442\u0430, \u0441\u0430\u0434\u043e\u0432\u043e\u0439 \u0438 \u0441\u0438\u043b\u043e\u0432\u043e\u0439 \u0442\u0435\u0445\u043d\u0438\u043a\u0438.\",\"publisher\":{\"@id\":\"https:\\\/\\\/kamoto.md\\\/ro\\\/#organization\"},\"potentialAction\":[{\"@type\":\"SearchAction\",\"target\":{\"@type\":\"EntryPoint\",\"urlTemplate\":\"https:\\\/\\\/kamoto.md\\\/ro\\\/?s={search_term_string}\"},\"query-input\":{\"@type\":\"PropertyValueSpecification\",\"valueRequired\":true,\"valueName\":\"search_term_string\"}}],\"inLanguage\":\"ro-RO\"},{\"@type\":\"Organization\",\"@id\":\"https:\\\/\\\/kamoto.md\\\/ro\\\/#organization\",\"name\":\"Kamoto S.R.L.\",\"url\":\"https:\\\/\\\/kamoto.md\\\/ro\\\/\",\"logo\":{\"@type\":\"ImageObject\",\"inLanguage\":\"ro-RO\",\"@id\":\"https:\\\/\\\/kamoto.md\\\/ro\\\/#\\\/schema\\\/logo\\\/image\\\/\",\"url\":\"https:\\\/\\\/kamoto.md\\\/wp-content\\\/uploads\\\/2017\\\/08\\\/logo.png\",\"contentUrl\":\"https:\\\/\\\/kamoto.md\\\/wp-content\\\/uploads\\\/2017\\\/08\\\/logo.png\",\"width\":323,\"height\":50,\"caption\":\"Kamoto S.R.L.\"},\"image\":{\"@id\":\"https:\\\/\\\/kamoto.md\\\/ro\\\/#\\\/schema\\\/logo\\\/image\\\/\"}}]}<\/script>\n<!-- \/ Yoast SEO plugin. -->","yoast_head_json":{"title":"Aeroterme pe gaz - Aeroterm\u0103 pe gaz KAMOTO GH50A - Kamoto.md","robots":{"index":"index","follow":"follow","max-snippet":"max-snippet:-1","max-image-preview":"max-image-preview:large","max-video-preview":"max-video-preview:-1"},"canonical":"https:\/\/kamoto.md\/ro\/shop\/tehnica-de-climatizare\/aeroterme-cu-gaz\/aeroterma-pe-gaz-kamoto-gh50a\/","og_locale":"ro_RO","og_type":"article","og_title":"Aeroterme pe gaz - Aeroterm\u0103 pe gaz KAMOTO GH50A - Kamoto.md","og_description":"Putere termic\u0103: 50 kW Puterea motorului: 70 W - 220 Vol\u021bi Tip gaz: Propan\/Butan Debit de aer: 1200 m\u00b3\/or\u0103 Consum de combustibil: 2,2 - 4,4 kg\/or\u0103 Sistem de reglare a puterii: Da Sistem de protec\u021bie la supra\u00eenc\u0103lzire: Da Sistem de protec\u021bie la scurgerile de gaz: Da Afi\u0219aj digital al temperaturii (A): Da Afi\u0219aj digital de diagnosticare: Da Accesorii: reductor \u0219i furtun de gaz (1.5m) Greutate: 8.0kg","og_url":"https:\/\/kamoto.md\/ro\/shop\/tehnica-de-climatizare\/aeroterme-cu-gaz\/aeroterma-pe-gaz-kamoto-gh50a\/","og_site_name":"Kamoto.md","article_modified_time":"2026-02-27T11:51:45+00:00","og_image":[{"width":1000,"height":1000,"url":"https:\/\/kamoto.md\/wp-content\/uploads\/2021\/05\/logo2.png","type":"image\/png"}],"twitter_card":"summary_large_image","twitter_misc":{"Timp estimat pentru citire":"1 minut"},"schema":{"@context":"https:\/\/schema.org","@graph":[{"@type":["WebPage","ItemPage"],"@id":"https:\/\/kamoto.md\/ro\/shop\/tehnica-de-climatizare\/aeroterme-cu-gaz\/aeroterma-pe-gaz-kamoto-gh50a\/","url":"https:\/\/kamoto.md\/ro\/shop\/tehnica-de-climatizare\/aeroterme-cu-gaz\/aeroterma-pe-gaz-kamoto-gh50a\/","name":"Aeroterme pe gaz - Aeroterm\u0103 pe gaz KAMOTO GH50A - Kamoto.md","isPartOf":{"@id":"https:\/\/kamoto.md\/ro\/#website"},"primaryImageOfPage":{"@id":"https:\/\/kamoto.md\/ro\/shop\/tehnica-de-climatizare\/aeroterme-cu-gaz\/aeroterma-pe-gaz-kamoto-gh50a\/#primaryimage"},"image":{"@id":"https:\/\/kamoto.md\/ro\/shop\/tehnica-de-climatizare\/aeroterme-cu-gaz\/aeroterma-pe-gaz-kamoto-gh50a\/#primaryimage"},"thumbnailUrl":"https:\/\/kamoto.md\/wp-content\/uploads\/2017\/10\/GH50A_1.png","datePublished":"2017-10-30T21:08:53+00:00","dateModified":"2026-02-27T11:51:45+00:00","breadcrumb":{"@id":"https:\/\/kamoto.md\/ro\/shop\/tehnica-de-climatizare\/aeroterme-cu-gaz\/aeroterma-pe-gaz-kamoto-gh50a\/#breadcrumb"},"inLanguage":"ro-RO","potentialAction":[{"@type":"ReadAction","target":["https:\/\/kamoto.md\/ro\/shop\/tehnica-de-climatizare\/aeroterme-cu-gaz\/aeroterma-pe-gaz-kamoto-gh50a\/"]}]},{"@type":"ImageObject","inLanguage":"ro-RO","@id":"https:\/\/kamoto.md\/ro\/shop\/tehnica-de-climatizare\/aeroterme-cu-gaz\/aeroterma-pe-gaz-kamoto-gh50a\/#primaryimage","url":"https:\/\/kamoto.md\/wp-content\/uploads\/2017\/10\/GH50A_1.png","contentUrl":"https:\/\/kamoto.md\/wp-content\/uploads\/2017\/10\/GH50A_1.png","width":1000,"height":1000},{"@type":"BreadcrumbList","@id":"https:\/\/kamoto.md\/ro\/shop\/tehnica-de-climatizare\/aeroterme-cu-gaz\/aeroterma-pe-gaz-kamoto-gh50a\/#breadcrumb","itemListElement":[{"@type":"ListItem","position":1,"name":"\u0413\u043b\u0430\u0432\u043d\u0430\u044f \u0441\u0442\u0440\u0430\u043d\u0438\u0446\u0430","item":"https:\/\/kamoto.md\/ro\/"},{"@type":"ListItem","position":2,"name":"Catalog","item":"https:\/\/kamoto.md\/ro\/catalog\/"},{"@type":"ListItem","position":3,"name":"Tehnic\u0103 de climatizare","item":"https:\/\/kamoto.md\/ro\/catalog\/tehnica-de-climatizare\/"},{"@type":"ListItem","position":4,"name":"Aeroterme pe gaz","item":"https:\/\/kamoto.md\/ro\/catalog\/tehnica-de-climatizare\/aeroterme-cu-gaz\/"},{"@type":"ListItem","position":5,"name":"Aeroterm\u0103 pe gaz KAMOTO GH50A"}]},{"@type":"WebSite","@id":"https:\/\/kamoto.md\/ro\/#website","url":"https:\/\/kamoto.md\/ro\/","name":"Kamoto.MD","description":"\u0418\u043d\u0442\u0435\u0440\u043d\u0435\u0442 \u043c\u0430\u0433\u0430\u0437\u0438\u043d \u044d\u043b\u0435\u043a\u0442\u0440\u043e\u0438\u043d\u0441\u0442\u0440\u0443\u043c\u0435\u043d\u0442\u0430, \u0441\u0430\u0434\u043e\u0432\u043e\u0439 \u0438 \u0441\u0438\u043b\u043e\u0432\u043e\u0439 \u0442\u0435\u0445\u043d\u0438\u043a\u0438.","publisher":{"@id":"https:\/\/kamoto.md\/ro\/#organization"},"potentialAction":[{"@type":"SearchAction","target":{"@type":"EntryPoint","urlTemplate":"https:\/\/kamoto.md\/ro\/?s={search_term_string}"},"query-input":{"@type":"PropertyValueSpecification","valueRequired":true,"valueName":"search_term_string"}}],"inLanguage":"ro-RO"},{"@type":"Organization","@id":"https:\/\/kamoto.md\/ro\/#organization","name":"Kamoto S.R.L.","url":"https:\/\/kamoto.md\/ro\/","logo":{"@type":"ImageObject","inLanguage":"ro-RO","@id":"https:\/\/kamoto.md\/ro\/#\/schema\/logo\/image\/","url":"https:\/\/kamoto.md\/wp-content\/uploads\/2017\/08\/logo.png","contentUrl":"https:\/\/kamoto.md\/wp-content\/uploads\/2017\/08\/logo.png","width":323,"height":50,"caption":"Kamoto S.R.L."},"image":{"@id":"https:\/\/kamoto.md\/ro\/#\/schema\/logo\/image\/"}}]}},"_links":{"self":[{"href":"https:\/\/kamoto.md\/ro\/wp-json\/wp\/v2\/product\/9058","targetHints":{"allow":["GET"]}}],"collection":[{"href":"https:\/\/kamoto.md\/ro\/wp-json\/wp\/v2\/product"}],"about":[{"href":"https:\/\/kamoto.md\/ro\/wp-json\/wp\/v2\/types\/product"}],"wp:featuredmedia":[{"embeddable":true,"href":"https:\/\/kamoto.md\/ro\/wp-json\/wp\/v2\/media\/2862"}],"wp:attachment":[{"href":"https:\/\/kamoto.md\/ro\/wp-json\/wp\/v2\/media?parent=9058"}],"wp:term":[{"taxonomy":"product_brand","embeddable":true,"href":"https:\/\/kamoto.md\/ro\/wp-json\/wp\/v2\/product_brand?post=9058"},{"taxonomy":"product_cat","embeddable":true,"href":"https:\/\/kamoto.md\/ro\/wp-json\/wp\/v2\/product_cat?post=9058"},{"taxonomy":"product_tag","embeddable":true,"href":"https:\/\/kamoto.md\/ro\/wp-json\/wp\/v2\/product_tag?post=9058"}],"curies":[{"name":"wp","href":"https:\/\/api.w.org\/{rel}","templated":true}]}}