{"id":9067,"date":"2017-10-30T22:50:33","date_gmt":"2017-10-30T20:50:33","guid":{"rendered":"https:\/\/kamoto.md\/shop\/fara-categorie\/incalzitor-electric-kamoto-eh2000ptc\/"},"modified":"2026-02-27T13:53:38","modified_gmt":"2026-02-27T11:53:38","slug":"aeroterma-electrica-kamoto-eh2000ptc","status":"publish","type":"product","link":"https:\/\/kamoto.md\/ro\/shop\/tehnica-de-climatizare\/aeroterme-electrice-ptc\/aeroterma-electrica-kamoto-eh2000ptc\/","title":{"rendered":"Aeroterm\u0103 electric\u0103 KAMOTO EH2000PTC"},"content":{"rendered":"<p><iframe loading=\"lazy\" title=\"Kamoto - Incalzitoare electrice PTC - KAMOTO\u00ae\" width=\"500\" height=\"281\" src=\"https:\/\/www.youtube.com\/embed\/kMV1CSE4JBU?feature=oembed\" frameborder=\"0\" allow=\"accelerometer; autoplay; clipboard-write; encrypted-media; gyroscope; picture-in-picture; web-share\" referrerpolicy=\"strict-origin-when-cross-origin\" allowfullscreen><\/iframe><\/p>\n<p>Aeroterma electric\u0103 KAMOTO EH2000PTC este un aparat de \u00eenc\u0103lzire compact, mobil, fiabil.<\/p>\n<p>Proiectat pentru \u00eenc\u0103lzirea aerului \u00een garaje, reziden\u021biale, industriale, depozite \u0219i alte spa\u021bii cu o suprafa\u021b\u0103 total\u0103 de cel mult 25 m2. De asemenea, este utilizat pentru uscarea suprafe\u021belor \u00een timpul lucr\u0103rilor de construc\u021bie \u0219i finisare. \u00cen sezonul cald, este posibil s\u0103 folosi\u021bi dispozitivul ca ventilator, f\u0103r\u0103 a porni elementele de \u00eenc\u0103lzire. \u00cenc\u0103lzitorul folose\u0219te un element de \u00eenc\u0103lzire semiconductor ceramic PTC de \u00eenalt\u0103 calitate, \u00een timpul c\u0103ruia nivelul de putere este reglat automat \u00een func\u021bie de modific\u0103rile de temperatur\u0103 ambiental\u0103. Datorit\u0103 propriet\u0103\u021bilor unice ale elementului de \u00eenc\u0103lzire, durata de func\u021bionare a dispozitivului este crescut\u0103.<\/p>\n<p>\u00cen \u00eenc\u0103lzitor este instalat un dispozitiv puternic de suflant\u0103, datorit\u0103 c\u0103ruia aerul cald pl\u0103cut este furnizat la vitez\u0103 mare, ceea ce v\u0103 permite s\u0103 \u00eenc\u0103lzi\u021bi rapid \u0219i eficient camera.<\/p>\n<p>Protec\u021bia la supra\u00eenc\u0103lzire asigur\u0103 siguran\u021ba pistolului de c\u0103ldur\u0103.<\/p>\n","protected":false},"excerpt":{"rendered":"<p>Mod de putere (2 trepte): 1,0 &#8211; 2,0 kW<br \/>\nFlux de aer: 170 m3 \/ or\u0103<br \/>\nSuprafa\u021b\u0103 de \u00eenc\u0103lzire recomandat\u0103: 25 m2<br \/>\nTensiune: 220 V<br \/>\nTipul elementului de \u00eenc\u0103lzire: element semiconductor PTC din ceramic\u0103<br \/>\nTip de caz: cilindric<br \/>\nProtec\u021bie la supra\u00eenc\u0103lzire \u00eencorporat\u0103: Da<br \/>\nGreutate: 2,0 kg<\/p>\n","protected":false},"featured_media":2876,"template":"","meta":[],"product_brand":[],"product_cat":[340],"product_tag":[],"class_list":{"0":"post-9067","1":"product","2":"type-product","3":"status-publish","4":"has-post-thumbnail","6":"product_cat-aeroterme-electrice-ptc","8":"first","9":"instock","10":"shipping-taxable","11":"purchasable","12":"product-type-simple"},"yoast_head":"<!-- This site is optimized with the Yoast SEO plugin v27.3 - https:\/\/yoast.com\/product\/yoast-seo-wordpress\/ -->\n<title>Vrei Incalzitor electric ieftine? Moldova - magazine, preturi, oferte.<\/title>\n<meta name=\"description\" content=\"Descoprea gama noastra de Incalzitoare electrice la PRETURI de importator \u25bb Vezi OFERTELE pe site! Cumpara acum Incalzitor electric - Kamoto.md\" \/>\n<meta name=\"robots\" content=\"index, follow, max-snippet:-1, max-image-preview:large, max-video-preview:-1\" \/>\n<link rel=\"canonical\" href=\"https:\/\/kamoto.md\/ro\/shop\/tehnica-de-climatizare\/aeroterme-electrice-ptc\/aeroterma-electrica-kamoto-eh2000ptc\/\" \/>\n<meta property=\"og:locale\" content=\"ro_RO\" \/>\n<meta property=\"og:type\" content=\"article\" \/>\n<meta property=\"og:title\" content=\"Vrei Incalzitor electric ieftine? Moldova - magazine, preturi, oferte.\" \/>\n<meta property=\"og:description\" content=\"Descoprea gama noastra de Incalzitoare electrice la PRETURI de importator \u25bb Vezi OFERTELE pe site! Cumpara acum Incalzitor electric - Kamoto.md\" \/>\n<meta property=\"og:url\" content=\"https:\/\/kamoto.md\/ro\/shop\/tehnica-de-climatizare\/aeroterme-electrice-ptc\/aeroterma-electrica-kamoto-eh2000ptc\/\" \/>\n<meta property=\"og:site_name\" content=\"Kamoto.md\" \/>\n<meta property=\"article:modified_time\" content=\"2026-02-27T11:53:38+00:00\" \/>\n<meta property=\"og:image\" content=\"https:\/\/kamoto.md\/wp-content\/uploads\/2021\/05\/logo2.png\" \/>\n\t<meta property=\"og:image:width\" content=\"1000\" \/>\n\t<meta property=\"og:image:height\" content=\"1000\" \/>\n\t<meta property=\"og:image:type\" content=\"image\/png\" \/>\n<meta name=\"twitter:card\" content=\"summary_large_image\" \/>\n<meta name=\"twitter:label1\" content=\"Timp estimat pentru citire\" \/>\n\t<meta name=\"twitter:data1\" content=\"1 minut\" \/>\n<script type=\"application\/ld+json\" class=\"yoast-schema-graph\">{\"@context\":\"https:\\\/\\\/schema.org\",\"@graph\":[{\"@type\":[\"WebPage\",\"ItemPage\"],\"@id\":\"https:\\\/\\\/kamoto.md\\\/ro\\\/shop\\\/tehnica-de-climatizare\\\/aeroterme-electrice-ptc\\\/aeroterma-electrica-kamoto-eh2000ptc\\\/\",\"url\":\"https:\\\/\\\/kamoto.md\\\/ro\\\/shop\\\/tehnica-de-climatizare\\\/aeroterme-electrice-ptc\\\/aeroterma-electrica-kamoto-eh2000ptc\\\/\",\"name\":\"Vrei Incalzitor electric ieftine? Moldova - magazine, preturi, oferte.\",\"isPartOf\":{\"@id\":\"https:\\\/\\\/kamoto.md\\\/ro\\\/#website\"},\"primaryImageOfPage\":{\"@id\":\"https:\\\/\\\/kamoto.md\\\/ro\\\/shop\\\/tehnica-de-climatizare\\\/aeroterme-electrice-ptc\\\/aeroterma-electrica-kamoto-eh2000ptc\\\/#primaryimage\"},\"image\":{\"@id\":\"https:\\\/\\\/kamoto.md\\\/ro\\\/shop\\\/tehnica-de-climatizare\\\/aeroterme-electrice-ptc\\\/aeroterma-electrica-kamoto-eh2000ptc\\\/#primaryimage\"},\"thumbnailUrl\":\"https:\\\/\\\/kamoto.md\\\/wp-content\\\/uploads\\\/2017\\\/10\\\/EH2000PTC_1.png\",\"datePublished\":\"2017-10-30T20:50:33+00:00\",\"dateModified\":\"2026-02-27T11:53:38+00:00\",\"description\":\"Descoprea gama noastra de Incalzitoare electrice la PRETURI de importator \u25bb Vezi OFERTELE pe site! Cumpara acum Incalzitor electric - Kamoto.md\",\"breadcrumb\":{\"@id\":\"https:\\\/\\\/kamoto.md\\\/ro\\\/shop\\\/tehnica-de-climatizare\\\/aeroterme-electrice-ptc\\\/aeroterma-electrica-kamoto-eh2000ptc\\\/#breadcrumb\"},\"inLanguage\":\"ro-RO\",\"potentialAction\":[{\"@type\":\"ReadAction\",\"target\":[\"https:\\\/\\\/kamoto.md\\\/ro\\\/shop\\\/tehnica-de-climatizare\\\/aeroterme-electrice-ptc\\\/aeroterma-electrica-kamoto-eh2000ptc\\\/\"]}]},{\"@type\":\"ImageObject\",\"inLanguage\":\"ro-RO\",\"@id\":\"https:\\\/\\\/kamoto.md\\\/ro\\\/shop\\\/tehnica-de-climatizare\\\/aeroterme-electrice-ptc\\\/aeroterma-electrica-kamoto-eh2000ptc\\\/#primaryimage\",\"url\":\"https:\\\/\\\/kamoto.md\\\/wp-content\\\/uploads\\\/2017\\\/10\\\/EH2000PTC_1.png\",\"contentUrl\":\"https:\\\/\\\/kamoto.md\\\/wp-content\\\/uploads\\\/2017\\\/10\\\/EH2000PTC_1.png\",\"width\":1000,\"height\":1000},{\"@type\":\"BreadcrumbList\",\"@id\":\"https:\\\/\\\/kamoto.md\\\/ro\\\/shop\\\/tehnica-de-climatizare\\\/aeroterme-electrice-ptc\\\/aeroterma-electrica-kamoto-eh2000ptc\\\/#breadcrumb\",\"itemListElement\":[{\"@type\":\"ListItem\",\"position\":1,\"name\":\"\u0413\u043b\u0430\u0432\u043d\u0430\u044f \u0441\u0442\u0440\u0430\u043d\u0438\u0446\u0430\",\"item\":\"https:\\\/\\\/kamoto.md\\\/ro\\\/\"},{\"@type\":\"ListItem\",\"position\":2,\"name\":\"Catalog\",\"item\":\"https:\\\/\\\/kamoto.md\\\/ro\\\/catalog\\\/\"},{\"@type\":\"ListItem\",\"position\":3,\"name\":\"Tehnic\u0103 de climatizare\",\"item\":\"https:\\\/\\\/kamoto.md\\\/ro\\\/catalog\\\/tehnica-de-climatizare\\\/\"},{\"@type\":\"ListItem\",\"position\":4,\"name\":\"Aeroterme electrice PTC\",\"item\":\"https:\\\/\\\/kamoto.md\\\/ro\\\/catalog\\\/tehnica-de-climatizare\\\/aeroterme-electrice-ptc\\\/\"},{\"@type\":\"ListItem\",\"position\":5,\"name\":\"Aeroterm\u0103 electric\u0103 KAMOTO EH2000PTC\"}]},{\"@type\":\"WebSite\",\"@id\":\"https:\\\/\\\/kamoto.md\\\/ro\\\/#website\",\"url\":\"https:\\\/\\\/kamoto.md\\\/ro\\\/\",\"name\":\"Kamoto.MD\",\"description\":\"\u0418\u043d\u0442\u0435\u0440\u043d\u0435\u0442 \u043c\u0430\u0433\u0430\u0437\u0438\u043d \u044d\u043b\u0435\u043a\u0442\u0440\u043e\u0438\u043d\u0441\u0442\u0440\u0443\u043c\u0435\u043d\u0442\u0430, \u0441\u0430\u0434\u043e\u0432\u043e\u0439 \u0438 \u0441\u0438\u043b\u043e\u0432\u043e\u0439 \u0442\u0435\u0445\u043d\u0438\u043a\u0438.\",\"publisher\":{\"@id\":\"https:\\\/\\\/kamoto.md\\\/ro\\\/#organization\"},\"potentialAction\":[{\"@type\":\"SearchAction\",\"target\":{\"@type\":\"EntryPoint\",\"urlTemplate\":\"https:\\\/\\\/kamoto.md\\\/ro\\\/?s={search_term_string}\"},\"query-input\":{\"@type\":\"PropertyValueSpecification\",\"valueRequired\":true,\"valueName\":\"search_term_string\"}}],\"inLanguage\":\"ro-RO\"},{\"@type\":\"Organization\",\"@id\":\"https:\\\/\\\/kamoto.md\\\/ro\\\/#organization\",\"name\":\"Kamoto S.R.L.\",\"url\":\"https:\\\/\\\/kamoto.md\\\/ro\\\/\",\"logo\":{\"@type\":\"ImageObject\",\"inLanguage\":\"ro-RO\",\"@id\":\"https:\\\/\\\/kamoto.md\\\/ro\\\/#\\\/schema\\\/logo\\\/image\\\/\",\"url\":\"https:\\\/\\\/kamoto.md\\\/wp-content\\\/uploads\\\/2017\\\/08\\\/logo.png\",\"contentUrl\":\"https:\\\/\\\/kamoto.md\\\/wp-content\\\/uploads\\\/2017\\\/08\\\/logo.png\",\"width\":323,\"height\":50,\"caption\":\"Kamoto S.R.L.\"},\"image\":{\"@id\":\"https:\\\/\\\/kamoto.md\\\/ro\\\/#\\\/schema\\\/logo\\\/image\\\/\"}}]}<\/script>\n<!-- \/ Yoast SEO plugin. -->","yoast_head_json":{"title":"Vrei Incalzitor electric ieftine? Moldova - magazine, preturi, oferte.","description":"Descoprea gama noastra de Incalzitoare electrice la PRETURI de importator \u25bb Vezi OFERTELE pe site! Cumpara acum Incalzitor electric - Kamoto.md","robots":{"index":"index","follow":"follow","max-snippet":"max-snippet:-1","max-image-preview":"max-image-preview:large","max-video-preview":"max-video-preview:-1"},"canonical":"https:\/\/kamoto.md\/ro\/shop\/tehnica-de-climatizare\/aeroterme-electrice-ptc\/aeroterma-electrica-kamoto-eh2000ptc\/","og_locale":"ro_RO","og_type":"article","og_title":"Vrei Incalzitor electric ieftine? Moldova - magazine, preturi, oferte.","og_description":"Descoprea gama noastra de Incalzitoare electrice la PRETURI de importator \u25bb Vezi OFERTELE pe site! Cumpara acum Incalzitor electric - Kamoto.md","og_url":"https:\/\/kamoto.md\/ro\/shop\/tehnica-de-climatizare\/aeroterme-electrice-ptc\/aeroterma-electrica-kamoto-eh2000ptc\/","og_site_name":"Kamoto.md","article_modified_time":"2026-02-27T11:53:38+00:00","og_image":[{"width":1000,"height":1000,"url":"https:\/\/kamoto.md\/wp-content\/uploads\/2021\/05\/logo2.png","type":"image\/png"}],"twitter_card":"summary_large_image","twitter_misc":{"Timp estimat pentru citire":"1 minut"},"schema":{"@context":"https:\/\/schema.org","@graph":[{"@type":["WebPage","ItemPage"],"@id":"https:\/\/kamoto.md\/ro\/shop\/tehnica-de-climatizare\/aeroterme-electrice-ptc\/aeroterma-electrica-kamoto-eh2000ptc\/","url":"https:\/\/kamoto.md\/ro\/shop\/tehnica-de-climatizare\/aeroterme-electrice-ptc\/aeroterma-electrica-kamoto-eh2000ptc\/","name":"Vrei Incalzitor electric ieftine? Moldova - magazine, preturi, oferte.","isPartOf":{"@id":"https:\/\/kamoto.md\/ro\/#website"},"primaryImageOfPage":{"@id":"https:\/\/kamoto.md\/ro\/shop\/tehnica-de-climatizare\/aeroterme-electrice-ptc\/aeroterma-electrica-kamoto-eh2000ptc\/#primaryimage"},"image":{"@id":"https:\/\/kamoto.md\/ro\/shop\/tehnica-de-climatizare\/aeroterme-electrice-ptc\/aeroterma-electrica-kamoto-eh2000ptc\/#primaryimage"},"thumbnailUrl":"https:\/\/kamoto.md\/wp-content\/uploads\/2017\/10\/EH2000PTC_1.png","datePublished":"2017-10-30T20:50:33+00:00","dateModified":"2026-02-27T11:53:38+00:00","description":"Descoprea gama noastra de Incalzitoare electrice la PRETURI de importator \u25bb Vezi OFERTELE pe site! Cumpara acum Incalzitor electric - Kamoto.md","breadcrumb":{"@id":"https:\/\/kamoto.md\/ro\/shop\/tehnica-de-climatizare\/aeroterme-electrice-ptc\/aeroterma-electrica-kamoto-eh2000ptc\/#breadcrumb"},"inLanguage":"ro-RO","potentialAction":[{"@type":"ReadAction","target":["https:\/\/kamoto.md\/ro\/shop\/tehnica-de-climatizare\/aeroterme-electrice-ptc\/aeroterma-electrica-kamoto-eh2000ptc\/"]}]},{"@type":"ImageObject","inLanguage":"ro-RO","@id":"https:\/\/kamoto.md\/ro\/shop\/tehnica-de-climatizare\/aeroterme-electrice-ptc\/aeroterma-electrica-kamoto-eh2000ptc\/#primaryimage","url":"https:\/\/kamoto.md\/wp-content\/uploads\/2017\/10\/EH2000PTC_1.png","contentUrl":"https:\/\/kamoto.md\/wp-content\/uploads\/2017\/10\/EH2000PTC_1.png","width":1000,"height":1000},{"@type":"BreadcrumbList","@id":"https:\/\/kamoto.md\/ro\/shop\/tehnica-de-climatizare\/aeroterme-electrice-ptc\/aeroterma-electrica-kamoto-eh2000ptc\/#breadcrumb","itemListElement":[{"@type":"ListItem","position":1,"name":"\u0413\u043b\u0430\u0432\u043d\u0430\u044f \u0441\u0442\u0440\u0430\u043d\u0438\u0446\u0430","item":"https:\/\/kamoto.md\/ro\/"},{"@type":"ListItem","position":2,"name":"Catalog","item":"https:\/\/kamoto.md\/ro\/catalog\/"},{"@type":"ListItem","position":3,"name":"Tehnic\u0103 de climatizare","item":"https:\/\/kamoto.md\/ro\/catalog\/tehnica-de-climatizare\/"},{"@type":"ListItem","position":4,"name":"Aeroterme electrice PTC","item":"https:\/\/kamoto.md\/ro\/catalog\/tehnica-de-climatizare\/aeroterme-electrice-ptc\/"},{"@type":"ListItem","position":5,"name":"Aeroterm\u0103 electric\u0103 KAMOTO EH2000PTC"}]},{"@type":"WebSite","@id":"https:\/\/kamoto.md\/ro\/#website","url":"https:\/\/kamoto.md\/ro\/","name":"Kamoto.MD","description":"\u0418\u043d\u0442\u0435\u0440\u043d\u0435\u0442 \u043c\u0430\u0433\u0430\u0437\u0438\u043d \u044d\u043b\u0435\u043a\u0442\u0440\u043e\u0438\u043d\u0441\u0442\u0440\u0443\u043c\u0435\u043d\u0442\u0430, \u0441\u0430\u0434\u043e\u0432\u043e\u0439 \u0438 \u0441\u0438\u043b\u043e\u0432\u043e\u0439 \u0442\u0435\u0445\u043d\u0438\u043a\u0438.","publisher":{"@id":"https:\/\/kamoto.md\/ro\/#organization"},"potentialAction":[{"@type":"SearchAction","target":{"@type":"EntryPoint","urlTemplate":"https:\/\/kamoto.md\/ro\/?s={search_term_string}"},"query-input":{"@type":"PropertyValueSpecification","valueRequired":true,"valueName":"search_term_string"}}],"inLanguage":"ro-RO"},{"@type":"Organization","@id":"https:\/\/kamoto.md\/ro\/#organization","name":"Kamoto S.R.L.","url":"https:\/\/kamoto.md\/ro\/","logo":{"@type":"ImageObject","inLanguage":"ro-RO","@id":"https:\/\/kamoto.md\/ro\/#\/schema\/logo\/image\/","url":"https:\/\/kamoto.md\/wp-content\/uploads\/2017\/08\/logo.png","contentUrl":"https:\/\/kamoto.md\/wp-content\/uploads\/2017\/08\/logo.png","width":323,"height":50,"caption":"Kamoto S.R.L."},"image":{"@id":"https:\/\/kamoto.md\/ro\/#\/schema\/logo\/image\/"}}]}},"_links":{"self":[{"href":"https:\/\/kamoto.md\/ro\/wp-json\/wp\/v2\/product\/9067","targetHints":{"allow":["GET"]}}],"collection":[{"href":"https:\/\/kamoto.md\/ro\/wp-json\/wp\/v2\/product"}],"about":[{"href":"https:\/\/kamoto.md\/ro\/wp-json\/wp\/v2\/types\/product"}],"wp:featuredmedia":[{"embeddable":true,"href":"https:\/\/kamoto.md\/ro\/wp-json\/wp\/v2\/media\/2876"}],"wp:attachment":[{"href":"https:\/\/kamoto.md\/ro\/wp-json\/wp\/v2\/media?parent=9067"}],"wp:term":[{"taxonomy":"product_brand","embeddable":true,"href":"https:\/\/kamoto.md\/ro\/wp-json\/wp\/v2\/product_brand?post=9067"},{"taxonomy":"product_cat","embeddable":true,"href":"https:\/\/kamoto.md\/ro\/wp-json\/wp\/v2\/product_cat?post=9067"},{"taxonomy":"product_tag","embeddable":true,"href":"https:\/\/kamoto.md\/ro\/wp-json\/wp\/v2\/product_tag?post=9067"}],"curies":[{"name":"wp","href":"https:\/\/api.w.org\/{rel}","templated":true}]}}