{"id":9069,"date":"2017-10-30T22:53:02","date_gmt":"2017-10-30T20:53:02","guid":{"rendered":"https:\/\/kamoto.md\/shop\/fara-categorie\/incalzitor-electric-kamoto\/"},"modified":"2026-02-27T13:53:20","modified_gmt":"2026-02-27T11:53:20","slug":"aeroterma-electrica-kamoto-eh3000ptc","status":"publish","type":"product","link":"https:\/\/kamoto.md\/ro\/shop\/tehnica-de-climatizare\/aeroterme-electrice-ptc\/aeroterma-electrica-kamoto-eh3000ptc\/","title":{"rendered":"Aeroterm\u0103 electric\u0103 KAMOTO EH3000PTC"},"content":{"rendered":"<p><iframe loading=\"lazy\" title=\"Kamoto - Incalzitoare electrice PTC - KAMOTO\u00ae\" width=\"500\" height=\"281\" src=\"https:\/\/www.youtube.com\/embed\/kMV1CSE4JBU?feature=oembed\" frameborder=\"0\" allow=\"accelerometer; autoplay; clipboard-write; encrypted-media; gyroscope; picture-in-picture; web-share\" referrerpolicy=\"strict-origin-when-cross-origin\" allowfullscreen><\/iframe><\/p>\n<p>Aeroterma electric\u0103 KAMOTO EH3000PTC este un aparat de \u00eenc\u0103lzire compact, mobil, fiabil.<\/p>\n<p>Proiectat pentru \u00eenc\u0103lzirea aerului \u00een garaje, reziden\u021biale, industriale, depozite \u0219i alte spa\u021bii cu o suprafa\u021b\u0103 total\u0103 de cel mult 40 m2. De asemenea, este utilizat pentru uscarea suprafe\u021belor \u00een timpul lucr\u0103rilor de construc\u021bie \u0219i finisare. \u00cen sezonul cald, este posibil s\u0103 folosi\u021bi dispozitivul ca ventilator, f\u0103r\u0103 a porni elementele de \u00eenc\u0103lzire. \u00cenc\u0103lzitorul folose\u0219te un element de \u00eenc\u0103lzire semiconductor ceramic PTC de \u00eenalt\u0103 calitate, \u00een timpul c\u0103ruia nivelul de putere este reglat automat \u00een func\u021bie de modific\u0103rile de temperatur\u0103 ambiental\u0103. Datorit\u0103 propriet\u0103\u021bilor unice ale elementului de \u00eenc\u0103lzire, durata de func\u021bionare a dispozitivului este crescut\u0103.<\/p>\n<p>\u00cen \u00eenc\u0103lzitor este instalat un dispozitiv puternic de suflant\u0103, datorit\u0103 c\u0103ruia aerul cald pl\u0103cut este furnizat la vitez\u0103 mare, ceea ce v\u0103 permite s\u0103 \u00eenc\u0103lzi\u021bi rapid \u0219i eficient camera.<\/p>\n<p>Protec\u021bia la supra\u00eenc\u0103lzire asigur\u0103 siguran\u021ba pistolului de c\u0103ldur\u0103.<\/p>\n","protected":false},"excerpt":{"rendered":"<p>Mod de putere (2 trepte): 1,5 &#8211; 3,0 kW<br \/>\nDebit de aer: 250 m\u00b3 \/ or\u0103<br \/>\nSuprafa\u021b\u0103 de \u00eenc\u0103lzire recomandat\u0103: 40 m2<br \/>\nTensiune: 220 V<br \/>\nTipul elementului de \u00eenc\u0103lzire: element semiconductor PTC din ceramic\u0103<br \/>\nTip de caz: cilindric<br \/>\nMaterialul carcasei: o\u021bel<br \/>\nProtec\u021bie la supra\u00eenc\u0103lzire \u00eencorporat\u0103: Da<br \/>\nGreutate: 3,0 kg<\/p>\n","protected":false},"featured_media":2874,"template":"","meta":[],"product_brand":[],"product_cat":[340],"product_tag":[],"class_list":{"0":"post-9069","1":"product","2":"type-product","3":"status-publish","4":"has-post-thumbnail","6":"product_cat-aeroterme-electrice-ptc","8":"first","9":"instock","10":"shipping-taxable","11":"purchasable","12":"product-type-simple"},"yoast_head":"<!-- This site is optimized with the Yoast SEO plugin v27.3 - https:\/\/yoast.com\/product\/yoast-seo-wordpress\/ -->\n<title>Cump\u0103r\u0103 \u00eenc\u0103lzitor electric \u00een Moldova | Garan\u021bie 2 ani | Livrare<\/title>\n<meta name=\"description\" content=\"\u00cenc\u0103lzitoare electrice pentru spa\u021bii de la 10 m\u00b2 p\u00e2n\u0103 la 100 m\u00b2 \u2014 reduceri de p\u00e2n\u0103 la 24% \ud83d\udd25 Livrare \u00een Moldova, garan\u021bie 24 de luni, dealer oficial KAMOTO.\" \/>\n<meta name=\"robots\" content=\"index, follow, max-snippet:-1, max-image-preview:large, max-video-preview:-1\" \/>\n<link rel=\"canonical\" href=\"https:\/\/kamoto.md\/ro\/shop\/tehnica-de-climatizare\/aeroterme-electrice-ptc\/aeroterma-electrica-kamoto-eh3000ptc\/\" \/>\n<meta property=\"og:locale\" content=\"ro_RO\" \/>\n<meta property=\"og:type\" content=\"article\" \/>\n<meta property=\"og:title\" content=\"Cump\u0103r\u0103 \u00eenc\u0103lzitor electric \u00een Moldova | Garan\u021bie 2 ani | Livrare\" \/>\n<meta property=\"og:description\" content=\"\u00cenc\u0103lzitoare electrice pentru spa\u021bii de la 10 m\u00b2 p\u00e2n\u0103 la 100 m\u00b2 \u2014 reduceri de p\u00e2n\u0103 la 24% \ud83d\udd25 Livrare \u00een Moldova, garan\u021bie 24 de luni, dealer oficial KAMOTO.\" \/>\n<meta property=\"og:url\" content=\"https:\/\/kamoto.md\/ro\/shop\/tehnica-de-climatizare\/aeroterme-electrice-ptc\/aeroterma-electrica-kamoto-eh3000ptc\/\" \/>\n<meta property=\"og:site_name\" content=\"Kamoto.md\" \/>\n<meta property=\"article:modified_time\" content=\"2026-02-27T11:53:20+00:00\" \/>\n<meta property=\"og:image\" content=\"https:\/\/kamoto.md\/wp-content\/uploads\/2021\/05\/logo2.png\" \/>\n\t<meta property=\"og:image:width\" content=\"1000\" \/>\n\t<meta property=\"og:image:height\" content=\"1000\" \/>\n\t<meta property=\"og:image:type\" content=\"image\/png\" \/>\n<meta name=\"twitter:card\" content=\"summary_large_image\" \/>\n<meta name=\"twitter:label1\" content=\"Timp estimat pentru citire\" \/>\n\t<meta name=\"twitter:data1\" content=\"1 minut\" \/>\n<script type=\"application\/ld+json\" class=\"yoast-schema-graph\">{\"@context\":\"https:\\\/\\\/schema.org\",\"@graph\":[{\"@type\":[\"WebPage\",\"ItemPage\"],\"@id\":\"https:\\\/\\\/kamoto.md\\\/ro\\\/shop\\\/tehnica-de-climatizare\\\/aeroterme-electrice-ptc\\\/aeroterma-electrica-kamoto-eh3000ptc\\\/\",\"url\":\"https:\\\/\\\/kamoto.md\\\/ro\\\/shop\\\/tehnica-de-climatizare\\\/aeroterme-electrice-ptc\\\/aeroterma-electrica-kamoto-eh3000ptc\\\/\",\"name\":\"Cump\u0103r\u0103 \u00eenc\u0103lzitor electric \u00een Moldova | Garan\u021bie 2 ani | Livrare\",\"isPartOf\":{\"@id\":\"https:\\\/\\\/kamoto.md\\\/ro\\\/#website\"},\"primaryImageOfPage\":{\"@id\":\"https:\\\/\\\/kamoto.md\\\/ro\\\/shop\\\/tehnica-de-climatizare\\\/aeroterme-electrice-ptc\\\/aeroterma-electrica-kamoto-eh3000ptc\\\/#primaryimage\"},\"image\":{\"@id\":\"https:\\\/\\\/kamoto.md\\\/ro\\\/shop\\\/tehnica-de-climatizare\\\/aeroterme-electrice-ptc\\\/aeroterma-electrica-kamoto-eh3000ptc\\\/#primaryimage\"},\"thumbnailUrl\":\"https:\\\/\\\/kamoto.md\\\/wp-content\\\/uploads\\\/2017\\\/10\\\/EH3000PTC_1.png\",\"datePublished\":\"2017-10-30T20:53:02+00:00\",\"dateModified\":\"2026-02-27T11:53:20+00:00\",\"description\":\"\u00cenc\u0103lzitoare electrice pentru spa\u021bii de la 10 m\u00b2 p\u00e2n\u0103 la 100 m\u00b2 \u2014 reduceri de p\u00e2n\u0103 la 24% \ud83d\udd25 Livrare \u00een Moldova, garan\u021bie 24 de luni, dealer oficial KAMOTO.\",\"breadcrumb\":{\"@id\":\"https:\\\/\\\/kamoto.md\\\/ro\\\/shop\\\/tehnica-de-climatizare\\\/aeroterme-electrice-ptc\\\/aeroterma-electrica-kamoto-eh3000ptc\\\/#breadcrumb\"},\"inLanguage\":\"ro-RO\",\"potentialAction\":[{\"@type\":\"ReadAction\",\"target\":[\"https:\\\/\\\/kamoto.md\\\/ro\\\/shop\\\/tehnica-de-climatizare\\\/aeroterme-electrice-ptc\\\/aeroterma-electrica-kamoto-eh3000ptc\\\/\"]}]},{\"@type\":\"ImageObject\",\"inLanguage\":\"ro-RO\",\"@id\":\"https:\\\/\\\/kamoto.md\\\/ro\\\/shop\\\/tehnica-de-climatizare\\\/aeroterme-electrice-ptc\\\/aeroterma-electrica-kamoto-eh3000ptc\\\/#primaryimage\",\"url\":\"https:\\\/\\\/kamoto.md\\\/wp-content\\\/uploads\\\/2017\\\/10\\\/EH3000PTC_1.png\",\"contentUrl\":\"https:\\\/\\\/kamoto.md\\\/wp-content\\\/uploads\\\/2017\\\/10\\\/EH3000PTC_1.png\",\"width\":1000,\"height\":1000},{\"@type\":\"BreadcrumbList\",\"@id\":\"https:\\\/\\\/kamoto.md\\\/ro\\\/shop\\\/tehnica-de-climatizare\\\/aeroterme-electrice-ptc\\\/aeroterma-electrica-kamoto-eh3000ptc\\\/#breadcrumb\",\"itemListElement\":[{\"@type\":\"ListItem\",\"position\":1,\"name\":\"\u0413\u043b\u0430\u0432\u043d\u0430\u044f \u0441\u0442\u0440\u0430\u043d\u0438\u0446\u0430\",\"item\":\"https:\\\/\\\/kamoto.md\\\/ro\\\/\"},{\"@type\":\"ListItem\",\"position\":2,\"name\":\"Catalog\",\"item\":\"https:\\\/\\\/kamoto.md\\\/ro\\\/catalog\\\/\"},{\"@type\":\"ListItem\",\"position\":3,\"name\":\"Tehnic\u0103 de climatizare\",\"item\":\"https:\\\/\\\/kamoto.md\\\/ro\\\/catalog\\\/tehnica-de-climatizare\\\/\"},{\"@type\":\"ListItem\",\"position\":4,\"name\":\"Aeroterme electrice PTC\",\"item\":\"https:\\\/\\\/kamoto.md\\\/ro\\\/catalog\\\/tehnica-de-climatizare\\\/aeroterme-electrice-ptc\\\/\"},{\"@type\":\"ListItem\",\"position\":5,\"name\":\"Aeroterm\u0103 electric\u0103 KAMOTO EH3000PTC\"}]},{\"@type\":\"WebSite\",\"@id\":\"https:\\\/\\\/kamoto.md\\\/ro\\\/#website\",\"url\":\"https:\\\/\\\/kamoto.md\\\/ro\\\/\",\"name\":\"Kamoto.MD\",\"description\":\"\u0418\u043d\u0442\u0435\u0440\u043d\u0435\u0442 \u043c\u0430\u0433\u0430\u0437\u0438\u043d \u044d\u043b\u0435\u043a\u0442\u0440\u043e\u0438\u043d\u0441\u0442\u0440\u0443\u043c\u0435\u043d\u0442\u0430, \u0441\u0430\u0434\u043e\u0432\u043e\u0439 \u0438 \u0441\u0438\u043b\u043e\u0432\u043e\u0439 \u0442\u0435\u0445\u043d\u0438\u043a\u0438.\",\"publisher\":{\"@id\":\"https:\\\/\\\/kamoto.md\\\/ro\\\/#organization\"},\"potentialAction\":[{\"@type\":\"SearchAction\",\"target\":{\"@type\":\"EntryPoint\",\"urlTemplate\":\"https:\\\/\\\/kamoto.md\\\/ro\\\/?s={search_term_string}\"},\"query-input\":{\"@type\":\"PropertyValueSpecification\",\"valueRequired\":true,\"valueName\":\"search_term_string\"}}],\"inLanguage\":\"ro-RO\"},{\"@type\":\"Organization\",\"@id\":\"https:\\\/\\\/kamoto.md\\\/ro\\\/#organization\",\"name\":\"Kamoto S.R.L.\",\"url\":\"https:\\\/\\\/kamoto.md\\\/ro\\\/\",\"logo\":{\"@type\":\"ImageObject\",\"inLanguage\":\"ro-RO\",\"@id\":\"https:\\\/\\\/kamoto.md\\\/ro\\\/#\\\/schema\\\/logo\\\/image\\\/\",\"url\":\"https:\\\/\\\/kamoto.md\\\/wp-content\\\/uploads\\\/2017\\\/08\\\/logo.png\",\"contentUrl\":\"https:\\\/\\\/kamoto.md\\\/wp-content\\\/uploads\\\/2017\\\/08\\\/logo.png\",\"width\":323,\"height\":50,\"caption\":\"Kamoto S.R.L.\"},\"image\":{\"@id\":\"https:\\\/\\\/kamoto.md\\\/ro\\\/#\\\/schema\\\/logo\\\/image\\\/\"}}]}<\/script>\n<!-- \/ Yoast SEO plugin. -->","yoast_head_json":{"title":"Cump\u0103r\u0103 \u00eenc\u0103lzitor electric \u00een Moldova | Garan\u021bie 2 ani | Livrare","description":"\u00cenc\u0103lzitoare electrice pentru spa\u021bii de la 10 m\u00b2 p\u00e2n\u0103 la 100 m\u00b2 \u2014 reduceri de p\u00e2n\u0103 la 24% \ud83d\udd25 Livrare \u00een Moldova, garan\u021bie 24 de luni, dealer oficial KAMOTO.","robots":{"index":"index","follow":"follow","max-snippet":"max-snippet:-1","max-image-preview":"max-image-preview:large","max-video-preview":"max-video-preview:-1"},"canonical":"https:\/\/kamoto.md\/ro\/shop\/tehnica-de-climatizare\/aeroterme-electrice-ptc\/aeroterma-electrica-kamoto-eh3000ptc\/","og_locale":"ro_RO","og_type":"article","og_title":"Cump\u0103r\u0103 \u00eenc\u0103lzitor electric \u00een Moldova | Garan\u021bie 2 ani | Livrare","og_description":"\u00cenc\u0103lzitoare electrice pentru spa\u021bii de la 10 m\u00b2 p\u00e2n\u0103 la 100 m\u00b2 \u2014 reduceri de p\u00e2n\u0103 la 24% \ud83d\udd25 Livrare \u00een Moldova, garan\u021bie 24 de luni, dealer oficial KAMOTO.","og_url":"https:\/\/kamoto.md\/ro\/shop\/tehnica-de-climatizare\/aeroterme-electrice-ptc\/aeroterma-electrica-kamoto-eh3000ptc\/","og_site_name":"Kamoto.md","article_modified_time":"2026-02-27T11:53:20+00:00","og_image":[{"width":1000,"height":1000,"url":"https:\/\/kamoto.md\/wp-content\/uploads\/2021\/05\/logo2.png","type":"image\/png"}],"twitter_card":"summary_large_image","twitter_misc":{"Timp estimat pentru citire":"1 minut"},"schema":{"@context":"https:\/\/schema.org","@graph":[{"@type":["WebPage","ItemPage"],"@id":"https:\/\/kamoto.md\/ro\/shop\/tehnica-de-climatizare\/aeroterme-electrice-ptc\/aeroterma-electrica-kamoto-eh3000ptc\/","url":"https:\/\/kamoto.md\/ro\/shop\/tehnica-de-climatizare\/aeroterme-electrice-ptc\/aeroterma-electrica-kamoto-eh3000ptc\/","name":"Cump\u0103r\u0103 \u00eenc\u0103lzitor electric \u00een Moldova | Garan\u021bie 2 ani | Livrare","isPartOf":{"@id":"https:\/\/kamoto.md\/ro\/#website"},"primaryImageOfPage":{"@id":"https:\/\/kamoto.md\/ro\/shop\/tehnica-de-climatizare\/aeroterme-electrice-ptc\/aeroterma-electrica-kamoto-eh3000ptc\/#primaryimage"},"image":{"@id":"https:\/\/kamoto.md\/ro\/shop\/tehnica-de-climatizare\/aeroterme-electrice-ptc\/aeroterma-electrica-kamoto-eh3000ptc\/#primaryimage"},"thumbnailUrl":"https:\/\/kamoto.md\/wp-content\/uploads\/2017\/10\/EH3000PTC_1.png","datePublished":"2017-10-30T20:53:02+00:00","dateModified":"2026-02-27T11:53:20+00:00","description":"\u00cenc\u0103lzitoare electrice pentru spa\u021bii de la 10 m\u00b2 p\u00e2n\u0103 la 100 m\u00b2 \u2014 reduceri de p\u00e2n\u0103 la 24% \ud83d\udd25 Livrare \u00een Moldova, garan\u021bie 24 de luni, dealer oficial KAMOTO.","breadcrumb":{"@id":"https:\/\/kamoto.md\/ro\/shop\/tehnica-de-climatizare\/aeroterme-electrice-ptc\/aeroterma-electrica-kamoto-eh3000ptc\/#breadcrumb"},"inLanguage":"ro-RO","potentialAction":[{"@type":"ReadAction","target":["https:\/\/kamoto.md\/ro\/shop\/tehnica-de-climatizare\/aeroterme-electrice-ptc\/aeroterma-electrica-kamoto-eh3000ptc\/"]}]},{"@type":"ImageObject","inLanguage":"ro-RO","@id":"https:\/\/kamoto.md\/ro\/shop\/tehnica-de-climatizare\/aeroterme-electrice-ptc\/aeroterma-electrica-kamoto-eh3000ptc\/#primaryimage","url":"https:\/\/kamoto.md\/wp-content\/uploads\/2017\/10\/EH3000PTC_1.png","contentUrl":"https:\/\/kamoto.md\/wp-content\/uploads\/2017\/10\/EH3000PTC_1.png","width":1000,"height":1000},{"@type":"BreadcrumbList","@id":"https:\/\/kamoto.md\/ro\/shop\/tehnica-de-climatizare\/aeroterme-electrice-ptc\/aeroterma-electrica-kamoto-eh3000ptc\/#breadcrumb","itemListElement":[{"@type":"ListItem","position":1,"name":"\u0413\u043b\u0430\u0432\u043d\u0430\u044f \u0441\u0442\u0440\u0430\u043d\u0438\u0446\u0430","item":"https:\/\/kamoto.md\/ro\/"},{"@type":"ListItem","position":2,"name":"Catalog","item":"https:\/\/kamoto.md\/ro\/catalog\/"},{"@type":"ListItem","position":3,"name":"Tehnic\u0103 de climatizare","item":"https:\/\/kamoto.md\/ro\/catalog\/tehnica-de-climatizare\/"},{"@type":"ListItem","position":4,"name":"Aeroterme electrice PTC","item":"https:\/\/kamoto.md\/ro\/catalog\/tehnica-de-climatizare\/aeroterme-electrice-ptc\/"},{"@type":"ListItem","position":5,"name":"Aeroterm\u0103 electric\u0103 KAMOTO EH3000PTC"}]},{"@type":"WebSite","@id":"https:\/\/kamoto.md\/ro\/#website","url":"https:\/\/kamoto.md\/ro\/","name":"Kamoto.MD","description":"\u0418\u043d\u0442\u0435\u0440\u043d\u0435\u0442 \u043c\u0430\u0433\u0430\u0437\u0438\u043d \u044d\u043b\u0435\u043a\u0442\u0440\u043e\u0438\u043d\u0441\u0442\u0440\u0443\u043c\u0435\u043d\u0442\u0430, \u0441\u0430\u0434\u043e\u0432\u043e\u0439 \u0438 \u0441\u0438\u043b\u043e\u0432\u043e\u0439 \u0442\u0435\u0445\u043d\u0438\u043a\u0438.","publisher":{"@id":"https:\/\/kamoto.md\/ro\/#organization"},"potentialAction":[{"@type":"SearchAction","target":{"@type":"EntryPoint","urlTemplate":"https:\/\/kamoto.md\/ro\/?s={search_term_string}"},"query-input":{"@type":"PropertyValueSpecification","valueRequired":true,"valueName":"search_term_string"}}],"inLanguage":"ro-RO"},{"@type":"Organization","@id":"https:\/\/kamoto.md\/ro\/#organization","name":"Kamoto S.R.L.","url":"https:\/\/kamoto.md\/ro\/","logo":{"@type":"ImageObject","inLanguage":"ro-RO","@id":"https:\/\/kamoto.md\/ro\/#\/schema\/logo\/image\/","url":"https:\/\/kamoto.md\/wp-content\/uploads\/2017\/08\/logo.png","contentUrl":"https:\/\/kamoto.md\/wp-content\/uploads\/2017\/08\/logo.png","width":323,"height":50,"caption":"Kamoto S.R.L."},"image":{"@id":"https:\/\/kamoto.md\/ro\/#\/schema\/logo\/image\/"}}]}},"_links":{"self":[{"href":"https:\/\/kamoto.md\/ro\/wp-json\/wp\/v2\/product\/9069","targetHints":{"allow":["GET"]}}],"collection":[{"href":"https:\/\/kamoto.md\/ro\/wp-json\/wp\/v2\/product"}],"about":[{"href":"https:\/\/kamoto.md\/ro\/wp-json\/wp\/v2\/types\/product"}],"wp:featuredmedia":[{"embeddable":true,"href":"https:\/\/kamoto.md\/ro\/wp-json\/wp\/v2\/media\/2874"}],"wp:attachment":[{"href":"https:\/\/kamoto.md\/ro\/wp-json\/wp\/v2\/media?parent=9069"}],"wp:term":[{"taxonomy":"product_brand","embeddable":true,"href":"https:\/\/kamoto.md\/ro\/wp-json\/wp\/v2\/product_brand?post=9069"},{"taxonomy":"product_cat","embeddable":true,"href":"https:\/\/kamoto.md\/ro\/wp-json\/wp\/v2\/product_cat?post=9069"},{"taxonomy":"product_tag","embeddable":true,"href":"https:\/\/kamoto.md\/ro\/wp-json\/wp\/v2\/product_tag?post=9069"}],"curies":[{"name":"wp","href":"https:\/\/api.w.org\/{rel}","templated":true}]}}