{"id":9070,"date":"2019-11-05T15:11:56","date_gmt":"2019-11-05T13:11:56","guid":{"rendered":"https:\/\/kamoto.md\/shop\/fara-categorie\/incalzitor-electric-kamoto-2\/"},"modified":"2026-02-27T13:28:08","modified_gmt":"2026-02-27T11:28:08","slug":"aeroterma-electrica-kamoto-h9000","status":"publish","type":"product","link":"https:\/\/kamoto.md\/ro\/shop\/tehnica-de-climatizare\/aeroterme-electruice-industriale\/aeroterma-electrica-kamoto-h9000\/","title":{"rendered":"Aeroterma electric\u0103 KAMOTO H9000"},"content":{"rendered":"<p><iframe loading=\"lazy\" title=\"Kamoto - Aeroterme industriale electrice - KAMOTO\u00ae H3000, EH3000, EH3000N, EH5000, H9000, EH9000.\" width=\"500\" height=\"281\" src=\"https:\/\/www.youtube.com\/embed\/Q8QPEqjLV8I?feature=oembed\" frameborder=\"0\" allow=\"accelerometer; autoplay; clipboard-write; encrypted-media; gyroscope; picture-in-picture; web-share\" referrerpolicy=\"strict-origin-when-cross-origin\" allowfullscreen><\/iframe><\/p>\n<p>Aeroterma electric\u0103 KAMOTO H9000 este conceput\u0103 pentru \u00eenc\u0103lzirea aerului \u00een diverse \u00eenc\u0103peri, precum: hangaruri industriale, depozite, ateliere, baze, garaje, pavilioane comerciale, \u0219antiere \u0219i spa\u021bii de construc\u021bie \u00een timpul procesului de repara\u021bie etc. suprafa\u021b\u0103 total\u0103 de cel mult 100 m2.<\/p>\n<p>Corpul \u00eenc\u0103lzitorului este realizat \u00eentr-un design dublu, ceea ce nu \u00eei permite s\u0103 se \u00eenc\u0103lzeasc\u0103 \u00een timpul func\u021bion\u0103rii.<\/p>\n<p>Arma electric\u0103 de c\u0103ldur\u0103 are trei moduri de func\u021bionare: ventila\u021bie f\u0103r\u0103 \u00eenc\u0103lzire, \u00eenc\u0103lzire par\u021bial\u0103 \u0219i \u00eenc\u0103lzire complet\u0103. \u00cen sezonul cald, este posibil s\u0103 folosi\u021bi dispozitivul ca ventilator, f\u0103r\u0103 a porni elementele de \u00eenc\u0103lzire.<\/p>\n<p>Elementul de \u00eenc\u0103lzire este protejat de o plas\u0103 metalic\u0103 pentru a proteja obiectele str\u0103ine de p\u0103trunderea \u00een pistolul de c\u0103ldur\u0103, iar corpul alungit ajut\u0103 la crearea unui flux de aer direc\u021bionat.<\/p>\n<p>Echipamentul standard include un cablu electric de 1,5 metri \u0219i o priz\u0103 de alimentare.<\/p>\n","protected":false},"excerpt":{"rendered":"<p>Mod de putere: 4,5 &#8211; 9,0 kW<br \/>\nDebit de aer: 750 m\u00b3 \/ h<br \/>\nTensiune: 380 V<br \/>\nSuprafa\u021b\u0103 de \u00eenc\u0103lzire recomandat\u0103: 100 m2<br \/>\nTipul elementului de \u00eenc\u0103lzire: TEN (\u00eenc\u0103lzitor electric tubular), o\u021bel inoxidabil<br \/>\nTip de caz: cilindric<br \/>\nInclus: cablul electric de 1,5 metri \u0219i mufa de alimentare<br \/>\nGreutate: 6,4 kg<\/p>\n","protected":false},"featured_media":9035,"template":"","meta":[],"product_brand":[],"product_cat":[341],"product_tag":[],"class_list":{"0":"post-9070","1":"product","2":"type-product","3":"status-publish","4":"has-post-thumbnail","6":"product_cat-aeroterme-electruice-industriale","8":"first","9":"outofstock","10":"shipping-taxable","11":"product-type-simple"},"yoast_head":"<!-- This site is optimized with the Yoast SEO plugin v27.3 - https:\/\/yoast.com\/product\/yoast-seo-wordpress\/ -->\n<title>Vrei Aeroterma industriala ieftine? Moldova - magazine, preturi, oferte.<\/title>\n<meta name=\"description\" content=\"Descoprea gama noastra de Aeroterme industriala la PRETURI de importator \u25bb Vezi OFERTELE pe site! Cumpara acum Aeroterma industriala - Kamoto.md\" \/>\n<meta name=\"robots\" content=\"index, follow, max-snippet:-1, max-image-preview:large, max-video-preview:-1\" \/>\n<link rel=\"canonical\" href=\"https:\/\/kamoto.md\/ro\/shop\/tehnica-de-climatizare\/aeroterme-electruice-industriale\/aeroterma-electrica-kamoto-h9000\/\" \/>\n<meta property=\"og:locale\" content=\"ro_RO\" \/>\n<meta property=\"og:type\" content=\"article\" \/>\n<meta property=\"og:title\" content=\"Vrei Aeroterma industriala ieftine? Moldova - magazine, preturi, oferte.\" \/>\n<meta property=\"og:description\" content=\"Descoprea gama noastra de Aeroterme industriala la PRETURI de importator \u25bb Vezi OFERTELE pe site! Cumpara acum Aeroterma industriala - Kamoto.md\" \/>\n<meta property=\"og:url\" content=\"https:\/\/kamoto.md\/ro\/shop\/tehnica-de-climatizare\/aeroterme-electruice-industriale\/aeroterma-electrica-kamoto-h9000\/\" \/>\n<meta property=\"og:site_name\" content=\"Kamoto.md\" \/>\n<meta property=\"article:modified_time\" content=\"2026-02-27T11:28:08+00:00\" \/>\n<meta property=\"og:image\" content=\"https:\/\/kamoto.md\/wp-content\/uploads\/2021\/05\/logo2.png\" \/>\n\t<meta property=\"og:image:width\" content=\"1000\" \/>\n\t<meta property=\"og:image:height\" content=\"1000\" \/>\n\t<meta property=\"og:image:type\" content=\"image\/png\" \/>\n<meta name=\"twitter:card\" content=\"summary_large_image\" \/>\n<meta name=\"twitter:label1\" content=\"Timp estimat pentru citire\" \/>\n\t<meta name=\"twitter:data1\" content=\"1 minut\" \/>\n<script type=\"application\/ld+json\" class=\"yoast-schema-graph\">{\"@context\":\"https:\\\/\\\/schema.org\",\"@graph\":[{\"@type\":[\"WebPage\",\"ItemPage\"],\"@id\":\"https:\\\/\\\/kamoto.md\\\/ro\\\/shop\\\/tehnica-de-climatizare\\\/aeroterme-electruice-industriale\\\/aeroterma-electrica-kamoto-h9000\\\/\",\"url\":\"https:\\\/\\\/kamoto.md\\\/ro\\\/shop\\\/tehnica-de-climatizare\\\/aeroterme-electruice-industriale\\\/aeroterma-electrica-kamoto-h9000\\\/\",\"name\":\"Vrei Aeroterma industriala ieftine? Moldova - magazine, preturi, oferte.\",\"isPartOf\":{\"@id\":\"https:\\\/\\\/kamoto.md\\\/ro\\\/#website\"},\"primaryImageOfPage\":{\"@id\":\"https:\\\/\\\/kamoto.md\\\/ro\\\/shop\\\/tehnica-de-climatizare\\\/aeroterme-electruice-industriale\\\/aeroterma-electrica-kamoto-h9000\\\/#primaryimage\"},\"image\":{\"@id\":\"https:\\\/\\\/kamoto.md\\\/ro\\\/shop\\\/tehnica-de-climatizare\\\/aeroterme-electruice-industriale\\\/aeroterma-electrica-kamoto-h9000\\\/#primaryimage\"},\"thumbnailUrl\":\"https:\\\/\\\/kamoto.md\\\/wp-content\\\/uploads\\\/2019\\\/10\\\/IMGP1813-kopiya.jpg\",\"datePublished\":\"2019-11-05T13:11:56+00:00\",\"dateModified\":\"2026-02-27T11:28:08+00:00\",\"description\":\"Descoprea gama noastra de Aeroterme industriala la PRETURI de importator \u25bb Vezi OFERTELE pe site! Cumpara acum Aeroterma industriala - Kamoto.md\",\"breadcrumb\":{\"@id\":\"https:\\\/\\\/kamoto.md\\\/ro\\\/shop\\\/tehnica-de-climatizare\\\/aeroterme-electruice-industriale\\\/aeroterma-electrica-kamoto-h9000\\\/#breadcrumb\"},\"inLanguage\":\"ro-RO\",\"potentialAction\":[{\"@type\":\"ReadAction\",\"target\":[\"https:\\\/\\\/kamoto.md\\\/ro\\\/shop\\\/tehnica-de-climatizare\\\/aeroterme-electruice-industriale\\\/aeroterma-electrica-kamoto-h9000\\\/\"]}]},{\"@type\":\"ImageObject\",\"inLanguage\":\"ro-RO\",\"@id\":\"https:\\\/\\\/kamoto.md\\\/ro\\\/shop\\\/tehnica-de-climatizare\\\/aeroterme-electruice-industriale\\\/aeroterma-electrica-kamoto-h9000\\\/#primaryimage\",\"url\":\"https:\\\/\\\/kamoto.md\\\/wp-content\\\/uploads\\\/2019\\\/10\\\/IMGP1813-kopiya.jpg\",\"contentUrl\":\"https:\\\/\\\/kamoto.md\\\/wp-content\\\/uploads\\\/2019\\\/10\\\/IMGP1813-kopiya.jpg\",\"width\":1800,\"height\":1800},{\"@type\":\"BreadcrumbList\",\"@id\":\"https:\\\/\\\/kamoto.md\\\/ro\\\/shop\\\/tehnica-de-climatizare\\\/aeroterme-electruice-industriale\\\/aeroterma-electrica-kamoto-h9000\\\/#breadcrumb\",\"itemListElement\":[{\"@type\":\"ListItem\",\"position\":1,\"name\":\"\u0413\u043b\u0430\u0432\u043d\u0430\u044f \u0441\u0442\u0440\u0430\u043d\u0438\u0446\u0430\",\"item\":\"https:\\\/\\\/kamoto.md\\\/ro\\\/\"},{\"@type\":\"ListItem\",\"position\":2,\"name\":\"Catalog\",\"item\":\"https:\\\/\\\/kamoto.md\\\/ro\\\/catalog\\\/\"},{\"@type\":\"ListItem\",\"position\":3,\"name\":\"Tehnic\u0103 de climatizare\",\"item\":\"https:\\\/\\\/kamoto.md\\\/ro\\\/catalog\\\/tehnica-de-climatizare\\\/\"},{\"@type\":\"ListItem\",\"position\":4,\"name\":\"Aeroterme electrice industriale\",\"item\":\"https:\\\/\\\/kamoto.md\\\/ro\\\/catalog\\\/tehnica-de-climatizare\\\/aeroterme-electruice-industriale\\\/\"},{\"@type\":\"ListItem\",\"position\":5,\"name\":\"Aeroterma electric\u0103 KAMOTO H9000\"}]},{\"@type\":\"WebSite\",\"@id\":\"https:\\\/\\\/kamoto.md\\\/ro\\\/#website\",\"url\":\"https:\\\/\\\/kamoto.md\\\/ro\\\/\",\"name\":\"Kamoto.MD\",\"description\":\"\u0418\u043d\u0442\u0435\u0440\u043d\u0435\u0442 \u043c\u0430\u0433\u0430\u0437\u0438\u043d \u044d\u043b\u0435\u043a\u0442\u0440\u043e\u0438\u043d\u0441\u0442\u0440\u0443\u043c\u0435\u043d\u0442\u0430, \u0441\u0430\u0434\u043e\u0432\u043e\u0439 \u0438 \u0441\u0438\u043b\u043e\u0432\u043e\u0439 \u0442\u0435\u0445\u043d\u0438\u043a\u0438.\",\"publisher\":{\"@id\":\"https:\\\/\\\/kamoto.md\\\/ro\\\/#organization\"},\"potentialAction\":[{\"@type\":\"SearchAction\",\"target\":{\"@type\":\"EntryPoint\",\"urlTemplate\":\"https:\\\/\\\/kamoto.md\\\/ro\\\/?s={search_term_string}\"},\"query-input\":{\"@type\":\"PropertyValueSpecification\",\"valueRequired\":true,\"valueName\":\"search_term_string\"}}],\"inLanguage\":\"ro-RO\"},{\"@type\":\"Organization\",\"@id\":\"https:\\\/\\\/kamoto.md\\\/ro\\\/#organization\",\"name\":\"Kamoto S.R.L.\",\"url\":\"https:\\\/\\\/kamoto.md\\\/ro\\\/\",\"logo\":{\"@type\":\"ImageObject\",\"inLanguage\":\"ro-RO\",\"@id\":\"https:\\\/\\\/kamoto.md\\\/ro\\\/#\\\/schema\\\/logo\\\/image\\\/\",\"url\":\"https:\\\/\\\/kamoto.md\\\/wp-content\\\/uploads\\\/2017\\\/08\\\/logo.png\",\"contentUrl\":\"https:\\\/\\\/kamoto.md\\\/wp-content\\\/uploads\\\/2017\\\/08\\\/logo.png\",\"width\":323,\"height\":50,\"caption\":\"Kamoto S.R.L.\"},\"image\":{\"@id\":\"https:\\\/\\\/kamoto.md\\\/ro\\\/#\\\/schema\\\/logo\\\/image\\\/\"}}]}<\/script>\n<!-- \/ Yoast SEO plugin. -->","yoast_head_json":{"title":"Vrei Aeroterma industriala ieftine? Moldova - magazine, preturi, oferte.","description":"Descoprea gama noastra de Aeroterme industriala la PRETURI de importator \u25bb Vezi OFERTELE pe site! Cumpara acum Aeroterma industriala - Kamoto.md","robots":{"index":"index","follow":"follow","max-snippet":"max-snippet:-1","max-image-preview":"max-image-preview:large","max-video-preview":"max-video-preview:-1"},"canonical":"https:\/\/kamoto.md\/ro\/shop\/tehnica-de-climatizare\/aeroterme-electruice-industriale\/aeroterma-electrica-kamoto-h9000\/","og_locale":"ro_RO","og_type":"article","og_title":"Vrei Aeroterma industriala ieftine? Moldova - magazine, preturi, oferte.","og_description":"Descoprea gama noastra de Aeroterme industriala la PRETURI de importator \u25bb Vezi OFERTELE pe site! Cumpara acum Aeroterma industriala - Kamoto.md","og_url":"https:\/\/kamoto.md\/ro\/shop\/tehnica-de-climatizare\/aeroterme-electruice-industriale\/aeroterma-electrica-kamoto-h9000\/","og_site_name":"Kamoto.md","article_modified_time":"2026-02-27T11:28:08+00:00","og_image":[{"width":1000,"height":1000,"url":"https:\/\/kamoto.md\/wp-content\/uploads\/2021\/05\/logo2.png","type":"image\/png"}],"twitter_card":"summary_large_image","twitter_misc":{"Timp estimat pentru citire":"1 minut"},"schema":{"@context":"https:\/\/schema.org","@graph":[{"@type":["WebPage","ItemPage"],"@id":"https:\/\/kamoto.md\/ro\/shop\/tehnica-de-climatizare\/aeroterme-electruice-industriale\/aeroterma-electrica-kamoto-h9000\/","url":"https:\/\/kamoto.md\/ro\/shop\/tehnica-de-climatizare\/aeroterme-electruice-industriale\/aeroterma-electrica-kamoto-h9000\/","name":"Vrei Aeroterma industriala ieftine? Moldova - magazine, preturi, oferte.","isPartOf":{"@id":"https:\/\/kamoto.md\/ro\/#website"},"primaryImageOfPage":{"@id":"https:\/\/kamoto.md\/ro\/shop\/tehnica-de-climatizare\/aeroterme-electruice-industriale\/aeroterma-electrica-kamoto-h9000\/#primaryimage"},"image":{"@id":"https:\/\/kamoto.md\/ro\/shop\/tehnica-de-climatizare\/aeroterme-electruice-industriale\/aeroterma-electrica-kamoto-h9000\/#primaryimage"},"thumbnailUrl":"https:\/\/kamoto.md\/wp-content\/uploads\/2019\/10\/IMGP1813-kopiya.jpg","datePublished":"2019-11-05T13:11:56+00:00","dateModified":"2026-02-27T11:28:08+00:00","description":"Descoprea gama noastra de Aeroterme industriala la PRETURI de importator \u25bb Vezi OFERTELE pe site! Cumpara acum Aeroterma industriala - Kamoto.md","breadcrumb":{"@id":"https:\/\/kamoto.md\/ro\/shop\/tehnica-de-climatizare\/aeroterme-electruice-industriale\/aeroterma-electrica-kamoto-h9000\/#breadcrumb"},"inLanguage":"ro-RO","potentialAction":[{"@type":"ReadAction","target":["https:\/\/kamoto.md\/ro\/shop\/tehnica-de-climatizare\/aeroterme-electruice-industriale\/aeroterma-electrica-kamoto-h9000\/"]}]},{"@type":"ImageObject","inLanguage":"ro-RO","@id":"https:\/\/kamoto.md\/ro\/shop\/tehnica-de-climatizare\/aeroterme-electruice-industriale\/aeroterma-electrica-kamoto-h9000\/#primaryimage","url":"https:\/\/kamoto.md\/wp-content\/uploads\/2019\/10\/IMGP1813-kopiya.jpg","contentUrl":"https:\/\/kamoto.md\/wp-content\/uploads\/2019\/10\/IMGP1813-kopiya.jpg","width":1800,"height":1800},{"@type":"BreadcrumbList","@id":"https:\/\/kamoto.md\/ro\/shop\/tehnica-de-climatizare\/aeroterme-electruice-industriale\/aeroterma-electrica-kamoto-h9000\/#breadcrumb","itemListElement":[{"@type":"ListItem","position":1,"name":"\u0413\u043b\u0430\u0432\u043d\u0430\u044f \u0441\u0442\u0440\u0430\u043d\u0438\u0446\u0430","item":"https:\/\/kamoto.md\/ro\/"},{"@type":"ListItem","position":2,"name":"Catalog","item":"https:\/\/kamoto.md\/ro\/catalog\/"},{"@type":"ListItem","position":3,"name":"Tehnic\u0103 de climatizare","item":"https:\/\/kamoto.md\/ro\/catalog\/tehnica-de-climatizare\/"},{"@type":"ListItem","position":4,"name":"Aeroterme electrice industriale","item":"https:\/\/kamoto.md\/ro\/catalog\/tehnica-de-climatizare\/aeroterme-electruice-industriale\/"},{"@type":"ListItem","position":5,"name":"Aeroterma electric\u0103 KAMOTO H9000"}]},{"@type":"WebSite","@id":"https:\/\/kamoto.md\/ro\/#website","url":"https:\/\/kamoto.md\/ro\/","name":"Kamoto.MD","description":"\u0418\u043d\u0442\u0435\u0440\u043d\u0435\u0442 \u043c\u0430\u0433\u0430\u0437\u0438\u043d \u044d\u043b\u0435\u043a\u0442\u0440\u043e\u0438\u043d\u0441\u0442\u0440\u0443\u043c\u0435\u043d\u0442\u0430, \u0441\u0430\u0434\u043e\u0432\u043e\u0439 \u0438 \u0441\u0438\u043b\u043e\u0432\u043e\u0439 \u0442\u0435\u0445\u043d\u0438\u043a\u0438.","publisher":{"@id":"https:\/\/kamoto.md\/ro\/#organization"},"potentialAction":[{"@type":"SearchAction","target":{"@type":"EntryPoint","urlTemplate":"https:\/\/kamoto.md\/ro\/?s={search_term_string}"},"query-input":{"@type":"PropertyValueSpecification","valueRequired":true,"valueName":"search_term_string"}}],"inLanguage":"ro-RO"},{"@type":"Organization","@id":"https:\/\/kamoto.md\/ro\/#organization","name":"Kamoto S.R.L.","url":"https:\/\/kamoto.md\/ro\/","logo":{"@type":"ImageObject","inLanguage":"ro-RO","@id":"https:\/\/kamoto.md\/ro\/#\/schema\/logo\/image\/","url":"https:\/\/kamoto.md\/wp-content\/uploads\/2017\/08\/logo.png","contentUrl":"https:\/\/kamoto.md\/wp-content\/uploads\/2017\/08\/logo.png","width":323,"height":50,"caption":"Kamoto S.R.L."},"image":{"@id":"https:\/\/kamoto.md\/ro\/#\/schema\/logo\/image\/"}}]}},"_links":{"self":[{"href":"https:\/\/kamoto.md\/ro\/wp-json\/wp\/v2\/product\/9070","targetHints":{"allow":["GET"]}}],"collection":[{"href":"https:\/\/kamoto.md\/ro\/wp-json\/wp\/v2\/product"}],"about":[{"href":"https:\/\/kamoto.md\/ro\/wp-json\/wp\/v2\/types\/product"}],"wp:featuredmedia":[{"embeddable":true,"href":"https:\/\/kamoto.md\/ro\/wp-json\/wp\/v2\/media\/9035"}],"wp:attachment":[{"href":"https:\/\/kamoto.md\/ro\/wp-json\/wp\/v2\/media?parent=9070"}],"wp:term":[{"taxonomy":"product_brand","embeddable":true,"href":"https:\/\/kamoto.md\/ro\/wp-json\/wp\/v2\/product_brand?post=9070"},{"taxonomy":"product_cat","embeddable":true,"href":"https:\/\/kamoto.md\/ro\/wp-json\/wp\/v2\/product_cat?post=9070"},{"taxonomy":"product_tag","embeddable":true,"href":"https:\/\/kamoto.md\/ro\/wp-json\/wp\/v2\/product_tag?post=9070"}],"curies":[{"name":"wp","href":"https:\/\/api.w.org\/{rel}","templated":true}]}}