{"id":9084,"date":"2019-10-31T21:40:26","date_gmt":"2019-10-31T19:40:26","guid":{"rendered":"https:\/\/kamoto.md\/shop\/fara-categorie\/convector-electric-kamoto-ch1500\/"},"modified":"2026-04-10T10:30:51","modified_gmt":"2026-04-10T08:30:51","slug":"convector-electric-kamoto-ch1500","status":"publish","type":"product","link":"https:\/\/kamoto.md\/ro\/shop\/tehnica-de-climatizare\/convectoare\/convector-electric-kamoto-ch1500\/","title":{"rendered":"Convector electric KAMOTO CH1500"},"content":{"rendered":"<p><iframe loading=\"lazy\" title=\"Kamoto - Convectoare electrice - KAMOTO\u00ae \u0421H1500, \u0421H2000, \u0421H2000N, \u0421H2500.\" width=\"500\" height=\"281\" src=\"https:\/\/www.youtube.com\/embed\/RFqxI-pVwp8?feature=oembed\" frameborder=\"0\" allow=\"accelerometer; autoplay; clipboard-write; encrypted-media; gyroscope; picture-in-picture; web-share\" referrerpolicy=\"strict-origin-when-cross-origin\" allowfullscreen><\/iframe><\/p>\n<p>Convector electric KAMOTO CH1500 este proiectat pentru \u00eenc\u0103lzirea uniform\u0103 a \u00eenc\u0103perilor de diferite tipuri. Este potrivit pentru utilizarea \u00een apartamente urbane, case de \u021bar\u0103, c\u0103su\u021be, birouri \u0219i alte tipuri de spa\u021bii.<\/p>\n","protected":false},"excerpt":{"rendered":"<p>Putere: 1500 W<br \/>\nTensiune: 220 V<br \/>\nProtec\u021bie la supra\u00eenc\u0103lzire: Da<br \/>\nMaterialul de \u00eenc\u0103lzire: aluminiu<br \/>\nClasa de protec\u021bie: IPX4<br \/>\nSuprafa\u021b\u0103 de \u00eenc\u0103lzire: 20 m2<br \/>\nMetoda de montare: podea \/ perete<br \/>\nDimensiuni: 560 x 400 x 75 mm<br \/>\nGaran\u021bie: 2 ani<\/p>\n","protected":false},"featured_media":8751,"template":"","meta":[],"product_brand":[],"product_cat":[349],"product_tag":[],"class_list":{"0":"post-9084","1":"product","2":"type-product","3":"status-publish","4":"has-post-thumbnail","6":"product_cat-convectoare","8":"first","9":"instock","10":"shipping-taxable","11":"purchasable","12":"product-type-simple"},"yoast_head":"<!-- This site is optimized with the Yoast SEO plugin v27.3 - https:\/\/yoast.com\/product\/yoast-seo-wordpress\/ -->\n<title>Cump\u0103r\u0103 convector electric \u00een Moldova | Garan\u021bie 2 ani | Livrare<\/title>\n<meta name=\"description\" content=\"Convectoare electrice pentru spa\u021bii de la 10 m\u00b2 p\u00e2n\u0103 la 30 m\u00b2 \u2014 reduceri de p\u00e2n\u0103 la 20% \ud83d\udd25 Livrare \u00een Moldova, garan\u021bie 24 de luni, dealer oficial KAMOTO.\" \/>\n<meta name=\"robots\" content=\"index, follow, max-snippet:-1, max-image-preview:large, max-video-preview:-1\" \/>\n<link rel=\"canonical\" href=\"https:\/\/kamoto.md\/ro\/shop\/tehnica-de-climatizare\/convectoare\/convector-electric-kamoto-ch1500\/\" \/>\n<meta property=\"og:locale\" content=\"ro_RO\" \/>\n<meta property=\"og:type\" content=\"article\" \/>\n<meta property=\"og:title\" content=\"Cump\u0103r\u0103 convector electric \u00een Moldova | Garan\u021bie 2 ani | Livrare\" \/>\n<meta property=\"og:description\" content=\"Convectoare electrice pentru spa\u021bii de la 10 m\u00b2 p\u00e2n\u0103 la 30 m\u00b2 \u2014 reduceri de p\u00e2n\u0103 la 20% \ud83d\udd25 Livrare \u00een Moldova, garan\u021bie 24 de luni, dealer oficial KAMOTO.\" \/>\n<meta property=\"og:url\" content=\"https:\/\/kamoto.md\/ro\/shop\/tehnica-de-climatizare\/convectoare\/convector-electric-kamoto-ch1500\/\" \/>\n<meta property=\"og:site_name\" content=\"Kamoto.md\" \/>\n<meta property=\"article:modified_time\" content=\"2026-04-10T08:30:51+00:00\" \/>\n<meta property=\"og:image\" content=\"https:\/\/kamoto.md\/wp-content\/uploads\/2021\/05\/logo2.png\" \/>\n\t<meta property=\"og:image:width\" content=\"1000\" \/>\n\t<meta property=\"og:image:height\" content=\"1000\" \/>\n\t<meta property=\"og:image:type\" content=\"image\/png\" \/>\n<meta name=\"twitter:card\" content=\"summary_large_image\" \/>\n<meta name=\"twitter:label1\" content=\"Timp estimat pentru citire\" \/>\n\t<meta name=\"twitter:data1\" content=\"1 minut\" \/>\n<script type=\"application\/ld+json\" class=\"yoast-schema-graph\">{\"@context\":\"https:\\\/\\\/schema.org\",\"@graph\":[{\"@type\":[\"WebPage\",\"ItemPage\"],\"@id\":\"https:\\\/\\\/kamoto.md\\\/ro\\\/shop\\\/tehnica-de-climatizare\\\/convectoare\\\/convector-electric-kamoto-ch1500\\\/\",\"url\":\"https:\\\/\\\/kamoto.md\\\/ro\\\/shop\\\/tehnica-de-climatizare\\\/convectoare\\\/convector-electric-kamoto-ch1500\\\/\",\"name\":\"Cump\u0103r\u0103 convector electric \u00een Moldova | Garan\u021bie 2 ani | Livrare\",\"isPartOf\":{\"@id\":\"https:\\\/\\\/kamoto.md\\\/ro\\\/#website\"},\"primaryImageOfPage\":{\"@id\":\"https:\\\/\\\/kamoto.md\\\/ro\\\/shop\\\/tehnica-de-climatizare\\\/convectoare\\\/convector-electric-kamoto-ch1500\\\/#primaryimage\"},\"image\":{\"@id\":\"https:\\\/\\\/kamoto.md\\\/ro\\\/shop\\\/tehnica-de-climatizare\\\/convectoare\\\/convector-electric-kamoto-ch1500\\\/#primaryimage\"},\"thumbnailUrl\":\"https:\\\/\\\/kamoto.md\\\/wp-content\\\/uploads\\\/2019\\\/10\\\/IMGP0538-kopiya.jpg\",\"datePublished\":\"2019-10-31T19:40:26+00:00\",\"dateModified\":\"2026-04-10T08:30:51+00:00\",\"description\":\"Convectoare electrice pentru spa\u021bii de la 10 m\u00b2 p\u00e2n\u0103 la 30 m\u00b2 \u2014 reduceri de p\u00e2n\u0103 la 20% \ud83d\udd25 Livrare \u00een Moldova, garan\u021bie 24 de luni, dealer oficial KAMOTO.\",\"breadcrumb\":{\"@id\":\"https:\\\/\\\/kamoto.md\\\/ro\\\/shop\\\/tehnica-de-climatizare\\\/convectoare\\\/convector-electric-kamoto-ch1500\\\/#breadcrumb\"},\"inLanguage\":\"ro-RO\",\"potentialAction\":[{\"@type\":\"ReadAction\",\"target\":[\"https:\\\/\\\/kamoto.md\\\/ro\\\/shop\\\/tehnica-de-climatizare\\\/convectoare\\\/convector-electric-kamoto-ch1500\\\/\"]}]},{\"@type\":\"ImageObject\",\"inLanguage\":\"ro-RO\",\"@id\":\"https:\\\/\\\/kamoto.md\\\/ro\\\/shop\\\/tehnica-de-climatizare\\\/convectoare\\\/convector-electric-kamoto-ch1500\\\/#primaryimage\",\"url\":\"https:\\\/\\\/kamoto.md\\\/wp-content\\\/uploads\\\/2019\\\/10\\\/IMGP0538-kopiya.jpg\",\"contentUrl\":\"https:\\\/\\\/kamoto.md\\\/wp-content\\\/uploads\\\/2019\\\/10\\\/IMGP0538-kopiya.jpg\",\"width\":1800,\"height\":1800},{\"@type\":\"BreadcrumbList\",\"@id\":\"https:\\\/\\\/kamoto.md\\\/ro\\\/shop\\\/tehnica-de-climatizare\\\/convectoare\\\/convector-electric-kamoto-ch1500\\\/#breadcrumb\",\"itemListElement\":[{\"@type\":\"ListItem\",\"position\":1,\"name\":\"\u0413\u043b\u0430\u0432\u043d\u0430\u044f \u0441\u0442\u0440\u0430\u043d\u0438\u0446\u0430\",\"item\":\"https:\\\/\\\/kamoto.md\\\/ro\\\/\"},{\"@type\":\"ListItem\",\"position\":2,\"name\":\"Catalog\",\"item\":\"https:\\\/\\\/kamoto.md\\\/ro\\\/catalog\\\/\"},{\"@type\":\"ListItem\",\"position\":3,\"name\":\"Tehnic\u0103 de climatizare\",\"item\":\"https:\\\/\\\/kamoto.md\\\/ro\\\/catalog\\\/tehnica-de-climatizare\\\/\"},{\"@type\":\"ListItem\",\"position\":4,\"name\":\"Convectoare electrice\",\"item\":\"https:\\\/\\\/kamoto.md\\\/ro\\\/catalog\\\/tehnica-de-climatizare\\\/convectoare\\\/\"},{\"@type\":\"ListItem\",\"position\":5,\"name\":\"Convector electric KAMOTO CH1500\"}]},{\"@type\":\"WebSite\",\"@id\":\"https:\\\/\\\/kamoto.md\\\/ro\\\/#website\",\"url\":\"https:\\\/\\\/kamoto.md\\\/ro\\\/\",\"name\":\"Kamoto.MD\",\"description\":\"\u0418\u043d\u0442\u0435\u0440\u043d\u0435\u0442 \u043c\u0430\u0433\u0430\u0437\u0438\u043d \u044d\u043b\u0435\u043a\u0442\u0440\u043e\u0438\u043d\u0441\u0442\u0440\u0443\u043c\u0435\u043d\u0442\u0430, \u0441\u0430\u0434\u043e\u0432\u043e\u0439 \u0438 \u0441\u0438\u043b\u043e\u0432\u043e\u0439 \u0442\u0435\u0445\u043d\u0438\u043a\u0438.\",\"publisher\":{\"@id\":\"https:\\\/\\\/kamoto.md\\\/ro\\\/#organization\"},\"potentialAction\":[{\"@type\":\"SearchAction\",\"target\":{\"@type\":\"EntryPoint\",\"urlTemplate\":\"https:\\\/\\\/kamoto.md\\\/ro\\\/?s={search_term_string}\"},\"query-input\":{\"@type\":\"PropertyValueSpecification\",\"valueRequired\":true,\"valueName\":\"search_term_string\"}}],\"inLanguage\":\"ro-RO\"},{\"@type\":\"Organization\",\"@id\":\"https:\\\/\\\/kamoto.md\\\/ro\\\/#organization\",\"name\":\"Kamoto S.R.L.\",\"url\":\"https:\\\/\\\/kamoto.md\\\/ro\\\/\",\"logo\":{\"@type\":\"ImageObject\",\"inLanguage\":\"ro-RO\",\"@id\":\"https:\\\/\\\/kamoto.md\\\/ro\\\/#\\\/schema\\\/logo\\\/image\\\/\",\"url\":\"https:\\\/\\\/kamoto.md\\\/wp-content\\\/uploads\\\/2017\\\/08\\\/logo.png\",\"contentUrl\":\"https:\\\/\\\/kamoto.md\\\/wp-content\\\/uploads\\\/2017\\\/08\\\/logo.png\",\"width\":323,\"height\":50,\"caption\":\"Kamoto S.R.L.\"},\"image\":{\"@id\":\"https:\\\/\\\/kamoto.md\\\/ro\\\/#\\\/schema\\\/logo\\\/image\\\/\"}}]}<\/script>\n<!-- \/ Yoast SEO plugin. -->","yoast_head_json":{"title":"Cump\u0103r\u0103 convector electric \u00een Moldova | Garan\u021bie 2 ani | Livrare","description":"Convectoare electrice pentru spa\u021bii de la 10 m\u00b2 p\u00e2n\u0103 la 30 m\u00b2 \u2014 reduceri de p\u00e2n\u0103 la 20% \ud83d\udd25 Livrare \u00een Moldova, garan\u021bie 24 de luni, dealer oficial KAMOTO.","robots":{"index":"index","follow":"follow","max-snippet":"max-snippet:-1","max-image-preview":"max-image-preview:large","max-video-preview":"max-video-preview:-1"},"canonical":"https:\/\/kamoto.md\/ro\/shop\/tehnica-de-climatizare\/convectoare\/convector-electric-kamoto-ch1500\/","og_locale":"ro_RO","og_type":"article","og_title":"Cump\u0103r\u0103 convector electric \u00een Moldova | Garan\u021bie 2 ani | Livrare","og_description":"Convectoare electrice pentru spa\u021bii de la 10 m\u00b2 p\u00e2n\u0103 la 30 m\u00b2 \u2014 reduceri de p\u00e2n\u0103 la 20% \ud83d\udd25 Livrare \u00een Moldova, garan\u021bie 24 de luni, dealer oficial KAMOTO.","og_url":"https:\/\/kamoto.md\/ro\/shop\/tehnica-de-climatizare\/convectoare\/convector-electric-kamoto-ch1500\/","og_site_name":"Kamoto.md","article_modified_time":"2026-04-10T08:30:51+00:00","og_image":[{"width":1000,"height":1000,"url":"https:\/\/kamoto.md\/wp-content\/uploads\/2021\/05\/logo2.png","type":"image\/png"}],"twitter_card":"summary_large_image","twitter_misc":{"Timp estimat pentru citire":"1 minut"},"schema":{"@context":"https:\/\/schema.org","@graph":[{"@type":["WebPage","ItemPage"],"@id":"https:\/\/kamoto.md\/ro\/shop\/tehnica-de-climatizare\/convectoare\/convector-electric-kamoto-ch1500\/","url":"https:\/\/kamoto.md\/ro\/shop\/tehnica-de-climatizare\/convectoare\/convector-electric-kamoto-ch1500\/","name":"Cump\u0103r\u0103 convector electric \u00een Moldova | Garan\u021bie 2 ani | Livrare","isPartOf":{"@id":"https:\/\/kamoto.md\/ro\/#website"},"primaryImageOfPage":{"@id":"https:\/\/kamoto.md\/ro\/shop\/tehnica-de-climatizare\/convectoare\/convector-electric-kamoto-ch1500\/#primaryimage"},"image":{"@id":"https:\/\/kamoto.md\/ro\/shop\/tehnica-de-climatizare\/convectoare\/convector-electric-kamoto-ch1500\/#primaryimage"},"thumbnailUrl":"https:\/\/kamoto.md\/wp-content\/uploads\/2019\/10\/IMGP0538-kopiya.jpg","datePublished":"2019-10-31T19:40:26+00:00","dateModified":"2026-04-10T08:30:51+00:00","description":"Convectoare electrice pentru spa\u021bii de la 10 m\u00b2 p\u00e2n\u0103 la 30 m\u00b2 \u2014 reduceri de p\u00e2n\u0103 la 20% \ud83d\udd25 Livrare \u00een Moldova, garan\u021bie 24 de luni, dealer oficial KAMOTO.","breadcrumb":{"@id":"https:\/\/kamoto.md\/ro\/shop\/tehnica-de-climatizare\/convectoare\/convector-electric-kamoto-ch1500\/#breadcrumb"},"inLanguage":"ro-RO","potentialAction":[{"@type":"ReadAction","target":["https:\/\/kamoto.md\/ro\/shop\/tehnica-de-climatizare\/convectoare\/convector-electric-kamoto-ch1500\/"]}]},{"@type":"ImageObject","inLanguage":"ro-RO","@id":"https:\/\/kamoto.md\/ro\/shop\/tehnica-de-climatizare\/convectoare\/convector-electric-kamoto-ch1500\/#primaryimage","url":"https:\/\/kamoto.md\/wp-content\/uploads\/2019\/10\/IMGP0538-kopiya.jpg","contentUrl":"https:\/\/kamoto.md\/wp-content\/uploads\/2019\/10\/IMGP0538-kopiya.jpg","width":1800,"height":1800},{"@type":"BreadcrumbList","@id":"https:\/\/kamoto.md\/ro\/shop\/tehnica-de-climatizare\/convectoare\/convector-electric-kamoto-ch1500\/#breadcrumb","itemListElement":[{"@type":"ListItem","position":1,"name":"\u0413\u043b\u0430\u0432\u043d\u0430\u044f \u0441\u0442\u0440\u0430\u043d\u0438\u0446\u0430","item":"https:\/\/kamoto.md\/ro\/"},{"@type":"ListItem","position":2,"name":"Catalog","item":"https:\/\/kamoto.md\/ro\/catalog\/"},{"@type":"ListItem","position":3,"name":"Tehnic\u0103 de climatizare","item":"https:\/\/kamoto.md\/ro\/catalog\/tehnica-de-climatizare\/"},{"@type":"ListItem","position":4,"name":"Convectoare electrice","item":"https:\/\/kamoto.md\/ro\/catalog\/tehnica-de-climatizare\/convectoare\/"},{"@type":"ListItem","position":5,"name":"Convector electric KAMOTO CH1500"}]},{"@type":"WebSite","@id":"https:\/\/kamoto.md\/ro\/#website","url":"https:\/\/kamoto.md\/ro\/","name":"Kamoto.MD","description":"\u0418\u043d\u0442\u0435\u0440\u043d\u0435\u0442 \u043c\u0430\u0433\u0430\u0437\u0438\u043d \u044d\u043b\u0435\u043a\u0442\u0440\u043e\u0438\u043d\u0441\u0442\u0440\u0443\u043c\u0435\u043d\u0442\u0430, \u0441\u0430\u0434\u043e\u0432\u043e\u0439 \u0438 \u0441\u0438\u043b\u043e\u0432\u043e\u0439 \u0442\u0435\u0445\u043d\u0438\u043a\u0438.","publisher":{"@id":"https:\/\/kamoto.md\/ro\/#organization"},"potentialAction":[{"@type":"SearchAction","target":{"@type":"EntryPoint","urlTemplate":"https:\/\/kamoto.md\/ro\/?s={search_term_string}"},"query-input":{"@type":"PropertyValueSpecification","valueRequired":true,"valueName":"search_term_string"}}],"inLanguage":"ro-RO"},{"@type":"Organization","@id":"https:\/\/kamoto.md\/ro\/#organization","name":"Kamoto S.R.L.","url":"https:\/\/kamoto.md\/ro\/","logo":{"@type":"ImageObject","inLanguage":"ro-RO","@id":"https:\/\/kamoto.md\/ro\/#\/schema\/logo\/image\/","url":"https:\/\/kamoto.md\/wp-content\/uploads\/2017\/08\/logo.png","contentUrl":"https:\/\/kamoto.md\/wp-content\/uploads\/2017\/08\/logo.png","width":323,"height":50,"caption":"Kamoto S.R.L."},"image":{"@id":"https:\/\/kamoto.md\/ro\/#\/schema\/logo\/image\/"}}]}},"_links":{"self":[{"href":"https:\/\/kamoto.md\/ro\/wp-json\/wp\/v2\/product\/9084","targetHints":{"allow":["GET"]}}],"collection":[{"href":"https:\/\/kamoto.md\/ro\/wp-json\/wp\/v2\/product"}],"about":[{"href":"https:\/\/kamoto.md\/ro\/wp-json\/wp\/v2\/types\/product"}],"wp:featuredmedia":[{"embeddable":true,"href":"https:\/\/kamoto.md\/ro\/wp-json\/wp\/v2\/media\/8751"}],"wp:attachment":[{"href":"https:\/\/kamoto.md\/ro\/wp-json\/wp\/v2\/media?parent=9084"}],"wp:term":[{"taxonomy":"product_brand","embeddable":true,"href":"https:\/\/kamoto.md\/ro\/wp-json\/wp\/v2\/product_brand?post=9084"},{"taxonomy":"product_cat","embeddable":true,"href":"https:\/\/kamoto.md\/ro\/wp-json\/wp\/v2\/product_cat?post=9084"},{"taxonomy":"product_tag","embeddable":true,"href":"https:\/\/kamoto.md\/ro\/wp-json\/wp\/v2\/product_tag?post=9084"}],"curies":[{"name":"wp","href":"https:\/\/api.w.org\/{rel}","templated":true}]}}