{"id":9095,"date":"2019-10-31T21:56:48","date_gmt":"2019-10-31T19:56:48","guid":{"rendered":"https:\/\/kamoto.md\/shop\/fara-categorie\/calorifer-cu-ulei-kamoto-or2511\/"},"modified":"2026-02-26T10:18:30","modified_gmt":"2026-02-26T08:18:30","slug":"calorifer-electric-cu-ulei-kamoto-or2511","status":"publish","type":"product","link":"https:\/\/kamoto.md\/ro\/shop\/tehnica-de-climatizare\/calorifere-electrice-cu-ulei\/calorifer-electric-cu-ulei-kamoto-or2511\/","title":{"rendered":"Calorifer electric cu ulei KAMOTO OR2511"},"content":{"rendered":"<p><iframe loading=\"lazy\" title=\"Kamoto - Calorifere cu ulei - KAMOTO\u00ae OR2009, OR2511, OR2813.\" width=\"500\" height=\"281\" src=\"https:\/\/www.youtube.com\/embed\/Ek-NQN_UV-U?feature=oembed\" frameborder=\"0\" allow=\"accelerometer; autoplay; clipboard-write; encrypted-media; gyroscope; picture-in-picture; web-share\" referrerpolicy=\"strict-origin-when-cross-origin\" allowfullscreen><\/iframe><\/p>\n<p>Calorifer electric cu ulei KAMOTO OR2511 este proiectat pentru \u00eenc\u0103lzirea uniform\u0103 a \u00eenc\u0103perilor de diferite tipuri. Este potrivit pentru utilizarea \u00een apartamente urbane, case de \u021bar\u0103, c\u0103su\u021be, birouri \u0219i alte tipuri de spa\u021bii. Calorifere cu ulei sunt sigure \u00een func\u021bionare, mobilitate \u0219i func\u021bionare aproape silen\u021bioas\u0103.<\/p>\n","protected":false},"excerpt":{"rendered":"<p>Putere: 2500 W<br \/>\nTensiune: 220 V<br \/>\nNum\u0103r de sec\u021biuni: 11<br \/>\nMod de alimentare: 3<br \/>\nTipul de control: mecanic<br \/>\nProtec\u021bie la supra\u00eenc\u0103lzire: Da<br \/>\nSuprafa\u021b\u0103 de \u00eenc\u0103lzire: 22 &#8211; 24 m2<br \/>\nMetoda de montare: podea<br \/>\nGaran\u021bie: 1 an<\/p>\n","protected":false},"featured_media":8789,"template":"","meta":[],"product_brand":[],"product_cat":[348],"product_tag":[],"class_list":{"0":"post-9095","1":"product","2":"type-product","3":"status-publish","4":"has-post-thumbnail","6":"product_cat-calorifere-electrice-cu-ulei","8":"first","9":"outofstock","10":"shipping-taxable","11":"product-type-simple"},"yoast_head":"<!-- This site is optimized with the Yoast SEO plugin v27.3 - https:\/\/yoast.com\/product\/yoast-seo-wordpress\/ -->\n<title>Vrei Calorifer cu ulei ieftine? Moldova - magazine, preturi, oferte.<\/title>\n<meta name=\"description\" content=\"Descoprea gama noastra de Caloriferere cu ulei la PRETURI de importator \u25bb Vezi OFERTELE pe site! Cumpara acum Calorifer cu ulei- Kamoto.md\" \/>\n<meta name=\"robots\" content=\"index, follow, max-snippet:-1, max-image-preview:large, max-video-preview:-1\" \/>\n<link rel=\"canonical\" href=\"https:\/\/kamoto.md\/ro\/shop\/tehnica-de-climatizare\/calorifere-electrice-cu-ulei\/calorifer-electric-cu-ulei-kamoto-or2511\/\" \/>\n<meta property=\"og:locale\" content=\"ro_RO\" \/>\n<meta property=\"og:type\" content=\"article\" \/>\n<meta property=\"og:title\" content=\"Vrei Calorifer cu ulei ieftine? Moldova - magazine, preturi, oferte.\" \/>\n<meta property=\"og:description\" content=\"Descoprea gama noastra de Caloriferere cu ulei la PRETURI de importator \u25bb Vezi OFERTELE pe site! Cumpara acum Calorifer cu ulei- Kamoto.md\" \/>\n<meta property=\"og:url\" content=\"https:\/\/kamoto.md\/ro\/shop\/tehnica-de-climatizare\/calorifere-electrice-cu-ulei\/calorifer-electric-cu-ulei-kamoto-or2511\/\" \/>\n<meta property=\"og:site_name\" content=\"Kamoto.md\" \/>\n<meta property=\"article:modified_time\" content=\"2026-02-26T08:18:30+00:00\" \/>\n<meta property=\"og:image\" content=\"https:\/\/kamoto.md\/wp-content\/uploads\/2021\/05\/logo2.png\" \/>\n\t<meta property=\"og:image:width\" content=\"1000\" \/>\n\t<meta property=\"og:image:height\" content=\"1000\" \/>\n\t<meta property=\"og:image:type\" content=\"image\/png\" \/>\n<meta name=\"twitter:card\" content=\"summary_large_image\" \/>\n<meta name=\"twitter:label1\" content=\"Timp estimat pentru citire\" \/>\n\t<meta name=\"twitter:data1\" content=\"1 minut\" \/>\n<script type=\"application\/ld+json\" class=\"yoast-schema-graph\">{\"@context\":\"https:\\\/\\\/schema.org\",\"@graph\":[{\"@type\":[\"WebPage\",\"ItemPage\"],\"@id\":\"https:\\\/\\\/kamoto.md\\\/ro\\\/shop\\\/tehnica-de-climatizare\\\/calorifere-electrice-cu-ulei\\\/calorifer-electric-cu-ulei-kamoto-or2511\\\/\",\"url\":\"https:\\\/\\\/kamoto.md\\\/ro\\\/shop\\\/tehnica-de-climatizare\\\/calorifere-electrice-cu-ulei\\\/calorifer-electric-cu-ulei-kamoto-or2511\\\/\",\"name\":\"Vrei Calorifer cu ulei ieftine? Moldova - magazine, preturi, oferte.\",\"isPartOf\":{\"@id\":\"https:\\\/\\\/kamoto.md\\\/ro\\\/#website\"},\"primaryImageOfPage\":{\"@id\":\"https:\\\/\\\/kamoto.md\\\/ro\\\/shop\\\/tehnica-de-climatizare\\\/calorifere-electrice-cu-ulei\\\/calorifer-electric-cu-ulei-kamoto-or2511\\\/#primaryimage\"},\"image\":{\"@id\":\"https:\\\/\\\/kamoto.md\\\/ro\\\/shop\\\/tehnica-de-climatizare\\\/calorifere-electrice-cu-ulei\\\/calorifer-electric-cu-ulei-kamoto-or2511\\\/#primaryimage\"},\"thumbnailUrl\":\"https:\\\/\\\/kamoto.md\\\/wp-content\\\/uploads\\\/2019\\\/10\\\/IMGP0671-kopiya.jpg\",\"datePublished\":\"2019-10-31T19:56:48+00:00\",\"dateModified\":\"2026-02-26T08:18:30+00:00\",\"description\":\"Descoprea gama noastra de Caloriferere cu ulei la PRETURI de importator \u25bb Vezi OFERTELE pe site! Cumpara acum Calorifer cu ulei- Kamoto.md\",\"breadcrumb\":{\"@id\":\"https:\\\/\\\/kamoto.md\\\/ro\\\/shop\\\/tehnica-de-climatizare\\\/calorifere-electrice-cu-ulei\\\/calorifer-electric-cu-ulei-kamoto-or2511\\\/#breadcrumb\"},\"inLanguage\":\"ro-RO\",\"potentialAction\":[{\"@type\":\"ReadAction\",\"target\":[\"https:\\\/\\\/kamoto.md\\\/ro\\\/shop\\\/tehnica-de-climatizare\\\/calorifere-electrice-cu-ulei\\\/calorifer-electric-cu-ulei-kamoto-or2511\\\/\"]}]},{\"@type\":\"ImageObject\",\"inLanguage\":\"ro-RO\",\"@id\":\"https:\\\/\\\/kamoto.md\\\/ro\\\/shop\\\/tehnica-de-climatizare\\\/calorifere-electrice-cu-ulei\\\/calorifer-electric-cu-ulei-kamoto-or2511\\\/#primaryimage\",\"url\":\"https:\\\/\\\/kamoto.md\\\/wp-content\\\/uploads\\\/2019\\\/10\\\/IMGP0671-kopiya.jpg\",\"contentUrl\":\"https:\\\/\\\/kamoto.md\\\/wp-content\\\/uploads\\\/2019\\\/10\\\/IMGP0671-kopiya.jpg\",\"width\":1800,\"height\":1800},{\"@type\":\"BreadcrumbList\",\"@id\":\"https:\\\/\\\/kamoto.md\\\/ro\\\/shop\\\/tehnica-de-climatizare\\\/calorifere-electrice-cu-ulei\\\/calorifer-electric-cu-ulei-kamoto-or2511\\\/#breadcrumb\",\"itemListElement\":[{\"@type\":\"ListItem\",\"position\":1,\"name\":\"\u0413\u043b\u0430\u0432\u043d\u0430\u044f \u0441\u0442\u0440\u0430\u043d\u0438\u0446\u0430\",\"item\":\"https:\\\/\\\/kamoto.md\\\/ro\\\/\"},{\"@type\":\"ListItem\",\"position\":2,\"name\":\"Catalog\",\"item\":\"https:\\\/\\\/kamoto.md\\\/ro\\\/catalog\\\/\"},{\"@type\":\"ListItem\",\"position\":3,\"name\":\"Tehnic\u0103 de climatizare\",\"item\":\"https:\\\/\\\/kamoto.md\\\/ro\\\/catalog\\\/tehnica-de-climatizare\\\/\"},{\"@type\":\"ListItem\",\"position\":4,\"name\":\"Calorifere electrice cu ulei\",\"item\":\"https:\\\/\\\/kamoto.md\\\/ro\\\/catalog\\\/tehnica-de-climatizare\\\/calorifere-electrice-cu-ulei\\\/\"},{\"@type\":\"ListItem\",\"position\":5,\"name\":\"Calorifer electric cu ulei KAMOTO OR2511\"}]},{\"@type\":\"WebSite\",\"@id\":\"https:\\\/\\\/kamoto.md\\\/ro\\\/#website\",\"url\":\"https:\\\/\\\/kamoto.md\\\/ro\\\/\",\"name\":\"Kamoto.MD\",\"description\":\"\u0418\u043d\u0442\u0435\u0440\u043d\u0435\u0442 \u043c\u0430\u0433\u0430\u0437\u0438\u043d \u044d\u043b\u0435\u043a\u0442\u0440\u043e\u0438\u043d\u0441\u0442\u0440\u0443\u043c\u0435\u043d\u0442\u0430, \u0441\u0430\u0434\u043e\u0432\u043e\u0439 \u0438 \u0441\u0438\u043b\u043e\u0432\u043e\u0439 \u0442\u0435\u0445\u043d\u0438\u043a\u0438.\",\"publisher\":{\"@id\":\"https:\\\/\\\/kamoto.md\\\/ro\\\/#organization\"},\"potentialAction\":[{\"@type\":\"SearchAction\",\"target\":{\"@type\":\"EntryPoint\",\"urlTemplate\":\"https:\\\/\\\/kamoto.md\\\/ro\\\/?s={search_term_string}\"},\"query-input\":{\"@type\":\"PropertyValueSpecification\",\"valueRequired\":true,\"valueName\":\"search_term_string\"}}],\"inLanguage\":\"ro-RO\"},{\"@type\":\"Organization\",\"@id\":\"https:\\\/\\\/kamoto.md\\\/ro\\\/#organization\",\"name\":\"Kamoto S.R.L.\",\"url\":\"https:\\\/\\\/kamoto.md\\\/ro\\\/\",\"logo\":{\"@type\":\"ImageObject\",\"inLanguage\":\"ro-RO\",\"@id\":\"https:\\\/\\\/kamoto.md\\\/ro\\\/#\\\/schema\\\/logo\\\/image\\\/\",\"url\":\"https:\\\/\\\/kamoto.md\\\/wp-content\\\/uploads\\\/2017\\\/08\\\/logo.png\",\"contentUrl\":\"https:\\\/\\\/kamoto.md\\\/wp-content\\\/uploads\\\/2017\\\/08\\\/logo.png\",\"width\":323,\"height\":50,\"caption\":\"Kamoto S.R.L.\"},\"image\":{\"@id\":\"https:\\\/\\\/kamoto.md\\\/ro\\\/#\\\/schema\\\/logo\\\/image\\\/\"}}]}<\/script>\n<!-- \/ Yoast SEO plugin. -->","yoast_head_json":{"title":"Vrei Calorifer cu ulei ieftine? Moldova - magazine, preturi, oferte.","description":"Descoprea gama noastra de Caloriferere cu ulei la PRETURI de importator \u25bb Vezi OFERTELE pe site! Cumpara acum Calorifer cu ulei- Kamoto.md","robots":{"index":"index","follow":"follow","max-snippet":"max-snippet:-1","max-image-preview":"max-image-preview:large","max-video-preview":"max-video-preview:-1"},"canonical":"https:\/\/kamoto.md\/ro\/shop\/tehnica-de-climatizare\/calorifere-electrice-cu-ulei\/calorifer-electric-cu-ulei-kamoto-or2511\/","og_locale":"ro_RO","og_type":"article","og_title":"Vrei Calorifer cu ulei ieftine? Moldova - magazine, preturi, oferte.","og_description":"Descoprea gama noastra de Caloriferere cu ulei la PRETURI de importator \u25bb Vezi OFERTELE pe site! Cumpara acum Calorifer cu ulei- Kamoto.md","og_url":"https:\/\/kamoto.md\/ro\/shop\/tehnica-de-climatizare\/calorifere-electrice-cu-ulei\/calorifer-electric-cu-ulei-kamoto-or2511\/","og_site_name":"Kamoto.md","article_modified_time":"2026-02-26T08:18:30+00:00","og_image":[{"width":1000,"height":1000,"url":"https:\/\/kamoto.md\/wp-content\/uploads\/2021\/05\/logo2.png","type":"image\/png"}],"twitter_card":"summary_large_image","twitter_misc":{"Timp estimat pentru citire":"1 minut"},"schema":{"@context":"https:\/\/schema.org","@graph":[{"@type":["WebPage","ItemPage"],"@id":"https:\/\/kamoto.md\/ro\/shop\/tehnica-de-climatizare\/calorifere-electrice-cu-ulei\/calorifer-electric-cu-ulei-kamoto-or2511\/","url":"https:\/\/kamoto.md\/ro\/shop\/tehnica-de-climatizare\/calorifere-electrice-cu-ulei\/calorifer-electric-cu-ulei-kamoto-or2511\/","name":"Vrei Calorifer cu ulei ieftine? Moldova - magazine, preturi, oferte.","isPartOf":{"@id":"https:\/\/kamoto.md\/ro\/#website"},"primaryImageOfPage":{"@id":"https:\/\/kamoto.md\/ro\/shop\/tehnica-de-climatizare\/calorifere-electrice-cu-ulei\/calorifer-electric-cu-ulei-kamoto-or2511\/#primaryimage"},"image":{"@id":"https:\/\/kamoto.md\/ro\/shop\/tehnica-de-climatizare\/calorifere-electrice-cu-ulei\/calorifer-electric-cu-ulei-kamoto-or2511\/#primaryimage"},"thumbnailUrl":"https:\/\/kamoto.md\/wp-content\/uploads\/2019\/10\/IMGP0671-kopiya.jpg","datePublished":"2019-10-31T19:56:48+00:00","dateModified":"2026-02-26T08:18:30+00:00","description":"Descoprea gama noastra de Caloriferere cu ulei la PRETURI de importator \u25bb Vezi OFERTELE pe site! Cumpara acum Calorifer cu ulei- Kamoto.md","breadcrumb":{"@id":"https:\/\/kamoto.md\/ro\/shop\/tehnica-de-climatizare\/calorifere-electrice-cu-ulei\/calorifer-electric-cu-ulei-kamoto-or2511\/#breadcrumb"},"inLanguage":"ro-RO","potentialAction":[{"@type":"ReadAction","target":["https:\/\/kamoto.md\/ro\/shop\/tehnica-de-climatizare\/calorifere-electrice-cu-ulei\/calorifer-electric-cu-ulei-kamoto-or2511\/"]}]},{"@type":"ImageObject","inLanguage":"ro-RO","@id":"https:\/\/kamoto.md\/ro\/shop\/tehnica-de-climatizare\/calorifere-electrice-cu-ulei\/calorifer-electric-cu-ulei-kamoto-or2511\/#primaryimage","url":"https:\/\/kamoto.md\/wp-content\/uploads\/2019\/10\/IMGP0671-kopiya.jpg","contentUrl":"https:\/\/kamoto.md\/wp-content\/uploads\/2019\/10\/IMGP0671-kopiya.jpg","width":1800,"height":1800},{"@type":"BreadcrumbList","@id":"https:\/\/kamoto.md\/ro\/shop\/tehnica-de-climatizare\/calorifere-electrice-cu-ulei\/calorifer-electric-cu-ulei-kamoto-or2511\/#breadcrumb","itemListElement":[{"@type":"ListItem","position":1,"name":"\u0413\u043b\u0430\u0432\u043d\u0430\u044f \u0441\u0442\u0440\u0430\u043d\u0438\u0446\u0430","item":"https:\/\/kamoto.md\/ro\/"},{"@type":"ListItem","position":2,"name":"Catalog","item":"https:\/\/kamoto.md\/ro\/catalog\/"},{"@type":"ListItem","position":3,"name":"Tehnic\u0103 de climatizare","item":"https:\/\/kamoto.md\/ro\/catalog\/tehnica-de-climatizare\/"},{"@type":"ListItem","position":4,"name":"Calorifere electrice cu ulei","item":"https:\/\/kamoto.md\/ro\/catalog\/tehnica-de-climatizare\/calorifere-electrice-cu-ulei\/"},{"@type":"ListItem","position":5,"name":"Calorifer electric cu ulei KAMOTO OR2511"}]},{"@type":"WebSite","@id":"https:\/\/kamoto.md\/ro\/#website","url":"https:\/\/kamoto.md\/ro\/","name":"Kamoto.MD","description":"\u0418\u043d\u0442\u0435\u0440\u043d\u0435\u0442 \u043c\u0430\u0433\u0430\u0437\u0438\u043d \u044d\u043b\u0435\u043a\u0442\u0440\u043e\u0438\u043d\u0441\u0442\u0440\u0443\u043c\u0435\u043d\u0442\u0430, \u0441\u0430\u0434\u043e\u0432\u043e\u0439 \u0438 \u0441\u0438\u043b\u043e\u0432\u043e\u0439 \u0442\u0435\u0445\u043d\u0438\u043a\u0438.","publisher":{"@id":"https:\/\/kamoto.md\/ro\/#organization"},"potentialAction":[{"@type":"SearchAction","target":{"@type":"EntryPoint","urlTemplate":"https:\/\/kamoto.md\/ro\/?s={search_term_string}"},"query-input":{"@type":"PropertyValueSpecification","valueRequired":true,"valueName":"search_term_string"}}],"inLanguage":"ro-RO"},{"@type":"Organization","@id":"https:\/\/kamoto.md\/ro\/#organization","name":"Kamoto S.R.L.","url":"https:\/\/kamoto.md\/ro\/","logo":{"@type":"ImageObject","inLanguage":"ro-RO","@id":"https:\/\/kamoto.md\/ro\/#\/schema\/logo\/image\/","url":"https:\/\/kamoto.md\/wp-content\/uploads\/2017\/08\/logo.png","contentUrl":"https:\/\/kamoto.md\/wp-content\/uploads\/2017\/08\/logo.png","width":323,"height":50,"caption":"Kamoto S.R.L."},"image":{"@id":"https:\/\/kamoto.md\/ro\/#\/schema\/logo\/image\/"}}]}},"_links":{"self":[{"href":"https:\/\/kamoto.md\/ro\/wp-json\/wp\/v2\/product\/9095","targetHints":{"allow":["GET"]}}],"collection":[{"href":"https:\/\/kamoto.md\/ro\/wp-json\/wp\/v2\/product"}],"about":[{"href":"https:\/\/kamoto.md\/ro\/wp-json\/wp\/v2\/types\/product"}],"wp:featuredmedia":[{"embeddable":true,"href":"https:\/\/kamoto.md\/ro\/wp-json\/wp\/v2\/media\/8789"}],"wp:attachment":[{"href":"https:\/\/kamoto.md\/ro\/wp-json\/wp\/v2\/media?parent=9095"}],"wp:term":[{"taxonomy":"product_brand","embeddable":true,"href":"https:\/\/kamoto.md\/ro\/wp-json\/wp\/v2\/product_brand?post=9095"},{"taxonomy":"product_cat","embeddable":true,"href":"https:\/\/kamoto.md\/ro\/wp-json\/wp\/v2\/product_cat?post=9095"},{"taxonomy":"product_tag","embeddable":true,"href":"https:\/\/kamoto.md\/ro\/wp-json\/wp\/v2\/product_tag?post=9095"}],"curies":[{"name":"wp","href":"https:\/\/api.w.org\/{rel}","templated":true}]}}