{"id":9112,"date":"2019-11-05T14:50:39","date_gmt":"2019-11-05T12:50:39","guid":{"rendered":"https:\/\/kamoto.md\/shop\/fara-categorie\/dezumidificator-kamoto-d70050\/"},"modified":"2026-02-27T16:24:43","modified_gmt":"2026-02-27T14:24:43","slug":"dezumidificator-electric-kamoto-d70050","status":"publish","type":"product","link":"https:\/\/kamoto.md\/ro\/shop\/tehnica-de-climatizare\/dezumidificator-electric\/dezumidificator-electric-kamoto-d70050\/","title":{"rendered":"Dezumidificator electric KAMOTO D700"},"content":{"rendered":"<p>Dezumidificatorul electric KAMOTO D700 este conceput pentru a elimina excesul de umiditate din \u00eenc\u0103peri. Protejeaz\u0103 casa de mucegai \u0219i mucegai? care apar cu umiditate excesiv\u0103. Poate fi utilizat \u00een s\u0103li de fi\u0219iere, camere de servere, camere subterane, depozite unde este necesar un mediu uscat \u0219i prevenirea umidit\u0103\u021bii \u0219i a mucegaiului. Aerul uscat este din nou amestecat cu aerul din jur \u0219i datorit\u0103 circula\u021biei continue a aerului prin unitate, umiditatea relativ\u0103 a aerului scade treptat p\u00e2n\u0103 la o valoare predeterminat\u0103. \u00cen func\u021bie de temperatur\u0103 \u0219i umiditate relativ\u0103, umiditatea condensat\u0103 poate fi desc\u0103rcat\u0103 continuu sau numai \u00een anumite faze de decongelare. Condensatul poate fi \u00eendep\u0103rtat at\u00e2t dintr-un rezervor deta\u0219abil situat \u00een interiorul usc\u0103torului, c\u00e2t \u0219i direct la canalizare.<\/p>\n","protected":false},"excerpt":{"rendered":"<p>Capacitate de uscare: 50 l \/ zi (la 30\u2103 umiditate 80%) sau 30 l \/ zi (la 27\u2103 umiditate 60%)<br \/>\nPutere nominal\u0103: 700 W<br \/>\nPutere nominal\u0103: 950 W<br \/>\nSuprafa\u021b\u0103 recomandat\u0103: 50-120 m2<br \/>\nTemperatura de operare: 5-35c<br \/>\nUmiditate: 20 &#8211; 90%<br \/>\nFlux de aer: 500 m3 \/ h<br \/>\nCompresor: rotativ<br \/>\nManagement: electronic, cronometru pornit \/ oprit.<br \/>\nRezervor de ap\u0103: 7 litri<br \/>\nNivel de zgomot: 56dB<br \/>\nGreutate: 30 kg<\/p>\n","protected":false},"featured_media":5305,"template":"","meta":[],"product_brand":[],"product_cat":[354],"product_tag":[],"class_list":{"0":"post-9112","1":"product","2":"type-product","3":"status-publish","4":"has-post-thumbnail","6":"product_cat-dezumidificator-electric","8":"first","9":"instock","10":"shipping-taxable","11":"purchasable","12":"product-type-simple"},"yoast_head":"<!-- This site is optimized with the Yoast SEO plugin v27.3 - https:\/\/yoast.com\/product\/yoast-seo-wordpress\/ -->\n<title>Vrei Dezumidificator ieftine? Moldova - magazine, preturi, oferte.<\/title>\n<meta name=\"description\" content=\"Descoprea Dezumidificator la PRETURI de importator \u25bb Vezi OFERTELE pe site! Cumpara acum Dezumidificator - Kamoto.md Dezumidificator electric KAMOTO D700\" \/>\n<meta name=\"robots\" content=\"index, follow, max-snippet:-1, max-image-preview:large, max-video-preview:-1\" \/>\n<link rel=\"canonical\" href=\"https:\/\/kamoto.md\/ro\/shop\/tehnica-de-climatizare\/dezumidificator-electric\/dezumidificator-electric-kamoto-d70050\/\" \/>\n<meta property=\"og:locale\" content=\"ro_RO\" \/>\n<meta property=\"og:type\" content=\"article\" \/>\n<meta property=\"og:title\" content=\"Vrei Dezumidificator ieftine? Moldova - magazine, preturi, oferte.\" \/>\n<meta property=\"og:description\" content=\"Descoprea Dezumidificator la PRETURI de importator \u25bb Vezi OFERTELE pe site! Cumpara acum Dezumidificator - Kamoto.md Dezumidificator electric KAMOTO D700\" \/>\n<meta property=\"og:url\" content=\"https:\/\/kamoto.md\/ro\/shop\/tehnica-de-climatizare\/dezumidificator-electric\/dezumidificator-electric-kamoto-d70050\/\" \/>\n<meta property=\"og:site_name\" content=\"Kamoto.md\" \/>\n<meta property=\"article:modified_time\" content=\"2026-02-27T14:24:43+00:00\" \/>\n<meta property=\"og:image\" content=\"https:\/\/kamoto.md\/wp-content\/uploads\/2021\/05\/logo2.png\" \/>\n\t<meta property=\"og:image:width\" content=\"1000\" \/>\n\t<meta property=\"og:image:height\" content=\"1000\" \/>\n\t<meta property=\"og:image:type\" content=\"image\/png\" \/>\n<meta name=\"twitter:card\" content=\"summary_large_image\" \/>\n<meta name=\"twitter:label1\" content=\"Timp estimat pentru citire\" \/>\n\t<meta name=\"twitter:data1\" content=\"1 minut\" \/>\n<script type=\"application\/ld+json\" class=\"yoast-schema-graph\">{\"@context\":\"https:\\\/\\\/schema.org\",\"@graph\":[{\"@type\":[\"WebPage\",\"ItemPage\"],\"@id\":\"https:\\\/\\\/kamoto.md\\\/ro\\\/shop\\\/tehnica-de-climatizare\\\/dezumidificator-electric\\\/dezumidificator-electric-kamoto-d70050\\\/\",\"url\":\"https:\\\/\\\/kamoto.md\\\/ro\\\/shop\\\/tehnica-de-climatizare\\\/dezumidificator-electric\\\/dezumidificator-electric-kamoto-d70050\\\/\",\"name\":\"Vrei Dezumidificator ieftine? Moldova - magazine, preturi, oferte.\",\"isPartOf\":{\"@id\":\"https:\\\/\\\/kamoto.md\\\/ro\\\/#website\"},\"primaryImageOfPage\":{\"@id\":\"https:\\\/\\\/kamoto.md\\\/ro\\\/shop\\\/tehnica-de-climatizare\\\/dezumidificator-electric\\\/dezumidificator-electric-kamoto-d70050\\\/#primaryimage\"},\"image\":{\"@id\":\"https:\\\/\\\/kamoto.md\\\/ro\\\/shop\\\/tehnica-de-climatizare\\\/dezumidificator-electric\\\/dezumidificator-electric-kamoto-d70050\\\/#primaryimage\"},\"thumbnailUrl\":\"https:\\\/\\\/kamoto.md\\\/wp-content\\\/uploads\\\/2019\\\/11\\\/0001-7.jpg\",\"datePublished\":\"2019-11-05T12:50:39+00:00\",\"dateModified\":\"2026-02-27T14:24:43+00:00\",\"description\":\"Descoprea Dezumidificator la PRETURI de importator \u25bb Vezi OFERTELE pe site! Cumpara acum Dezumidificator - Kamoto.md Dezumidificator electric KAMOTO D700\",\"breadcrumb\":{\"@id\":\"https:\\\/\\\/kamoto.md\\\/ro\\\/shop\\\/tehnica-de-climatizare\\\/dezumidificator-electric\\\/dezumidificator-electric-kamoto-d70050\\\/#breadcrumb\"},\"inLanguage\":\"ro-RO\",\"potentialAction\":[{\"@type\":\"ReadAction\",\"target\":[\"https:\\\/\\\/kamoto.md\\\/ro\\\/shop\\\/tehnica-de-climatizare\\\/dezumidificator-electric\\\/dezumidificator-electric-kamoto-d70050\\\/\"]}]},{\"@type\":\"ImageObject\",\"inLanguage\":\"ro-RO\",\"@id\":\"https:\\\/\\\/kamoto.md\\\/ro\\\/shop\\\/tehnica-de-climatizare\\\/dezumidificator-electric\\\/dezumidificator-electric-kamoto-d70050\\\/#primaryimage\",\"url\":\"https:\\\/\\\/kamoto.md\\\/wp-content\\\/uploads\\\/2019\\\/11\\\/0001-7.jpg\",\"contentUrl\":\"https:\\\/\\\/kamoto.md\\\/wp-content\\\/uploads\\\/2019\\\/11\\\/0001-7.jpg\",\"width\":1000,\"height\":1000},{\"@type\":\"BreadcrumbList\",\"@id\":\"https:\\\/\\\/kamoto.md\\\/ro\\\/shop\\\/tehnica-de-climatizare\\\/dezumidificator-electric\\\/dezumidificator-electric-kamoto-d70050\\\/#breadcrumb\",\"itemListElement\":[{\"@type\":\"ListItem\",\"position\":1,\"name\":\"\u0413\u043b\u0430\u0432\u043d\u0430\u044f \u0441\u0442\u0440\u0430\u043d\u0438\u0446\u0430\",\"item\":\"https:\\\/\\\/kamoto.md\\\/ro\\\/\"},{\"@type\":\"ListItem\",\"position\":2,\"name\":\"Catalog\",\"item\":\"https:\\\/\\\/kamoto.md\\\/ro\\\/catalog\\\/\"},{\"@type\":\"ListItem\",\"position\":3,\"name\":\"Tehnic\u0103 de climatizare\",\"item\":\"https:\\\/\\\/kamoto.md\\\/ro\\\/catalog\\\/tehnica-de-climatizare\\\/\"},{\"@type\":\"ListItem\",\"position\":4,\"name\":\"Dezumidificator electric\",\"item\":\"https:\\\/\\\/kamoto.md\\\/ro\\\/catalog\\\/tehnica-de-climatizare\\\/dezumidificator-electric\\\/\"},{\"@type\":\"ListItem\",\"position\":5,\"name\":\"Dezumidificator electric KAMOTO D700\"}]},{\"@type\":\"WebSite\",\"@id\":\"https:\\\/\\\/kamoto.md\\\/ro\\\/#website\",\"url\":\"https:\\\/\\\/kamoto.md\\\/ro\\\/\",\"name\":\"Kamoto.MD\",\"description\":\"\u0418\u043d\u0442\u0435\u0440\u043d\u0435\u0442 \u043c\u0430\u0433\u0430\u0437\u0438\u043d \u044d\u043b\u0435\u043a\u0442\u0440\u043e\u0438\u043d\u0441\u0442\u0440\u0443\u043c\u0435\u043d\u0442\u0430, \u0441\u0430\u0434\u043e\u0432\u043e\u0439 \u0438 \u0441\u0438\u043b\u043e\u0432\u043e\u0439 \u0442\u0435\u0445\u043d\u0438\u043a\u0438.\",\"publisher\":{\"@id\":\"https:\\\/\\\/kamoto.md\\\/ro\\\/#organization\"},\"potentialAction\":[{\"@type\":\"SearchAction\",\"target\":{\"@type\":\"EntryPoint\",\"urlTemplate\":\"https:\\\/\\\/kamoto.md\\\/ro\\\/?s={search_term_string}\"},\"query-input\":{\"@type\":\"PropertyValueSpecification\",\"valueRequired\":true,\"valueName\":\"search_term_string\"}}],\"inLanguage\":\"ro-RO\"},{\"@type\":\"Organization\",\"@id\":\"https:\\\/\\\/kamoto.md\\\/ro\\\/#organization\",\"name\":\"Kamoto S.R.L.\",\"url\":\"https:\\\/\\\/kamoto.md\\\/ro\\\/\",\"logo\":{\"@type\":\"ImageObject\",\"inLanguage\":\"ro-RO\",\"@id\":\"https:\\\/\\\/kamoto.md\\\/ro\\\/#\\\/schema\\\/logo\\\/image\\\/\",\"url\":\"https:\\\/\\\/kamoto.md\\\/wp-content\\\/uploads\\\/2017\\\/08\\\/logo.png\",\"contentUrl\":\"https:\\\/\\\/kamoto.md\\\/wp-content\\\/uploads\\\/2017\\\/08\\\/logo.png\",\"width\":323,\"height\":50,\"caption\":\"Kamoto S.R.L.\"},\"image\":{\"@id\":\"https:\\\/\\\/kamoto.md\\\/ro\\\/#\\\/schema\\\/logo\\\/image\\\/\"}}]}<\/script>\n<!-- \/ Yoast SEO plugin. -->","yoast_head_json":{"title":"Vrei Dezumidificator ieftine? Moldova - magazine, preturi, oferte.","description":"Descoprea Dezumidificator la PRETURI de importator \u25bb Vezi OFERTELE pe site! Cumpara acum Dezumidificator - Kamoto.md Dezumidificator electric KAMOTO D700","robots":{"index":"index","follow":"follow","max-snippet":"max-snippet:-1","max-image-preview":"max-image-preview:large","max-video-preview":"max-video-preview:-1"},"canonical":"https:\/\/kamoto.md\/ro\/shop\/tehnica-de-climatizare\/dezumidificator-electric\/dezumidificator-electric-kamoto-d70050\/","og_locale":"ro_RO","og_type":"article","og_title":"Vrei Dezumidificator ieftine? Moldova - magazine, preturi, oferte.","og_description":"Descoprea Dezumidificator la PRETURI de importator \u25bb Vezi OFERTELE pe site! Cumpara acum Dezumidificator - Kamoto.md Dezumidificator electric KAMOTO D700","og_url":"https:\/\/kamoto.md\/ro\/shop\/tehnica-de-climatizare\/dezumidificator-electric\/dezumidificator-electric-kamoto-d70050\/","og_site_name":"Kamoto.md","article_modified_time":"2026-02-27T14:24:43+00:00","og_image":[{"width":1000,"height":1000,"url":"https:\/\/kamoto.md\/wp-content\/uploads\/2021\/05\/logo2.png","type":"image\/png"}],"twitter_card":"summary_large_image","twitter_misc":{"Timp estimat pentru citire":"1 minut"},"schema":{"@context":"https:\/\/schema.org","@graph":[{"@type":["WebPage","ItemPage"],"@id":"https:\/\/kamoto.md\/ro\/shop\/tehnica-de-climatizare\/dezumidificator-electric\/dezumidificator-electric-kamoto-d70050\/","url":"https:\/\/kamoto.md\/ro\/shop\/tehnica-de-climatizare\/dezumidificator-electric\/dezumidificator-electric-kamoto-d70050\/","name":"Vrei Dezumidificator ieftine? Moldova - magazine, preturi, oferte.","isPartOf":{"@id":"https:\/\/kamoto.md\/ro\/#website"},"primaryImageOfPage":{"@id":"https:\/\/kamoto.md\/ro\/shop\/tehnica-de-climatizare\/dezumidificator-electric\/dezumidificator-electric-kamoto-d70050\/#primaryimage"},"image":{"@id":"https:\/\/kamoto.md\/ro\/shop\/tehnica-de-climatizare\/dezumidificator-electric\/dezumidificator-electric-kamoto-d70050\/#primaryimage"},"thumbnailUrl":"https:\/\/kamoto.md\/wp-content\/uploads\/2019\/11\/0001-7.jpg","datePublished":"2019-11-05T12:50:39+00:00","dateModified":"2026-02-27T14:24:43+00:00","description":"Descoprea Dezumidificator la PRETURI de importator \u25bb Vezi OFERTELE pe site! Cumpara acum Dezumidificator - Kamoto.md Dezumidificator electric KAMOTO D700","breadcrumb":{"@id":"https:\/\/kamoto.md\/ro\/shop\/tehnica-de-climatizare\/dezumidificator-electric\/dezumidificator-electric-kamoto-d70050\/#breadcrumb"},"inLanguage":"ro-RO","potentialAction":[{"@type":"ReadAction","target":["https:\/\/kamoto.md\/ro\/shop\/tehnica-de-climatizare\/dezumidificator-electric\/dezumidificator-electric-kamoto-d70050\/"]}]},{"@type":"ImageObject","inLanguage":"ro-RO","@id":"https:\/\/kamoto.md\/ro\/shop\/tehnica-de-climatizare\/dezumidificator-electric\/dezumidificator-electric-kamoto-d70050\/#primaryimage","url":"https:\/\/kamoto.md\/wp-content\/uploads\/2019\/11\/0001-7.jpg","contentUrl":"https:\/\/kamoto.md\/wp-content\/uploads\/2019\/11\/0001-7.jpg","width":1000,"height":1000},{"@type":"BreadcrumbList","@id":"https:\/\/kamoto.md\/ro\/shop\/tehnica-de-climatizare\/dezumidificator-electric\/dezumidificator-electric-kamoto-d70050\/#breadcrumb","itemListElement":[{"@type":"ListItem","position":1,"name":"\u0413\u043b\u0430\u0432\u043d\u0430\u044f \u0441\u0442\u0440\u0430\u043d\u0438\u0446\u0430","item":"https:\/\/kamoto.md\/ro\/"},{"@type":"ListItem","position":2,"name":"Catalog","item":"https:\/\/kamoto.md\/ro\/catalog\/"},{"@type":"ListItem","position":3,"name":"Tehnic\u0103 de climatizare","item":"https:\/\/kamoto.md\/ro\/catalog\/tehnica-de-climatizare\/"},{"@type":"ListItem","position":4,"name":"Dezumidificator electric","item":"https:\/\/kamoto.md\/ro\/catalog\/tehnica-de-climatizare\/dezumidificator-electric\/"},{"@type":"ListItem","position":5,"name":"Dezumidificator electric KAMOTO D700"}]},{"@type":"WebSite","@id":"https:\/\/kamoto.md\/ro\/#website","url":"https:\/\/kamoto.md\/ro\/","name":"Kamoto.MD","description":"\u0418\u043d\u0442\u0435\u0440\u043d\u0435\u0442 \u043c\u0430\u0433\u0430\u0437\u0438\u043d \u044d\u043b\u0435\u043a\u0442\u0440\u043e\u0438\u043d\u0441\u0442\u0440\u0443\u043c\u0435\u043d\u0442\u0430, \u0441\u0430\u0434\u043e\u0432\u043e\u0439 \u0438 \u0441\u0438\u043b\u043e\u0432\u043e\u0439 \u0442\u0435\u0445\u043d\u0438\u043a\u0438.","publisher":{"@id":"https:\/\/kamoto.md\/ro\/#organization"},"potentialAction":[{"@type":"SearchAction","target":{"@type":"EntryPoint","urlTemplate":"https:\/\/kamoto.md\/ro\/?s={search_term_string}"},"query-input":{"@type":"PropertyValueSpecification","valueRequired":true,"valueName":"search_term_string"}}],"inLanguage":"ro-RO"},{"@type":"Organization","@id":"https:\/\/kamoto.md\/ro\/#organization","name":"Kamoto S.R.L.","url":"https:\/\/kamoto.md\/ro\/","logo":{"@type":"ImageObject","inLanguage":"ro-RO","@id":"https:\/\/kamoto.md\/ro\/#\/schema\/logo\/image\/","url":"https:\/\/kamoto.md\/wp-content\/uploads\/2017\/08\/logo.png","contentUrl":"https:\/\/kamoto.md\/wp-content\/uploads\/2017\/08\/logo.png","width":323,"height":50,"caption":"Kamoto S.R.L."},"image":{"@id":"https:\/\/kamoto.md\/ro\/#\/schema\/logo\/image\/"}}]}},"_links":{"self":[{"href":"https:\/\/kamoto.md\/ro\/wp-json\/wp\/v2\/product\/9112","targetHints":{"allow":["GET"]}}],"collection":[{"href":"https:\/\/kamoto.md\/ro\/wp-json\/wp\/v2\/product"}],"about":[{"href":"https:\/\/kamoto.md\/ro\/wp-json\/wp\/v2\/types\/product"}],"wp:featuredmedia":[{"embeddable":true,"href":"https:\/\/kamoto.md\/ro\/wp-json\/wp\/v2\/media\/5305"}],"wp:attachment":[{"href":"https:\/\/kamoto.md\/ro\/wp-json\/wp\/v2\/media?parent=9112"}],"wp:term":[{"taxonomy":"product_brand","embeddable":true,"href":"https:\/\/kamoto.md\/ro\/wp-json\/wp\/v2\/product_brand?post=9112"},{"taxonomy":"product_cat","embeddable":true,"href":"https:\/\/kamoto.md\/ro\/wp-json\/wp\/v2\/product_cat?post=9112"},{"taxonomy":"product_tag","embeddable":true,"href":"https:\/\/kamoto.md\/ro\/wp-json\/wp\/v2\/product_tag?post=9112"}],"curies":[{"name":"wp","href":"https:\/\/api.w.org\/{rel}","templated":true}]}}