{"id":9113,"date":"2019-11-27T21:14:43","date_gmt":"2019-11-27T19:14:43","guid":{"rendered":"https:\/\/kamoto.md\/shop\/fara-categorie\/betoniera-kamoto-bm130\/"},"modified":"2026-02-27T13:23:27","modified_gmt":"2026-02-27T11:23:27","slug":"betoniera-kamoto-bm130","status":"publish","type":"product","link":"https:\/\/kamoto.md\/ro\/shop\/utilaje-pentru-constructii\/betoniere\/betoniera-kamoto-bm130\/","title":{"rendered":"Betonier\u0103 KAMOTO BM130"},"content":{"rendered":"<p>Betoniera KAMOTO BM130 cu func\u021bionare continu\u0103 este destinat\u0103 prepar\u0103rii amestecurilor de beton pe \u0219antiere cu un volum mic de beton \u0219i lucr\u0103rilor de finisare \u00een construc\u021bia de case, cabane, garaje, repara\u021bii ale cl\u0103dirilor, produc\u021bia de dale de pavaj etc.<\/p>\n<p><a href=\"https:\/\/kamoto.md\/rekomendatsii\/kakogo-tipa-betonomeshalku-vybrat\/\"><strong>CE TIP DE BETONIER\u0102 AR TREBUI S\u0102 ALEG?<\/strong><\/a><\/p>\n","protected":false},"excerpt":{"rendered":"<p>Tip malaxor: cu angrenaj<br \/>\nVolumul rezervorului: 130 l<br \/>\nVolumul amestecului gata preparat: 88 l<br \/>\nPuterea motorului: 375 W<br \/>\nTensiunea re\u021belei: 220 V<br \/>\nFrecven\u021ba curentului 50: Hz<br \/>\nDimensiunea orificiului de alimentare: 370 mm<br \/>\nViteza rezervorului: 23 rpm<br \/>\nGreutate: 50 kg<\/p>\n","protected":false},"featured_media":8871,"template":"","meta":[],"product_brand":[],"product_cat":[311],"product_tag":[],"class_list":{"0":"post-9113","1":"product","2":"type-product","3":"status-publish","4":"has-post-thumbnail","6":"product_cat-betoniere","8":"first","9":"outofstock","10":"shipping-taxable","11":"product-type-simple"},"yoast_head":"<!-- This site is optimized with the Yoast SEO plugin v27.3 - https:\/\/yoast.com\/product\/yoast-seo-wordpress\/ -->\n<title>Cump\u0103ra\u021bi betonier\u0103 \u00een Moldova - % Betonier\u0103 ieftin\u0103<\/title>\n<meta name=\"description\" content=\"C\u0103uta\u021bi de unde s\u0103 cump\u0103ra\u021bi Betonier\u0103 din stoc \u00een Kishinev? \u2705 Selec\u021bie larg\u0103 \u0219i pre\u021buri mici\u2b50 La Kamoto.md pute\u021bi ridica cu o garan\u021bie \u2705 Betonier\u0103\" \/>\n<meta name=\"robots\" content=\"index, follow, max-snippet:-1, max-image-preview:large, max-video-preview:-1\" \/>\n<link rel=\"canonical\" href=\"https:\/\/kamoto.md\/ro\/shop\/utilaje-pentru-constructii\/betoniere\/betoniera-kamoto-bm130\/\" \/>\n<meta property=\"og:locale\" content=\"ro_RO\" \/>\n<meta property=\"og:type\" content=\"article\" \/>\n<meta property=\"og:title\" content=\"Cump\u0103ra\u021bi betonier\u0103 \u00een Moldova - % Betonier\u0103 ieftin\u0103\" \/>\n<meta property=\"og:description\" content=\"C\u0103uta\u021bi de unde s\u0103 cump\u0103ra\u021bi Betonier\u0103 din stoc \u00een Kishinev? \u2705 Selec\u021bie larg\u0103 \u0219i pre\u021buri mici\u2b50 La Kamoto.md pute\u021bi ridica cu o garan\u021bie \u2705 Betonier\u0103\" \/>\n<meta property=\"og:url\" content=\"https:\/\/kamoto.md\/ro\/shop\/utilaje-pentru-constructii\/betoniere\/betoniera-kamoto-bm130\/\" \/>\n<meta property=\"og:site_name\" content=\"Kamoto.md\" \/>\n<meta property=\"article:modified_time\" content=\"2026-02-27T11:23:27+00:00\" \/>\n<meta property=\"og:image\" content=\"https:\/\/kamoto.md\/wp-content\/uploads\/2021\/05\/logo2.png\" \/>\n\t<meta property=\"og:image:width\" content=\"1000\" \/>\n\t<meta property=\"og:image:height\" content=\"1000\" \/>\n\t<meta property=\"og:image:type\" content=\"image\/png\" \/>\n<meta name=\"twitter:card\" content=\"summary_large_image\" \/>\n<meta name=\"twitter:label1\" content=\"Timp estimat pentru citire\" \/>\n\t<meta name=\"twitter:data1\" content=\"1 minut\" \/>\n<script type=\"application\/ld+json\" class=\"yoast-schema-graph\">{\"@context\":\"https:\\\/\\\/schema.org\",\"@graph\":[{\"@type\":[\"WebPage\",\"ItemPage\"],\"@id\":\"https:\\\/\\\/kamoto.md\\\/ro\\\/shop\\\/utilaje-pentru-constructii\\\/betoniere\\\/betoniera-kamoto-bm130\\\/\",\"url\":\"https:\\\/\\\/kamoto.md\\\/ro\\\/shop\\\/utilaje-pentru-constructii\\\/betoniere\\\/betoniera-kamoto-bm130\\\/\",\"name\":\"Cump\u0103ra\u021bi betonier\u0103 \u00een Moldova - % Betonier\u0103 ieftin\u0103\",\"isPartOf\":{\"@id\":\"https:\\\/\\\/kamoto.md\\\/ro\\\/#website\"},\"primaryImageOfPage\":{\"@id\":\"https:\\\/\\\/kamoto.md\\\/ro\\\/shop\\\/utilaje-pentru-constructii\\\/betoniere\\\/betoniera-kamoto-bm130\\\/#primaryimage\"},\"image\":{\"@id\":\"https:\\\/\\\/kamoto.md\\\/ro\\\/shop\\\/utilaje-pentru-constructii\\\/betoniere\\\/betoniera-kamoto-bm130\\\/#primaryimage\"},\"thumbnailUrl\":\"https:\\\/\\\/kamoto.md\\\/wp-content\\\/uploads\\\/2019\\\/11\\\/IMGP0772-kopiya.jpg\",\"datePublished\":\"2019-11-27T19:14:43+00:00\",\"dateModified\":\"2026-02-27T11:23:27+00:00\",\"description\":\"C\u0103uta\u021bi de unde s\u0103 cump\u0103ra\u021bi Betonier\u0103 din stoc \u00een Kishinev? \u2705 Selec\u021bie larg\u0103 \u0219i pre\u021buri mici\u2b50 La Kamoto.md pute\u021bi ridica cu o garan\u021bie \u2705 Betonier\u0103\",\"breadcrumb\":{\"@id\":\"https:\\\/\\\/kamoto.md\\\/ro\\\/shop\\\/utilaje-pentru-constructii\\\/betoniere\\\/betoniera-kamoto-bm130\\\/#breadcrumb\"},\"inLanguage\":\"ro-RO\",\"potentialAction\":[{\"@type\":\"ReadAction\",\"target\":[\"https:\\\/\\\/kamoto.md\\\/ro\\\/shop\\\/utilaje-pentru-constructii\\\/betoniere\\\/betoniera-kamoto-bm130\\\/\"]}]},{\"@type\":\"ImageObject\",\"inLanguage\":\"ro-RO\",\"@id\":\"https:\\\/\\\/kamoto.md\\\/ro\\\/shop\\\/utilaje-pentru-constructii\\\/betoniere\\\/betoniera-kamoto-bm130\\\/#primaryimage\",\"url\":\"https:\\\/\\\/kamoto.md\\\/wp-content\\\/uploads\\\/2019\\\/11\\\/IMGP0772-kopiya.jpg\",\"contentUrl\":\"https:\\\/\\\/kamoto.md\\\/wp-content\\\/uploads\\\/2019\\\/11\\\/IMGP0772-kopiya.jpg\",\"width\":1800,\"height\":1800},{\"@type\":\"BreadcrumbList\",\"@id\":\"https:\\\/\\\/kamoto.md\\\/ro\\\/shop\\\/utilaje-pentru-constructii\\\/betoniere\\\/betoniera-kamoto-bm130\\\/#breadcrumb\",\"itemListElement\":[{\"@type\":\"ListItem\",\"position\":1,\"name\":\"\u0413\u043b\u0430\u0432\u043d\u0430\u044f \u0441\u0442\u0440\u0430\u043d\u0438\u0446\u0430\",\"item\":\"https:\\\/\\\/kamoto.md\\\/ro\\\/\"},{\"@type\":\"ListItem\",\"position\":2,\"name\":\"Catalog\",\"item\":\"https:\\\/\\\/kamoto.md\\\/ro\\\/catalog\\\/\"},{\"@type\":\"ListItem\",\"position\":3,\"name\":\"Utilaje pentru construc\u021bii\",\"item\":\"https:\\\/\\\/kamoto.md\\\/ro\\\/catalog\\\/utilaje-pentru-constructii\\\/\"},{\"@type\":\"ListItem\",\"position\":4,\"name\":\"Betoniere\",\"item\":\"https:\\\/\\\/kamoto.md\\\/ro\\\/catalog\\\/utilaje-pentru-constructii\\\/betoniere\\\/\"},{\"@type\":\"ListItem\",\"position\":5,\"name\":\"Betonier\u0103 KAMOTO BM130\"}]},{\"@type\":\"WebSite\",\"@id\":\"https:\\\/\\\/kamoto.md\\\/ro\\\/#website\",\"url\":\"https:\\\/\\\/kamoto.md\\\/ro\\\/\",\"name\":\"Kamoto.MD\",\"description\":\"\u0418\u043d\u0442\u0435\u0440\u043d\u0435\u0442 \u043c\u0430\u0433\u0430\u0437\u0438\u043d \u044d\u043b\u0435\u043a\u0442\u0440\u043e\u0438\u043d\u0441\u0442\u0440\u0443\u043c\u0435\u043d\u0442\u0430, \u0441\u0430\u0434\u043e\u0432\u043e\u0439 \u0438 \u0441\u0438\u043b\u043e\u0432\u043e\u0439 \u0442\u0435\u0445\u043d\u0438\u043a\u0438.\",\"publisher\":{\"@id\":\"https:\\\/\\\/kamoto.md\\\/ro\\\/#organization\"},\"potentialAction\":[{\"@type\":\"SearchAction\",\"target\":{\"@type\":\"EntryPoint\",\"urlTemplate\":\"https:\\\/\\\/kamoto.md\\\/ro\\\/?s={search_term_string}\"},\"query-input\":{\"@type\":\"PropertyValueSpecification\",\"valueRequired\":true,\"valueName\":\"search_term_string\"}}],\"inLanguage\":\"ro-RO\"},{\"@type\":\"Organization\",\"@id\":\"https:\\\/\\\/kamoto.md\\\/ro\\\/#organization\",\"name\":\"Kamoto S.R.L.\",\"url\":\"https:\\\/\\\/kamoto.md\\\/ro\\\/\",\"logo\":{\"@type\":\"ImageObject\",\"inLanguage\":\"ro-RO\",\"@id\":\"https:\\\/\\\/kamoto.md\\\/ro\\\/#\\\/schema\\\/logo\\\/image\\\/\",\"url\":\"https:\\\/\\\/kamoto.md\\\/wp-content\\\/uploads\\\/2017\\\/08\\\/logo.png\",\"contentUrl\":\"https:\\\/\\\/kamoto.md\\\/wp-content\\\/uploads\\\/2017\\\/08\\\/logo.png\",\"width\":323,\"height\":50,\"caption\":\"Kamoto S.R.L.\"},\"image\":{\"@id\":\"https:\\\/\\\/kamoto.md\\\/ro\\\/#\\\/schema\\\/logo\\\/image\\\/\"}}]}<\/script>\n<!-- \/ Yoast SEO plugin. -->","yoast_head_json":{"title":"Cump\u0103ra\u021bi betonier\u0103 \u00een Moldova - % Betonier\u0103 ieftin\u0103","description":"C\u0103uta\u021bi de unde s\u0103 cump\u0103ra\u021bi Betonier\u0103 din stoc \u00een Kishinev? \u2705 Selec\u021bie larg\u0103 \u0219i pre\u021buri mici\u2b50 La Kamoto.md pute\u021bi ridica cu o garan\u021bie \u2705 Betonier\u0103","robots":{"index":"index","follow":"follow","max-snippet":"max-snippet:-1","max-image-preview":"max-image-preview:large","max-video-preview":"max-video-preview:-1"},"canonical":"https:\/\/kamoto.md\/ro\/shop\/utilaje-pentru-constructii\/betoniere\/betoniera-kamoto-bm130\/","og_locale":"ro_RO","og_type":"article","og_title":"Cump\u0103ra\u021bi betonier\u0103 \u00een Moldova - % Betonier\u0103 ieftin\u0103","og_description":"C\u0103uta\u021bi de unde s\u0103 cump\u0103ra\u021bi Betonier\u0103 din stoc \u00een Kishinev? \u2705 Selec\u021bie larg\u0103 \u0219i pre\u021buri mici\u2b50 La Kamoto.md pute\u021bi ridica cu o garan\u021bie \u2705 Betonier\u0103","og_url":"https:\/\/kamoto.md\/ro\/shop\/utilaje-pentru-constructii\/betoniere\/betoniera-kamoto-bm130\/","og_site_name":"Kamoto.md","article_modified_time":"2026-02-27T11:23:27+00:00","og_image":[{"width":1000,"height":1000,"url":"https:\/\/kamoto.md\/wp-content\/uploads\/2021\/05\/logo2.png","type":"image\/png"}],"twitter_card":"summary_large_image","twitter_misc":{"Timp estimat pentru citire":"1 minut"},"schema":{"@context":"https:\/\/schema.org","@graph":[{"@type":["WebPage","ItemPage"],"@id":"https:\/\/kamoto.md\/ro\/shop\/utilaje-pentru-constructii\/betoniere\/betoniera-kamoto-bm130\/","url":"https:\/\/kamoto.md\/ro\/shop\/utilaje-pentru-constructii\/betoniere\/betoniera-kamoto-bm130\/","name":"Cump\u0103ra\u021bi betonier\u0103 \u00een Moldova - % Betonier\u0103 ieftin\u0103","isPartOf":{"@id":"https:\/\/kamoto.md\/ro\/#website"},"primaryImageOfPage":{"@id":"https:\/\/kamoto.md\/ro\/shop\/utilaje-pentru-constructii\/betoniere\/betoniera-kamoto-bm130\/#primaryimage"},"image":{"@id":"https:\/\/kamoto.md\/ro\/shop\/utilaje-pentru-constructii\/betoniere\/betoniera-kamoto-bm130\/#primaryimage"},"thumbnailUrl":"https:\/\/kamoto.md\/wp-content\/uploads\/2019\/11\/IMGP0772-kopiya.jpg","datePublished":"2019-11-27T19:14:43+00:00","dateModified":"2026-02-27T11:23:27+00:00","description":"C\u0103uta\u021bi de unde s\u0103 cump\u0103ra\u021bi Betonier\u0103 din stoc \u00een Kishinev? \u2705 Selec\u021bie larg\u0103 \u0219i pre\u021buri mici\u2b50 La Kamoto.md pute\u021bi ridica cu o garan\u021bie \u2705 Betonier\u0103","breadcrumb":{"@id":"https:\/\/kamoto.md\/ro\/shop\/utilaje-pentru-constructii\/betoniere\/betoniera-kamoto-bm130\/#breadcrumb"},"inLanguage":"ro-RO","potentialAction":[{"@type":"ReadAction","target":["https:\/\/kamoto.md\/ro\/shop\/utilaje-pentru-constructii\/betoniere\/betoniera-kamoto-bm130\/"]}]},{"@type":"ImageObject","inLanguage":"ro-RO","@id":"https:\/\/kamoto.md\/ro\/shop\/utilaje-pentru-constructii\/betoniere\/betoniera-kamoto-bm130\/#primaryimage","url":"https:\/\/kamoto.md\/wp-content\/uploads\/2019\/11\/IMGP0772-kopiya.jpg","contentUrl":"https:\/\/kamoto.md\/wp-content\/uploads\/2019\/11\/IMGP0772-kopiya.jpg","width":1800,"height":1800},{"@type":"BreadcrumbList","@id":"https:\/\/kamoto.md\/ro\/shop\/utilaje-pentru-constructii\/betoniere\/betoniera-kamoto-bm130\/#breadcrumb","itemListElement":[{"@type":"ListItem","position":1,"name":"\u0413\u043b\u0430\u0432\u043d\u0430\u044f \u0441\u0442\u0440\u0430\u043d\u0438\u0446\u0430","item":"https:\/\/kamoto.md\/ro\/"},{"@type":"ListItem","position":2,"name":"Catalog","item":"https:\/\/kamoto.md\/ro\/catalog\/"},{"@type":"ListItem","position":3,"name":"Utilaje pentru construc\u021bii","item":"https:\/\/kamoto.md\/ro\/catalog\/utilaje-pentru-constructii\/"},{"@type":"ListItem","position":4,"name":"Betoniere","item":"https:\/\/kamoto.md\/ro\/catalog\/utilaje-pentru-constructii\/betoniere\/"},{"@type":"ListItem","position":5,"name":"Betonier\u0103 KAMOTO BM130"}]},{"@type":"WebSite","@id":"https:\/\/kamoto.md\/ro\/#website","url":"https:\/\/kamoto.md\/ro\/","name":"Kamoto.MD","description":"\u0418\u043d\u0442\u0435\u0440\u043d\u0435\u0442 \u043c\u0430\u0433\u0430\u0437\u0438\u043d \u044d\u043b\u0435\u043a\u0442\u0440\u043e\u0438\u043d\u0441\u0442\u0440\u0443\u043c\u0435\u043d\u0442\u0430, \u0441\u0430\u0434\u043e\u0432\u043e\u0439 \u0438 \u0441\u0438\u043b\u043e\u0432\u043e\u0439 \u0442\u0435\u0445\u043d\u0438\u043a\u0438.","publisher":{"@id":"https:\/\/kamoto.md\/ro\/#organization"},"potentialAction":[{"@type":"SearchAction","target":{"@type":"EntryPoint","urlTemplate":"https:\/\/kamoto.md\/ro\/?s={search_term_string}"},"query-input":{"@type":"PropertyValueSpecification","valueRequired":true,"valueName":"search_term_string"}}],"inLanguage":"ro-RO"},{"@type":"Organization","@id":"https:\/\/kamoto.md\/ro\/#organization","name":"Kamoto S.R.L.","url":"https:\/\/kamoto.md\/ro\/","logo":{"@type":"ImageObject","inLanguage":"ro-RO","@id":"https:\/\/kamoto.md\/ro\/#\/schema\/logo\/image\/","url":"https:\/\/kamoto.md\/wp-content\/uploads\/2017\/08\/logo.png","contentUrl":"https:\/\/kamoto.md\/wp-content\/uploads\/2017\/08\/logo.png","width":323,"height":50,"caption":"Kamoto S.R.L."},"image":{"@id":"https:\/\/kamoto.md\/ro\/#\/schema\/logo\/image\/"}}]}},"_links":{"self":[{"href":"https:\/\/kamoto.md\/ro\/wp-json\/wp\/v2\/product\/9113","targetHints":{"allow":["GET"]}}],"collection":[{"href":"https:\/\/kamoto.md\/ro\/wp-json\/wp\/v2\/product"}],"about":[{"href":"https:\/\/kamoto.md\/ro\/wp-json\/wp\/v2\/types\/product"}],"wp:featuredmedia":[{"embeddable":true,"href":"https:\/\/kamoto.md\/ro\/wp-json\/wp\/v2\/media\/8871"}],"wp:attachment":[{"href":"https:\/\/kamoto.md\/ro\/wp-json\/wp\/v2\/media?parent=9113"}],"wp:term":[{"taxonomy":"product_brand","embeddable":true,"href":"https:\/\/kamoto.md\/ro\/wp-json\/wp\/v2\/product_brand?post=9113"},{"taxonomy":"product_cat","embeddable":true,"href":"https:\/\/kamoto.md\/ro\/wp-json\/wp\/v2\/product_cat?post=9113"},{"taxonomy":"product_tag","embeddable":true,"href":"https:\/\/kamoto.md\/ro\/wp-json\/wp\/v2\/product_tag?post=9113"}],"curies":[{"name":"wp","href":"https:\/\/api.w.org\/{rel}","templated":true}]}}