{"id":9116,"date":"2019-11-05T18:11:53","date_gmt":"2019-11-05T16:11:53","guid":{"rendered":"https:\/\/kamoto.md\/shop\/fara-categorie\/masina-de-pulverizare-fara-aer-aps900200pro\/"},"modified":"2026-02-27T13:24:48","modified_gmt":"2026-02-27T11:24:48","slug":"pulverizator-de-vopsit-fara-aer-kamoto-aps900pro","status":"publish","type":"product","link":"https:\/\/kamoto.md\/ro\/shop\/utilaje-pentru-constructii\/sistem-de-pulverizare-fara-aer\/pulverizator-de-vopsit-fara-aer-kamoto-aps900pro\/","title":{"rendered":"Pulverizator de vopsit f\u0103r\u0103 aer KAMOTO APS900PRO"},"content":{"rendered":"<p>Pulverizator de vopsit f\u0103r\u0103 aer KAMOTO APS900PRO. Pulverizator cu vopsea f\u0103r\u0103 aer pentru piston pentru uz profesional ini\u021bial, pentru uz casnic DIY. Aparatul de vopsire este proiectat pentru pulverizarea f\u0103r\u0103 aer sub presiune \u00eenalt\u0103, vopsele cu v\u00e2scozitate mic\u0103 \u0219i medie, v\u00e2scozitate, nu mai mult dec\u00e2t v\u00e2scozitatea &#8222;kefirului&#8221;. Se pot folosi vopsele pe baz\u0103 de solvent \u0219i vopsele \u00een ulei. Aparatul de vopsire poate fi folosit pentru vopsirea unei case din lemn, vopsirea gardurilor, vopsirea pere\u021bilor \u0219i a tavanelor acas\u0103 \u0219i din \u021bar\u0103, pentru vopsirea \u0219i amorsarea structurilor metalice. Cu aceast\u0103 ma\u0219in\u0103 de stropit vopsea, pute\u021bi picta rapid \u0219i u\u0219or o zon\u0103 mare \u00eentr-un timp scurt.<\/p>\n<p>avantaje:<br \/>\n\u2022 viteza mare de aplicare a vopselei<br \/>\n\u2022 cantitate redus\u0103 de cea\u021b\u0103 atunci c\u00e2nd picta\u021bi cu o duz\u0103 selectat\u0103 corect<br \/>\n\u2022 economisire prin pulverizare<br \/>\n\u2022 reglarea lin\u0103 a presiunii<br \/>\n\u2022 lungimea furtunului 15 metri<\/p>\n<p>Duza este indicat\u0103 prin trei numere.<br \/>\nPrima cifr\u0103 indic\u0103 unghiul modelului de pulverizare \u00een zeci de grade.<br \/>\nNumerele r\u0103mase indic\u0103 diametrul duzei \u00een mii de un centimetru.<\/p>\n<p>Un exemplu de denumire a unei duze (duza): nr. 311<br \/>\nunghi de pulverizare num\u0103rul 3 &#8211; 30 de grade<br \/>\nnum\u0103rul 11 \u200b\u200b- diametrul g\u0103urii \u00een milimetri<\/p>\n","protected":false},"excerpt":{"rendered":"<p>Tensiune: 230 V, ~ 50 Hz<br \/>\nPutere: 900 W<br \/>\nPresiunea maxim\u0103 de pulverizare: 200 bar<br \/>\nViteza maxim\u0103 de desc\u0103rcare: 2,2 l \/ min<br \/>\nNivel de zgomot: 73,9 dB (A)<br \/>\nCerin\u021be de temperatur\u0103 ale mediului de operare: 5 \u00b0 C &#8211; 40 \u00b0 C<br \/>\nCerin\u021be pentru umiditatea mediului de lucru: 30% &#8211; 95%<br \/>\nCerin\u021be privind temperatura \u0219i transportul: 25 \u00b0 C &#8211; 55 \u00b0 C<br \/>\nDuz\u0103 (duz\u0103) \u00een set (2 buc): nr. 311, nr. 517<br \/>\nDimensiuni disponibile pentru duz\u0103 (duz\u0103): nr. 311, nr. 411, nr. 413, nr. 417, nr. 515, nr. 519, nr. 619<br \/>\nTip pomp\u0103: piston<br \/>\nFurtun de vopsea de \u00eenalt\u0103 presiune: 15 m<br \/>\nGreutate: 14,5 kg<\/p>\n","protected":false},"featured_media":9934,"template":"","meta":[],"product_brand":[],"product_cat":[359],"product_tag":[],"class_list":{"0":"post-9116","1":"product","2":"type-product","3":"status-publish","4":"has-post-thumbnail","6":"product_cat-sistem-de-pulverizare-fara-aer","8":"first","9":"instock","10":"shipping-taxable","11":"purchasable","12":"product-type-simple"},"yoast_head":"<!-- This site is optimized with the Yoast SEO plugin v27.3 - https:\/\/yoast.com\/product\/yoast-seo-wordpress\/ -->\n<title>Vrei Ma\u0219in\u0103 de pulverizare ieftine? Moldova - magazine, preturi, oferte.<\/title>\n<meta name=\"description\" content=\"Descoprea gama noastra de Ma\u0219ini de pulverizare la PRETURI de importator \u25bb Vezi OFERTELE pe site! Cumpara acum Ma\u0219in\u0103 de pulverizare - Kamoto.md\" \/>\n<meta name=\"robots\" content=\"index, follow, max-snippet:-1, max-image-preview:large, max-video-preview:-1\" \/>\n<link rel=\"canonical\" href=\"https:\/\/kamoto.md\/ro\/shop\/utilaje-pentru-constructii\/sistem-de-pulverizare-fara-aer\/pulverizator-de-vopsit-fara-aer-kamoto-aps900pro\/\" \/>\n<meta property=\"og:locale\" content=\"ro_RO\" \/>\n<meta property=\"og:type\" content=\"article\" \/>\n<meta property=\"og:title\" content=\"Vrei Ma\u0219in\u0103 de pulverizare ieftine? Moldova - magazine, preturi, oferte.\" \/>\n<meta property=\"og:description\" content=\"Descoprea gama noastra de Ma\u0219ini de pulverizare la PRETURI de importator \u25bb Vezi OFERTELE pe site! Cumpara acum Ma\u0219in\u0103 de pulverizare - Kamoto.md\" \/>\n<meta property=\"og:url\" content=\"https:\/\/kamoto.md\/ro\/shop\/utilaje-pentru-constructii\/sistem-de-pulverizare-fara-aer\/pulverizator-de-vopsit-fara-aer-kamoto-aps900pro\/\" \/>\n<meta property=\"og:site_name\" content=\"Kamoto.md\" \/>\n<meta property=\"article:modified_time\" content=\"2026-02-27T11:24:48+00:00\" \/>\n<meta property=\"og:image\" content=\"https:\/\/kamoto.md\/wp-content\/uploads\/2021\/05\/logo2.png\" \/>\n\t<meta property=\"og:image:width\" content=\"1000\" \/>\n\t<meta property=\"og:image:height\" content=\"1000\" \/>\n\t<meta property=\"og:image:type\" content=\"image\/png\" \/>\n<meta name=\"twitter:card\" content=\"summary_large_image\" \/>\n<meta name=\"twitter:label1\" content=\"Timp estimat pentru citire\" \/>\n\t<meta name=\"twitter:data1\" content=\"2 minute\" \/>\n<script type=\"application\/ld+json\" class=\"yoast-schema-graph\">{\"@context\":\"https:\\\/\\\/schema.org\",\"@graph\":[{\"@type\":[\"WebPage\",\"ItemPage\"],\"@id\":\"https:\\\/\\\/kamoto.md\\\/ro\\\/shop\\\/utilaje-pentru-constructii\\\/sistem-de-pulverizare-fara-aer\\\/pulverizator-de-vopsit-fara-aer-kamoto-aps900pro\\\/\",\"url\":\"https:\\\/\\\/kamoto.md\\\/ro\\\/shop\\\/utilaje-pentru-constructii\\\/sistem-de-pulverizare-fara-aer\\\/pulverizator-de-vopsit-fara-aer-kamoto-aps900pro\\\/\",\"name\":\"Vrei Ma\u0219in\u0103 de pulverizare ieftine? Moldova - magazine, preturi, oferte.\",\"isPartOf\":{\"@id\":\"https:\\\/\\\/kamoto.md\\\/ro\\\/#website\"},\"primaryImageOfPage\":{\"@id\":\"https:\\\/\\\/kamoto.md\\\/ro\\\/shop\\\/utilaje-pentru-constructii\\\/sistem-de-pulverizare-fara-aer\\\/pulverizator-de-vopsit-fara-aer-kamoto-aps900pro\\\/#primaryimage\"},\"image\":{\"@id\":\"https:\\\/\\\/kamoto.md\\\/ro\\\/shop\\\/utilaje-pentru-constructii\\\/sistem-de-pulverizare-fara-aer\\\/pulverizator-de-vopsit-fara-aer-kamoto-aps900pro\\\/#primaryimage\"},\"thumbnailUrl\":\"https:\\\/\\\/kamoto.md\\\/wp-content\\\/uploads\\\/2019\\\/11\\\/1_G_O_9582.jpg\",\"datePublished\":\"2019-11-05T16:11:53+00:00\",\"dateModified\":\"2026-02-27T11:24:48+00:00\",\"description\":\"Descoprea gama noastra de Ma\u0219ini de pulverizare la PRETURI de importator \u25bb Vezi OFERTELE pe site! Cumpara acum Ma\u0219in\u0103 de pulverizare - Kamoto.md\",\"breadcrumb\":{\"@id\":\"https:\\\/\\\/kamoto.md\\\/ro\\\/shop\\\/utilaje-pentru-constructii\\\/sistem-de-pulverizare-fara-aer\\\/pulverizator-de-vopsit-fara-aer-kamoto-aps900pro\\\/#breadcrumb\"},\"inLanguage\":\"ro-RO\",\"potentialAction\":[{\"@type\":\"ReadAction\",\"target\":[\"https:\\\/\\\/kamoto.md\\\/ro\\\/shop\\\/utilaje-pentru-constructii\\\/sistem-de-pulverizare-fara-aer\\\/pulverizator-de-vopsit-fara-aer-kamoto-aps900pro\\\/\"]}]},{\"@type\":\"ImageObject\",\"inLanguage\":\"ro-RO\",\"@id\":\"https:\\\/\\\/kamoto.md\\\/ro\\\/shop\\\/utilaje-pentru-constructii\\\/sistem-de-pulverizare-fara-aer\\\/pulverizator-de-vopsit-fara-aer-kamoto-aps900pro\\\/#primaryimage\",\"url\":\"https:\\\/\\\/kamoto.md\\\/wp-content\\\/uploads\\\/2019\\\/11\\\/1_G_O_9582.jpg\",\"contentUrl\":\"https:\\\/\\\/kamoto.md\\\/wp-content\\\/uploads\\\/2019\\\/11\\\/1_G_O_9582.jpg\",\"width\":1000,\"height\":1000},{\"@type\":\"BreadcrumbList\",\"@id\":\"https:\\\/\\\/kamoto.md\\\/ro\\\/shop\\\/utilaje-pentru-constructii\\\/sistem-de-pulverizare-fara-aer\\\/pulverizator-de-vopsit-fara-aer-kamoto-aps900pro\\\/#breadcrumb\",\"itemListElement\":[{\"@type\":\"ListItem\",\"position\":1,\"name\":\"\u0413\u043b\u0430\u0432\u043d\u0430\u044f \u0441\u0442\u0440\u0430\u043d\u0438\u0446\u0430\",\"item\":\"https:\\\/\\\/kamoto.md\\\/ro\\\/\"},{\"@type\":\"ListItem\",\"position\":2,\"name\":\"Catalog\",\"item\":\"https:\\\/\\\/kamoto.md\\\/ro\\\/catalog\\\/\"},{\"@type\":\"ListItem\",\"position\":3,\"name\":\"Utilaje pentru construc\u021bii\",\"item\":\"https:\\\/\\\/kamoto.md\\\/ro\\\/catalog\\\/utilaje-pentru-constructii\\\/\"},{\"@type\":\"ListItem\",\"position\":4,\"name\":\"Sistem de pulverizare f\u0103r\u0103 aer\",\"item\":\"https:\\\/\\\/kamoto.md\\\/ro\\\/catalog\\\/utilaje-pentru-constructii\\\/sistem-de-pulverizare-fara-aer\\\/\"},{\"@type\":\"ListItem\",\"position\":5,\"name\":\"Pulverizator de vopsit f\u0103r\u0103 aer KAMOTO APS900PRO\"}]},{\"@type\":\"WebSite\",\"@id\":\"https:\\\/\\\/kamoto.md\\\/ro\\\/#website\",\"url\":\"https:\\\/\\\/kamoto.md\\\/ro\\\/\",\"name\":\"Kamoto.MD\",\"description\":\"\u0418\u043d\u0442\u0435\u0440\u043d\u0435\u0442 \u043c\u0430\u0433\u0430\u0437\u0438\u043d \u044d\u043b\u0435\u043a\u0442\u0440\u043e\u0438\u043d\u0441\u0442\u0440\u0443\u043c\u0435\u043d\u0442\u0430, \u0441\u0430\u0434\u043e\u0432\u043e\u0439 \u0438 \u0441\u0438\u043b\u043e\u0432\u043e\u0439 \u0442\u0435\u0445\u043d\u0438\u043a\u0438.\",\"publisher\":{\"@id\":\"https:\\\/\\\/kamoto.md\\\/ro\\\/#organization\"},\"potentialAction\":[{\"@type\":\"SearchAction\",\"target\":{\"@type\":\"EntryPoint\",\"urlTemplate\":\"https:\\\/\\\/kamoto.md\\\/ro\\\/?s={search_term_string}\"},\"query-input\":{\"@type\":\"PropertyValueSpecification\",\"valueRequired\":true,\"valueName\":\"search_term_string\"}}],\"inLanguage\":\"ro-RO\"},{\"@type\":\"Organization\",\"@id\":\"https:\\\/\\\/kamoto.md\\\/ro\\\/#organization\",\"name\":\"Kamoto S.R.L.\",\"url\":\"https:\\\/\\\/kamoto.md\\\/ro\\\/\",\"logo\":{\"@type\":\"ImageObject\",\"inLanguage\":\"ro-RO\",\"@id\":\"https:\\\/\\\/kamoto.md\\\/ro\\\/#\\\/schema\\\/logo\\\/image\\\/\",\"url\":\"https:\\\/\\\/kamoto.md\\\/wp-content\\\/uploads\\\/2017\\\/08\\\/logo.png\",\"contentUrl\":\"https:\\\/\\\/kamoto.md\\\/wp-content\\\/uploads\\\/2017\\\/08\\\/logo.png\",\"width\":323,\"height\":50,\"caption\":\"Kamoto S.R.L.\"},\"image\":{\"@id\":\"https:\\\/\\\/kamoto.md\\\/ro\\\/#\\\/schema\\\/logo\\\/image\\\/\"}}]}<\/script>\n<!-- \/ Yoast SEO plugin. -->","yoast_head_json":{"title":"Vrei Ma\u0219in\u0103 de pulverizare ieftine? Moldova - magazine, preturi, oferte.","description":"Descoprea gama noastra de Ma\u0219ini de pulverizare la PRETURI de importator \u25bb Vezi OFERTELE pe site! Cumpara acum Ma\u0219in\u0103 de pulverizare - Kamoto.md","robots":{"index":"index","follow":"follow","max-snippet":"max-snippet:-1","max-image-preview":"max-image-preview:large","max-video-preview":"max-video-preview:-1"},"canonical":"https:\/\/kamoto.md\/ro\/shop\/utilaje-pentru-constructii\/sistem-de-pulverizare-fara-aer\/pulverizator-de-vopsit-fara-aer-kamoto-aps900pro\/","og_locale":"ro_RO","og_type":"article","og_title":"Vrei Ma\u0219in\u0103 de pulverizare ieftine? Moldova - magazine, preturi, oferte.","og_description":"Descoprea gama noastra de Ma\u0219ini de pulverizare la PRETURI de importator \u25bb Vezi OFERTELE pe site! Cumpara acum Ma\u0219in\u0103 de pulverizare - Kamoto.md","og_url":"https:\/\/kamoto.md\/ro\/shop\/utilaje-pentru-constructii\/sistem-de-pulverizare-fara-aer\/pulverizator-de-vopsit-fara-aer-kamoto-aps900pro\/","og_site_name":"Kamoto.md","article_modified_time":"2026-02-27T11:24:48+00:00","og_image":[{"width":1000,"height":1000,"url":"https:\/\/kamoto.md\/wp-content\/uploads\/2021\/05\/logo2.png","type":"image\/png"}],"twitter_card":"summary_large_image","twitter_misc":{"Timp estimat pentru citire":"2 minute"},"schema":{"@context":"https:\/\/schema.org","@graph":[{"@type":["WebPage","ItemPage"],"@id":"https:\/\/kamoto.md\/ro\/shop\/utilaje-pentru-constructii\/sistem-de-pulverizare-fara-aer\/pulverizator-de-vopsit-fara-aer-kamoto-aps900pro\/","url":"https:\/\/kamoto.md\/ro\/shop\/utilaje-pentru-constructii\/sistem-de-pulverizare-fara-aer\/pulverizator-de-vopsit-fara-aer-kamoto-aps900pro\/","name":"Vrei Ma\u0219in\u0103 de pulverizare ieftine? Moldova - magazine, preturi, oferte.","isPartOf":{"@id":"https:\/\/kamoto.md\/ro\/#website"},"primaryImageOfPage":{"@id":"https:\/\/kamoto.md\/ro\/shop\/utilaje-pentru-constructii\/sistem-de-pulverizare-fara-aer\/pulverizator-de-vopsit-fara-aer-kamoto-aps900pro\/#primaryimage"},"image":{"@id":"https:\/\/kamoto.md\/ro\/shop\/utilaje-pentru-constructii\/sistem-de-pulverizare-fara-aer\/pulverizator-de-vopsit-fara-aer-kamoto-aps900pro\/#primaryimage"},"thumbnailUrl":"https:\/\/kamoto.md\/wp-content\/uploads\/2019\/11\/1_G_O_9582.jpg","datePublished":"2019-11-05T16:11:53+00:00","dateModified":"2026-02-27T11:24:48+00:00","description":"Descoprea gama noastra de Ma\u0219ini de pulverizare la PRETURI de importator \u25bb Vezi OFERTELE pe site! Cumpara acum Ma\u0219in\u0103 de pulverizare - Kamoto.md","breadcrumb":{"@id":"https:\/\/kamoto.md\/ro\/shop\/utilaje-pentru-constructii\/sistem-de-pulverizare-fara-aer\/pulverizator-de-vopsit-fara-aer-kamoto-aps900pro\/#breadcrumb"},"inLanguage":"ro-RO","potentialAction":[{"@type":"ReadAction","target":["https:\/\/kamoto.md\/ro\/shop\/utilaje-pentru-constructii\/sistem-de-pulverizare-fara-aer\/pulverizator-de-vopsit-fara-aer-kamoto-aps900pro\/"]}]},{"@type":"ImageObject","inLanguage":"ro-RO","@id":"https:\/\/kamoto.md\/ro\/shop\/utilaje-pentru-constructii\/sistem-de-pulverizare-fara-aer\/pulverizator-de-vopsit-fara-aer-kamoto-aps900pro\/#primaryimage","url":"https:\/\/kamoto.md\/wp-content\/uploads\/2019\/11\/1_G_O_9582.jpg","contentUrl":"https:\/\/kamoto.md\/wp-content\/uploads\/2019\/11\/1_G_O_9582.jpg","width":1000,"height":1000},{"@type":"BreadcrumbList","@id":"https:\/\/kamoto.md\/ro\/shop\/utilaje-pentru-constructii\/sistem-de-pulverizare-fara-aer\/pulverizator-de-vopsit-fara-aer-kamoto-aps900pro\/#breadcrumb","itemListElement":[{"@type":"ListItem","position":1,"name":"\u0413\u043b\u0430\u0432\u043d\u0430\u044f \u0441\u0442\u0440\u0430\u043d\u0438\u0446\u0430","item":"https:\/\/kamoto.md\/ro\/"},{"@type":"ListItem","position":2,"name":"Catalog","item":"https:\/\/kamoto.md\/ro\/catalog\/"},{"@type":"ListItem","position":3,"name":"Utilaje pentru construc\u021bii","item":"https:\/\/kamoto.md\/ro\/catalog\/utilaje-pentru-constructii\/"},{"@type":"ListItem","position":4,"name":"Sistem de pulverizare f\u0103r\u0103 aer","item":"https:\/\/kamoto.md\/ro\/catalog\/utilaje-pentru-constructii\/sistem-de-pulverizare-fara-aer\/"},{"@type":"ListItem","position":5,"name":"Pulverizator de vopsit f\u0103r\u0103 aer KAMOTO APS900PRO"}]},{"@type":"WebSite","@id":"https:\/\/kamoto.md\/ro\/#website","url":"https:\/\/kamoto.md\/ro\/","name":"Kamoto.MD","description":"\u0418\u043d\u0442\u0435\u0440\u043d\u0435\u0442 \u043c\u0430\u0433\u0430\u0437\u0438\u043d \u044d\u043b\u0435\u043a\u0442\u0440\u043e\u0438\u043d\u0441\u0442\u0440\u0443\u043c\u0435\u043d\u0442\u0430, \u0441\u0430\u0434\u043e\u0432\u043e\u0439 \u0438 \u0441\u0438\u043b\u043e\u0432\u043e\u0439 \u0442\u0435\u0445\u043d\u0438\u043a\u0438.","publisher":{"@id":"https:\/\/kamoto.md\/ro\/#organization"},"potentialAction":[{"@type":"SearchAction","target":{"@type":"EntryPoint","urlTemplate":"https:\/\/kamoto.md\/ro\/?s={search_term_string}"},"query-input":{"@type":"PropertyValueSpecification","valueRequired":true,"valueName":"search_term_string"}}],"inLanguage":"ro-RO"},{"@type":"Organization","@id":"https:\/\/kamoto.md\/ro\/#organization","name":"Kamoto S.R.L.","url":"https:\/\/kamoto.md\/ro\/","logo":{"@type":"ImageObject","inLanguage":"ro-RO","@id":"https:\/\/kamoto.md\/ro\/#\/schema\/logo\/image\/","url":"https:\/\/kamoto.md\/wp-content\/uploads\/2017\/08\/logo.png","contentUrl":"https:\/\/kamoto.md\/wp-content\/uploads\/2017\/08\/logo.png","width":323,"height":50,"caption":"Kamoto S.R.L."},"image":{"@id":"https:\/\/kamoto.md\/ro\/#\/schema\/logo\/image\/"}}]}},"_links":{"self":[{"href":"https:\/\/kamoto.md\/ro\/wp-json\/wp\/v2\/product\/9116","targetHints":{"allow":["GET"]}}],"collection":[{"href":"https:\/\/kamoto.md\/ro\/wp-json\/wp\/v2\/product"}],"about":[{"href":"https:\/\/kamoto.md\/ro\/wp-json\/wp\/v2\/types\/product"}],"wp:featuredmedia":[{"embeddable":true,"href":"https:\/\/kamoto.md\/ro\/wp-json\/wp\/v2\/media\/9934"}],"wp:attachment":[{"href":"https:\/\/kamoto.md\/ro\/wp-json\/wp\/v2\/media?parent=9116"}],"wp:term":[{"taxonomy":"product_brand","embeddable":true,"href":"https:\/\/kamoto.md\/ro\/wp-json\/wp\/v2\/product_brand?post=9116"},{"taxonomy":"product_cat","embeddable":true,"href":"https:\/\/kamoto.md\/ro\/wp-json\/wp\/v2\/product_cat?post=9116"},{"taxonomy":"product_tag","embeddable":true,"href":"https:\/\/kamoto.md\/ro\/wp-json\/wp\/v2\/product_tag?post=9116"}],"curies":[{"name":"wp","href":"https:\/\/api.w.org\/{rel}","templated":true}]}}