{"id":9118,"date":"2019-11-27T22:17:29","date_gmt":"2019-11-27T20:17:29","guid":{"rendered":"https:\/\/kamoto.md\/shop\/fara-categorie\/generator-pe-benzina-kamoto-gg-6500\/"},"modified":"2026-02-27T15:58:45","modified_gmt":"2026-02-27T13:58:45","slug":"generator-pe-benzina-kamoto-gg-6500","status":"publish","type":"product","link":"https:\/\/kamoto.md\/ro\/shop\/generatoare-si-compresoare\/generatoare\/generator-pe-benzina-kamoto-gg-6500\/","title":{"rendered":"Generator pe benzina KAMOTO GG6500"},"content":{"rendered":"<p>Generator pe benzina KAMOTO GG6500. Acest generator este proiectat pentru alimentarea cu energie opera\u021bional\u0103 a proiectelor de construc\u021bii mici, ateliere mobile de urgen\u021b\u0103, unit\u0103\u021bi de construc\u021bie a drumurilor, precum \u0219i pentru alimentarea cu energie de urgen\u021b\u0103 a c\u0103su\u021belor mici, caselor de \u021bar\u0103, etc. Tensiunea de ie\u0219ire a generatorului este de 230 V. Este echipat\u0103 cu un sistem de pornire manual, un voltmetru \u0219i ie\u0219irea la 12 vol\u021bi v\u0103 permite s\u0103 re\u00eenc\u0103rca\u021bi bateria ma\u0219inii \u00een caz de urgen\u021b\u0103.<br \/>\nPuterea nominal\u0103 a generatorului este de 6 kW, maxim 6,5 kW. O astfel de putere v\u0103 permite s\u0103 conecta\u021bi \u00eentreaga unealt\u0103 electric\u0103 la generator la \u0219antierul unei case de \u021bar\u0103 mici, la mai multe \u00eentrerup\u0103toare intermediare \u00een lucr\u0103rile de repara\u021bie a drumurilor \u0219i la o ma\u0219in\u0103 de sudare (nu mai mult de 160A) &#8211; atunci c\u00e2nd elimina\u021bi accidentele din sectorul utilit\u0103\u021bilor publice. \u00cen cazul unei \u00eentreruperi a energiei electrice, generatorul poate asigura nu numai iluminarea unei case de \u021bar\u0103, ci \u0219i func\u021bionarea unei pompe de ap\u0103, a unui \u00eenc\u0103lzitor electric, aragaz electric.<br \/>\nGeneratorul este echipat cu un sistem AVR pentru a stabiliza tensiunea de ie\u0219ire la schimbarea vitezei motorului. Aceast\u0103 unitate furnizeaz\u0103 un curent de ie\u0219ire uniform\u0103, f\u0103r\u0103 supratensiuni \u0219i sc\u0103deri de tensiune, ceea ce permite generatorului s\u0103 alimenteze nu numai consumatorii obi\u0219nui\u021bi, cum ar fi l\u0103mpi de iluminat sau \u00eenc\u0103lzitoare, dar \u0219i electrocasnice, cum ar fi televizoare sau frigidere.<\/p>\n<p>Caracteristici ale generatorului:<\/p>\n<p>Generatorul sincron este proiectat pentru o putere de pornire crescut\u0103 \u0219i are o eficien\u021b\u0103 ridicat\u0103<br \/>\nun motor cu benzin\u0103 cu un singur cilindru OHV \u00een 4 timpi cu supape aeriene<br \/>\nmotorul cu arbore cu came inferior nu necesit\u0103 ad\u0103ugare de ulei la benzin\u0103<br \/>\npornire u\u0219oar\u0103 la temperaturi sc\u0103zute (sub rezerva unei selec\u021bii adecvate a uleiului)<br \/>\neficien\u021b\u0103 motorie ridicat\u0103<br \/>\nun rezervor mare v\u0103 permite s\u0103 lucra\u021bi o perioad\u0103 lung\u0103 de timp f\u0103r\u0103 realimentare<br \/>\nsistem de stabilizare a tensiunii de ie\u0219ire (NOU AVR &#8211; Regulator automat de tensiune)<br \/>\nrotorul alternator \u0219i \u00eenf\u0103\u0219urarea statorului de cupru<br \/>\nProtec\u021bia la suprasarcin\u0103 protejeaz\u0103 componentele \u0219i piesele cele mai scumpe de avarie<br \/>\ncadru armat cu capace suplimentare pentru protejarea rezervorului de gaz<br \/>\nnivel de zgomot &#8211; 74 dB<br \/>\nresurse motorii mai mult de 1000 ore<br \/>\nAtunci c\u00e2nd alege\u021bi un generator, trebuie s\u0103 lua\u021bi \u00een considerare rezerva de energie necesar\u0103 pentru func\u021bionarea corect\u0103 a dispozitivului:<\/p>\n<p>puterea total\u0103 a consumatorilor de energie electric\u0103 ar trebui s\u0103 fie mai mic\u0103 dec\u00e2t puterea generatorului<br \/>\npentru dispozitive rezistive (dispozitive F\u0102R\u0102 un motor electric: televizoare, l\u0103mpi, \u00eenc\u0103lzitoare, sobe etc.) &#8211; este necesar\u0103 o rezerv\u0103 de energie de 10%<br \/>\npentru dispozitive inductive (dispozitive care au un motor electric \u00een construc\u021bia lor: burghie, freze, echipament de gr\u0103din\u0103) &#8211; rezerva de energie trebuie s\u0103 fie la nivelul de 20%<br \/>\nmerit\u0103, de asemenea, luat \u00een considerare faptul c\u0103 curentul de pornire al dispozitivelor inductive poate dep\u0103\u0219i puterea nominal\u0103 de 3 ori<\/p>\n","protected":false},"excerpt":{"rendered":"<p>Tip: Sincron<br \/>\nTensiune nominal\u0103: 220V, 50Hz<br \/>\nPutere maxim\u0103, kW: 6,5<br \/>\nPutere nominal\u0103, kW: 6,0<br \/>\nFactor de putere: 1.0<br \/>\nIe\u0219ire continu\u0103: 12V<br \/>\nTipul motorului: 4 timpi, benzin\u0103, r\u0103cit cu aer, OHV<br \/>\nCub de volum cm: 420<br \/>\nPutere, CP: 14.0<br \/>\nCombustibil: benzin\u0103 f\u0103r\u0103 plumb A-95<br \/>\nVolumul rezervorului, l .: 25<br \/>\nSp. consum de combustibil, g \/ kWh: 395<br \/>\nConsumul de combustibil, l \/ kWh: 0,53<br \/>\nConsumul de combustibil la nominal. putere., l \/ h: 3,2<br \/>\nUlei recomandat: API 10W40&gt; SF<br \/>\nVolumul uleiului, l .: 1,1<br \/>\nStarter electric: Nu<br \/>\nKit de livrare (2 ro\u021bi + 2 m\u00e2nere): nr<br \/>\nAutostart: Nu<br \/>\nDimensiuni L \u00d7 L \u00d7 H, mm: 700\u0445540\u0445580<br \/>\nGreutate, kg: 78<\/p>\n","protected":false},"featured_media":9185,"template":"","meta":[],"product_brand":[],"product_cat":[299],"product_tag":[],"class_list":{"0":"post-9118","1":"product","2":"type-product","3":"status-publish","4":"has-post-thumbnail","6":"product_cat-generatoare","8":"first","9":"outofstock","10":"shipping-taxable","11":"product-type-simple"},"yoast_head":"<!-- This site is optimized with the Yoast SEO plugin v27.3 - https:\/\/yoast.com\/product\/yoast-seo-wordpress\/ -->\n<title>Vrei Generator pe benzina ieftine? Moldova - magazine, preturi, oferte.<\/title>\n<meta name=\"description\" content=\"Descoprea gama noastra de Generatori pe benzina la PRETURI de importator \u25bb Vezi OFERTELE pe site! Cumpara acum Generatoare pe benzina - Kamoto.md\" \/>\n<meta name=\"robots\" content=\"index, follow, max-snippet:-1, max-image-preview:large, max-video-preview:-1\" \/>\n<link rel=\"canonical\" href=\"https:\/\/kamoto.md\/ro\/shop\/generatoare-si-compresoare\/generatoare\/generator-pe-benzina-kamoto-gg-6500\/\" \/>\n<meta property=\"og:locale\" content=\"ro_RO\" \/>\n<meta property=\"og:type\" content=\"article\" \/>\n<meta property=\"og:title\" content=\"Vrei Generator pe benzina ieftine? Moldova - magazine, preturi, oferte.\" \/>\n<meta property=\"og:description\" content=\"Descoprea gama noastra de Generatori pe benzina la PRETURI de importator \u25bb Vezi OFERTELE pe site! Cumpara acum Generatoare pe benzina - Kamoto.md\" \/>\n<meta property=\"og:url\" content=\"https:\/\/kamoto.md\/ro\/shop\/generatoare-si-compresoare\/generatoare\/generator-pe-benzina-kamoto-gg-6500\/\" \/>\n<meta property=\"og:site_name\" content=\"Kamoto.md\" \/>\n<meta property=\"article:modified_time\" content=\"2026-02-27T13:58:45+00:00\" \/>\n<meta property=\"og:image\" content=\"https:\/\/kamoto.md\/wp-content\/uploads\/2021\/05\/logo2.png\" \/>\n\t<meta property=\"og:image:width\" content=\"1000\" \/>\n\t<meta property=\"og:image:height\" content=\"1000\" \/>\n\t<meta property=\"og:image:type\" content=\"image\/png\" \/>\n<meta name=\"twitter:card\" content=\"summary_large_image\" \/>\n<meta name=\"twitter:label1\" content=\"Timp estimat pentru citire\" \/>\n\t<meta name=\"twitter:data1\" content=\"3 minute\" \/>\n<script type=\"application\/ld+json\" class=\"yoast-schema-graph\">{\"@context\":\"https:\\\/\\\/schema.org\",\"@graph\":[{\"@type\":[\"WebPage\",\"ItemPage\"],\"@id\":\"https:\\\/\\\/kamoto.md\\\/ro\\\/shop\\\/generatoare-si-compresoare\\\/generatoare\\\/generator-pe-benzina-kamoto-gg-6500\\\/\",\"url\":\"https:\\\/\\\/kamoto.md\\\/ro\\\/shop\\\/generatoare-si-compresoare\\\/generatoare\\\/generator-pe-benzina-kamoto-gg-6500\\\/\",\"name\":\"Vrei Generator pe benzina ieftine? Moldova - magazine, preturi, oferte.\",\"isPartOf\":{\"@id\":\"https:\\\/\\\/kamoto.md\\\/ro\\\/#website\"},\"primaryImageOfPage\":{\"@id\":\"https:\\\/\\\/kamoto.md\\\/ro\\\/shop\\\/generatoare-si-compresoare\\\/generatoare\\\/generator-pe-benzina-kamoto-gg-6500\\\/#primaryimage\"},\"image\":{\"@id\":\"https:\\\/\\\/kamoto.md\\\/ro\\\/shop\\\/generatoare-si-compresoare\\\/generatoare\\\/generator-pe-benzina-kamoto-gg-6500\\\/#primaryimage\"},\"thumbnailUrl\":\"https:\\\/\\\/kamoto.md\\\/wp-content\\\/uploads\\\/2019\\\/11\\\/IMGP1616-kopiya-1.jpg\",\"datePublished\":\"2019-11-27T20:17:29+00:00\",\"dateModified\":\"2026-02-27T13:58:45+00:00\",\"description\":\"Descoprea gama noastra de Generatori pe benzina la PRETURI de importator \u25bb Vezi OFERTELE pe site! Cumpara acum Generatoare pe benzina - Kamoto.md\",\"breadcrumb\":{\"@id\":\"https:\\\/\\\/kamoto.md\\\/ro\\\/shop\\\/generatoare-si-compresoare\\\/generatoare\\\/generator-pe-benzina-kamoto-gg-6500\\\/#breadcrumb\"},\"inLanguage\":\"ro-RO\",\"potentialAction\":[{\"@type\":\"ReadAction\",\"target\":[\"https:\\\/\\\/kamoto.md\\\/ro\\\/shop\\\/generatoare-si-compresoare\\\/generatoare\\\/generator-pe-benzina-kamoto-gg-6500\\\/\"]}]},{\"@type\":\"ImageObject\",\"inLanguage\":\"ro-RO\",\"@id\":\"https:\\\/\\\/kamoto.md\\\/ro\\\/shop\\\/generatoare-si-compresoare\\\/generatoare\\\/generator-pe-benzina-kamoto-gg-6500\\\/#primaryimage\",\"url\":\"https:\\\/\\\/kamoto.md\\\/wp-content\\\/uploads\\\/2019\\\/11\\\/IMGP1616-kopiya-1.jpg\",\"contentUrl\":\"https:\\\/\\\/kamoto.md\\\/wp-content\\\/uploads\\\/2019\\\/11\\\/IMGP1616-kopiya-1.jpg\",\"width\":1800,\"height\":1800},{\"@type\":\"BreadcrumbList\",\"@id\":\"https:\\\/\\\/kamoto.md\\\/ro\\\/shop\\\/generatoare-si-compresoare\\\/generatoare\\\/generator-pe-benzina-kamoto-gg-6500\\\/#breadcrumb\",\"itemListElement\":[{\"@type\":\"ListItem\",\"position\":1,\"name\":\"\u0413\u043b\u0430\u0432\u043d\u0430\u044f \u0441\u0442\u0440\u0430\u043d\u0438\u0446\u0430\",\"item\":\"https:\\\/\\\/kamoto.md\\\/ro\\\/\"},{\"@type\":\"ListItem\",\"position\":2,\"name\":\"Catalog\",\"item\":\"https:\\\/\\\/kamoto.md\\\/ro\\\/catalog\\\/\"},{\"@type\":\"ListItem\",\"position\":3,\"name\":\"Generatoare si Compresoare\",\"item\":\"https:\\\/\\\/kamoto.md\\\/ro\\\/catalog\\\/generatoare-si-compresoare\\\/\"},{\"@type\":\"ListItem\",\"position\":4,\"name\":\"Generatoare\",\"item\":\"https:\\\/\\\/kamoto.md\\\/ro\\\/catalog\\\/generatoare-si-compresoare\\\/generatoare\\\/\"},{\"@type\":\"ListItem\",\"position\":5,\"name\":\"Generator pe benzina KAMOTO GG6500\"}]},{\"@type\":\"WebSite\",\"@id\":\"https:\\\/\\\/kamoto.md\\\/ro\\\/#website\",\"url\":\"https:\\\/\\\/kamoto.md\\\/ro\\\/\",\"name\":\"Kamoto.MD\",\"description\":\"\u0418\u043d\u0442\u0435\u0440\u043d\u0435\u0442 \u043c\u0430\u0433\u0430\u0437\u0438\u043d \u044d\u043b\u0435\u043a\u0442\u0440\u043e\u0438\u043d\u0441\u0442\u0440\u0443\u043c\u0435\u043d\u0442\u0430, \u0441\u0430\u0434\u043e\u0432\u043e\u0439 \u0438 \u0441\u0438\u043b\u043e\u0432\u043e\u0439 \u0442\u0435\u0445\u043d\u0438\u043a\u0438.\",\"publisher\":{\"@id\":\"https:\\\/\\\/kamoto.md\\\/ro\\\/#organization\"},\"potentialAction\":[{\"@type\":\"SearchAction\",\"target\":{\"@type\":\"EntryPoint\",\"urlTemplate\":\"https:\\\/\\\/kamoto.md\\\/ro\\\/?s={search_term_string}\"},\"query-input\":{\"@type\":\"PropertyValueSpecification\",\"valueRequired\":true,\"valueName\":\"search_term_string\"}}],\"inLanguage\":\"ro-RO\"},{\"@type\":\"Organization\",\"@id\":\"https:\\\/\\\/kamoto.md\\\/ro\\\/#organization\",\"name\":\"Kamoto S.R.L.\",\"url\":\"https:\\\/\\\/kamoto.md\\\/ro\\\/\",\"logo\":{\"@type\":\"ImageObject\",\"inLanguage\":\"ro-RO\",\"@id\":\"https:\\\/\\\/kamoto.md\\\/ro\\\/#\\\/schema\\\/logo\\\/image\\\/\",\"url\":\"https:\\\/\\\/kamoto.md\\\/wp-content\\\/uploads\\\/2017\\\/08\\\/logo.png\",\"contentUrl\":\"https:\\\/\\\/kamoto.md\\\/wp-content\\\/uploads\\\/2017\\\/08\\\/logo.png\",\"width\":323,\"height\":50,\"caption\":\"Kamoto S.R.L.\"},\"image\":{\"@id\":\"https:\\\/\\\/kamoto.md\\\/ro\\\/#\\\/schema\\\/logo\\\/image\\\/\"}}]}<\/script>\n<!-- \/ Yoast SEO plugin. -->","yoast_head_json":{"title":"Vrei Generator pe benzina ieftine? Moldova - magazine, preturi, oferte.","description":"Descoprea gama noastra de Generatori pe benzina la PRETURI de importator \u25bb Vezi OFERTELE pe site! Cumpara acum Generatoare pe benzina - Kamoto.md","robots":{"index":"index","follow":"follow","max-snippet":"max-snippet:-1","max-image-preview":"max-image-preview:large","max-video-preview":"max-video-preview:-1"},"canonical":"https:\/\/kamoto.md\/ro\/shop\/generatoare-si-compresoare\/generatoare\/generator-pe-benzina-kamoto-gg-6500\/","og_locale":"ro_RO","og_type":"article","og_title":"Vrei Generator pe benzina ieftine? Moldova - magazine, preturi, oferte.","og_description":"Descoprea gama noastra de Generatori pe benzina la PRETURI de importator \u25bb Vezi OFERTELE pe site! Cumpara acum Generatoare pe benzina - Kamoto.md","og_url":"https:\/\/kamoto.md\/ro\/shop\/generatoare-si-compresoare\/generatoare\/generator-pe-benzina-kamoto-gg-6500\/","og_site_name":"Kamoto.md","article_modified_time":"2026-02-27T13:58:45+00:00","og_image":[{"width":1000,"height":1000,"url":"https:\/\/kamoto.md\/wp-content\/uploads\/2021\/05\/logo2.png","type":"image\/png"}],"twitter_card":"summary_large_image","twitter_misc":{"Timp estimat pentru citire":"3 minute"},"schema":{"@context":"https:\/\/schema.org","@graph":[{"@type":["WebPage","ItemPage"],"@id":"https:\/\/kamoto.md\/ro\/shop\/generatoare-si-compresoare\/generatoare\/generator-pe-benzina-kamoto-gg-6500\/","url":"https:\/\/kamoto.md\/ro\/shop\/generatoare-si-compresoare\/generatoare\/generator-pe-benzina-kamoto-gg-6500\/","name":"Vrei Generator pe benzina ieftine? Moldova - magazine, preturi, oferte.","isPartOf":{"@id":"https:\/\/kamoto.md\/ro\/#website"},"primaryImageOfPage":{"@id":"https:\/\/kamoto.md\/ro\/shop\/generatoare-si-compresoare\/generatoare\/generator-pe-benzina-kamoto-gg-6500\/#primaryimage"},"image":{"@id":"https:\/\/kamoto.md\/ro\/shop\/generatoare-si-compresoare\/generatoare\/generator-pe-benzina-kamoto-gg-6500\/#primaryimage"},"thumbnailUrl":"https:\/\/kamoto.md\/wp-content\/uploads\/2019\/11\/IMGP1616-kopiya-1.jpg","datePublished":"2019-11-27T20:17:29+00:00","dateModified":"2026-02-27T13:58:45+00:00","description":"Descoprea gama noastra de Generatori pe benzina la PRETURI de importator \u25bb Vezi OFERTELE pe site! Cumpara acum Generatoare pe benzina - Kamoto.md","breadcrumb":{"@id":"https:\/\/kamoto.md\/ro\/shop\/generatoare-si-compresoare\/generatoare\/generator-pe-benzina-kamoto-gg-6500\/#breadcrumb"},"inLanguage":"ro-RO","potentialAction":[{"@type":"ReadAction","target":["https:\/\/kamoto.md\/ro\/shop\/generatoare-si-compresoare\/generatoare\/generator-pe-benzina-kamoto-gg-6500\/"]}]},{"@type":"ImageObject","inLanguage":"ro-RO","@id":"https:\/\/kamoto.md\/ro\/shop\/generatoare-si-compresoare\/generatoare\/generator-pe-benzina-kamoto-gg-6500\/#primaryimage","url":"https:\/\/kamoto.md\/wp-content\/uploads\/2019\/11\/IMGP1616-kopiya-1.jpg","contentUrl":"https:\/\/kamoto.md\/wp-content\/uploads\/2019\/11\/IMGP1616-kopiya-1.jpg","width":1800,"height":1800},{"@type":"BreadcrumbList","@id":"https:\/\/kamoto.md\/ro\/shop\/generatoare-si-compresoare\/generatoare\/generator-pe-benzina-kamoto-gg-6500\/#breadcrumb","itemListElement":[{"@type":"ListItem","position":1,"name":"\u0413\u043b\u0430\u0432\u043d\u0430\u044f \u0441\u0442\u0440\u0430\u043d\u0438\u0446\u0430","item":"https:\/\/kamoto.md\/ro\/"},{"@type":"ListItem","position":2,"name":"Catalog","item":"https:\/\/kamoto.md\/ro\/catalog\/"},{"@type":"ListItem","position":3,"name":"Generatoare si Compresoare","item":"https:\/\/kamoto.md\/ro\/catalog\/generatoare-si-compresoare\/"},{"@type":"ListItem","position":4,"name":"Generatoare","item":"https:\/\/kamoto.md\/ro\/catalog\/generatoare-si-compresoare\/generatoare\/"},{"@type":"ListItem","position":5,"name":"Generator pe benzina KAMOTO GG6500"}]},{"@type":"WebSite","@id":"https:\/\/kamoto.md\/ro\/#website","url":"https:\/\/kamoto.md\/ro\/","name":"Kamoto.MD","description":"\u0418\u043d\u0442\u0435\u0440\u043d\u0435\u0442 \u043c\u0430\u0433\u0430\u0437\u0438\u043d \u044d\u043b\u0435\u043a\u0442\u0440\u043e\u0438\u043d\u0441\u0442\u0440\u0443\u043c\u0435\u043d\u0442\u0430, \u0441\u0430\u0434\u043e\u0432\u043e\u0439 \u0438 \u0441\u0438\u043b\u043e\u0432\u043e\u0439 \u0442\u0435\u0445\u043d\u0438\u043a\u0438.","publisher":{"@id":"https:\/\/kamoto.md\/ro\/#organization"},"potentialAction":[{"@type":"SearchAction","target":{"@type":"EntryPoint","urlTemplate":"https:\/\/kamoto.md\/ro\/?s={search_term_string}"},"query-input":{"@type":"PropertyValueSpecification","valueRequired":true,"valueName":"search_term_string"}}],"inLanguage":"ro-RO"},{"@type":"Organization","@id":"https:\/\/kamoto.md\/ro\/#organization","name":"Kamoto S.R.L.","url":"https:\/\/kamoto.md\/ro\/","logo":{"@type":"ImageObject","inLanguage":"ro-RO","@id":"https:\/\/kamoto.md\/ro\/#\/schema\/logo\/image\/","url":"https:\/\/kamoto.md\/wp-content\/uploads\/2017\/08\/logo.png","contentUrl":"https:\/\/kamoto.md\/wp-content\/uploads\/2017\/08\/logo.png","width":323,"height":50,"caption":"Kamoto S.R.L."},"image":{"@id":"https:\/\/kamoto.md\/ro\/#\/schema\/logo\/image\/"}}]}},"_links":{"self":[{"href":"https:\/\/kamoto.md\/ro\/wp-json\/wp\/v2\/product\/9118","targetHints":{"allow":["GET"]}}],"collection":[{"href":"https:\/\/kamoto.md\/ro\/wp-json\/wp\/v2\/product"}],"about":[{"href":"https:\/\/kamoto.md\/ro\/wp-json\/wp\/v2\/types\/product"}],"wp:featuredmedia":[{"embeddable":true,"href":"https:\/\/kamoto.md\/ro\/wp-json\/wp\/v2\/media\/9185"}],"wp:attachment":[{"href":"https:\/\/kamoto.md\/ro\/wp-json\/wp\/v2\/media?parent=9118"}],"wp:term":[{"taxonomy":"product_brand","embeddable":true,"href":"https:\/\/kamoto.md\/ro\/wp-json\/wp\/v2\/product_brand?post=9118"},{"taxonomy":"product_cat","embeddable":true,"href":"https:\/\/kamoto.md\/ro\/wp-json\/wp\/v2\/product_cat?post=9118"},{"taxonomy":"product_tag","embeddable":true,"href":"https:\/\/kamoto.md\/ro\/wp-json\/wp\/v2\/product_tag?post=9118"}],"curies":[{"name":"wp","href":"https:\/\/api.w.org\/{rel}","templated":true}]}}