{"id":9121,"date":"2019-11-12T21:13:49","date_gmt":"2019-11-12T19:13:49","guid":{"rendered":"https:\/\/kamoto.md\/shop\/fara-categorie\/compresor-de-aer-kamoto-ac1025f-fara-ulei\/"},"modified":"2026-02-27T13:24:40","modified_gmt":"2026-02-27T11:24:40","slug":"compresor-de-aer-kamoto-ac1025f-fara-ulei","status":"publish","type":"product","link":"https:\/\/kamoto.md\/ro\/shop\/generatoare-si-compresoare\/compresoare\/compresor-de-aer-kamoto-ac1025f-fara-ulei\/","title":{"rendered":"Compresor de aer KAMOTO AC1025F (f\u0103r\u0103 ulei)"},"content":{"rendered":"<p>Compresorul de aer KAMOTO AC1025F (f\u0103r\u0103 ulei) este utilizat pentru a furniza unelte pneumatice cu aer comprimat sc\u0103zut, cu aer curat comprimat.<\/p>\n<p>Principalul avantaj al unui compresor f\u0103r\u0103 ulei este acela c\u0103 furnizeaz\u0103 un aer perfect curat \u0219i produce un nivel sc\u0103zut de zgomot \u00een timpul func\u021bion\u0103rii.<\/p>\n<p>Un astfel de compresor este relevant doar pentru anumite zone de lucru unde este interzis\u0103 utilizarea tipului de ulei. Exist\u0103 domenii de aplicare a pneumaticelor unde sunt stabilite cerin\u021be stricte. Normele interzic formarea de particule de ulei \u00een aerul injectat. Prin urmare, compresoare f\u0103r\u0103 ulei \u2013 singura cale de ie\u0219ire. Aceste domenii includ:<br \/>\n\u2013 Medicin\u0103 (este nevoie de furnizarea de aer curat, de exemplu, \u00eentr-o unitate stomatologic\u0103, \u00een diverse tipuri de laboratoare medicale);<br \/>\n\u2013 Institu\u021bii educa\u021bionale (\u0219coli, colegii, universit\u0103\u021bi).<br \/>\n\u2013 Industria alimentar\u0103 (aerul comprimat este utilizat pentru fabricarea produselor alimentare, a ambalajelor etc.).<br \/>\n\u2013 Produc\u021bia de mobilier tapitat.<br \/>\n\u2013 Pictur\u0103 de diverse elemente, inclusiv ma\u0219ini. \u00cen pistoalele de pulverizare pneumatice, uleiul nu trebuie s\u0103 intre \u00een vopsea.<br \/>\n\u2013 Centre de service pentru repararea echipamentelor de uz casnic \u0219i informatic.<\/p>\n<p>Compresorul este echipat cu:<br \/>\n\u2022 Supap\u0103 de re\u021binere a cuprului \u0219i col\u021b de conectare la cupru de \u00eenalt\u0103 presiune.<br \/>\n\u2022 Filtru de aer de admisie \u00eentr-o carcas\u0103 metalic\u0103 cu element filtrant de h\u00e2rtie.<br \/>\n\u2022 Dou\u0103 conexiuni rapide (\u201emama\u201d, standard european) pentru conectarea sculei.<br \/>\n\u2022 Un regulator care va ajuta la stabilirea presiunii necesare pentru func\u021bionarea consumatorilor de aer comprimat.<br \/>\n\u2022 O supap\u0103 de siguran\u021b\u0103 care va func\u021biona dac\u0103 valoarea limit\u0103 de presiune este dep\u0103\u0219it\u0103.<\/p>\n","protected":false},"excerpt":{"rendered":"<p>Tip compresor: Piston f\u0103r\u0103 ulei<br \/>\nPutere: 1,1 kW \/ 1,5 CP<br \/>\nProductivitate: 110 L \/ min<br \/>\nVolumul receptorului: 50 l<br \/>\nTensiune: 220 V \/ 50 Hz<br \/>\nPresiunea maxim\u0103: 8 Atm<br \/>\nNum\u0103rul de cilindri: 2<br \/>\nIe\u0219ire (eliberare rapid\u0103): 2 buc<br \/>\nGreutate: 35 kg<\/p>\n","protected":false},"featured_media":8883,"template":"","meta":[],"product_brand":[],"product_cat":[300],"product_tag":[],"class_list":{"0":"post-9121","1":"product","2":"type-product","3":"status-publish","4":"has-post-thumbnail","6":"product_cat-compresoare","8":"first","9":"outofstock","10":"shipping-taxable","11":"product-type-simple"},"yoast_head":"<!-- This site is optimized with the Yoast SEO plugin v27.3 - https:\/\/yoast.com\/product\/yoast-seo-wordpress\/ -->\n<title>Vrei Compresor de aer ieftine? Moldova - magazine, preturi, oferte.<\/title>\n<meta name=\"description\" content=\"Descoprea gama noastra de Compresoare de aer la PRETURI de importator \u25bb Vezi OFERTELE pe site! Cumpara acum Compresoare de aer - Kamoto.md\" \/>\n<meta name=\"robots\" content=\"index, follow, max-snippet:-1, max-image-preview:large, max-video-preview:-1\" \/>\n<link rel=\"canonical\" href=\"https:\/\/kamoto.md\/ro\/shop\/generatoare-si-compresoare\/compresoare\/compresor-de-aer-kamoto-ac1025f-fara-ulei\/\" \/>\n<meta property=\"og:locale\" content=\"ro_RO\" \/>\n<meta property=\"og:type\" content=\"article\" \/>\n<meta property=\"og:title\" content=\"Vrei Compresor de aer ieftine? Moldova - magazine, preturi, oferte.\" \/>\n<meta property=\"og:description\" content=\"Descoprea gama noastra de Compresoare de aer la PRETURI de importator \u25bb Vezi OFERTELE pe site! Cumpara acum Compresoare de aer - Kamoto.md\" \/>\n<meta property=\"og:url\" content=\"https:\/\/kamoto.md\/ro\/shop\/generatoare-si-compresoare\/compresoare\/compresor-de-aer-kamoto-ac1025f-fara-ulei\/\" \/>\n<meta property=\"og:site_name\" content=\"Kamoto.md\" \/>\n<meta property=\"article:modified_time\" content=\"2026-02-27T11:24:40+00:00\" \/>\n<meta property=\"og:image\" content=\"https:\/\/kamoto.md\/wp-content\/uploads\/2021\/05\/logo2.png\" \/>\n\t<meta property=\"og:image:width\" content=\"1000\" \/>\n\t<meta property=\"og:image:height\" content=\"1000\" \/>\n\t<meta property=\"og:image:type\" content=\"image\/png\" \/>\n<meta name=\"twitter:card\" content=\"summary_large_image\" \/>\n<meta name=\"twitter:label1\" content=\"Timp estimat pentru citire\" \/>\n\t<meta name=\"twitter:data1\" content=\"2 minute\" \/>\n<script type=\"application\/ld+json\" class=\"yoast-schema-graph\">{\"@context\":\"https:\\\/\\\/schema.org\",\"@graph\":[{\"@type\":[\"WebPage\",\"ItemPage\"],\"@id\":\"https:\\\/\\\/kamoto.md\\\/ro\\\/shop\\\/generatoare-si-compresoare\\\/compresoare\\\/compresor-de-aer-kamoto-ac1025f-fara-ulei\\\/\",\"url\":\"https:\\\/\\\/kamoto.md\\\/ro\\\/shop\\\/generatoare-si-compresoare\\\/compresoare\\\/compresor-de-aer-kamoto-ac1025f-fara-ulei\\\/\",\"name\":\"Vrei Compresor de aer ieftine? Moldova - magazine, preturi, oferte.\",\"isPartOf\":{\"@id\":\"https:\\\/\\\/kamoto.md\\\/ro\\\/#website\"},\"primaryImageOfPage\":{\"@id\":\"https:\\\/\\\/kamoto.md\\\/ro\\\/shop\\\/generatoare-si-compresoare\\\/compresoare\\\/compresor-de-aer-kamoto-ac1025f-fara-ulei\\\/#primaryimage\"},\"image\":{\"@id\":\"https:\\\/\\\/kamoto.md\\\/ro\\\/shop\\\/generatoare-si-compresoare\\\/compresoare\\\/compresor-de-aer-kamoto-ac1025f-fara-ulei\\\/#primaryimage\"},\"thumbnailUrl\":\"https:\\\/\\\/kamoto.md\\\/wp-content\\\/uploads\\\/2019\\\/11\\\/IMGP0783-kopiya.jpg\",\"datePublished\":\"2019-11-12T19:13:49+00:00\",\"dateModified\":\"2026-02-27T11:24:40+00:00\",\"description\":\"Descoprea gama noastra de Compresoare de aer la PRETURI de importator \u25bb Vezi OFERTELE pe site! Cumpara acum Compresoare de aer - Kamoto.md\",\"breadcrumb\":{\"@id\":\"https:\\\/\\\/kamoto.md\\\/ro\\\/shop\\\/generatoare-si-compresoare\\\/compresoare\\\/compresor-de-aer-kamoto-ac1025f-fara-ulei\\\/#breadcrumb\"},\"inLanguage\":\"ro-RO\",\"potentialAction\":[{\"@type\":\"ReadAction\",\"target\":[\"https:\\\/\\\/kamoto.md\\\/ro\\\/shop\\\/generatoare-si-compresoare\\\/compresoare\\\/compresor-de-aer-kamoto-ac1025f-fara-ulei\\\/\"]}]},{\"@type\":\"ImageObject\",\"inLanguage\":\"ro-RO\",\"@id\":\"https:\\\/\\\/kamoto.md\\\/ro\\\/shop\\\/generatoare-si-compresoare\\\/compresoare\\\/compresor-de-aer-kamoto-ac1025f-fara-ulei\\\/#primaryimage\",\"url\":\"https:\\\/\\\/kamoto.md\\\/wp-content\\\/uploads\\\/2019\\\/11\\\/IMGP0783-kopiya.jpg\",\"contentUrl\":\"https:\\\/\\\/kamoto.md\\\/wp-content\\\/uploads\\\/2019\\\/11\\\/IMGP0783-kopiya.jpg\",\"width\":1800,\"height\":1800},{\"@type\":\"BreadcrumbList\",\"@id\":\"https:\\\/\\\/kamoto.md\\\/ro\\\/shop\\\/generatoare-si-compresoare\\\/compresoare\\\/compresor-de-aer-kamoto-ac1025f-fara-ulei\\\/#breadcrumb\",\"itemListElement\":[{\"@type\":\"ListItem\",\"position\":1,\"name\":\"\u0413\u043b\u0430\u0432\u043d\u0430\u044f \u0441\u0442\u0440\u0430\u043d\u0438\u0446\u0430\",\"item\":\"https:\\\/\\\/kamoto.md\\\/ro\\\/\"},{\"@type\":\"ListItem\",\"position\":2,\"name\":\"Catalog\",\"item\":\"https:\\\/\\\/kamoto.md\\\/ro\\\/catalog\\\/\"},{\"@type\":\"ListItem\",\"position\":3,\"name\":\"Generatoare si Compresoare\",\"item\":\"https:\\\/\\\/kamoto.md\\\/ro\\\/catalog\\\/generatoare-si-compresoare\\\/\"},{\"@type\":\"ListItem\",\"position\":4,\"name\":\"Compresoare\",\"item\":\"https:\\\/\\\/kamoto.md\\\/ro\\\/catalog\\\/generatoare-si-compresoare\\\/compresoare\\\/\"},{\"@type\":\"ListItem\",\"position\":5,\"name\":\"Compresor de aer KAMOTO AC1025F (f\u0103r\u0103 ulei)\"}]},{\"@type\":\"WebSite\",\"@id\":\"https:\\\/\\\/kamoto.md\\\/ro\\\/#website\",\"url\":\"https:\\\/\\\/kamoto.md\\\/ro\\\/\",\"name\":\"Kamoto.MD\",\"description\":\"\u0418\u043d\u0442\u0435\u0440\u043d\u0435\u0442 \u043c\u0430\u0433\u0430\u0437\u0438\u043d \u044d\u043b\u0435\u043a\u0442\u0440\u043e\u0438\u043d\u0441\u0442\u0440\u0443\u043c\u0435\u043d\u0442\u0430, \u0441\u0430\u0434\u043e\u0432\u043e\u0439 \u0438 \u0441\u0438\u043b\u043e\u0432\u043e\u0439 \u0442\u0435\u0445\u043d\u0438\u043a\u0438.\",\"publisher\":{\"@id\":\"https:\\\/\\\/kamoto.md\\\/ro\\\/#organization\"},\"potentialAction\":[{\"@type\":\"SearchAction\",\"target\":{\"@type\":\"EntryPoint\",\"urlTemplate\":\"https:\\\/\\\/kamoto.md\\\/ro\\\/?s={search_term_string}\"},\"query-input\":{\"@type\":\"PropertyValueSpecification\",\"valueRequired\":true,\"valueName\":\"search_term_string\"}}],\"inLanguage\":\"ro-RO\"},{\"@type\":\"Organization\",\"@id\":\"https:\\\/\\\/kamoto.md\\\/ro\\\/#organization\",\"name\":\"Kamoto S.R.L.\",\"url\":\"https:\\\/\\\/kamoto.md\\\/ro\\\/\",\"logo\":{\"@type\":\"ImageObject\",\"inLanguage\":\"ro-RO\",\"@id\":\"https:\\\/\\\/kamoto.md\\\/ro\\\/#\\\/schema\\\/logo\\\/image\\\/\",\"url\":\"https:\\\/\\\/kamoto.md\\\/wp-content\\\/uploads\\\/2017\\\/08\\\/logo.png\",\"contentUrl\":\"https:\\\/\\\/kamoto.md\\\/wp-content\\\/uploads\\\/2017\\\/08\\\/logo.png\",\"width\":323,\"height\":50,\"caption\":\"Kamoto S.R.L.\"},\"image\":{\"@id\":\"https:\\\/\\\/kamoto.md\\\/ro\\\/#\\\/schema\\\/logo\\\/image\\\/\"}}]}<\/script>\n<!-- \/ Yoast SEO plugin. -->","yoast_head_json":{"title":"Vrei Compresor de aer ieftine? Moldova - magazine, preturi, oferte.","description":"Descoprea gama noastra de Compresoare de aer la PRETURI de importator \u25bb Vezi OFERTELE pe site! Cumpara acum Compresoare de aer - Kamoto.md","robots":{"index":"index","follow":"follow","max-snippet":"max-snippet:-1","max-image-preview":"max-image-preview:large","max-video-preview":"max-video-preview:-1"},"canonical":"https:\/\/kamoto.md\/ro\/shop\/generatoare-si-compresoare\/compresoare\/compresor-de-aer-kamoto-ac1025f-fara-ulei\/","og_locale":"ro_RO","og_type":"article","og_title":"Vrei Compresor de aer ieftine? Moldova - magazine, preturi, oferte.","og_description":"Descoprea gama noastra de Compresoare de aer la PRETURI de importator \u25bb Vezi OFERTELE pe site! Cumpara acum Compresoare de aer - Kamoto.md","og_url":"https:\/\/kamoto.md\/ro\/shop\/generatoare-si-compresoare\/compresoare\/compresor-de-aer-kamoto-ac1025f-fara-ulei\/","og_site_name":"Kamoto.md","article_modified_time":"2026-02-27T11:24:40+00:00","og_image":[{"width":1000,"height":1000,"url":"https:\/\/kamoto.md\/wp-content\/uploads\/2021\/05\/logo2.png","type":"image\/png"}],"twitter_card":"summary_large_image","twitter_misc":{"Timp estimat pentru citire":"2 minute"},"schema":{"@context":"https:\/\/schema.org","@graph":[{"@type":["WebPage","ItemPage"],"@id":"https:\/\/kamoto.md\/ro\/shop\/generatoare-si-compresoare\/compresoare\/compresor-de-aer-kamoto-ac1025f-fara-ulei\/","url":"https:\/\/kamoto.md\/ro\/shop\/generatoare-si-compresoare\/compresoare\/compresor-de-aer-kamoto-ac1025f-fara-ulei\/","name":"Vrei Compresor de aer ieftine? Moldova - magazine, preturi, oferte.","isPartOf":{"@id":"https:\/\/kamoto.md\/ro\/#website"},"primaryImageOfPage":{"@id":"https:\/\/kamoto.md\/ro\/shop\/generatoare-si-compresoare\/compresoare\/compresor-de-aer-kamoto-ac1025f-fara-ulei\/#primaryimage"},"image":{"@id":"https:\/\/kamoto.md\/ro\/shop\/generatoare-si-compresoare\/compresoare\/compresor-de-aer-kamoto-ac1025f-fara-ulei\/#primaryimage"},"thumbnailUrl":"https:\/\/kamoto.md\/wp-content\/uploads\/2019\/11\/IMGP0783-kopiya.jpg","datePublished":"2019-11-12T19:13:49+00:00","dateModified":"2026-02-27T11:24:40+00:00","description":"Descoprea gama noastra de Compresoare de aer la PRETURI de importator \u25bb Vezi OFERTELE pe site! Cumpara acum Compresoare de aer - Kamoto.md","breadcrumb":{"@id":"https:\/\/kamoto.md\/ro\/shop\/generatoare-si-compresoare\/compresoare\/compresor-de-aer-kamoto-ac1025f-fara-ulei\/#breadcrumb"},"inLanguage":"ro-RO","potentialAction":[{"@type":"ReadAction","target":["https:\/\/kamoto.md\/ro\/shop\/generatoare-si-compresoare\/compresoare\/compresor-de-aer-kamoto-ac1025f-fara-ulei\/"]}]},{"@type":"ImageObject","inLanguage":"ro-RO","@id":"https:\/\/kamoto.md\/ro\/shop\/generatoare-si-compresoare\/compresoare\/compresor-de-aer-kamoto-ac1025f-fara-ulei\/#primaryimage","url":"https:\/\/kamoto.md\/wp-content\/uploads\/2019\/11\/IMGP0783-kopiya.jpg","contentUrl":"https:\/\/kamoto.md\/wp-content\/uploads\/2019\/11\/IMGP0783-kopiya.jpg","width":1800,"height":1800},{"@type":"BreadcrumbList","@id":"https:\/\/kamoto.md\/ro\/shop\/generatoare-si-compresoare\/compresoare\/compresor-de-aer-kamoto-ac1025f-fara-ulei\/#breadcrumb","itemListElement":[{"@type":"ListItem","position":1,"name":"\u0413\u043b\u0430\u0432\u043d\u0430\u044f \u0441\u0442\u0440\u0430\u043d\u0438\u0446\u0430","item":"https:\/\/kamoto.md\/ro\/"},{"@type":"ListItem","position":2,"name":"Catalog","item":"https:\/\/kamoto.md\/ro\/catalog\/"},{"@type":"ListItem","position":3,"name":"Generatoare si Compresoare","item":"https:\/\/kamoto.md\/ro\/catalog\/generatoare-si-compresoare\/"},{"@type":"ListItem","position":4,"name":"Compresoare","item":"https:\/\/kamoto.md\/ro\/catalog\/generatoare-si-compresoare\/compresoare\/"},{"@type":"ListItem","position":5,"name":"Compresor de aer KAMOTO AC1025F (f\u0103r\u0103 ulei)"}]},{"@type":"WebSite","@id":"https:\/\/kamoto.md\/ro\/#website","url":"https:\/\/kamoto.md\/ro\/","name":"Kamoto.MD","description":"\u0418\u043d\u0442\u0435\u0440\u043d\u0435\u0442 \u043c\u0430\u0433\u0430\u0437\u0438\u043d \u044d\u043b\u0435\u043a\u0442\u0440\u043e\u0438\u043d\u0441\u0442\u0440\u0443\u043c\u0435\u043d\u0442\u0430, \u0441\u0430\u0434\u043e\u0432\u043e\u0439 \u0438 \u0441\u0438\u043b\u043e\u0432\u043e\u0439 \u0442\u0435\u0445\u043d\u0438\u043a\u0438.","publisher":{"@id":"https:\/\/kamoto.md\/ro\/#organization"},"potentialAction":[{"@type":"SearchAction","target":{"@type":"EntryPoint","urlTemplate":"https:\/\/kamoto.md\/ro\/?s={search_term_string}"},"query-input":{"@type":"PropertyValueSpecification","valueRequired":true,"valueName":"search_term_string"}}],"inLanguage":"ro-RO"},{"@type":"Organization","@id":"https:\/\/kamoto.md\/ro\/#organization","name":"Kamoto S.R.L.","url":"https:\/\/kamoto.md\/ro\/","logo":{"@type":"ImageObject","inLanguage":"ro-RO","@id":"https:\/\/kamoto.md\/ro\/#\/schema\/logo\/image\/","url":"https:\/\/kamoto.md\/wp-content\/uploads\/2017\/08\/logo.png","contentUrl":"https:\/\/kamoto.md\/wp-content\/uploads\/2017\/08\/logo.png","width":323,"height":50,"caption":"Kamoto S.R.L."},"image":{"@id":"https:\/\/kamoto.md\/ro\/#\/schema\/logo\/image\/"}}]}},"_links":{"self":[{"href":"https:\/\/kamoto.md\/ro\/wp-json\/wp\/v2\/product\/9121","targetHints":{"allow":["GET"]}}],"collection":[{"href":"https:\/\/kamoto.md\/ro\/wp-json\/wp\/v2\/product"}],"about":[{"href":"https:\/\/kamoto.md\/ro\/wp-json\/wp\/v2\/types\/product"}],"wp:featuredmedia":[{"embeddable":true,"href":"https:\/\/kamoto.md\/ro\/wp-json\/wp\/v2\/media\/8883"}],"wp:attachment":[{"href":"https:\/\/kamoto.md\/ro\/wp-json\/wp\/v2\/media?parent=9121"}],"wp:term":[{"taxonomy":"product_brand","embeddable":true,"href":"https:\/\/kamoto.md\/ro\/wp-json\/wp\/v2\/product_brand?post=9121"},{"taxonomy":"product_cat","embeddable":true,"href":"https:\/\/kamoto.md\/ro\/wp-json\/wp\/v2\/product_cat?post=9121"},{"taxonomy":"product_tag","embeddable":true,"href":"https:\/\/kamoto.md\/ro\/wp-json\/wp\/v2\/product_tag?post=9121"}],"curies":[{"name":"wp","href":"https:\/\/api.w.org\/{rel}","templated":true}]}}