{"id":9122,"date":"2019-11-05T14:25:45","date_gmt":"2019-11-05T12:25:45","guid":{"rendered":"https:\/\/kamoto.md\/shop\/fara-categorie\/sistema-de-pornire-ats\/"},"modified":"2026-02-27T16:01:26","modified_gmt":"2026-02-27T14:01:26","slug":"sistema-ats-generator-kamoto-ats6500e","status":"publish","type":"product","link":"https:\/\/kamoto.md\/ro\/shop\/generatoare-si-compresoare\/sisteme-de-pornire-ats\/sistema-ats-generator-kamoto-ats6500e\/","title":{"rendered":"Sistem\u0103 ATS generator KAMOTO ATS6500E"},"content":{"rendered":"<p>Sistema ATS generator KAMOTO ATS6500E este o unitate special\u0103 de automatizare care v\u0103 permite s\u0103 controla\u021bi oprirea dispozitivelor (\u00een special, generatoare) \u00een modul automat. Cu alte cuvinte, sistemul \u00eensu\u0219i va \u00een\u021belege atunci c\u00e2nd a\u021bi oprit sau a\u021bi pornit energia electric\u0103 \u0219i va \u00eencepe s\u0103 compenseze aceast\u0103 deficien\u021b\u0103.<\/p>\n","protected":false},"excerpt":{"rendered":"<p>Compatibil cu modelul generatorului: GG6500E<br \/>\nTensiunea nominal\u0103 a unei re\u021bele: 220 V<br \/>\nCurent nominal: 30 A<br \/>\nContactor: 32 A<br \/>\nPutere nominal\u0103: 6,5 kW<br \/>\nTensiunea nominal\u0103 a generatorului: 220 V<br \/>\nFrecven\u021ba curent\u0103: 50 Hz<br \/>\nNum\u0103rul de faze: 1<br \/>\nFunc\u021bionare f\u0103r\u0103 \u00eenc\u0103rcare: 60 sec<br \/>\nLungimea cablului: 5m<\/p>\n","protected":false},"featured_media":8847,"template":"","meta":[],"product_brand":[],"product_cat":[355],"product_tag":[],"class_list":{"0":"post-9122","1":"product","2":"type-product","3":"status-publish","4":"has-post-thumbnail","6":"product_cat-sisteme-de-pornire-ats","8":"first","9":"instock","10":"shipping-taxable","11":"purchasable","12":"product-type-simple"},"yoast_head":"<!-- This site is optimized with the Yoast SEO plugin v27.3 - https:\/\/yoast.com\/product\/yoast-seo-wordpress\/ -->\n<title>Vrei Sistema de pornire ieftine? Moldova - magazine, preturi, oferte.<\/title>\n<meta name=\"description\" content=\"Descoprea Sistema de pornire la PRETURI de importator \u25bb Vezi OFERTELE pe site! Cumpara acum Sistema de pornire - Kamoto.md\" \/>\n<meta name=\"robots\" content=\"index, follow, max-snippet:-1, max-image-preview:large, max-video-preview:-1\" \/>\n<link rel=\"canonical\" href=\"https:\/\/kamoto.md\/ro\/shop\/generatoare-si-compresoare\/sisteme-de-pornire-ats\/sistema-ats-generator-kamoto-ats6500e\/\" \/>\n<meta property=\"og:locale\" content=\"ro_RO\" \/>\n<meta property=\"og:type\" content=\"article\" \/>\n<meta property=\"og:title\" content=\"Vrei Sistema de pornire ieftine? Moldova - magazine, preturi, oferte.\" \/>\n<meta property=\"og:description\" content=\"Descoprea Sistema de pornire la PRETURI de importator \u25bb Vezi OFERTELE pe site! Cumpara acum Sistema de pornire - Kamoto.md\" \/>\n<meta property=\"og:url\" content=\"https:\/\/kamoto.md\/ro\/shop\/generatoare-si-compresoare\/sisteme-de-pornire-ats\/sistema-ats-generator-kamoto-ats6500e\/\" \/>\n<meta property=\"og:site_name\" content=\"Kamoto.md\" \/>\n<meta property=\"article:modified_time\" content=\"2026-02-27T14:01:26+00:00\" \/>\n<meta property=\"og:image\" content=\"https:\/\/kamoto.md\/wp-content\/uploads\/2021\/05\/logo2.png\" \/>\n\t<meta property=\"og:image:width\" content=\"1000\" \/>\n\t<meta property=\"og:image:height\" content=\"1000\" \/>\n\t<meta property=\"og:image:type\" content=\"image\/png\" \/>\n<meta name=\"twitter:card\" content=\"summary_large_image\" \/>\n<meta name=\"twitter:label1\" content=\"Timp estimat pentru citire\" \/>\n\t<meta name=\"twitter:data1\" content=\"1 minut\" \/>\n<script type=\"application\/ld+json\" class=\"yoast-schema-graph\">{\"@context\":\"https:\\\/\\\/schema.org\",\"@graph\":[{\"@type\":[\"WebPage\",\"ItemPage\"],\"@id\":\"https:\\\/\\\/kamoto.md\\\/ro\\\/shop\\\/generatoare-si-compresoare\\\/sisteme-de-pornire-ats\\\/sistema-ats-generator-kamoto-ats6500e\\\/\",\"url\":\"https:\\\/\\\/kamoto.md\\\/ro\\\/shop\\\/generatoare-si-compresoare\\\/sisteme-de-pornire-ats\\\/sistema-ats-generator-kamoto-ats6500e\\\/\",\"name\":\"Vrei Sistema de pornire ieftine? Moldova - magazine, preturi, oferte.\",\"isPartOf\":{\"@id\":\"https:\\\/\\\/kamoto.md\\\/ro\\\/#website\"},\"primaryImageOfPage\":{\"@id\":\"https:\\\/\\\/kamoto.md\\\/ro\\\/shop\\\/generatoare-si-compresoare\\\/sisteme-de-pornire-ats\\\/sistema-ats-generator-kamoto-ats6500e\\\/#primaryimage\"},\"image\":{\"@id\":\"https:\\\/\\\/kamoto.md\\\/ro\\\/shop\\\/generatoare-si-compresoare\\\/sisteme-de-pornire-ats\\\/sistema-ats-generator-kamoto-ats6500e\\\/#primaryimage\"},\"thumbnailUrl\":\"https:\\\/\\\/kamoto.md\\\/wp-content\\\/uploads\\\/2019\\\/11\\\/IMGP0842-kopiya.jpg\",\"datePublished\":\"2019-11-05T12:25:45+00:00\",\"dateModified\":\"2026-02-27T14:01:26+00:00\",\"description\":\"Descoprea Sistema de pornire la PRETURI de importator \u25bb Vezi OFERTELE pe site! Cumpara acum Sistema de pornire - Kamoto.md\",\"breadcrumb\":{\"@id\":\"https:\\\/\\\/kamoto.md\\\/ro\\\/shop\\\/generatoare-si-compresoare\\\/sisteme-de-pornire-ats\\\/sistema-ats-generator-kamoto-ats6500e\\\/#breadcrumb\"},\"inLanguage\":\"ro-RO\",\"potentialAction\":[{\"@type\":\"ReadAction\",\"target\":[\"https:\\\/\\\/kamoto.md\\\/ro\\\/shop\\\/generatoare-si-compresoare\\\/sisteme-de-pornire-ats\\\/sistema-ats-generator-kamoto-ats6500e\\\/\"]}]},{\"@type\":\"ImageObject\",\"inLanguage\":\"ro-RO\",\"@id\":\"https:\\\/\\\/kamoto.md\\\/ro\\\/shop\\\/generatoare-si-compresoare\\\/sisteme-de-pornire-ats\\\/sistema-ats-generator-kamoto-ats6500e\\\/#primaryimage\",\"url\":\"https:\\\/\\\/kamoto.md\\\/wp-content\\\/uploads\\\/2019\\\/11\\\/IMGP0842-kopiya.jpg\",\"contentUrl\":\"https:\\\/\\\/kamoto.md\\\/wp-content\\\/uploads\\\/2019\\\/11\\\/IMGP0842-kopiya.jpg\",\"width\":1800,\"height\":1800},{\"@type\":\"BreadcrumbList\",\"@id\":\"https:\\\/\\\/kamoto.md\\\/ro\\\/shop\\\/generatoare-si-compresoare\\\/sisteme-de-pornire-ats\\\/sistema-ats-generator-kamoto-ats6500e\\\/#breadcrumb\",\"itemListElement\":[{\"@type\":\"ListItem\",\"position\":1,\"name\":\"\u0413\u043b\u0430\u0432\u043d\u0430\u044f \u0441\u0442\u0440\u0430\u043d\u0438\u0446\u0430\",\"item\":\"https:\\\/\\\/kamoto.md\\\/ro\\\/\"},{\"@type\":\"ListItem\",\"position\":2,\"name\":\"Catalog\",\"item\":\"https:\\\/\\\/kamoto.md\\\/ro\\\/catalog\\\/\"},{\"@type\":\"ListItem\",\"position\":3,\"name\":\"Generatoare si Compresoare\",\"item\":\"https:\\\/\\\/kamoto.md\\\/ro\\\/catalog\\\/generatoare-si-compresoare\\\/\"},{\"@type\":\"ListItem\",\"position\":4,\"name\":\"Sisteme de pornire ATS\",\"item\":\"https:\\\/\\\/kamoto.md\\\/ro\\\/catalog\\\/generatoare-si-compresoare\\\/sisteme-de-pornire-ats\\\/\"},{\"@type\":\"ListItem\",\"position\":5,\"name\":\"Sistem\u0103 ATS generator KAMOTO ATS6500E\"}]},{\"@type\":\"WebSite\",\"@id\":\"https:\\\/\\\/kamoto.md\\\/ro\\\/#website\",\"url\":\"https:\\\/\\\/kamoto.md\\\/ro\\\/\",\"name\":\"Kamoto.MD\",\"description\":\"\u0418\u043d\u0442\u0435\u0440\u043d\u0435\u0442 \u043c\u0430\u0433\u0430\u0437\u0438\u043d \u044d\u043b\u0435\u043a\u0442\u0440\u043e\u0438\u043d\u0441\u0442\u0440\u0443\u043c\u0435\u043d\u0442\u0430, \u0441\u0430\u0434\u043e\u0432\u043e\u0439 \u0438 \u0441\u0438\u043b\u043e\u0432\u043e\u0439 \u0442\u0435\u0445\u043d\u0438\u043a\u0438.\",\"publisher\":{\"@id\":\"https:\\\/\\\/kamoto.md\\\/ro\\\/#organization\"},\"potentialAction\":[{\"@type\":\"SearchAction\",\"target\":{\"@type\":\"EntryPoint\",\"urlTemplate\":\"https:\\\/\\\/kamoto.md\\\/ro\\\/?s={search_term_string}\"},\"query-input\":{\"@type\":\"PropertyValueSpecification\",\"valueRequired\":true,\"valueName\":\"search_term_string\"}}],\"inLanguage\":\"ro-RO\"},{\"@type\":\"Organization\",\"@id\":\"https:\\\/\\\/kamoto.md\\\/ro\\\/#organization\",\"name\":\"Kamoto S.R.L.\",\"url\":\"https:\\\/\\\/kamoto.md\\\/ro\\\/\",\"logo\":{\"@type\":\"ImageObject\",\"inLanguage\":\"ro-RO\",\"@id\":\"https:\\\/\\\/kamoto.md\\\/ro\\\/#\\\/schema\\\/logo\\\/image\\\/\",\"url\":\"https:\\\/\\\/kamoto.md\\\/wp-content\\\/uploads\\\/2017\\\/08\\\/logo.png\",\"contentUrl\":\"https:\\\/\\\/kamoto.md\\\/wp-content\\\/uploads\\\/2017\\\/08\\\/logo.png\",\"width\":323,\"height\":50,\"caption\":\"Kamoto S.R.L.\"},\"image\":{\"@id\":\"https:\\\/\\\/kamoto.md\\\/ro\\\/#\\\/schema\\\/logo\\\/image\\\/\"}}]}<\/script>\n<!-- \/ Yoast SEO plugin. -->","yoast_head_json":{"title":"Vrei Sistema de pornire ieftine? Moldova - magazine, preturi, oferte.","description":"Descoprea Sistema de pornire la PRETURI de importator \u25bb Vezi OFERTELE pe site! Cumpara acum Sistema de pornire - Kamoto.md","robots":{"index":"index","follow":"follow","max-snippet":"max-snippet:-1","max-image-preview":"max-image-preview:large","max-video-preview":"max-video-preview:-1"},"canonical":"https:\/\/kamoto.md\/ro\/shop\/generatoare-si-compresoare\/sisteme-de-pornire-ats\/sistema-ats-generator-kamoto-ats6500e\/","og_locale":"ro_RO","og_type":"article","og_title":"Vrei Sistema de pornire ieftine? Moldova - magazine, preturi, oferte.","og_description":"Descoprea Sistema de pornire la PRETURI de importator \u25bb Vezi OFERTELE pe site! Cumpara acum Sistema de pornire - Kamoto.md","og_url":"https:\/\/kamoto.md\/ro\/shop\/generatoare-si-compresoare\/sisteme-de-pornire-ats\/sistema-ats-generator-kamoto-ats6500e\/","og_site_name":"Kamoto.md","article_modified_time":"2026-02-27T14:01:26+00:00","og_image":[{"width":1000,"height":1000,"url":"https:\/\/kamoto.md\/wp-content\/uploads\/2021\/05\/logo2.png","type":"image\/png"}],"twitter_card":"summary_large_image","twitter_misc":{"Timp estimat pentru citire":"1 minut"},"schema":{"@context":"https:\/\/schema.org","@graph":[{"@type":["WebPage","ItemPage"],"@id":"https:\/\/kamoto.md\/ro\/shop\/generatoare-si-compresoare\/sisteme-de-pornire-ats\/sistema-ats-generator-kamoto-ats6500e\/","url":"https:\/\/kamoto.md\/ro\/shop\/generatoare-si-compresoare\/sisteme-de-pornire-ats\/sistema-ats-generator-kamoto-ats6500e\/","name":"Vrei Sistema de pornire ieftine? Moldova - magazine, preturi, oferte.","isPartOf":{"@id":"https:\/\/kamoto.md\/ro\/#website"},"primaryImageOfPage":{"@id":"https:\/\/kamoto.md\/ro\/shop\/generatoare-si-compresoare\/sisteme-de-pornire-ats\/sistema-ats-generator-kamoto-ats6500e\/#primaryimage"},"image":{"@id":"https:\/\/kamoto.md\/ro\/shop\/generatoare-si-compresoare\/sisteme-de-pornire-ats\/sistema-ats-generator-kamoto-ats6500e\/#primaryimage"},"thumbnailUrl":"https:\/\/kamoto.md\/wp-content\/uploads\/2019\/11\/IMGP0842-kopiya.jpg","datePublished":"2019-11-05T12:25:45+00:00","dateModified":"2026-02-27T14:01:26+00:00","description":"Descoprea Sistema de pornire la PRETURI de importator \u25bb Vezi OFERTELE pe site! Cumpara acum Sistema de pornire - Kamoto.md","breadcrumb":{"@id":"https:\/\/kamoto.md\/ro\/shop\/generatoare-si-compresoare\/sisteme-de-pornire-ats\/sistema-ats-generator-kamoto-ats6500e\/#breadcrumb"},"inLanguage":"ro-RO","potentialAction":[{"@type":"ReadAction","target":["https:\/\/kamoto.md\/ro\/shop\/generatoare-si-compresoare\/sisteme-de-pornire-ats\/sistema-ats-generator-kamoto-ats6500e\/"]}]},{"@type":"ImageObject","inLanguage":"ro-RO","@id":"https:\/\/kamoto.md\/ro\/shop\/generatoare-si-compresoare\/sisteme-de-pornire-ats\/sistema-ats-generator-kamoto-ats6500e\/#primaryimage","url":"https:\/\/kamoto.md\/wp-content\/uploads\/2019\/11\/IMGP0842-kopiya.jpg","contentUrl":"https:\/\/kamoto.md\/wp-content\/uploads\/2019\/11\/IMGP0842-kopiya.jpg","width":1800,"height":1800},{"@type":"BreadcrumbList","@id":"https:\/\/kamoto.md\/ro\/shop\/generatoare-si-compresoare\/sisteme-de-pornire-ats\/sistema-ats-generator-kamoto-ats6500e\/#breadcrumb","itemListElement":[{"@type":"ListItem","position":1,"name":"\u0413\u043b\u0430\u0432\u043d\u0430\u044f \u0441\u0442\u0440\u0430\u043d\u0438\u0446\u0430","item":"https:\/\/kamoto.md\/ro\/"},{"@type":"ListItem","position":2,"name":"Catalog","item":"https:\/\/kamoto.md\/ro\/catalog\/"},{"@type":"ListItem","position":3,"name":"Generatoare si Compresoare","item":"https:\/\/kamoto.md\/ro\/catalog\/generatoare-si-compresoare\/"},{"@type":"ListItem","position":4,"name":"Sisteme de pornire ATS","item":"https:\/\/kamoto.md\/ro\/catalog\/generatoare-si-compresoare\/sisteme-de-pornire-ats\/"},{"@type":"ListItem","position":5,"name":"Sistem\u0103 ATS generator KAMOTO ATS6500E"}]},{"@type":"WebSite","@id":"https:\/\/kamoto.md\/ro\/#website","url":"https:\/\/kamoto.md\/ro\/","name":"Kamoto.MD","description":"\u0418\u043d\u0442\u0435\u0440\u043d\u0435\u0442 \u043c\u0430\u0433\u0430\u0437\u0438\u043d \u044d\u043b\u0435\u043a\u0442\u0440\u043e\u0438\u043d\u0441\u0442\u0440\u0443\u043c\u0435\u043d\u0442\u0430, \u0441\u0430\u0434\u043e\u0432\u043e\u0439 \u0438 \u0441\u0438\u043b\u043e\u0432\u043e\u0439 \u0442\u0435\u0445\u043d\u0438\u043a\u0438.","publisher":{"@id":"https:\/\/kamoto.md\/ro\/#organization"},"potentialAction":[{"@type":"SearchAction","target":{"@type":"EntryPoint","urlTemplate":"https:\/\/kamoto.md\/ro\/?s={search_term_string}"},"query-input":{"@type":"PropertyValueSpecification","valueRequired":true,"valueName":"search_term_string"}}],"inLanguage":"ro-RO"},{"@type":"Organization","@id":"https:\/\/kamoto.md\/ro\/#organization","name":"Kamoto S.R.L.","url":"https:\/\/kamoto.md\/ro\/","logo":{"@type":"ImageObject","inLanguage":"ro-RO","@id":"https:\/\/kamoto.md\/ro\/#\/schema\/logo\/image\/","url":"https:\/\/kamoto.md\/wp-content\/uploads\/2017\/08\/logo.png","contentUrl":"https:\/\/kamoto.md\/wp-content\/uploads\/2017\/08\/logo.png","width":323,"height":50,"caption":"Kamoto S.R.L."},"image":{"@id":"https:\/\/kamoto.md\/ro\/#\/schema\/logo\/image\/"}}]}},"_links":{"self":[{"href":"https:\/\/kamoto.md\/ro\/wp-json\/wp\/v2\/product\/9122","targetHints":{"allow":["GET"]}}],"collection":[{"href":"https:\/\/kamoto.md\/ro\/wp-json\/wp\/v2\/product"}],"about":[{"href":"https:\/\/kamoto.md\/ro\/wp-json\/wp\/v2\/types\/product"}],"wp:featuredmedia":[{"embeddable":true,"href":"https:\/\/kamoto.md\/ro\/wp-json\/wp\/v2\/media\/8847"}],"wp:attachment":[{"href":"https:\/\/kamoto.md\/ro\/wp-json\/wp\/v2\/media?parent=9122"}],"wp:term":[{"taxonomy":"product_brand","embeddable":true,"href":"https:\/\/kamoto.md\/ro\/wp-json\/wp\/v2\/product_brand?post=9122"},{"taxonomy":"product_cat","embeddable":true,"href":"https:\/\/kamoto.md\/ro\/wp-json\/wp\/v2\/product_cat?post=9122"},{"taxonomy":"product_tag","embeddable":true,"href":"https:\/\/kamoto.md\/ro\/wp-json\/wp\/v2\/product_tag?post=9122"}],"curies":[{"name":"wp","href":"https:\/\/api.w.org\/{rel}","templated":true}]}}