{"id":9124,"date":"2017-10-30T22:31:41","date_gmt":"2017-10-30T20:31:41","guid":{"rendered":"https:\/\/kamoto.md\/shop\/fara-categorie\/masina-de-tuns-iarba-2\/"},"modified":"2026-02-27T13:54:02","modified_gmt":"2026-02-27T11:54:02","slug":"masina-de-tuns-iarba-pe-benzina-kamoto-lm4546d","status":"publish","type":"product","link":"https:\/\/kamoto.md\/ro\/shop\/scule-si-unelte-de-gradinarit\/masini-de-tuns-gazon\/masina-de-tuns-iarba-pe-benzina-kamoto-lm4546d\/","title":{"rendered":"Ma\u0219in\u0103 de tuns iarb\u0103 pe benzin\u0103 KAMOTO LM4546D"},"content":{"rendered":"<p>Ma\u0219ina de tuns iarb\u0103 pe benzin\u0103 KAMOTO LM4546D cu motor \u00een patru timpi de 4,5 CP \u0219i \u00een\u0103l\u021bime de t\u0103iere variabil\u0103 este conceput\u0103 pentru t\u0103ierea \u0219i colectarea ierbii pe o suprafa\u021b\u0103 plan\u0103 a suprafe\u021belor medii \u0219i mari cu o suprafa\u021b\u0103 total\u0103 de cel mult 1400 &#8211; 1500 de metri p\u0103tra\u021bi. Toamna, ma\u0219ina de tuns iarba poate fi utilizat\u0103 \u0219i pentru colectarea frunzelor c\u0103zute din copaci.<\/p>\n<p>&#8222;3 \u00een 1&#8221; \u00eenseamn\u0103 c\u0103 ma\u0219ina de tuns iarba are trei func\u021bii: Colectarea ierbii \u00een cutia de colectare a ierbii, Evacuarea din spate \u0219i Mulcirea.<\/p>\n<p>Ma\u0219ina de tuns iarba se caracterizeaz\u0103 prin pornire u\u0219oar\u0103, performan\u021b\u0103 ridicat\u0103 \u0219i \u00eentre\u021binere u\u0219oar\u0103. M\u00e2nerul pliabil, cutia de colectare a ierbii deta\u0219abil\u0103 \u0219i dimensiunea compact\u0103 fac ma\u0219ina de tuns iarba u\u0219or de transportat \u0219i depozitat. Ma\u0219ina de tuns iarba este echipat\u0103 cu trac\u021biune pe ro\u021bi pentru o utilizare u\u0219oar\u0103. Ro\u021bile mari din spate ofer\u0103 ma\u0219inii de tuns iarba o stabilitate mai bun\u0103 \u0219i o \u00een\u0103l\u021bime de t\u0103iere stabil\u0103. Corpul ma\u0219inii de tuns iarba este echipat cu o conexiune pentru furtun pentru cur\u0103\u021barea rapid\u0103 a interiorului platformei dup\u0103 lucru. Un accesoriu de mulcire este inclus \u00een pachetul de livrare.<\/p>\n<p><strong>MULCH<\/strong> (Cuv\u00e2ntul englezesc MULCH \u00eenseamn\u0103 &#8222;humus&#8221; \u00een limba rus\u0103. Se refer\u0103 \u00een primul r\u00e2nd la paie pentru a proteja solul de evaporare, \u00eenghe\u021b, pentru a reduce cre\u0219terea buruienilor, este folosit \u0219i ca \u00eengr\u0103\u0219\u0103m\u00e2nt. Cu c\u00e2t particulele de iarb\u0103 sunt mai mici, cu at\u00e2t gazonul arat\u0103 mai bine \u00eentre\u021binut \u0219i r\u0103m\u00e2n mai pu\u021bine de\u0219euri pe el. La mulcire, \u00een\u0103l\u021bimea resturilor de iarb\u0103 nu trebuie s\u0103 fie mai mare de 1-2 cm.<br \/>\nNu toate ma\u0219inile de tuns iarba au func\u021bia automat\u0103 de preg\u0103tire \u0219i \u00eempr\u0103\u0219tiere a mulciului. Este important s\u0103 nu v\u0103 entuziasma\u021bi orbe\u0219te \u00een leg\u0103tur\u0103 cu aceast\u0103 func\u021bie util\u0103, deoarece <strong>mulcirea are sens atunci c\u00e2nd cosi\u021bi iarb\u0103 uscat\u0103, dar moale<\/strong>. \u00cen caz contrar, mulciul se va transforma \u00een smocuri, nu va acoperi gazonul \u00een mod uniform, va bloca r\u0103d\u0103cinile ierbii, va forma un strat excesiv de p\u00e2sl\u0103 \u0219i, \u00een consecin\u021b\u0103, nu va face dec\u00e2t s\u0103 \u00eempiedice cre\u0219terea s\u0103n\u0103toas\u0103 a ierbii. Gazonul va avea un aspect ne\u00eengrijit \u0219i va trebui s\u0103 fie piept\u0103nat. Trebuie s\u0103 supraveghea\u021bi stratul de mulci \u0219i s\u0103 \u00eel piept\u0103na\u021bi periodic, altfel metabolismul va fi perturbat, se vor dezvolta ciuperci de mucegai \u0219i iarba va putrezi. Lucr\u0103rile se efectueaz\u0103 \u00een septembrie-octombrie, stratul de mulci va ajuta la suportarea \u00eenghe\u021burilor de iarn\u0103 \u0219i se pot aplica \u0219i \u00eengr\u0103\u0219\u0103minte de toamn\u0103.<\/p>\n<p><em><strong>Not\u0103 pentru sine!<\/strong><br \/>\nDac\u0103 iarba de pe gazon este destul de \u00eenalt\u0103, nu trebuie s\u0103 v\u0103 gr\u0103bi\u021bi s\u0103 o t\u0103ia\u021bi imediat. Exist\u0103 o recomandare general\u0103 conform c\u0103reia <strong>nu pute\u021bi t\u0103ia \u00een siguran\u021b\u0103 mai mult de o treime din \u00een\u0103l\u021bimea ierbii, pentru a nu perturba cre\u0219terea acesteia \u0219i a nu strica gazonul<\/strong>. \u00cen caz contrar, aceasta se poate \u00eeng\u0103lbeni. Aminti\u021bi-v\u0103 c\u0103 iarba are o tulpin\u0103 \u0219i una p\u00e2n\u0103 la mai multe frunze, de care are nevoie pentru a respira. Dac\u0103 gazonul este neglijat, ar trebui s\u0103 fie t\u0103iat \u00een mai multe etape, la intervale de dou\u0103 s\u0103pt\u0103m\u00e2ni. <\/em><\/p>\n","protected":false},"excerpt":{"rendered":"<p>Tip motor: Benzin\u0103 \u00een patru timpi<br \/>\nMotor: 146 cm\u00b3<br \/>\nPutere: 4,5 CP.<br \/>\nTura\u021bia motorului: 3000 rpm<br \/>\nL\u0103\u021bimea de tundere: 460 mm<br \/>\n\u00cen\u0103l\u021bimea de tundere: 30-75 mm<br \/>\nAutopropulsie: Da<br \/>\nCapacitatea cutiei de colectare a ierbii: 60 litri.<br \/>\nSistem de pornire: Start manual<br \/>\nNivel de zgomot: 96 dB<br \/>\nCapacitatea rezervorului de combustibil: 1,0 litri.<br \/>\nCapacitatea carterului: 0,6 litri.<br \/>\nColector de iarb\u0103: Plastic\/\u021bes\u0103tur\u0103<br \/>\nTip de ejec\u021bie\/colectare a ierbii (3in1): Ejectarea din spate, colectarea ierbii \u00een cutia de colectare a ierbii \u0219i mulcirea<br \/>\nNum\u0103r de ro\u021bi: Patru ro\u021bi<br \/>\nDiametrul ro\u021bii din fa\u021b\u0103: 7\u2033\/178mm<br \/>\nDiametrul ro\u021bii din spate: 8\u2033\/203mm<br \/>\nTrac\u021biune: spate<br \/>\nFunc\u021bia de mulcire: Da<br \/>\nIndicator pentru verificarea capacit\u0103\u021bii de umplere: Da<br \/>\nRacord de sp\u0103lare pe punte: Da<\/p>\n","protected":false},"featured_media":10012,"template":"","meta":[],"product_brand":[],"product_cat":[289],"product_tag":[],"class_list":{"0":"post-9124","1":"product","2":"type-product","3":"status-publish","4":"has-post-thumbnail","6":"product_cat-masini-de-tuns-gazon","8":"first","9":"outofstock","10":"shipping-taxable","11":"product-type-simple"},"yoast_head":"<!-- This site is optimized with the Yoast SEO plugin v27.3 - https:\/\/yoast.com\/product\/yoast-seo-wordpress\/ -->\n<title>Cump\u0103r\u0103 Ma\u0219in\u0103 de tuns iarba pe benzin\u0103 \u00een Moldova - % Chi\u0219in\u0103u\u2b50<\/title>\n<meta name=\"description\" content=\"Cau\u021bi de unde s\u0103 cumperi ma\u0219in\u0103 de tuns iarba pe benzin\u0103 ieftin\u0103 din stoc \u00een Kishinev? \u2705 Selec\u021bie larg\u0103 \u0219i pre\u021buri mici \u2b50De pe site-ul Kamoto.md ridica\u021bi cu o garan\u021bie \u2705\" \/>\n<meta name=\"robots\" content=\"index, follow, max-snippet:-1, max-image-preview:large, max-video-preview:-1\" \/>\n<link rel=\"canonical\" href=\"https:\/\/kamoto.md\/ro\/shop\/scule-si-unelte-de-gradinarit\/masini-de-tuns-gazon\/masina-de-tuns-iarba-pe-benzina-kamoto-lm4546d\/\" \/>\n<meta property=\"og:locale\" content=\"ro_RO\" \/>\n<meta property=\"og:type\" content=\"article\" \/>\n<meta property=\"og:title\" content=\"Cump\u0103r\u0103 Ma\u0219in\u0103 de tuns iarba pe benzin\u0103 \u00een Moldova - % Chi\u0219in\u0103u\u2b50\" \/>\n<meta property=\"og:description\" content=\"Cau\u021bi de unde s\u0103 cumperi ma\u0219in\u0103 de tuns iarba pe benzin\u0103 ieftin\u0103 din stoc \u00een Kishinev? \u2705 Selec\u021bie larg\u0103 \u0219i pre\u021buri mici \u2b50De pe site-ul Kamoto.md ridica\u021bi cu o garan\u021bie \u2705\" \/>\n<meta property=\"og:url\" content=\"https:\/\/kamoto.md\/ro\/shop\/scule-si-unelte-de-gradinarit\/masini-de-tuns-gazon\/masina-de-tuns-iarba-pe-benzina-kamoto-lm4546d\/\" \/>\n<meta property=\"og:site_name\" content=\"Kamoto.md\" \/>\n<meta property=\"article:modified_time\" content=\"2026-02-27T11:54:02+00:00\" \/>\n<meta property=\"og:image\" content=\"https:\/\/kamoto.md\/wp-content\/uploads\/2021\/05\/logo2.png\" \/>\n\t<meta property=\"og:image:width\" content=\"1000\" \/>\n\t<meta property=\"og:image:height\" content=\"1000\" \/>\n\t<meta property=\"og:image:type\" content=\"image\/png\" \/>\n<meta name=\"twitter:card\" content=\"summary_large_image\" \/>\n<meta name=\"twitter:label1\" content=\"Timp estimat pentru citire\" \/>\n\t<meta name=\"twitter:data1\" content=\"3 minute\" \/>\n<script type=\"application\/ld+json\" class=\"yoast-schema-graph\">{\"@context\":\"https:\\\/\\\/schema.org\",\"@graph\":[{\"@type\":[\"WebPage\",\"ItemPage\"],\"@id\":\"https:\\\/\\\/kamoto.md\\\/ro\\\/shop\\\/scule-si-unelte-de-gradinarit\\\/masini-de-tuns-gazon\\\/masina-de-tuns-iarba-pe-benzina-kamoto-lm4546d\\\/\",\"url\":\"https:\\\/\\\/kamoto.md\\\/ro\\\/shop\\\/scule-si-unelte-de-gradinarit\\\/masini-de-tuns-gazon\\\/masina-de-tuns-iarba-pe-benzina-kamoto-lm4546d\\\/\",\"name\":\"Cump\u0103r\u0103 Ma\u0219in\u0103 de tuns iarba pe benzin\u0103 \u00een Moldova - % Chi\u0219in\u0103u\u2b50\",\"isPartOf\":{\"@id\":\"https:\\\/\\\/kamoto.md\\\/ro\\\/#website\"},\"primaryImageOfPage\":{\"@id\":\"https:\\\/\\\/kamoto.md\\\/ro\\\/shop\\\/scule-si-unelte-de-gradinarit\\\/masini-de-tuns-gazon\\\/masina-de-tuns-iarba-pe-benzina-kamoto-lm4546d\\\/#primaryimage\"},\"image\":{\"@id\":\"https:\\\/\\\/kamoto.md\\\/ro\\\/shop\\\/scule-si-unelte-de-gradinarit\\\/masini-de-tuns-gazon\\\/masina-de-tuns-iarba-pe-benzina-kamoto-lm4546d\\\/#primaryimage\"},\"thumbnailUrl\":\"https:\\\/\\\/kamoto.md\\\/wp-content\\\/uploads\\\/2017\\\/10\\\/G_O_2635.jpg\",\"datePublished\":\"2017-10-30T20:31:41+00:00\",\"dateModified\":\"2026-02-27T11:54:02+00:00\",\"description\":\"Cau\u021bi de unde s\u0103 cumperi ma\u0219in\u0103 de tuns iarba pe benzin\u0103 ieftin\u0103 din stoc \u00een Kishinev? \u2705 Selec\u021bie larg\u0103 \u0219i pre\u021buri mici \u2b50De pe site-ul Kamoto.md ridica\u021bi cu o garan\u021bie \u2705\",\"breadcrumb\":{\"@id\":\"https:\\\/\\\/kamoto.md\\\/ro\\\/shop\\\/scule-si-unelte-de-gradinarit\\\/masini-de-tuns-gazon\\\/masina-de-tuns-iarba-pe-benzina-kamoto-lm4546d\\\/#breadcrumb\"},\"inLanguage\":\"ro-RO\",\"potentialAction\":[{\"@type\":\"ReadAction\",\"target\":[\"https:\\\/\\\/kamoto.md\\\/ro\\\/shop\\\/scule-si-unelte-de-gradinarit\\\/masini-de-tuns-gazon\\\/masina-de-tuns-iarba-pe-benzina-kamoto-lm4546d\\\/\"]}]},{\"@type\":\"ImageObject\",\"inLanguage\":\"ro-RO\",\"@id\":\"https:\\\/\\\/kamoto.md\\\/ro\\\/shop\\\/scule-si-unelte-de-gradinarit\\\/masini-de-tuns-gazon\\\/masina-de-tuns-iarba-pe-benzina-kamoto-lm4546d\\\/#primaryimage\",\"url\":\"https:\\\/\\\/kamoto.md\\\/wp-content\\\/uploads\\\/2017\\\/10\\\/G_O_2635.jpg\",\"contentUrl\":\"https:\\\/\\\/kamoto.md\\\/wp-content\\\/uploads\\\/2017\\\/10\\\/G_O_2635.jpg\",\"width\":1000,\"height\":1000},{\"@type\":\"BreadcrumbList\",\"@id\":\"https:\\\/\\\/kamoto.md\\\/ro\\\/shop\\\/scule-si-unelte-de-gradinarit\\\/masini-de-tuns-gazon\\\/masina-de-tuns-iarba-pe-benzina-kamoto-lm4546d\\\/#breadcrumb\",\"itemListElement\":[{\"@type\":\"ListItem\",\"position\":1,\"name\":\"\u0413\u043b\u0430\u0432\u043d\u0430\u044f \u0441\u0442\u0440\u0430\u043d\u0438\u0446\u0430\",\"item\":\"https:\\\/\\\/kamoto.md\\\/ro\\\/\"},{\"@type\":\"ListItem\",\"position\":2,\"name\":\"Catalog\",\"item\":\"https:\\\/\\\/kamoto.md\\\/ro\\\/catalog\\\/\"},{\"@type\":\"ListItem\",\"position\":3,\"name\":\"Instrumente \u0219i unelte de gr\u0103din\u0103rit\",\"item\":\"https:\\\/\\\/kamoto.md\\\/ro\\\/catalog\\\/scule-si-unelte-de-gradinarit\\\/\"},{\"@type\":\"ListItem\",\"position\":4,\"name\":\"Ma\u0219ini de tuns gazon\",\"item\":\"https:\\\/\\\/kamoto.md\\\/ro\\\/catalog\\\/scule-si-unelte-de-gradinarit\\\/masini-de-tuns-gazon\\\/\"},{\"@type\":\"ListItem\",\"position\":5,\"name\":\"Ma\u0219in\u0103 de tuns iarb\u0103 pe benzin\u0103 KAMOTO LM4546D\"}]},{\"@type\":\"WebSite\",\"@id\":\"https:\\\/\\\/kamoto.md\\\/ro\\\/#website\",\"url\":\"https:\\\/\\\/kamoto.md\\\/ro\\\/\",\"name\":\"Kamoto.MD\",\"description\":\"\u0418\u043d\u0442\u0435\u0440\u043d\u0435\u0442 \u043c\u0430\u0433\u0430\u0437\u0438\u043d \u044d\u043b\u0435\u043a\u0442\u0440\u043e\u0438\u043d\u0441\u0442\u0440\u0443\u043c\u0435\u043d\u0442\u0430, \u0441\u0430\u0434\u043e\u0432\u043e\u0439 \u0438 \u0441\u0438\u043b\u043e\u0432\u043e\u0439 \u0442\u0435\u0445\u043d\u0438\u043a\u0438.\",\"publisher\":{\"@id\":\"https:\\\/\\\/kamoto.md\\\/ro\\\/#organization\"},\"potentialAction\":[{\"@type\":\"SearchAction\",\"target\":{\"@type\":\"EntryPoint\",\"urlTemplate\":\"https:\\\/\\\/kamoto.md\\\/ro\\\/?s={search_term_string}\"},\"query-input\":{\"@type\":\"PropertyValueSpecification\",\"valueRequired\":true,\"valueName\":\"search_term_string\"}}],\"inLanguage\":\"ro-RO\"},{\"@type\":\"Organization\",\"@id\":\"https:\\\/\\\/kamoto.md\\\/ro\\\/#organization\",\"name\":\"Kamoto S.R.L.\",\"url\":\"https:\\\/\\\/kamoto.md\\\/ro\\\/\",\"logo\":{\"@type\":\"ImageObject\",\"inLanguage\":\"ro-RO\",\"@id\":\"https:\\\/\\\/kamoto.md\\\/ro\\\/#\\\/schema\\\/logo\\\/image\\\/\",\"url\":\"https:\\\/\\\/kamoto.md\\\/wp-content\\\/uploads\\\/2017\\\/08\\\/logo.png\",\"contentUrl\":\"https:\\\/\\\/kamoto.md\\\/wp-content\\\/uploads\\\/2017\\\/08\\\/logo.png\",\"width\":323,\"height\":50,\"caption\":\"Kamoto S.R.L.\"},\"image\":{\"@id\":\"https:\\\/\\\/kamoto.md\\\/ro\\\/#\\\/schema\\\/logo\\\/image\\\/\"}}]}<\/script>\n<!-- \/ Yoast SEO plugin. -->","yoast_head_json":{"title":"Cump\u0103r\u0103 Ma\u0219in\u0103 de tuns iarba pe benzin\u0103 \u00een Moldova - % Chi\u0219in\u0103u\u2b50","description":"Cau\u021bi de unde s\u0103 cumperi ma\u0219in\u0103 de tuns iarba pe benzin\u0103 ieftin\u0103 din stoc \u00een Kishinev? \u2705 Selec\u021bie larg\u0103 \u0219i pre\u021buri mici \u2b50De pe site-ul Kamoto.md ridica\u021bi cu o garan\u021bie \u2705","robots":{"index":"index","follow":"follow","max-snippet":"max-snippet:-1","max-image-preview":"max-image-preview:large","max-video-preview":"max-video-preview:-1"},"canonical":"https:\/\/kamoto.md\/ro\/shop\/scule-si-unelte-de-gradinarit\/masini-de-tuns-gazon\/masina-de-tuns-iarba-pe-benzina-kamoto-lm4546d\/","og_locale":"ro_RO","og_type":"article","og_title":"Cump\u0103r\u0103 Ma\u0219in\u0103 de tuns iarba pe benzin\u0103 \u00een Moldova - % Chi\u0219in\u0103u\u2b50","og_description":"Cau\u021bi de unde s\u0103 cumperi ma\u0219in\u0103 de tuns iarba pe benzin\u0103 ieftin\u0103 din stoc \u00een Kishinev? \u2705 Selec\u021bie larg\u0103 \u0219i pre\u021buri mici \u2b50De pe site-ul Kamoto.md ridica\u021bi cu o garan\u021bie \u2705","og_url":"https:\/\/kamoto.md\/ro\/shop\/scule-si-unelte-de-gradinarit\/masini-de-tuns-gazon\/masina-de-tuns-iarba-pe-benzina-kamoto-lm4546d\/","og_site_name":"Kamoto.md","article_modified_time":"2026-02-27T11:54:02+00:00","og_image":[{"width":1000,"height":1000,"url":"https:\/\/kamoto.md\/wp-content\/uploads\/2021\/05\/logo2.png","type":"image\/png"}],"twitter_card":"summary_large_image","twitter_misc":{"Timp estimat pentru citire":"3 minute"},"schema":{"@context":"https:\/\/schema.org","@graph":[{"@type":["WebPage","ItemPage"],"@id":"https:\/\/kamoto.md\/ro\/shop\/scule-si-unelte-de-gradinarit\/masini-de-tuns-gazon\/masina-de-tuns-iarba-pe-benzina-kamoto-lm4546d\/","url":"https:\/\/kamoto.md\/ro\/shop\/scule-si-unelte-de-gradinarit\/masini-de-tuns-gazon\/masina-de-tuns-iarba-pe-benzina-kamoto-lm4546d\/","name":"Cump\u0103r\u0103 Ma\u0219in\u0103 de tuns iarba pe benzin\u0103 \u00een Moldova - % Chi\u0219in\u0103u\u2b50","isPartOf":{"@id":"https:\/\/kamoto.md\/ro\/#website"},"primaryImageOfPage":{"@id":"https:\/\/kamoto.md\/ro\/shop\/scule-si-unelte-de-gradinarit\/masini-de-tuns-gazon\/masina-de-tuns-iarba-pe-benzina-kamoto-lm4546d\/#primaryimage"},"image":{"@id":"https:\/\/kamoto.md\/ro\/shop\/scule-si-unelte-de-gradinarit\/masini-de-tuns-gazon\/masina-de-tuns-iarba-pe-benzina-kamoto-lm4546d\/#primaryimage"},"thumbnailUrl":"https:\/\/kamoto.md\/wp-content\/uploads\/2017\/10\/G_O_2635.jpg","datePublished":"2017-10-30T20:31:41+00:00","dateModified":"2026-02-27T11:54:02+00:00","description":"Cau\u021bi de unde s\u0103 cumperi ma\u0219in\u0103 de tuns iarba pe benzin\u0103 ieftin\u0103 din stoc \u00een Kishinev? \u2705 Selec\u021bie larg\u0103 \u0219i pre\u021buri mici \u2b50De pe site-ul Kamoto.md ridica\u021bi cu o garan\u021bie \u2705","breadcrumb":{"@id":"https:\/\/kamoto.md\/ro\/shop\/scule-si-unelte-de-gradinarit\/masini-de-tuns-gazon\/masina-de-tuns-iarba-pe-benzina-kamoto-lm4546d\/#breadcrumb"},"inLanguage":"ro-RO","potentialAction":[{"@type":"ReadAction","target":["https:\/\/kamoto.md\/ro\/shop\/scule-si-unelte-de-gradinarit\/masini-de-tuns-gazon\/masina-de-tuns-iarba-pe-benzina-kamoto-lm4546d\/"]}]},{"@type":"ImageObject","inLanguage":"ro-RO","@id":"https:\/\/kamoto.md\/ro\/shop\/scule-si-unelte-de-gradinarit\/masini-de-tuns-gazon\/masina-de-tuns-iarba-pe-benzina-kamoto-lm4546d\/#primaryimage","url":"https:\/\/kamoto.md\/wp-content\/uploads\/2017\/10\/G_O_2635.jpg","contentUrl":"https:\/\/kamoto.md\/wp-content\/uploads\/2017\/10\/G_O_2635.jpg","width":1000,"height":1000},{"@type":"BreadcrumbList","@id":"https:\/\/kamoto.md\/ro\/shop\/scule-si-unelte-de-gradinarit\/masini-de-tuns-gazon\/masina-de-tuns-iarba-pe-benzina-kamoto-lm4546d\/#breadcrumb","itemListElement":[{"@type":"ListItem","position":1,"name":"\u0413\u043b\u0430\u0432\u043d\u0430\u044f \u0441\u0442\u0440\u0430\u043d\u0438\u0446\u0430","item":"https:\/\/kamoto.md\/ro\/"},{"@type":"ListItem","position":2,"name":"Catalog","item":"https:\/\/kamoto.md\/ro\/catalog\/"},{"@type":"ListItem","position":3,"name":"Instrumente \u0219i unelte de gr\u0103din\u0103rit","item":"https:\/\/kamoto.md\/ro\/catalog\/scule-si-unelte-de-gradinarit\/"},{"@type":"ListItem","position":4,"name":"Ma\u0219ini de tuns gazon","item":"https:\/\/kamoto.md\/ro\/catalog\/scule-si-unelte-de-gradinarit\/masini-de-tuns-gazon\/"},{"@type":"ListItem","position":5,"name":"Ma\u0219in\u0103 de tuns iarb\u0103 pe benzin\u0103 KAMOTO LM4546D"}]},{"@type":"WebSite","@id":"https:\/\/kamoto.md\/ro\/#website","url":"https:\/\/kamoto.md\/ro\/","name":"Kamoto.MD","description":"\u0418\u043d\u0442\u0435\u0440\u043d\u0435\u0442 \u043c\u0430\u0433\u0430\u0437\u0438\u043d \u044d\u043b\u0435\u043a\u0442\u0440\u043e\u0438\u043d\u0441\u0442\u0440\u0443\u043c\u0435\u043d\u0442\u0430, \u0441\u0430\u0434\u043e\u0432\u043e\u0439 \u0438 \u0441\u0438\u043b\u043e\u0432\u043e\u0439 \u0442\u0435\u0445\u043d\u0438\u043a\u0438.","publisher":{"@id":"https:\/\/kamoto.md\/ro\/#organization"},"potentialAction":[{"@type":"SearchAction","target":{"@type":"EntryPoint","urlTemplate":"https:\/\/kamoto.md\/ro\/?s={search_term_string}"},"query-input":{"@type":"PropertyValueSpecification","valueRequired":true,"valueName":"search_term_string"}}],"inLanguage":"ro-RO"},{"@type":"Organization","@id":"https:\/\/kamoto.md\/ro\/#organization","name":"Kamoto S.R.L.","url":"https:\/\/kamoto.md\/ro\/","logo":{"@type":"ImageObject","inLanguage":"ro-RO","@id":"https:\/\/kamoto.md\/ro\/#\/schema\/logo\/image\/","url":"https:\/\/kamoto.md\/wp-content\/uploads\/2017\/08\/logo.png","contentUrl":"https:\/\/kamoto.md\/wp-content\/uploads\/2017\/08\/logo.png","width":323,"height":50,"caption":"Kamoto S.R.L."},"image":{"@id":"https:\/\/kamoto.md\/ro\/#\/schema\/logo\/image\/"}}]}},"_links":{"self":[{"href":"https:\/\/kamoto.md\/ro\/wp-json\/wp\/v2\/product\/9124","targetHints":{"allow":["GET"]}}],"collection":[{"href":"https:\/\/kamoto.md\/ro\/wp-json\/wp\/v2\/product"}],"about":[{"href":"https:\/\/kamoto.md\/ro\/wp-json\/wp\/v2\/types\/product"}],"wp:featuredmedia":[{"embeddable":true,"href":"https:\/\/kamoto.md\/ro\/wp-json\/wp\/v2\/media\/10012"}],"wp:attachment":[{"href":"https:\/\/kamoto.md\/ro\/wp-json\/wp\/v2\/media?parent=9124"}],"wp:term":[{"taxonomy":"product_brand","embeddable":true,"href":"https:\/\/kamoto.md\/ro\/wp-json\/wp\/v2\/product_brand?post=9124"},{"taxonomy":"product_cat","embeddable":true,"href":"https:\/\/kamoto.md\/ro\/wp-json\/wp\/v2\/product_cat?post=9124"},{"taxonomy":"product_tag","embeddable":true,"href":"https:\/\/kamoto.md\/ro\/wp-json\/wp\/v2\/product_tag?post=9124"}],"curies":[{"name":"wp","href":"https:\/\/api.w.org\/{rel}","templated":true}]}}