{"id":9127,"date":"2017-10-30T21:59:48","date_gmt":"2017-10-30T19:59:48","guid":{"rendered":"https:\/\/kamoto.md\/shop\/fara-categorie\/freza-de-zapada-kamoto-st6560\/"},"modified":"2026-02-27T13:56:51","modified_gmt":"2026-02-27T11:56:51","slug":"aruncator-de-zapad-kamoto-st6560","status":"publish","type":"product","link":"https:\/\/kamoto.md\/ro\/shop\/scule-si-unelte-de-gradinarit\/aruncator-de-zapada\/aruncator-de-zapad-kamoto-st6560\/","title":{"rendered":"Arunc\u0103tor de z\u0103pad\u0103 KAMOTO ST6560"},"content":{"rendered":"<p>Arunc\u0103tor de z\u0103pad\u0103 KAMOTO ST6560 este conceput pentru a cur\u0103\u021ba mici zone de z\u0103pad\u0103, precum parcare privat\u0103, parc\u0103ri, \u0219osele, trotuare etc. Echipat cu un motor monocilindru \u00een 4 timpi cu 6,5 CP. r\u0103cit cu aer. L\u0103\u021bimea de lucru este de 60 cm. Mul\u021bumit\u0103 \u0219urubului, unitatea poate face fa\u021b\u0103 curat\u0103rii z\u0103pezii proasp\u0103t c\u0103zute. Intervalul de ejec\u021bie atinge 10-11 m.<\/p>\n<p>!!! Nu este recomandat\u0103 cur\u0103\u021barea z\u0103pezii c\u0103lcate, umede \u0219i \u00eempachetate !!!<\/p>\n","protected":false},"excerpt":{"rendered":"<p>Puterea motorului: 6,5 CP<br \/>\nStarter manual: Da<br \/>\nDemaror electric alimentat cu baterie de bord: Da<br \/>\nPutere maxim\u0103: 4,0 kW \/ 3600 rpm<br \/>\nCapacitatea rezervorului de combustibil: 3,6 l<br \/>\nCapacitatea rezervorului de ulei: 0,6 L<br \/>\nTransmisie: Disc de frecare<br \/>\nVitez\u0103: \u00eenainte &#8211; 6, \u00eenapoi &#8211; 2<br \/>\nDimensiunea ro\u021bii: 13 \u2033 \/ 13 \u00d7 4.10-6<br \/>\n\u00cenc\u0103lzitor de m\u00e2n\u0103: Nu<br \/>\nL\u0103\u021bimea g\u0103le\u021bii de lucru: 60 cm<br \/>\n\u00cen\u0103l\u021bimea de lucru a g\u0103le\u021bii: 54 cm<br \/>\nRotirea jutei de z\u0103pad\u0103: manual\u0103<br \/>\nInclinarea jgheabului: manual<br \/>\nMaterial de jgheab: metal<br \/>\nRotirea eliber\u0103rii z\u0103pezii: 190 \u00b0<br \/>\nDomeniul de emisie a z\u0103pezii: \u226510 m<\/p>\n","protected":false},"featured_media":9039,"template":"","meta":[],"product_brand":[],"product_cat":[293],"product_tag":[],"class_list":{"0":"post-9127","1":"product","2":"type-product","3":"status-publish","4":"has-post-thumbnail","6":"product_cat-aruncator-de-zapada","8":"first","9":"outofstock","10":"shipping-taxable","11":"product-type-simple"},"yoast_head":"<!-- This site is optimized with the Yoast SEO plugin v27.3 - https:\/\/yoast.com\/product\/yoast-seo-wordpress\/ -->\n<title>Vrei Freza de zapada ieftine? Moldova - Chisinau - Kamoto.md - Orhei<\/title>\n<meta name=\"description\" content=\"Descoprea Freza de zapada la PRETURI de importator \u25bb Vezi OFERTELE pe site! - Kamoto.md - Arunc\u0103tor de z\u0103pad\u0103 KAMOTO ST6560 - Moldova - Chisinau - Cimislia\" \/>\n<meta name=\"robots\" content=\"index, follow, max-snippet:-1, max-image-preview:large, max-video-preview:-1\" \/>\n<link rel=\"canonical\" href=\"https:\/\/kamoto.md\/ro\/shop\/scule-si-unelte-de-gradinarit\/aruncator-de-zapada\/aruncator-de-zapad-kamoto-st6560\/\" \/>\n<meta property=\"og:locale\" content=\"ro_RO\" \/>\n<meta property=\"og:type\" content=\"article\" \/>\n<meta property=\"og:title\" content=\"Vrei Freza de zapada ieftine? Moldova - Chisinau - Kamoto.md - Orhei\" \/>\n<meta property=\"og:description\" content=\"Descoprea Freza de zapada la PRETURI de importator \u25bb Vezi OFERTELE pe site! - Kamoto.md - Arunc\u0103tor de z\u0103pad\u0103 KAMOTO ST6560 - Moldova - Chisinau - Cimislia\" \/>\n<meta property=\"og:url\" content=\"https:\/\/kamoto.md\/ro\/shop\/scule-si-unelte-de-gradinarit\/aruncator-de-zapada\/aruncator-de-zapad-kamoto-st6560\/\" \/>\n<meta property=\"og:site_name\" content=\"Kamoto.md\" \/>\n<meta property=\"article:modified_time\" content=\"2026-02-27T11:56:51+00:00\" \/>\n<meta property=\"og:image\" content=\"https:\/\/kamoto.md\/wp-content\/uploads\/2021\/05\/logo2.png\" \/>\n\t<meta property=\"og:image:width\" content=\"1000\" \/>\n\t<meta property=\"og:image:height\" content=\"1000\" \/>\n\t<meta property=\"og:image:type\" content=\"image\/png\" \/>\n<meta name=\"twitter:card\" content=\"summary_large_image\" \/>\n<meta name=\"twitter:label1\" content=\"Timp estimat pentru citire\" \/>\n\t<meta name=\"twitter:data1\" content=\"1 minut\" \/>\n<script type=\"application\/ld+json\" class=\"yoast-schema-graph\">{\"@context\":\"https:\\\/\\\/schema.org\",\"@graph\":[{\"@type\":[\"WebPage\",\"ItemPage\"],\"@id\":\"https:\\\/\\\/kamoto.md\\\/ro\\\/shop\\\/scule-si-unelte-de-gradinarit\\\/aruncator-de-zapada\\\/aruncator-de-zapad-kamoto-st6560\\\/\",\"url\":\"https:\\\/\\\/kamoto.md\\\/ro\\\/shop\\\/scule-si-unelte-de-gradinarit\\\/aruncator-de-zapada\\\/aruncator-de-zapad-kamoto-st6560\\\/\",\"name\":\"Vrei Freza de zapada ieftine? Moldova - Chisinau - Kamoto.md - Orhei\",\"isPartOf\":{\"@id\":\"https:\\\/\\\/kamoto.md\\\/ro\\\/#website\"},\"primaryImageOfPage\":{\"@id\":\"https:\\\/\\\/kamoto.md\\\/ro\\\/shop\\\/scule-si-unelte-de-gradinarit\\\/aruncator-de-zapada\\\/aruncator-de-zapad-kamoto-st6560\\\/#primaryimage\"},\"image\":{\"@id\":\"https:\\\/\\\/kamoto.md\\\/ro\\\/shop\\\/scule-si-unelte-de-gradinarit\\\/aruncator-de-zapada\\\/aruncator-de-zapad-kamoto-st6560\\\/#primaryimage\"},\"thumbnailUrl\":\"https:\\\/\\\/kamoto.md\\\/wp-content\\\/uploads\\\/2017\\\/10\\\/IMGP1748-kopiya.jpg\",\"datePublished\":\"2017-10-30T19:59:48+00:00\",\"dateModified\":\"2026-02-27T11:56:51+00:00\",\"description\":\"Descoprea Freza de zapada la PRETURI de importator \u25bb Vezi OFERTELE pe site! - Kamoto.md - Arunc\u0103tor de z\u0103pad\u0103 KAMOTO ST6560 - Moldova - Chisinau - Cimislia\",\"breadcrumb\":{\"@id\":\"https:\\\/\\\/kamoto.md\\\/ro\\\/shop\\\/scule-si-unelte-de-gradinarit\\\/aruncator-de-zapada\\\/aruncator-de-zapad-kamoto-st6560\\\/#breadcrumb\"},\"inLanguage\":\"ro-RO\",\"potentialAction\":[{\"@type\":\"ReadAction\",\"target\":[\"https:\\\/\\\/kamoto.md\\\/ro\\\/shop\\\/scule-si-unelte-de-gradinarit\\\/aruncator-de-zapada\\\/aruncator-de-zapad-kamoto-st6560\\\/\"]}]},{\"@type\":\"ImageObject\",\"inLanguage\":\"ro-RO\",\"@id\":\"https:\\\/\\\/kamoto.md\\\/ro\\\/shop\\\/scule-si-unelte-de-gradinarit\\\/aruncator-de-zapada\\\/aruncator-de-zapad-kamoto-st6560\\\/#primaryimage\",\"url\":\"https:\\\/\\\/kamoto.md\\\/wp-content\\\/uploads\\\/2017\\\/10\\\/IMGP1748-kopiya.jpg\",\"contentUrl\":\"https:\\\/\\\/kamoto.md\\\/wp-content\\\/uploads\\\/2017\\\/10\\\/IMGP1748-kopiya.jpg\",\"width\":1800,\"height\":1800},{\"@type\":\"BreadcrumbList\",\"@id\":\"https:\\\/\\\/kamoto.md\\\/ro\\\/shop\\\/scule-si-unelte-de-gradinarit\\\/aruncator-de-zapada\\\/aruncator-de-zapad-kamoto-st6560\\\/#breadcrumb\",\"itemListElement\":[{\"@type\":\"ListItem\",\"position\":1,\"name\":\"\u0413\u043b\u0430\u0432\u043d\u0430\u044f \u0441\u0442\u0440\u0430\u043d\u0438\u0446\u0430\",\"item\":\"https:\\\/\\\/kamoto.md\\\/ro\\\/\"},{\"@type\":\"ListItem\",\"position\":2,\"name\":\"Catalog\",\"item\":\"https:\\\/\\\/kamoto.md\\\/ro\\\/catalog\\\/\"},{\"@type\":\"ListItem\",\"position\":3,\"name\":\"Instrumente \u0219i unelte de gr\u0103din\u0103rit\",\"item\":\"https:\\\/\\\/kamoto.md\\\/ro\\\/catalog\\\/scule-si-unelte-de-gradinarit\\\/\"},{\"@type\":\"ListItem\",\"position\":4,\"name\":\"Arunc\u0103tor de z\u0103pad\u0103\",\"item\":\"https:\\\/\\\/kamoto.md\\\/ro\\\/catalog\\\/scule-si-unelte-de-gradinarit\\\/aruncator-de-zapada\\\/\"},{\"@type\":\"ListItem\",\"position\":5,\"name\":\"Arunc\u0103tor de z\u0103pad\u0103 KAMOTO ST6560\"}]},{\"@type\":\"WebSite\",\"@id\":\"https:\\\/\\\/kamoto.md\\\/ro\\\/#website\",\"url\":\"https:\\\/\\\/kamoto.md\\\/ro\\\/\",\"name\":\"Kamoto.MD\",\"description\":\"\u0418\u043d\u0442\u0435\u0440\u043d\u0435\u0442 \u043c\u0430\u0433\u0430\u0437\u0438\u043d \u044d\u043b\u0435\u043a\u0442\u0440\u043e\u0438\u043d\u0441\u0442\u0440\u0443\u043c\u0435\u043d\u0442\u0430, \u0441\u0430\u0434\u043e\u0432\u043e\u0439 \u0438 \u0441\u0438\u043b\u043e\u0432\u043e\u0439 \u0442\u0435\u0445\u043d\u0438\u043a\u0438.\",\"publisher\":{\"@id\":\"https:\\\/\\\/kamoto.md\\\/ro\\\/#organization\"},\"potentialAction\":[{\"@type\":\"SearchAction\",\"target\":{\"@type\":\"EntryPoint\",\"urlTemplate\":\"https:\\\/\\\/kamoto.md\\\/ro\\\/?s={search_term_string}\"},\"query-input\":{\"@type\":\"PropertyValueSpecification\",\"valueRequired\":true,\"valueName\":\"search_term_string\"}}],\"inLanguage\":\"ro-RO\"},{\"@type\":\"Organization\",\"@id\":\"https:\\\/\\\/kamoto.md\\\/ro\\\/#organization\",\"name\":\"Kamoto S.R.L.\",\"url\":\"https:\\\/\\\/kamoto.md\\\/ro\\\/\",\"logo\":{\"@type\":\"ImageObject\",\"inLanguage\":\"ro-RO\",\"@id\":\"https:\\\/\\\/kamoto.md\\\/ro\\\/#\\\/schema\\\/logo\\\/image\\\/\",\"url\":\"https:\\\/\\\/kamoto.md\\\/wp-content\\\/uploads\\\/2017\\\/08\\\/logo.png\",\"contentUrl\":\"https:\\\/\\\/kamoto.md\\\/wp-content\\\/uploads\\\/2017\\\/08\\\/logo.png\",\"width\":323,\"height\":50,\"caption\":\"Kamoto S.R.L.\"},\"image\":{\"@id\":\"https:\\\/\\\/kamoto.md\\\/ro\\\/#\\\/schema\\\/logo\\\/image\\\/\"}}]}<\/script>\n<!-- \/ Yoast SEO plugin. -->","yoast_head_json":{"title":"Vrei Freza de zapada ieftine? Moldova - Chisinau - Kamoto.md - Orhei","description":"Descoprea Freza de zapada la PRETURI de importator \u25bb Vezi OFERTELE pe site! - Kamoto.md - Arunc\u0103tor de z\u0103pad\u0103 KAMOTO ST6560 - Moldova - Chisinau - Cimislia","robots":{"index":"index","follow":"follow","max-snippet":"max-snippet:-1","max-image-preview":"max-image-preview:large","max-video-preview":"max-video-preview:-1"},"canonical":"https:\/\/kamoto.md\/ro\/shop\/scule-si-unelte-de-gradinarit\/aruncator-de-zapada\/aruncator-de-zapad-kamoto-st6560\/","og_locale":"ro_RO","og_type":"article","og_title":"Vrei Freza de zapada ieftine? Moldova - Chisinau - Kamoto.md - Orhei","og_description":"Descoprea Freza de zapada la PRETURI de importator \u25bb Vezi OFERTELE pe site! - Kamoto.md - Arunc\u0103tor de z\u0103pad\u0103 KAMOTO ST6560 - Moldova - Chisinau - Cimislia","og_url":"https:\/\/kamoto.md\/ro\/shop\/scule-si-unelte-de-gradinarit\/aruncator-de-zapada\/aruncator-de-zapad-kamoto-st6560\/","og_site_name":"Kamoto.md","article_modified_time":"2026-02-27T11:56:51+00:00","og_image":[{"width":1000,"height":1000,"url":"https:\/\/kamoto.md\/wp-content\/uploads\/2021\/05\/logo2.png","type":"image\/png"}],"twitter_card":"summary_large_image","twitter_misc":{"Timp estimat pentru citire":"1 minut"},"schema":{"@context":"https:\/\/schema.org","@graph":[{"@type":["WebPage","ItemPage"],"@id":"https:\/\/kamoto.md\/ro\/shop\/scule-si-unelte-de-gradinarit\/aruncator-de-zapada\/aruncator-de-zapad-kamoto-st6560\/","url":"https:\/\/kamoto.md\/ro\/shop\/scule-si-unelte-de-gradinarit\/aruncator-de-zapada\/aruncator-de-zapad-kamoto-st6560\/","name":"Vrei Freza de zapada ieftine? Moldova - Chisinau - Kamoto.md - Orhei","isPartOf":{"@id":"https:\/\/kamoto.md\/ro\/#website"},"primaryImageOfPage":{"@id":"https:\/\/kamoto.md\/ro\/shop\/scule-si-unelte-de-gradinarit\/aruncator-de-zapada\/aruncator-de-zapad-kamoto-st6560\/#primaryimage"},"image":{"@id":"https:\/\/kamoto.md\/ro\/shop\/scule-si-unelte-de-gradinarit\/aruncator-de-zapada\/aruncator-de-zapad-kamoto-st6560\/#primaryimage"},"thumbnailUrl":"https:\/\/kamoto.md\/wp-content\/uploads\/2017\/10\/IMGP1748-kopiya.jpg","datePublished":"2017-10-30T19:59:48+00:00","dateModified":"2026-02-27T11:56:51+00:00","description":"Descoprea Freza de zapada la PRETURI de importator \u25bb Vezi OFERTELE pe site! - Kamoto.md - Arunc\u0103tor de z\u0103pad\u0103 KAMOTO ST6560 - Moldova - Chisinau - Cimislia","breadcrumb":{"@id":"https:\/\/kamoto.md\/ro\/shop\/scule-si-unelte-de-gradinarit\/aruncator-de-zapada\/aruncator-de-zapad-kamoto-st6560\/#breadcrumb"},"inLanguage":"ro-RO","potentialAction":[{"@type":"ReadAction","target":["https:\/\/kamoto.md\/ro\/shop\/scule-si-unelte-de-gradinarit\/aruncator-de-zapada\/aruncator-de-zapad-kamoto-st6560\/"]}]},{"@type":"ImageObject","inLanguage":"ro-RO","@id":"https:\/\/kamoto.md\/ro\/shop\/scule-si-unelte-de-gradinarit\/aruncator-de-zapada\/aruncator-de-zapad-kamoto-st6560\/#primaryimage","url":"https:\/\/kamoto.md\/wp-content\/uploads\/2017\/10\/IMGP1748-kopiya.jpg","contentUrl":"https:\/\/kamoto.md\/wp-content\/uploads\/2017\/10\/IMGP1748-kopiya.jpg","width":1800,"height":1800},{"@type":"BreadcrumbList","@id":"https:\/\/kamoto.md\/ro\/shop\/scule-si-unelte-de-gradinarit\/aruncator-de-zapada\/aruncator-de-zapad-kamoto-st6560\/#breadcrumb","itemListElement":[{"@type":"ListItem","position":1,"name":"\u0413\u043b\u0430\u0432\u043d\u0430\u044f \u0441\u0442\u0440\u0430\u043d\u0438\u0446\u0430","item":"https:\/\/kamoto.md\/ro\/"},{"@type":"ListItem","position":2,"name":"Catalog","item":"https:\/\/kamoto.md\/ro\/catalog\/"},{"@type":"ListItem","position":3,"name":"Instrumente \u0219i unelte de gr\u0103din\u0103rit","item":"https:\/\/kamoto.md\/ro\/catalog\/scule-si-unelte-de-gradinarit\/"},{"@type":"ListItem","position":4,"name":"Arunc\u0103tor de z\u0103pad\u0103","item":"https:\/\/kamoto.md\/ro\/catalog\/scule-si-unelte-de-gradinarit\/aruncator-de-zapada\/"},{"@type":"ListItem","position":5,"name":"Arunc\u0103tor de z\u0103pad\u0103 KAMOTO ST6560"}]},{"@type":"WebSite","@id":"https:\/\/kamoto.md\/ro\/#website","url":"https:\/\/kamoto.md\/ro\/","name":"Kamoto.MD","description":"\u0418\u043d\u0442\u0435\u0440\u043d\u0435\u0442 \u043c\u0430\u0433\u0430\u0437\u0438\u043d \u044d\u043b\u0435\u043a\u0442\u0440\u043e\u0438\u043d\u0441\u0442\u0440\u0443\u043c\u0435\u043d\u0442\u0430, \u0441\u0430\u0434\u043e\u0432\u043e\u0439 \u0438 \u0441\u0438\u043b\u043e\u0432\u043e\u0439 \u0442\u0435\u0445\u043d\u0438\u043a\u0438.","publisher":{"@id":"https:\/\/kamoto.md\/ro\/#organization"},"potentialAction":[{"@type":"SearchAction","target":{"@type":"EntryPoint","urlTemplate":"https:\/\/kamoto.md\/ro\/?s={search_term_string}"},"query-input":{"@type":"PropertyValueSpecification","valueRequired":true,"valueName":"search_term_string"}}],"inLanguage":"ro-RO"},{"@type":"Organization","@id":"https:\/\/kamoto.md\/ro\/#organization","name":"Kamoto S.R.L.","url":"https:\/\/kamoto.md\/ro\/","logo":{"@type":"ImageObject","inLanguage":"ro-RO","@id":"https:\/\/kamoto.md\/ro\/#\/schema\/logo\/image\/","url":"https:\/\/kamoto.md\/wp-content\/uploads\/2017\/08\/logo.png","contentUrl":"https:\/\/kamoto.md\/wp-content\/uploads\/2017\/08\/logo.png","width":323,"height":50,"caption":"Kamoto S.R.L."},"image":{"@id":"https:\/\/kamoto.md\/ro\/#\/schema\/logo\/image\/"}}]}},"_links":{"self":[{"href":"https:\/\/kamoto.md\/ro\/wp-json\/wp\/v2\/product\/9127","targetHints":{"allow":["GET"]}}],"collection":[{"href":"https:\/\/kamoto.md\/ro\/wp-json\/wp\/v2\/product"}],"about":[{"href":"https:\/\/kamoto.md\/ro\/wp-json\/wp\/v2\/types\/product"}],"wp:featuredmedia":[{"embeddable":true,"href":"https:\/\/kamoto.md\/ro\/wp-json\/wp\/v2\/media\/9039"}],"wp:attachment":[{"href":"https:\/\/kamoto.md\/ro\/wp-json\/wp\/v2\/media?parent=9127"}],"wp:term":[{"taxonomy":"product_brand","embeddable":true,"href":"https:\/\/kamoto.md\/ro\/wp-json\/wp\/v2\/product_brand?post=9127"},{"taxonomy":"product_cat","embeddable":true,"href":"https:\/\/kamoto.md\/ro\/wp-json\/wp\/v2\/product_cat?post=9127"},{"taxonomy":"product_tag","embeddable":true,"href":"https:\/\/kamoto.md\/ro\/wp-json\/wp\/v2\/product_tag?post=9127"}],"curies":[{"name":"wp","href":"https:\/\/api.w.org\/{rel}","templated":true}]}}