{"id":9135,"date":"2017-10-30T20:35:48","date_gmt":"2017-10-30T18:35:48","guid":{"rendered":"https:\/\/kamoto.md\/shop\/fara-categorie\/motoferastrau-kamoto-cs-2\/"},"modified":"2026-02-27T18:17:23","modified_gmt":"2026-02-27T16:17:23","slug":"motoferastrau-kamoto-cs-2","status":"publish","type":"product","link":"https:\/\/kamoto.md\/ro\/shop\/scule-si-unelte-de-gradinarit\/ferestraie\/motoferastrau-kamoto-cs-2\/","title":{"rendered":"Motofer\u0103str\u0103u KAMOTO CS4016"},"content":{"rendered":"<p>Motofer\u0103str\u0103u KAMOTO CS4016 cu un nivel sc\u0103zut de vibra\u021bii este destinat utiliz\u0103rii casnice pe un loc de gr\u0103din\u0103.<br \/>\nPotrivit pentru utilizatorii preten\u021bio\u0219i care au nevoie de un instrument fiabil pentru t\u0103ierea lemnului cu diametru mic \u0219i mediu, pentru recoltarea lemnului de foc, precum \u0219i pentru lucr\u0103rile de construc\u021bie. Este folosit pentru t\u0103ierea copacilor cu un diametru de p\u00e2n\u0103 la 30-35 de centimetri. Practic \u0219i u\u0219or de utilizat \u0219i de \u00eentre\u021binut lant\u0103.<br \/>\nMotor de 2T fiabil, cu consum economic de combustibil \u0219i emisii reduse de evacuare, un design echilibrat va oferi o u\u0219urin\u021b\u0103 de utilizare \u0219i o t\u0103iere precis\u0103.<br \/>\nSistemul Easy Start este responsabil pentru o pornire confortabil\u0103 &#8211; reduce for\u021ba pe demaror cu 60% \u00een compara\u021bie cu motoserinele din aceea\u0219i categorie.<br \/>\nAccesul u\u0219or la filtrul de aer \u0219i la bujie permite o \u00eentre\u021binere regulat\u0103 f\u0103r\u0103 a fi necesar s\u0103 merge\u021bi la un centru de service.<br \/>\nFerastraul este echipat cu un sistem automat de ungere a lan\u021bului care \u00eempiedic\u0103 supra\u00eenc\u0103lzirea anvelopei \u0219i lan\u021bului \u0219i le protejeaz\u0103 de uzura prematur\u0103 \u0219i de coroziune. \u00cen plus, sistemul de ungere are capacitatea de a regla cantitatea de ulei furnizat\u0103 lan\u021bului \u00een func\u021bie de condi\u021biile de operare \u0219i tipul de lemn, iar un lan\u021b profesionist din set v\u0103 va permite s\u0103 face\u021bi o t\u0103iere precis\u0103, f\u0103r\u0103 eforturi fizice.<br \/>\nInclus la livrare: un recipient pentru amestecarea amestecului de combustibil, un fi\u0219ier pentru ascu\u021birea lan\u021bului \u0219i un set de unelte necesare pentru \u00eentre\u021binere.<\/p>\n","protected":false},"excerpt":{"rendered":"<p>Putere: 1,45 kW \/ 2,0 CP<br \/>\nDeplasarea motorului: 40 cm \u00b3<br \/>\nLungimea anvelopei: 16 \u2033 \/ 40 cm<br \/>\nTip lan\u021b (dalta): Kamoto TITANIUM (lan\u021b profesional)<br \/>\nNum\u0103r de lan\u021buri: 57 buc<br \/>\nPasul lan\u021bului: 3\/8 \u2033 LP<br \/>\nL\u0103\u021bimea lan\u021bului: 0,050 \u2033<br \/>\nGrosimea lan\u021bului de lan\u021b: 1,3 mm<br \/>\nSistem de lansare: EASY START<br \/>\nAmorsa pompei de combustibil: Da<br \/>\nSistem anti-vibra\u021bii: Da<br \/>\nCapacitatea rezervorului de combustibil: 300 ml<br \/>\nCapacitatea rezervorului de ulei: 200 ml<br \/>\nAmbalare: cutie de carton<br \/>\nGreutate 5,8 kg<\/p>\n","protected":false},"featured_media":2801,"template":"","meta":[],"product_brand":[],"product_cat":[296],"product_tag":[],"class_list":{"0":"post-9135","1":"product","2":"type-product","3":"status-publish","4":"has-post-thumbnail","6":"product_cat-ferestraie","8":"first","9":"outofstock","10":"shipping-taxable","11":"product-type-simple"},"yoast_head":"<!-- This site is optimized with the Yoast SEO plugin v27.3 - https:\/\/yoast.com\/product\/yoast-seo-wordpress\/ -->\n<title>Vrei Motoferastrau ieftine? Moldova - magazine, preturi, oferte.<\/title>\n<meta name=\"description\" content=\"Descoprea gama noastra de Fierastraie la PRETURI de importator \u25bb Vezi OFERTELE pe site! Cumpara acum Drujbe - Kamoto.md Motofer\u0103str\u0103u KAMOTO CS4016\" \/>\n<meta name=\"robots\" content=\"index, follow, max-snippet:-1, max-image-preview:large, max-video-preview:-1\" \/>\n<link rel=\"canonical\" href=\"https:\/\/kamoto.md\/ro\/shop\/scule-si-unelte-de-gradinarit\/ferestraie\/motoferastrau-kamoto-cs-2\/\" \/>\n<meta property=\"og:locale\" content=\"ro_RO\" \/>\n<meta property=\"og:type\" content=\"article\" \/>\n<meta property=\"og:title\" content=\"Vrei Motoferastrau ieftine? Moldova - magazine, preturi, oferte.\" \/>\n<meta property=\"og:description\" content=\"Descoprea gama noastra de Fierastraie la PRETURI de importator \u25bb Vezi OFERTELE pe site! Cumpara acum Drujbe - Kamoto.md Motofer\u0103str\u0103u KAMOTO CS4016\" \/>\n<meta property=\"og:url\" content=\"https:\/\/kamoto.md\/ro\/shop\/scule-si-unelte-de-gradinarit\/ferestraie\/motoferastrau-kamoto-cs-2\/\" \/>\n<meta property=\"og:site_name\" content=\"Kamoto.md\" \/>\n<meta property=\"article:modified_time\" content=\"2026-02-27T16:17:23+00:00\" \/>\n<meta property=\"og:image\" content=\"https:\/\/kamoto.md\/wp-content\/uploads\/2021\/05\/logo2.png\" \/>\n\t<meta property=\"og:image:width\" content=\"1000\" \/>\n\t<meta property=\"og:image:height\" content=\"1000\" \/>\n\t<meta property=\"og:image:type\" content=\"image\/png\" \/>\n<meta name=\"twitter:card\" content=\"summary_large_image\" \/>\n<meta name=\"twitter:label1\" content=\"Timp estimat pentru citire\" \/>\n\t<meta name=\"twitter:data1\" content=\"2 minute\" \/>\n<script type=\"application\/ld+json\" class=\"yoast-schema-graph\">{\"@context\":\"https:\\\/\\\/schema.org\",\"@graph\":[{\"@type\":[\"WebPage\",\"ItemPage\"],\"@id\":\"https:\\\/\\\/kamoto.md\\\/ro\\\/shop\\\/scule-si-unelte-de-gradinarit\\\/ferestraie\\\/motoferastrau-kamoto-cs-2\\\/\",\"url\":\"https:\\\/\\\/kamoto.md\\\/ro\\\/shop\\\/scule-si-unelte-de-gradinarit\\\/ferestraie\\\/motoferastrau-kamoto-cs-2\\\/\",\"name\":\"Vrei Motoferastrau ieftine? Moldova - magazine, preturi, oferte.\",\"isPartOf\":{\"@id\":\"https:\\\/\\\/kamoto.md\\\/ro\\\/#website\"},\"primaryImageOfPage\":{\"@id\":\"https:\\\/\\\/kamoto.md\\\/ro\\\/shop\\\/scule-si-unelte-de-gradinarit\\\/ferestraie\\\/motoferastrau-kamoto-cs-2\\\/#primaryimage\"},\"image\":{\"@id\":\"https:\\\/\\\/kamoto.md\\\/ro\\\/shop\\\/scule-si-unelte-de-gradinarit\\\/ferestraie\\\/motoferastrau-kamoto-cs-2\\\/#primaryimage\"},\"thumbnailUrl\":\"https:\\\/\\\/kamoto.md\\\/wp-content\\\/uploads\\\/2017\\\/10\\\/CS4016_2.png\",\"datePublished\":\"2017-10-30T18:35:48+00:00\",\"dateModified\":\"2026-02-27T16:17:23+00:00\",\"description\":\"Descoprea gama noastra de Fierastraie la PRETURI de importator \u25bb Vezi OFERTELE pe site! Cumpara acum Drujbe - Kamoto.md Motofer\u0103str\u0103u KAMOTO CS4016\",\"breadcrumb\":{\"@id\":\"https:\\\/\\\/kamoto.md\\\/ro\\\/shop\\\/scule-si-unelte-de-gradinarit\\\/ferestraie\\\/motoferastrau-kamoto-cs-2\\\/#breadcrumb\"},\"inLanguage\":\"ro-RO\",\"potentialAction\":[{\"@type\":\"ReadAction\",\"target\":[\"https:\\\/\\\/kamoto.md\\\/ro\\\/shop\\\/scule-si-unelte-de-gradinarit\\\/ferestraie\\\/motoferastrau-kamoto-cs-2\\\/\"]}]},{\"@type\":\"ImageObject\",\"inLanguage\":\"ro-RO\",\"@id\":\"https:\\\/\\\/kamoto.md\\\/ro\\\/shop\\\/scule-si-unelte-de-gradinarit\\\/ferestraie\\\/motoferastrau-kamoto-cs-2\\\/#primaryimage\",\"url\":\"https:\\\/\\\/kamoto.md\\\/wp-content\\\/uploads\\\/2017\\\/10\\\/CS4016_2.png\",\"contentUrl\":\"https:\\\/\\\/kamoto.md\\\/wp-content\\\/uploads\\\/2017\\\/10\\\/CS4016_2.png\",\"width\":1000,\"height\":1000},{\"@type\":\"BreadcrumbList\",\"@id\":\"https:\\\/\\\/kamoto.md\\\/ro\\\/shop\\\/scule-si-unelte-de-gradinarit\\\/ferestraie\\\/motoferastrau-kamoto-cs-2\\\/#breadcrumb\",\"itemListElement\":[{\"@type\":\"ListItem\",\"position\":1,\"name\":\"\u0413\u043b\u0430\u0432\u043d\u0430\u044f \u0441\u0442\u0440\u0430\u043d\u0438\u0446\u0430\",\"item\":\"https:\\\/\\\/kamoto.md\\\/ro\\\/\"},{\"@type\":\"ListItem\",\"position\":2,\"name\":\"Catalog\",\"item\":\"https:\\\/\\\/kamoto.md\\\/ro\\\/catalog\\\/\"},{\"@type\":\"ListItem\",\"position\":3,\"name\":\"Instrumente \u0219i unelte de gr\u0103din\u0103rit\",\"item\":\"https:\\\/\\\/kamoto.md\\\/ro\\\/catalog\\\/scule-si-unelte-de-gradinarit\\\/\"},{\"@type\":\"ListItem\",\"position\":4,\"name\":\"Fier\u0103straie\",\"item\":\"https:\\\/\\\/kamoto.md\\\/ro\\\/catalog\\\/scule-si-unelte-de-gradinarit\\\/ferestraie\\\/\"},{\"@type\":\"ListItem\",\"position\":5,\"name\":\"Motofer\u0103str\u0103u KAMOTO CS4016\"}]},{\"@type\":\"WebSite\",\"@id\":\"https:\\\/\\\/kamoto.md\\\/ro\\\/#website\",\"url\":\"https:\\\/\\\/kamoto.md\\\/ro\\\/\",\"name\":\"Kamoto.MD\",\"description\":\"\u0418\u043d\u0442\u0435\u0440\u043d\u0435\u0442 \u043c\u0430\u0433\u0430\u0437\u0438\u043d \u044d\u043b\u0435\u043a\u0442\u0440\u043e\u0438\u043d\u0441\u0442\u0440\u0443\u043c\u0435\u043d\u0442\u0430, \u0441\u0430\u0434\u043e\u0432\u043e\u0439 \u0438 \u0441\u0438\u043b\u043e\u0432\u043e\u0439 \u0442\u0435\u0445\u043d\u0438\u043a\u0438.\",\"publisher\":{\"@id\":\"https:\\\/\\\/kamoto.md\\\/ro\\\/#organization\"},\"potentialAction\":[{\"@type\":\"SearchAction\",\"target\":{\"@type\":\"EntryPoint\",\"urlTemplate\":\"https:\\\/\\\/kamoto.md\\\/ro\\\/?s={search_term_string}\"},\"query-input\":{\"@type\":\"PropertyValueSpecification\",\"valueRequired\":true,\"valueName\":\"search_term_string\"}}],\"inLanguage\":\"ro-RO\"},{\"@type\":\"Organization\",\"@id\":\"https:\\\/\\\/kamoto.md\\\/ro\\\/#organization\",\"name\":\"Kamoto S.R.L.\",\"url\":\"https:\\\/\\\/kamoto.md\\\/ro\\\/\",\"logo\":{\"@type\":\"ImageObject\",\"inLanguage\":\"ro-RO\",\"@id\":\"https:\\\/\\\/kamoto.md\\\/ro\\\/#\\\/schema\\\/logo\\\/image\\\/\",\"url\":\"https:\\\/\\\/kamoto.md\\\/wp-content\\\/uploads\\\/2017\\\/08\\\/logo.png\",\"contentUrl\":\"https:\\\/\\\/kamoto.md\\\/wp-content\\\/uploads\\\/2017\\\/08\\\/logo.png\",\"width\":323,\"height\":50,\"caption\":\"Kamoto S.R.L.\"},\"image\":{\"@id\":\"https:\\\/\\\/kamoto.md\\\/ro\\\/#\\\/schema\\\/logo\\\/image\\\/\"}}]}<\/script>\n<!-- \/ Yoast SEO plugin. -->","yoast_head_json":{"title":"Vrei Motoferastrau ieftine? Moldova - magazine, preturi, oferte.","description":"Descoprea gama noastra de Fierastraie la PRETURI de importator \u25bb Vezi OFERTELE pe site! Cumpara acum Drujbe - Kamoto.md Motofer\u0103str\u0103u KAMOTO CS4016","robots":{"index":"index","follow":"follow","max-snippet":"max-snippet:-1","max-image-preview":"max-image-preview:large","max-video-preview":"max-video-preview:-1"},"canonical":"https:\/\/kamoto.md\/ro\/shop\/scule-si-unelte-de-gradinarit\/ferestraie\/motoferastrau-kamoto-cs-2\/","og_locale":"ro_RO","og_type":"article","og_title":"Vrei Motoferastrau ieftine? Moldova - magazine, preturi, oferte.","og_description":"Descoprea gama noastra de Fierastraie la PRETURI de importator \u25bb Vezi OFERTELE pe site! Cumpara acum Drujbe - Kamoto.md Motofer\u0103str\u0103u KAMOTO CS4016","og_url":"https:\/\/kamoto.md\/ro\/shop\/scule-si-unelte-de-gradinarit\/ferestraie\/motoferastrau-kamoto-cs-2\/","og_site_name":"Kamoto.md","article_modified_time":"2026-02-27T16:17:23+00:00","og_image":[{"width":1000,"height":1000,"url":"https:\/\/kamoto.md\/wp-content\/uploads\/2021\/05\/logo2.png","type":"image\/png"}],"twitter_card":"summary_large_image","twitter_misc":{"Timp estimat pentru citire":"2 minute"},"schema":{"@context":"https:\/\/schema.org","@graph":[{"@type":["WebPage","ItemPage"],"@id":"https:\/\/kamoto.md\/ro\/shop\/scule-si-unelte-de-gradinarit\/ferestraie\/motoferastrau-kamoto-cs-2\/","url":"https:\/\/kamoto.md\/ro\/shop\/scule-si-unelte-de-gradinarit\/ferestraie\/motoferastrau-kamoto-cs-2\/","name":"Vrei Motoferastrau ieftine? Moldova - magazine, preturi, oferte.","isPartOf":{"@id":"https:\/\/kamoto.md\/ro\/#website"},"primaryImageOfPage":{"@id":"https:\/\/kamoto.md\/ro\/shop\/scule-si-unelte-de-gradinarit\/ferestraie\/motoferastrau-kamoto-cs-2\/#primaryimage"},"image":{"@id":"https:\/\/kamoto.md\/ro\/shop\/scule-si-unelte-de-gradinarit\/ferestraie\/motoferastrau-kamoto-cs-2\/#primaryimage"},"thumbnailUrl":"https:\/\/kamoto.md\/wp-content\/uploads\/2017\/10\/CS4016_2.png","datePublished":"2017-10-30T18:35:48+00:00","dateModified":"2026-02-27T16:17:23+00:00","description":"Descoprea gama noastra de Fierastraie la PRETURI de importator \u25bb Vezi OFERTELE pe site! Cumpara acum Drujbe - Kamoto.md Motofer\u0103str\u0103u KAMOTO CS4016","breadcrumb":{"@id":"https:\/\/kamoto.md\/ro\/shop\/scule-si-unelte-de-gradinarit\/ferestraie\/motoferastrau-kamoto-cs-2\/#breadcrumb"},"inLanguage":"ro-RO","potentialAction":[{"@type":"ReadAction","target":["https:\/\/kamoto.md\/ro\/shop\/scule-si-unelte-de-gradinarit\/ferestraie\/motoferastrau-kamoto-cs-2\/"]}]},{"@type":"ImageObject","inLanguage":"ro-RO","@id":"https:\/\/kamoto.md\/ro\/shop\/scule-si-unelte-de-gradinarit\/ferestraie\/motoferastrau-kamoto-cs-2\/#primaryimage","url":"https:\/\/kamoto.md\/wp-content\/uploads\/2017\/10\/CS4016_2.png","contentUrl":"https:\/\/kamoto.md\/wp-content\/uploads\/2017\/10\/CS4016_2.png","width":1000,"height":1000},{"@type":"BreadcrumbList","@id":"https:\/\/kamoto.md\/ro\/shop\/scule-si-unelte-de-gradinarit\/ferestraie\/motoferastrau-kamoto-cs-2\/#breadcrumb","itemListElement":[{"@type":"ListItem","position":1,"name":"\u0413\u043b\u0430\u0432\u043d\u0430\u044f \u0441\u0442\u0440\u0430\u043d\u0438\u0446\u0430","item":"https:\/\/kamoto.md\/ro\/"},{"@type":"ListItem","position":2,"name":"Catalog","item":"https:\/\/kamoto.md\/ro\/catalog\/"},{"@type":"ListItem","position":3,"name":"Instrumente \u0219i unelte de gr\u0103din\u0103rit","item":"https:\/\/kamoto.md\/ro\/catalog\/scule-si-unelte-de-gradinarit\/"},{"@type":"ListItem","position":4,"name":"Fier\u0103straie","item":"https:\/\/kamoto.md\/ro\/catalog\/scule-si-unelte-de-gradinarit\/ferestraie\/"},{"@type":"ListItem","position":5,"name":"Motofer\u0103str\u0103u KAMOTO CS4016"}]},{"@type":"WebSite","@id":"https:\/\/kamoto.md\/ro\/#website","url":"https:\/\/kamoto.md\/ro\/","name":"Kamoto.MD","description":"\u0418\u043d\u0442\u0435\u0440\u043d\u0435\u0442 \u043c\u0430\u0433\u0430\u0437\u0438\u043d \u044d\u043b\u0435\u043a\u0442\u0440\u043e\u0438\u043d\u0441\u0442\u0440\u0443\u043c\u0435\u043d\u0442\u0430, \u0441\u0430\u0434\u043e\u0432\u043e\u0439 \u0438 \u0441\u0438\u043b\u043e\u0432\u043e\u0439 \u0442\u0435\u0445\u043d\u0438\u043a\u0438.","publisher":{"@id":"https:\/\/kamoto.md\/ro\/#organization"},"potentialAction":[{"@type":"SearchAction","target":{"@type":"EntryPoint","urlTemplate":"https:\/\/kamoto.md\/ro\/?s={search_term_string}"},"query-input":{"@type":"PropertyValueSpecification","valueRequired":true,"valueName":"search_term_string"}}],"inLanguage":"ro-RO"},{"@type":"Organization","@id":"https:\/\/kamoto.md\/ro\/#organization","name":"Kamoto S.R.L.","url":"https:\/\/kamoto.md\/ro\/","logo":{"@type":"ImageObject","inLanguage":"ro-RO","@id":"https:\/\/kamoto.md\/ro\/#\/schema\/logo\/image\/","url":"https:\/\/kamoto.md\/wp-content\/uploads\/2017\/08\/logo.png","contentUrl":"https:\/\/kamoto.md\/wp-content\/uploads\/2017\/08\/logo.png","width":323,"height":50,"caption":"Kamoto S.R.L."},"image":{"@id":"https:\/\/kamoto.md\/ro\/#\/schema\/logo\/image\/"}}]}},"_links":{"self":[{"href":"https:\/\/kamoto.md\/ro\/wp-json\/wp\/v2\/product\/9135","targetHints":{"allow":["GET"]}}],"collection":[{"href":"https:\/\/kamoto.md\/ro\/wp-json\/wp\/v2\/product"}],"about":[{"href":"https:\/\/kamoto.md\/ro\/wp-json\/wp\/v2\/types\/product"}],"wp:featuredmedia":[{"embeddable":true,"href":"https:\/\/kamoto.md\/ro\/wp-json\/wp\/v2\/media\/2801"}],"wp:attachment":[{"href":"https:\/\/kamoto.md\/ro\/wp-json\/wp\/v2\/media?parent=9135"}],"wp:term":[{"taxonomy":"product_brand","embeddable":true,"href":"https:\/\/kamoto.md\/ro\/wp-json\/wp\/v2\/product_brand?post=9135"},{"taxonomy":"product_cat","embeddable":true,"href":"https:\/\/kamoto.md\/ro\/wp-json\/wp\/v2\/product_cat?post=9135"},{"taxonomy":"product_tag","embeddable":true,"href":"https:\/\/kamoto.md\/ro\/wp-json\/wp\/v2\/product_tag?post=9135"}],"curies":[{"name":"wp","href":"https:\/\/api.w.org\/{rel}","templated":true}]}}