{"id":9139,"date":"2017-10-31T21:53:22","date_gmt":"2017-10-31T19:53:22","guid":{"rendered":"https:\/\/kamoto.md\/shop\/fara-categorie\/fir-pentru-trimer-kamoto-2\/"},"modified":"2026-02-27T13:50:59","modified_gmt":"2026-02-27T11:50:59","slug":"fir-p-u-motocoasa-kamoto-st300-15-1","status":"publish","type":"product","link":"https:\/\/kamoto.md\/ro\/shop\/accesorii\/fir-pentru-motocoase\/fir-p-u-motocoasa-kamoto-st300-15-1\/","title":{"rendered":"Fir p\/u motocoas\u0103 KAMOTO ST300-15-1"},"content":{"rendered":"<p>Fir p\/u motocoas\u0103 KAMOTO ST300-15-1 este folosit ca material de t\u0103iere \u00een tunderele electrice \u0219i cu gaze puternice. Fir cu lungimea de 15 m \u0219i diametrul sec\u021biunii de 3,0 mm este confec\u021bionat\u0103 din nailon de \u00eenalt\u0103 calitate, cu sec\u021biune circular\u0103, are o rezisten\u021b\u0103 ridicat\u0103 la uzur\u0103, elasticitate, flexibilitate \u0219i rezisten\u021b\u0103 la c\u0103ldur\u0103. Este recomandat pentru cosirea ierbii, buruienilor, buruienilor \u0219i lemnului mort.<\/p>\n<p>Este important s\u0103 \u0219ti\u021bi !!!<\/p>\n<p>Fir este fabricat\u0103 din nailon &#8211; poliamid\u0103 sau polipropilen\u0103. Fir din polipropilen\u0103 pentru tuns, care este p\u0103strat\u0103 mult timp, poate deveni fragil\u0103 \u00een timp. Prin urmare, \u00eenainte de utilizare, este recomandat s\u0103 \u00eenmuia\u021bi linia de pescuit \u00een ap\u0103 timp de 30 de minute.<\/p>\n<p>NU folosi\u021bi cabluri sau s\u00e2rm\u0103 \u00een tunsori (motor-gheare): buc\u0103\u021bile de s\u00e2rm\u0103 rupte la o vitez\u0103 at\u00e2t de mare pot str\u0103punge cu u\u0219urin\u021b\u0103 pantofii din piele \u0219i pot afecta astfel s\u0103n\u0103tatea uman\u0103.<\/p>\n<p>Este necesar s\u0103 alege\u021bi fir nu numai prin grosime, ci \u0219i dup\u0103 form\u0103 \u0219i de aceea: \u0219nurul nu taie tulpina, ci o \u00eentrerupe. Un \u0219ir rotativ love\u0219te \u00een mod repetat suprafa\u021ba tulpinii \u0219i, la final, separ\u0103 partea superioar\u0103 a acesteia. Pentru astfel de lucr\u0103ri, forma t\u0103ierii este o caracteristic\u0103 tehnic\u0103 important\u0103. distinge:<\/p>\n<p>Rotund &#8211; cel mai obi\u0219nuit, deoarece este universal: \u00eel pute\u021bi alege at\u00e2t pentru cosirea ierbii proaspete, c\u00e2t \u0219i pentru cele uscate. O astfel de linie de pescuit este considerat\u0103 mai pu\u021bin zgomotoas\u0103. Dar acest parametru nu este important \u00een toate cazurile. Fir pentru un tunsor de gaz poate fi arbitrar zgomotos, oricum, motorul s\u0103u este inaudibil \u00een timpul func\u021bion\u0103rii motorului.<br \/>\nPentaedru (asterisc) &#8211; recomandat pentru cosirea supra\u00eenc\u0103rc\u0103rii, a ierbii dense \u0219i a tufelor mici, precum \u0219i pentru cosirea ierbii proaspete, deoarece aceast\u0103 sec\u021biune a liniei este mai pu\u021bin traumatic\u0103 pentru iarb\u0103: iarba nu se usuc\u0103 dup\u0103 cosit, ca atunci c\u00e2nd se folose\u0219te un \u0219ir rotund.<br \/>\nP\u0103trat r\u0103sucit &#8211; t\u0103iere ascu\u021bit\u0103 mai bine face cu tulpini groase grosiere. Este folosit, de regul\u0103, pentru iarb\u0103 de duritate diferit\u0103 \u00een volume mari. Deci, un cordon p\u0103trat cu o sec\u021biune transversal\u0103 de 2,4 mm este capabil s\u0103 \u00eendep\u0103rteze tulpinile de zmeur\u0103. Este demn de remarcat faptul c\u0103, cu o eficien\u021b\u0103 mai mare, cablul poligonal este consumat mai rapid \u0219i ar trebui utilizat numai \u00een scopul prev\u0103zut.<\/p>\n","protected":false},"excerpt":{"rendered":"<p>Diametru: 3,0 mm<br \/>\nLungime: 15 m<br \/>\nSec\u021biune: Rund\u0103<\/p>\n","protected":false},"featured_media":3967,"template":"","meta":[],"product_brand":[],"product_cat":[279],"product_tag":[],"class_list":{"0":"post-9139","1":"product","2":"type-product","3":"status-publish","4":"has-post-thumbnail","6":"product_cat-fir-pentru-motocoase","8":"first","9":"instock","10":"shipping-taxable","11":"purchasable","12":"product-type-simple"},"yoast_head":"<!-- This site is optimized with the Yoast SEO plugin v27.3 - https:\/\/yoast.com\/product\/yoast-seo-wordpress\/ -->\n<title>Vrei Fir pentru trimer ieftine? Moldova - Chisinau - Orhei - Cimislia<\/title>\n<meta name=\"description\" content=\"Descoprea Fir pentru trimer la PRETURI de importator \u25bb Vezi OFERTELE pe site! - Kamoto.md - Fir p\/u motocoas\u0103 KAMOTO ST300-15-1 Chisinau - Orhei - Cimislia\" \/>\n<meta name=\"robots\" content=\"index, follow, max-snippet:-1, max-image-preview:large, max-video-preview:-1\" \/>\n<link rel=\"canonical\" href=\"https:\/\/kamoto.md\/ro\/shop\/accesorii\/fir-pentru-motocoase\/fir-p-u-motocoasa-kamoto-st300-15-1\/\" \/>\n<meta property=\"og:locale\" content=\"ro_RO\" \/>\n<meta property=\"og:type\" content=\"article\" \/>\n<meta property=\"og:title\" content=\"Vrei Fir pentru trimer ieftine? Moldova - Chisinau - Orhei - Cimislia\" \/>\n<meta property=\"og:description\" content=\"Descoprea Fir pentru trimer la PRETURI de importator \u25bb Vezi OFERTELE pe site! - Kamoto.md - Fir p\/u motocoas\u0103 KAMOTO ST300-15-1 Chisinau - Orhei - Cimislia\" \/>\n<meta property=\"og:url\" content=\"https:\/\/kamoto.md\/ro\/shop\/accesorii\/fir-pentru-motocoase\/fir-p-u-motocoasa-kamoto-st300-15-1\/\" \/>\n<meta property=\"og:site_name\" content=\"Kamoto.md\" \/>\n<meta property=\"article:modified_time\" content=\"2026-02-27T11:50:59+00:00\" \/>\n<meta property=\"og:image\" content=\"https:\/\/kamoto.md\/wp-content\/uploads\/2021\/05\/logo2.png\" \/>\n\t<meta property=\"og:image:width\" content=\"1000\" \/>\n\t<meta property=\"og:image:height\" content=\"1000\" \/>\n\t<meta property=\"og:image:type\" content=\"image\/png\" \/>\n<meta name=\"twitter:card\" content=\"summary_large_image\" \/>\n<meta name=\"twitter:label1\" content=\"Timp estimat pentru citire\" \/>\n\t<meta name=\"twitter:data1\" content=\"2 minute\" \/>\n<script type=\"application\/ld+json\" class=\"yoast-schema-graph\">{\"@context\":\"https:\\\/\\\/schema.org\",\"@graph\":[{\"@type\":[\"WebPage\",\"ItemPage\"],\"@id\":\"https:\\\/\\\/kamoto.md\\\/ro\\\/shop\\\/accesorii\\\/fir-pentru-motocoase\\\/fir-p-u-motocoasa-kamoto-st300-15-1\\\/\",\"url\":\"https:\\\/\\\/kamoto.md\\\/ro\\\/shop\\\/accesorii\\\/fir-pentru-motocoase\\\/fir-p-u-motocoasa-kamoto-st300-15-1\\\/\",\"name\":\"Vrei Fir pentru trimer ieftine? Moldova - Chisinau - Orhei - Cimislia\",\"isPartOf\":{\"@id\":\"https:\\\/\\\/kamoto.md\\\/ro\\\/#website\"},\"primaryImageOfPage\":{\"@id\":\"https:\\\/\\\/kamoto.md\\\/ro\\\/shop\\\/accesorii\\\/fir-pentru-motocoase\\\/fir-p-u-motocoasa-kamoto-st300-15-1\\\/#primaryimage\"},\"image\":{\"@id\":\"https:\\\/\\\/kamoto.md\\\/ro\\\/shop\\\/accesorii\\\/fir-pentru-motocoase\\\/fir-p-u-motocoasa-kamoto-st300-15-1\\\/#primaryimage\"},\"thumbnailUrl\":\"https:\\\/\\\/kamoto.md\\\/wp-content\\\/uploads\\\/2017\\\/10\\\/ST300-15-1-G.O_20.08.2019-14.jpg\",\"datePublished\":\"2017-10-31T19:53:22+00:00\",\"dateModified\":\"2026-02-27T11:50:59+00:00\",\"description\":\"Descoprea Fir pentru trimer la PRETURI de importator \u25bb Vezi OFERTELE pe site! - Kamoto.md - Fir p\\\/u motocoas\u0103 KAMOTO ST300-15-1 Chisinau - Orhei - Cimislia\",\"breadcrumb\":{\"@id\":\"https:\\\/\\\/kamoto.md\\\/ro\\\/shop\\\/accesorii\\\/fir-pentru-motocoase\\\/fir-p-u-motocoasa-kamoto-st300-15-1\\\/#breadcrumb\"},\"inLanguage\":\"ro-RO\",\"potentialAction\":[{\"@type\":\"ReadAction\",\"target\":[\"https:\\\/\\\/kamoto.md\\\/ro\\\/shop\\\/accesorii\\\/fir-pentru-motocoase\\\/fir-p-u-motocoasa-kamoto-st300-15-1\\\/\"]}]},{\"@type\":\"ImageObject\",\"inLanguage\":\"ro-RO\",\"@id\":\"https:\\\/\\\/kamoto.md\\\/ro\\\/shop\\\/accesorii\\\/fir-pentru-motocoase\\\/fir-p-u-motocoasa-kamoto-st300-15-1\\\/#primaryimage\",\"url\":\"https:\\\/\\\/kamoto.md\\\/wp-content\\\/uploads\\\/2017\\\/10\\\/ST300-15-1-G.O_20.08.2019-14.jpg\",\"contentUrl\":\"https:\\\/\\\/kamoto.md\\\/wp-content\\\/uploads\\\/2017\\\/10\\\/ST300-15-1-G.O_20.08.2019-14.jpg\",\"width\":1000,\"height\":1000},{\"@type\":\"BreadcrumbList\",\"@id\":\"https:\\\/\\\/kamoto.md\\\/ro\\\/shop\\\/accesorii\\\/fir-pentru-motocoase\\\/fir-p-u-motocoasa-kamoto-st300-15-1\\\/#breadcrumb\",\"itemListElement\":[{\"@type\":\"ListItem\",\"position\":1,\"name\":\"\u0413\u043b\u0430\u0432\u043d\u0430\u044f \u0441\u0442\u0440\u0430\u043d\u0438\u0446\u0430\",\"item\":\"https:\\\/\\\/kamoto.md\\\/ro\\\/\"},{\"@type\":\"ListItem\",\"position\":2,\"name\":\"Catalog\",\"item\":\"https:\\\/\\\/kamoto.md\\\/ro\\\/catalog\\\/\"},{\"@type\":\"ListItem\",\"position\":3,\"name\":\"Accesorii\",\"item\":\"https:\\\/\\\/kamoto.md\\\/ro\\\/catalog\\\/accesorii\\\/\"},{\"@type\":\"ListItem\",\"position\":4,\"name\":\"Fire pentru motocoase\",\"item\":\"https:\\\/\\\/kamoto.md\\\/ro\\\/catalog\\\/accesorii\\\/fir-pentru-motocoase\\\/\"},{\"@type\":\"ListItem\",\"position\":5,\"name\":\"Fir p\\\/u motocoas\u0103 KAMOTO ST300-15-1\"}]},{\"@type\":\"WebSite\",\"@id\":\"https:\\\/\\\/kamoto.md\\\/ro\\\/#website\",\"url\":\"https:\\\/\\\/kamoto.md\\\/ro\\\/\",\"name\":\"Kamoto.MD\",\"description\":\"\u0418\u043d\u0442\u0435\u0440\u043d\u0435\u0442 \u043c\u0430\u0433\u0430\u0437\u0438\u043d \u044d\u043b\u0435\u043a\u0442\u0440\u043e\u0438\u043d\u0441\u0442\u0440\u0443\u043c\u0435\u043d\u0442\u0430, \u0441\u0430\u0434\u043e\u0432\u043e\u0439 \u0438 \u0441\u0438\u043b\u043e\u0432\u043e\u0439 \u0442\u0435\u0445\u043d\u0438\u043a\u0438.\",\"publisher\":{\"@id\":\"https:\\\/\\\/kamoto.md\\\/ro\\\/#organization\"},\"potentialAction\":[{\"@type\":\"SearchAction\",\"target\":{\"@type\":\"EntryPoint\",\"urlTemplate\":\"https:\\\/\\\/kamoto.md\\\/ro\\\/?s={search_term_string}\"},\"query-input\":{\"@type\":\"PropertyValueSpecification\",\"valueRequired\":true,\"valueName\":\"search_term_string\"}}],\"inLanguage\":\"ro-RO\"},{\"@type\":\"Organization\",\"@id\":\"https:\\\/\\\/kamoto.md\\\/ro\\\/#organization\",\"name\":\"Kamoto S.R.L.\",\"url\":\"https:\\\/\\\/kamoto.md\\\/ro\\\/\",\"logo\":{\"@type\":\"ImageObject\",\"inLanguage\":\"ro-RO\",\"@id\":\"https:\\\/\\\/kamoto.md\\\/ro\\\/#\\\/schema\\\/logo\\\/image\\\/\",\"url\":\"https:\\\/\\\/kamoto.md\\\/wp-content\\\/uploads\\\/2017\\\/08\\\/logo.png\",\"contentUrl\":\"https:\\\/\\\/kamoto.md\\\/wp-content\\\/uploads\\\/2017\\\/08\\\/logo.png\",\"width\":323,\"height\":50,\"caption\":\"Kamoto S.R.L.\"},\"image\":{\"@id\":\"https:\\\/\\\/kamoto.md\\\/ro\\\/#\\\/schema\\\/logo\\\/image\\\/\"}}]}<\/script>\n<!-- \/ Yoast SEO plugin. -->","yoast_head_json":{"title":"Vrei Fir pentru trimer ieftine? Moldova - Chisinau - Orhei - Cimislia","description":"Descoprea Fir pentru trimer la PRETURI de importator \u25bb Vezi OFERTELE pe site! - Kamoto.md - Fir p\/u motocoas\u0103 KAMOTO ST300-15-1 Chisinau - Orhei - Cimislia","robots":{"index":"index","follow":"follow","max-snippet":"max-snippet:-1","max-image-preview":"max-image-preview:large","max-video-preview":"max-video-preview:-1"},"canonical":"https:\/\/kamoto.md\/ro\/shop\/accesorii\/fir-pentru-motocoase\/fir-p-u-motocoasa-kamoto-st300-15-1\/","og_locale":"ro_RO","og_type":"article","og_title":"Vrei Fir pentru trimer ieftine? Moldova - Chisinau - Orhei - Cimislia","og_description":"Descoprea Fir pentru trimer la PRETURI de importator \u25bb Vezi OFERTELE pe site! - Kamoto.md - Fir p\/u motocoas\u0103 KAMOTO ST300-15-1 Chisinau - Orhei - Cimislia","og_url":"https:\/\/kamoto.md\/ro\/shop\/accesorii\/fir-pentru-motocoase\/fir-p-u-motocoasa-kamoto-st300-15-1\/","og_site_name":"Kamoto.md","article_modified_time":"2026-02-27T11:50:59+00:00","og_image":[{"width":1000,"height":1000,"url":"https:\/\/kamoto.md\/wp-content\/uploads\/2021\/05\/logo2.png","type":"image\/png"}],"twitter_card":"summary_large_image","twitter_misc":{"Timp estimat pentru citire":"2 minute"},"schema":{"@context":"https:\/\/schema.org","@graph":[{"@type":["WebPage","ItemPage"],"@id":"https:\/\/kamoto.md\/ro\/shop\/accesorii\/fir-pentru-motocoase\/fir-p-u-motocoasa-kamoto-st300-15-1\/","url":"https:\/\/kamoto.md\/ro\/shop\/accesorii\/fir-pentru-motocoase\/fir-p-u-motocoasa-kamoto-st300-15-1\/","name":"Vrei Fir pentru trimer ieftine? Moldova - Chisinau - Orhei - Cimislia","isPartOf":{"@id":"https:\/\/kamoto.md\/ro\/#website"},"primaryImageOfPage":{"@id":"https:\/\/kamoto.md\/ro\/shop\/accesorii\/fir-pentru-motocoase\/fir-p-u-motocoasa-kamoto-st300-15-1\/#primaryimage"},"image":{"@id":"https:\/\/kamoto.md\/ro\/shop\/accesorii\/fir-pentru-motocoase\/fir-p-u-motocoasa-kamoto-st300-15-1\/#primaryimage"},"thumbnailUrl":"https:\/\/kamoto.md\/wp-content\/uploads\/2017\/10\/ST300-15-1-G.O_20.08.2019-14.jpg","datePublished":"2017-10-31T19:53:22+00:00","dateModified":"2026-02-27T11:50:59+00:00","description":"Descoprea Fir pentru trimer la PRETURI de importator \u25bb Vezi OFERTELE pe site! - Kamoto.md - Fir p\/u motocoas\u0103 KAMOTO ST300-15-1 Chisinau - Orhei - Cimislia","breadcrumb":{"@id":"https:\/\/kamoto.md\/ro\/shop\/accesorii\/fir-pentru-motocoase\/fir-p-u-motocoasa-kamoto-st300-15-1\/#breadcrumb"},"inLanguage":"ro-RO","potentialAction":[{"@type":"ReadAction","target":["https:\/\/kamoto.md\/ro\/shop\/accesorii\/fir-pentru-motocoase\/fir-p-u-motocoasa-kamoto-st300-15-1\/"]}]},{"@type":"ImageObject","inLanguage":"ro-RO","@id":"https:\/\/kamoto.md\/ro\/shop\/accesorii\/fir-pentru-motocoase\/fir-p-u-motocoasa-kamoto-st300-15-1\/#primaryimage","url":"https:\/\/kamoto.md\/wp-content\/uploads\/2017\/10\/ST300-15-1-G.O_20.08.2019-14.jpg","contentUrl":"https:\/\/kamoto.md\/wp-content\/uploads\/2017\/10\/ST300-15-1-G.O_20.08.2019-14.jpg","width":1000,"height":1000},{"@type":"BreadcrumbList","@id":"https:\/\/kamoto.md\/ro\/shop\/accesorii\/fir-pentru-motocoase\/fir-p-u-motocoasa-kamoto-st300-15-1\/#breadcrumb","itemListElement":[{"@type":"ListItem","position":1,"name":"\u0413\u043b\u0430\u0432\u043d\u0430\u044f \u0441\u0442\u0440\u0430\u043d\u0438\u0446\u0430","item":"https:\/\/kamoto.md\/ro\/"},{"@type":"ListItem","position":2,"name":"Catalog","item":"https:\/\/kamoto.md\/ro\/catalog\/"},{"@type":"ListItem","position":3,"name":"Accesorii","item":"https:\/\/kamoto.md\/ro\/catalog\/accesorii\/"},{"@type":"ListItem","position":4,"name":"Fire pentru motocoase","item":"https:\/\/kamoto.md\/ro\/catalog\/accesorii\/fir-pentru-motocoase\/"},{"@type":"ListItem","position":5,"name":"Fir p\/u motocoas\u0103 KAMOTO ST300-15-1"}]},{"@type":"WebSite","@id":"https:\/\/kamoto.md\/ro\/#website","url":"https:\/\/kamoto.md\/ro\/","name":"Kamoto.MD","description":"\u0418\u043d\u0442\u0435\u0440\u043d\u0435\u0442 \u043c\u0430\u0433\u0430\u0437\u0438\u043d \u044d\u043b\u0435\u043a\u0442\u0440\u043e\u0438\u043d\u0441\u0442\u0440\u0443\u043c\u0435\u043d\u0442\u0430, \u0441\u0430\u0434\u043e\u0432\u043e\u0439 \u0438 \u0441\u0438\u043b\u043e\u0432\u043e\u0439 \u0442\u0435\u0445\u043d\u0438\u043a\u0438.","publisher":{"@id":"https:\/\/kamoto.md\/ro\/#organization"},"potentialAction":[{"@type":"SearchAction","target":{"@type":"EntryPoint","urlTemplate":"https:\/\/kamoto.md\/ro\/?s={search_term_string}"},"query-input":{"@type":"PropertyValueSpecification","valueRequired":true,"valueName":"search_term_string"}}],"inLanguage":"ro-RO"},{"@type":"Organization","@id":"https:\/\/kamoto.md\/ro\/#organization","name":"Kamoto S.R.L.","url":"https:\/\/kamoto.md\/ro\/","logo":{"@type":"ImageObject","inLanguage":"ro-RO","@id":"https:\/\/kamoto.md\/ro\/#\/schema\/logo\/image\/","url":"https:\/\/kamoto.md\/wp-content\/uploads\/2017\/08\/logo.png","contentUrl":"https:\/\/kamoto.md\/wp-content\/uploads\/2017\/08\/logo.png","width":323,"height":50,"caption":"Kamoto S.R.L."},"image":{"@id":"https:\/\/kamoto.md\/ro\/#\/schema\/logo\/image\/"}}]}},"_links":{"self":[{"href":"https:\/\/kamoto.md\/ro\/wp-json\/wp\/v2\/product\/9139","targetHints":{"allow":["GET"]}}],"collection":[{"href":"https:\/\/kamoto.md\/ro\/wp-json\/wp\/v2\/product"}],"about":[{"href":"https:\/\/kamoto.md\/ro\/wp-json\/wp\/v2\/types\/product"}],"wp:featuredmedia":[{"embeddable":true,"href":"https:\/\/kamoto.md\/ro\/wp-json\/wp\/v2\/media\/3967"}],"wp:attachment":[{"href":"https:\/\/kamoto.md\/ro\/wp-json\/wp\/v2\/media?parent=9139"}],"wp:term":[{"taxonomy":"product_brand","embeddable":true,"href":"https:\/\/kamoto.md\/ro\/wp-json\/wp\/v2\/product_brand?post=9139"},{"taxonomy":"product_cat","embeddable":true,"href":"https:\/\/kamoto.md\/ro\/wp-json\/wp\/v2\/product_cat?post=9139"},{"taxonomy":"product_tag","embeddable":true,"href":"https:\/\/kamoto.md\/ro\/wp-json\/wp\/v2\/product_tag?post=9139"}],"curies":[{"name":"wp","href":"https:\/\/api.w.org\/{rel}","templated":true}]}}