{"id":9688,"date":"2020-09-07T02:11:11","date_gmt":"2020-09-07T00:11:11","guid":{"rendered":"https:\/\/kamoto.md\/shop\/fara-categorie\/filtru-pentru-aparat-de-vopsit-aps900200\/"},"modified":"2026-02-27T13:17:19","modified_gmt":"2026-02-27T11:17:19","slug":"filtru-pentru-pistol-aps900pro","status":"publish","type":"product","link":"https:\/\/kamoto.md\/ro\/shop\/utilaje-pentru-constructii\/sistem-de-pulverizare-fara-aer\/filtru-pentru-pistol-aps900pro\/","title":{"rendered":"Filtru pentru pistol APS900PRO"},"content":{"rendered":"<p>Filtru pentru pistol APS900PRO. \u00cenainte de utilizare, filtrul pistolului \u0219i filtrul de admisie trebuie s\u0103 fie inspectate, cur\u0103\u021bate sau \u00eenlocuite (dac\u0103 este necesar).<\/p>\n","protected":false},"excerpt":{"rendered":"<p>Produc\u0103tor: KAMOTO<br \/>\nProduc\u021bie: China<\/p>\n","protected":false},"featured_media":9574,"template":"","meta":[],"product_brand":[],"product_cat":[359],"product_tag":[],"class_list":{"0":"post-9688","1":"product","2":"type-product","3":"status-publish","4":"has-post-thumbnail","6":"product_cat-sistem-de-pulverizare-fara-aer","8":"first","9":"instock","10":"shipping-taxable","11":"purchasable","12":"product-type-simple"},"yoast_head":"<!-- This site is optimized with the Yoast SEO plugin v27.3 - https:\/\/yoast.com\/product\/yoast-seo-wordpress\/ -->\n<title>Sistem de pulverizare f\u0103r\u0103 aer - Filtru pentru pistol APS900PRO - Kamoto.md<\/title>\n<meta name=\"robots\" content=\"index, follow, max-snippet:-1, max-image-preview:large, max-video-preview:-1\" \/>\n<link rel=\"canonical\" href=\"https:\/\/kamoto.md\/ro\/shop\/utilaje-pentru-constructii\/sistem-de-pulverizare-fara-aer\/filtru-pentru-pistol-aps900pro\/\" \/>\n<meta property=\"og:locale\" content=\"ro_RO\" \/>\n<meta property=\"og:type\" content=\"article\" \/>\n<meta property=\"og:title\" content=\"Sistem de pulverizare f\u0103r\u0103 aer - Filtru pentru pistol APS900PRO - Kamoto.md\" \/>\n<meta property=\"og:description\" content=\"Produc\u0103tor: KAMOTO Produc\u021bie: China\" \/>\n<meta property=\"og:url\" content=\"https:\/\/kamoto.md\/ro\/shop\/utilaje-pentru-constructii\/sistem-de-pulverizare-fara-aer\/filtru-pentru-pistol-aps900pro\/\" \/>\n<meta property=\"og:site_name\" content=\"Kamoto.md\" \/>\n<meta property=\"article:modified_time\" content=\"2026-02-27T11:17:19+00:00\" \/>\n<meta property=\"og:image\" content=\"https:\/\/kamoto.md\/wp-content\/uploads\/2021\/05\/logo2.png\" \/>\n\t<meta property=\"og:image:width\" content=\"1000\" \/>\n\t<meta property=\"og:image:height\" content=\"1000\" \/>\n\t<meta property=\"og:image:type\" content=\"image\/png\" \/>\n<meta name=\"twitter:card\" content=\"summary_large_image\" \/>\n<meta name=\"twitter:label1\" content=\"Timp estimat pentru citire\" \/>\n\t<meta name=\"twitter:data1\" content=\"1 minut\" \/>\n<script type=\"application\/ld+json\" class=\"yoast-schema-graph\">{\"@context\":\"https:\\\/\\\/schema.org\",\"@graph\":[{\"@type\":[\"WebPage\",\"ItemPage\"],\"@id\":\"https:\\\/\\\/kamoto.md\\\/ro\\\/shop\\\/utilaje-pentru-constructii\\\/sistem-de-pulverizare-fara-aer\\\/filtru-pentru-pistol-aps900pro\\\/\",\"url\":\"https:\\\/\\\/kamoto.md\\\/ro\\\/shop\\\/utilaje-pentru-constructii\\\/sistem-de-pulverizare-fara-aer\\\/filtru-pentru-pistol-aps900pro\\\/\",\"name\":\"Sistem de pulverizare f\u0103r\u0103 aer - Filtru pentru pistol APS900PRO - Kamoto.md\",\"isPartOf\":{\"@id\":\"https:\\\/\\\/kamoto.md\\\/ro\\\/#website\"},\"primaryImageOfPage\":{\"@id\":\"https:\\\/\\\/kamoto.md\\\/ro\\\/shop\\\/utilaje-pentru-constructii\\\/sistem-de-pulverizare-fara-aer\\\/filtru-pentru-pistol-aps900pro\\\/#primaryimage\"},\"image\":{\"@id\":\"https:\\\/\\\/kamoto.md\\\/ro\\\/shop\\\/utilaje-pentru-constructii\\\/sistem-de-pulverizare-fara-aer\\\/filtru-pentru-pistol-aps900pro\\\/#primaryimage\"},\"thumbnailUrl\":\"https:\\\/\\\/kamoto.md\\\/wp-content\\\/uploads\\\/2020\\\/09\\\/G.O_16.07.2020-82.jpg\",\"datePublished\":\"2020-09-07T00:11:11+00:00\",\"dateModified\":\"2026-02-27T11:17:19+00:00\",\"breadcrumb\":{\"@id\":\"https:\\\/\\\/kamoto.md\\\/ro\\\/shop\\\/utilaje-pentru-constructii\\\/sistem-de-pulverizare-fara-aer\\\/filtru-pentru-pistol-aps900pro\\\/#breadcrumb\"},\"inLanguage\":\"ro-RO\",\"potentialAction\":[{\"@type\":\"ReadAction\",\"target\":[\"https:\\\/\\\/kamoto.md\\\/ro\\\/shop\\\/utilaje-pentru-constructii\\\/sistem-de-pulverizare-fara-aer\\\/filtru-pentru-pistol-aps900pro\\\/\"]}]},{\"@type\":\"ImageObject\",\"inLanguage\":\"ro-RO\",\"@id\":\"https:\\\/\\\/kamoto.md\\\/ro\\\/shop\\\/utilaje-pentru-constructii\\\/sistem-de-pulverizare-fara-aer\\\/filtru-pentru-pistol-aps900pro\\\/#primaryimage\",\"url\":\"https:\\\/\\\/kamoto.md\\\/wp-content\\\/uploads\\\/2020\\\/09\\\/G.O_16.07.2020-82.jpg\",\"contentUrl\":\"https:\\\/\\\/kamoto.md\\\/wp-content\\\/uploads\\\/2020\\\/09\\\/G.O_16.07.2020-82.jpg\",\"width\":1000,\"height\":1000},{\"@type\":\"BreadcrumbList\",\"@id\":\"https:\\\/\\\/kamoto.md\\\/ro\\\/shop\\\/utilaje-pentru-constructii\\\/sistem-de-pulverizare-fara-aer\\\/filtru-pentru-pistol-aps900pro\\\/#breadcrumb\",\"itemListElement\":[{\"@type\":\"ListItem\",\"position\":1,\"name\":\"\u0413\u043b\u0430\u0432\u043d\u0430\u044f \u0441\u0442\u0440\u0430\u043d\u0438\u0446\u0430\",\"item\":\"https:\\\/\\\/kamoto.md\\\/ro\\\/\"},{\"@type\":\"ListItem\",\"position\":2,\"name\":\"Catalog\",\"item\":\"https:\\\/\\\/kamoto.md\\\/ro\\\/catalog\\\/\"},{\"@type\":\"ListItem\",\"position\":3,\"name\":\"Utilaje pentru construc\u021bii\",\"item\":\"https:\\\/\\\/kamoto.md\\\/ro\\\/catalog\\\/utilaje-pentru-constructii\\\/\"},{\"@type\":\"ListItem\",\"position\":4,\"name\":\"Sistem de pulverizare f\u0103r\u0103 aer\",\"item\":\"https:\\\/\\\/kamoto.md\\\/ro\\\/catalog\\\/utilaje-pentru-constructii\\\/sistem-de-pulverizare-fara-aer\\\/\"},{\"@type\":\"ListItem\",\"position\":5,\"name\":\"Filtru pentru pistol APS900PRO\"}]},{\"@type\":\"WebSite\",\"@id\":\"https:\\\/\\\/kamoto.md\\\/ro\\\/#website\",\"url\":\"https:\\\/\\\/kamoto.md\\\/ro\\\/\",\"name\":\"Kamoto.MD\",\"description\":\"\u0418\u043d\u0442\u0435\u0440\u043d\u0435\u0442 \u043c\u0430\u0433\u0430\u0437\u0438\u043d \u044d\u043b\u0435\u043a\u0442\u0440\u043e\u0438\u043d\u0441\u0442\u0440\u0443\u043c\u0435\u043d\u0442\u0430, \u0441\u0430\u0434\u043e\u0432\u043e\u0439 \u0438 \u0441\u0438\u043b\u043e\u0432\u043e\u0439 \u0442\u0435\u0445\u043d\u0438\u043a\u0438.\",\"publisher\":{\"@id\":\"https:\\\/\\\/kamoto.md\\\/ro\\\/#organization\"},\"potentialAction\":[{\"@type\":\"SearchAction\",\"target\":{\"@type\":\"EntryPoint\",\"urlTemplate\":\"https:\\\/\\\/kamoto.md\\\/ro\\\/?s={search_term_string}\"},\"query-input\":{\"@type\":\"PropertyValueSpecification\",\"valueRequired\":true,\"valueName\":\"search_term_string\"}}],\"inLanguage\":\"ro-RO\"},{\"@type\":\"Organization\",\"@id\":\"https:\\\/\\\/kamoto.md\\\/ro\\\/#organization\",\"name\":\"Kamoto S.R.L.\",\"url\":\"https:\\\/\\\/kamoto.md\\\/ro\\\/\",\"logo\":{\"@type\":\"ImageObject\",\"inLanguage\":\"ro-RO\",\"@id\":\"https:\\\/\\\/kamoto.md\\\/ro\\\/#\\\/schema\\\/logo\\\/image\\\/\",\"url\":\"https:\\\/\\\/kamoto.md\\\/wp-content\\\/uploads\\\/2017\\\/08\\\/logo.png\",\"contentUrl\":\"https:\\\/\\\/kamoto.md\\\/wp-content\\\/uploads\\\/2017\\\/08\\\/logo.png\",\"width\":323,\"height\":50,\"caption\":\"Kamoto S.R.L.\"},\"image\":{\"@id\":\"https:\\\/\\\/kamoto.md\\\/ro\\\/#\\\/schema\\\/logo\\\/image\\\/\"}}]}<\/script>\n<!-- \/ Yoast SEO plugin. -->","yoast_head_json":{"title":"Sistem de pulverizare f\u0103r\u0103 aer - Filtru pentru pistol APS900PRO - Kamoto.md","robots":{"index":"index","follow":"follow","max-snippet":"max-snippet:-1","max-image-preview":"max-image-preview:large","max-video-preview":"max-video-preview:-1"},"canonical":"https:\/\/kamoto.md\/ro\/shop\/utilaje-pentru-constructii\/sistem-de-pulverizare-fara-aer\/filtru-pentru-pistol-aps900pro\/","og_locale":"ro_RO","og_type":"article","og_title":"Sistem de pulverizare f\u0103r\u0103 aer - Filtru pentru pistol APS900PRO - Kamoto.md","og_description":"Produc\u0103tor: KAMOTO Produc\u021bie: China","og_url":"https:\/\/kamoto.md\/ro\/shop\/utilaje-pentru-constructii\/sistem-de-pulverizare-fara-aer\/filtru-pentru-pistol-aps900pro\/","og_site_name":"Kamoto.md","article_modified_time":"2026-02-27T11:17:19+00:00","og_image":[{"width":1000,"height":1000,"url":"https:\/\/kamoto.md\/wp-content\/uploads\/2021\/05\/logo2.png","type":"image\/png"}],"twitter_card":"summary_large_image","twitter_misc":{"Timp estimat pentru citire":"1 minut"},"schema":{"@context":"https:\/\/schema.org","@graph":[{"@type":["WebPage","ItemPage"],"@id":"https:\/\/kamoto.md\/ro\/shop\/utilaje-pentru-constructii\/sistem-de-pulverizare-fara-aer\/filtru-pentru-pistol-aps900pro\/","url":"https:\/\/kamoto.md\/ro\/shop\/utilaje-pentru-constructii\/sistem-de-pulverizare-fara-aer\/filtru-pentru-pistol-aps900pro\/","name":"Sistem de pulverizare f\u0103r\u0103 aer - Filtru pentru pistol APS900PRO - Kamoto.md","isPartOf":{"@id":"https:\/\/kamoto.md\/ro\/#website"},"primaryImageOfPage":{"@id":"https:\/\/kamoto.md\/ro\/shop\/utilaje-pentru-constructii\/sistem-de-pulverizare-fara-aer\/filtru-pentru-pistol-aps900pro\/#primaryimage"},"image":{"@id":"https:\/\/kamoto.md\/ro\/shop\/utilaje-pentru-constructii\/sistem-de-pulverizare-fara-aer\/filtru-pentru-pistol-aps900pro\/#primaryimage"},"thumbnailUrl":"https:\/\/kamoto.md\/wp-content\/uploads\/2020\/09\/G.O_16.07.2020-82.jpg","datePublished":"2020-09-07T00:11:11+00:00","dateModified":"2026-02-27T11:17:19+00:00","breadcrumb":{"@id":"https:\/\/kamoto.md\/ro\/shop\/utilaje-pentru-constructii\/sistem-de-pulverizare-fara-aer\/filtru-pentru-pistol-aps900pro\/#breadcrumb"},"inLanguage":"ro-RO","potentialAction":[{"@type":"ReadAction","target":["https:\/\/kamoto.md\/ro\/shop\/utilaje-pentru-constructii\/sistem-de-pulverizare-fara-aer\/filtru-pentru-pistol-aps900pro\/"]}]},{"@type":"ImageObject","inLanguage":"ro-RO","@id":"https:\/\/kamoto.md\/ro\/shop\/utilaje-pentru-constructii\/sistem-de-pulverizare-fara-aer\/filtru-pentru-pistol-aps900pro\/#primaryimage","url":"https:\/\/kamoto.md\/wp-content\/uploads\/2020\/09\/G.O_16.07.2020-82.jpg","contentUrl":"https:\/\/kamoto.md\/wp-content\/uploads\/2020\/09\/G.O_16.07.2020-82.jpg","width":1000,"height":1000},{"@type":"BreadcrumbList","@id":"https:\/\/kamoto.md\/ro\/shop\/utilaje-pentru-constructii\/sistem-de-pulverizare-fara-aer\/filtru-pentru-pistol-aps900pro\/#breadcrumb","itemListElement":[{"@type":"ListItem","position":1,"name":"\u0413\u043b\u0430\u0432\u043d\u0430\u044f \u0441\u0442\u0440\u0430\u043d\u0438\u0446\u0430","item":"https:\/\/kamoto.md\/ro\/"},{"@type":"ListItem","position":2,"name":"Catalog","item":"https:\/\/kamoto.md\/ro\/catalog\/"},{"@type":"ListItem","position":3,"name":"Utilaje pentru construc\u021bii","item":"https:\/\/kamoto.md\/ro\/catalog\/utilaje-pentru-constructii\/"},{"@type":"ListItem","position":4,"name":"Sistem de pulverizare f\u0103r\u0103 aer","item":"https:\/\/kamoto.md\/ro\/catalog\/utilaje-pentru-constructii\/sistem-de-pulverizare-fara-aer\/"},{"@type":"ListItem","position":5,"name":"Filtru pentru pistol APS900PRO"}]},{"@type":"WebSite","@id":"https:\/\/kamoto.md\/ro\/#website","url":"https:\/\/kamoto.md\/ro\/","name":"Kamoto.MD","description":"\u0418\u043d\u0442\u0435\u0440\u043d\u0435\u0442 \u043c\u0430\u0433\u0430\u0437\u0438\u043d \u044d\u043b\u0435\u043a\u0442\u0440\u043e\u0438\u043d\u0441\u0442\u0440\u0443\u043c\u0435\u043d\u0442\u0430, \u0441\u0430\u0434\u043e\u0432\u043e\u0439 \u0438 \u0441\u0438\u043b\u043e\u0432\u043e\u0439 \u0442\u0435\u0445\u043d\u0438\u043a\u0438.","publisher":{"@id":"https:\/\/kamoto.md\/ro\/#organization"},"potentialAction":[{"@type":"SearchAction","target":{"@type":"EntryPoint","urlTemplate":"https:\/\/kamoto.md\/ro\/?s={search_term_string}"},"query-input":{"@type":"PropertyValueSpecification","valueRequired":true,"valueName":"search_term_string"}}],"inLanguage":"ro-RO"},{"@type":"Organization","@id":"https:\/\/kamoto.md\/ro\/#organization","name":"Kamoto S.R.L.","url":"https:\/\/kamoto.md\/ro\/","logo":{"@type":"ImageObject","inLanguage":"ro-RO","@id":"https:\/\/kamoto.md\/ro\/#\/schema\/logo\/image\/","url":"https:\/\/kamoto.md\/wp-content\/uploads\/2017\/08\/logo.png","contentUrl":"https:\/\/kamoto.md\/wp-content\/uploads\/2017\/08\/logo.png","width":323,"height":50,"caption":"Kamoto S.R.L."},"image":{"@id":"https:\/\/kamoto.md\/ro\/#\/schema\/logo\/image\/"}}]}},"_links":{"self":[{"href":"https:\/\/kamoto.md\/ro\/wp-json\/wp\/v2\/product\/9688","targetHints":{"allow":["GET"]}}],"collection":[{"href":"https:\/\/kamoto.md\/ro\/wp-json\/wp\/v2\/product"}],"about":[{"href":"https:\/\/kamoto.md\/ro\/wp-json\/wp\/v2\/types\/product"}],"wp:featuredmedia":[{"embeddable":true,"href":"https:\/\/kamoto.md\/ro\/wp-json\/wp\/v2\/media\/9574"}],"wp:attachment":[{"href":"https:\/\/kamoto.md\/ro\/wp-json\/wp\/v2\/media?parent=9688"}],"wp:term":[{"taxonomy":"product_brand","embeddable":true,"href":"https:\/\/kamoto.md\/ro\/wp-json\/wp\/v2\/product_brand?post=9688"},{"taxonomy":"product_cat","embeddable":true,"href":"https:\/\/kamoto.md\/ro\/wp-json\/wp\/v2\/product_cat?post=9688"},{"taxonomy":"product_tag","embeddable":true,"href":"https:\/\/kamoto.md\/ro\/wp-json\/wp\/v2\/product_tag?post=9688"}],"curies":[{"name":"wp","href":"https:\/\/api.w.org\/{rel}","templated":true}]}}