{"id":9689,"date":"2020-09-07T02:07:14","date_gmt":"2020-09-07T00:07:14","guid":{"rendered":"https:\/\/kamoto.md\/shop\/fara-categorie\/aparatoare-duza-pentru-pistol-de-presiune-aps900200\/"},"modified":"2026-02-27T13:17:39","modified_gmt":"2026-02-27T11:17:39","slug":"suport-duza-aps900pro","status":"publish","type":"product","link":"https:\/\/kamoto.md\/ro\/shop\/utilaje-pentru-constructii\/sistem-de-pulverizare-fara-aer\/suport-duza-aps900pro\/","title":{"rendered":"Suport duz\u0103 APS900PRO"},"content":{"rendered":"<p>Suport duz\u0103 APS900PRO.<br \/>\nSuportul duzei, cunoscut \u0219i sub denumirea de suport pentru duz\u0103 sau dispozitiv de schimbare rapid\u0103 a duzei, este conceput pentru fixarea \u0219i asigurarea duzei reversibile airless la pistolul de pulverizare airless de \u00eenalt\u0103 presiune.<br \/>\nSuportul duzei are o piuli\u021b\u0103 de conectare cu o conexiune filetat\u0103 \u00een interior. Conexiunea filetat\u0103 de pe principalele pistoale de pulverizare airless v\u00e2ndute pe pia\u021b\u0103 este fie de 7\/8&#8243;, fie de 11\/16&#8243;<br \/>\nFiletul de 11\/16&#8243; de pe suportul duzei se g\u0103se\u0219te de obicei pe pistoalele de pulverizare europene, cum ar fi pulverizatoarele de vopsea.<br \/>\nFiletul de 7\/8&#8243; se g\u0103se\u0219te de obicei pe pulverizatoarele de vopsea chineze\u0219ti \u0219i americane.<br \/>\nDe asemenea, suportul duzei are un v\u00e2rf colorat mobil din plastic cu o gaur\u0103 pentru o duz\u0103 cilindric\u0103 reversibil\u0103. Duza se introduce \u00een orificiul din v\u00e2rful de plastic, pe partea cu piuli\u021ba, din interior, duza este fixat\u0103 cu un scaun etan\u0219 \u0219i \u00een aceast\u0103 pozi\u021bie suportul duzei se \u00een\u0219urubeaz\u0103 manual pe pulverizatorul airless \u0219i se str\u00e2nge manual.<br \/>\nLa schimbarea duzei de la un tip de dimensiune la altul, nu este nevoie s\u0103 schimba\u021bi scaunul \u0219i sigiliul, acest produs este standard \u0219i acela\u0219i pe toate duzele de tip Tip2 dimensiune<br \/>\nDuzele cu tip Tip 2 dimensiune sunt potrivite pentru pulverizatoarele de vopsea Kamoto, ceea ce permite utilizarea acestui suport de duz\u0103 pe diferite echipamente de vopsire ale unor produc\u0103tori ter\u021bi.<br \/>\nDimensiunea duzelor airless reversibile, adic\u0103 unghiul \u0219i sec\u021biunea transversal\u0103 a duzei, poate fi de orice dimensiune, principalul lucru fiind ca presiunea maxim\u0103, pe care ma\u0219ina o pulveriza, s\u0103 nu fie mai mare de 250 atm, iar diametrul loca\u0219ului duzei s\u0103 fie de tip Tip 2<br \/>\nSuportul duzei poate fi \u00een\u0219urubat direct la pulverizatorul airless sau la extensia pivotant\u0103 sau dreapt\u0103 a pulverizatorului.<\/p>\n","protected":false},"excerpt":{"rendered":"<p>Produc\u0103tor: KAMOTO<br \/>\nProduc\u021bie: China<br \/>\nFilet: 7\/8&#8243;<\/p>\n","protected":false},"featured_media":9562,"template":"","meta":[],"product_brand":[],"product_cat":[359],"product_tag":[],"class_list":{"0":"post-9689","1":"product","2":"type-product","3":"status-publish","4":"has-post-thumbnail","6":"product_cat-sistem-de-pulverizare-fara-aer","8":"first","9":"instock","10":"shipping-taxable","11":"purchasable","12":"product-type-simple"},"yoast_head":"<!-- This site is optimized with the Yoast SEO plugin v27.3 - https:\/\/yoast.com\/product\/yoast-seo-wordpress\/ -->\n<title>Sistem de pulverizare f\u0103r\u0103 aer - Suport duz\u0103 APS900PRO - Kamoto.md<\/title>\n<meta name=\"robots\" content=\"index, follow, max-snippet:-1, max-image-preview:large, max-video-preview:-1\" \/>\n<link rel=\"canonical\" href=\"https:\/\/kamoto.md\/ro\/shop\/utilaje-pentru-constructii\/sistem-de-pulverizare-fara-aer\/suport-duza-aps900pro\/\" \/>\n<meta property=\"og:locale\" content=\"ro_RO\" \/>\n<meta property=\"og:type\" content=\"article\" \/>\n<meta property=\"og:title\" content=\"Sistem de pulverizare f\u0103r\u0103 aer - Suport duz\u0103 APS900PRO - Kamoto.md\" \/>\n<meta property=\"og:description\" content=\"Produc\u0103tor: KAMOTO Produc\u021bie: China Filet: 7\/8&quot;\" \/>\n<meta property=\"og:url\" content=\"https:\/\/kamoto.md\/ro\/shop\/utilaje-pentru-constructii\/sistem-de-pulverizare-fara-aer\/suport-duza-aps900pro\/\" \/>\n<meta property=\"og:site_name\" content=\"Kamoto.md\" \/>\n<meta property=\"article:modified_time\" content=\"2026-02-27T11:17:39+00:00\" \/>\n<meta property=\"og:image\" content=\"https:\/\/kamoto.md\/wp-content\/uploads\/2021\/05\/logo2.png\" \/>\n\t<meta property=\"og:image:width\" content=\"1000\" \/>\n\t<meta property=\"og:image:height\" content=\"1000\" \/>\n\t<meta property=\"og:image:type\" content=\"image\/png\" \/>\n<meta name=\"twitter:card\" content=\"summary_large_image\" \/>\n<meta name=\"twitter:label1\" content=\"Timp estimat pentru citire\" \/>\n\t<meta name=\"twitter:data1\" content=\"2 minute\" \/>\n<script type=\"application\/ld+json\" class=\"yoast-schema-graph\">{\"@context\":\"https:\\\/\\\/schema.org\",\"@graph\":[{\"@type\":[\"WebPage\",\"ItemPage\"],\"@id\":\"https:\\\/\\\/kamoto.md\\\/ro\\\/shop\\\/utilaje-pentru-constructii\\\/sistem-de-pulverizare-fara-aer\\\/suport-duza-aps900pro\\\/\",\"url\":\"https:\\\/\\\/kamoto.md\\\/ro\\\/shop\\\/utilaje-pentru-constructii\\\/sistem-de-pulverizare-fara-aer\\\/suport-duza-aps900pro\\\/\",\"name\":\"Sistem de pulverizare f\u0103r\u0103 aer - Suport duz\u0103 APS900PRO - Kamoto.md\",\"isPartOf\":{\"@id\":\"https:\\\/\\\/kamoto.md\\\/ro\\\/#website\"},\"primaryImageOfPage\":{\"@id\":\"https:\\\/\\\/kamoto.md\\\/ro\\\/shop\\\/utilaje-pentru-constructii\\\/sistem-de-pulverizare-fara-aer\\\/suport-duza-aps900pro\\\/#primaryimage\"},\"image\":{\"@id\":\"https:\\\/\\\/kamoto.md\\\/ro\\\/shop\\\/utilaje-pentru-constructii\\\/sistem-de-pulverizare-fara-aer\\\/suport-duza-aps900pro\\\/#primaryimage\"},\"thumbnailUrl\":\"https:\\\/\\\/kamoto.md\\\/wp-content\\\/uploads\\\/2020\\\/09\\\/G.O_16.07.2020-78.jpg\",\"datePublished\":\"2020-09-07T00:07:14+00:00\",\"dateModified\":\"2026-02-27T11:17:39+00:00\",\"breadcrumb\":{\"@id\":\"https:\\\/\\\/kamoto.md\\\/ro\\\/shop\\\/utilaje-pentru-constructii\\\/sistem-de-pulverizare-fara-aer\\\/suport-duza-aps900pro\\\/#breadcrumb\"},\"inLanguage\":\"ro-RO\",\"potentialAction\":[{\"@type\":\"ReadAction\",\"target\":[\"https:\\\/\\\/kamoto.md\\\/ro\\\/shop\\\/utilaje-pentru-constructii\\\/sistem-de-pulverizare-fara-aer\\\/suport-duza-aps900pro\\\/\"]}]},{\"@type\":\"ImageObject\",\"inLanguage\":\"ro-RO\",\"@id\":\"https:\\\/\\\/kamoto.md\\\/ro\\\/shop\\\/utilaje-pentru-constructii\\\/sistem-de-pulverizare-fara-aer\\\/suport-duza-aps900pro\\\/#primaryimage\",\"url\":\"https:\\\/\\\/kamoto.md\\\/wp-content\\\/uploads\\\/2020\\\/09\\\/G.O_16.07.2020-78.jpg\",\"contentUrl\":\"https:\\\/\\\/kamoto.md\\\/wp-content\\\/uploads\\\/2020\\\/09\\\/G.O_16.07.2020-78.jpg\",\"width\":1000,\"height\":1000},{\"@type\":\"BreadcrumbList\",\"@id\":\"https:\\\/\\\/kamoto.md\\\/ro\\\/shop\\\/utilaje-pentru-constructii\\\/sistem-de-pulverizare-fara-aer\\\/suport-duza-aps900pro\\\/#breadcrumb\",\"itemListElement\":[{\"@type\":\"ListItem\",\"position\":1,\"name\":\"\u0413\u043b\u0430\u0432\u043d\u0430\u044f \u0441\u0442\u0440\u0430\u043d\u0438\u0446\u0430\",\"item\":\"https:\\\/\\\/kamoto.md\\\/ro\\\/\"},{\"@type\":\"ListItem\",\"position\":2,\"name\":\"Catalog\",\"item\":\"https:\\\/\\\/kamoto.md\\\/ro\\\/catalog\\\/\"},{\"@type\":\"ListItem\",\"position\":3,\"name\":\"Utilaje pentru construc\u021bii\",\"item\":\"https:\\\/\\\/kamoto.md\\\/ro\\\/catalog\\\/utilaje-pentru-constructii\\\/\"},{\"@type\":\"ListItem\",\"position\":4,\"name\":\"Sistem de pulverizare f\u0103r\u0103 aer\",\"item\":\"https:\\\/\\\/kamoto.md\\\/ro\\\/catalog\\\/utilaje-pentru-constructii\\\/sistem-de-pulverizare-fara-aer\\\/\"},{\"@type\":\"ListItem\",\"position\":5,\"name\":\"Suport duz\u0103 APS900PRO\"}]},{\"@type\":\"WebSite\",\"@id\":\"https:\\\/\\\/kamoto.md\\\/ro\\\/#website\",\"url\":\"https:\\\/\\\/kamoto.md\\\/ro\\\/\",\"name\":\"Kamoto.MD\",\"description\":\"\u0418\u043d\u0442\u0435\u0440\u043d\u0435\u0442 \u043c\u0430\u0433\u0430\u0437\u0438\u043d \u044d\u043b\u0435\u043a\u0442\u0440\u043e\u0438\u043d\u0441\u0442\u0440\u0443\u043c\u0435\u043d\u0442\u0430, \u0441\u0430\u0434\u043e\u0432\u043e\u0439 \u0438 \u0441\u0438\u043b\u043e\u0432\u043e\u0439 \u0442\u0435\u0445\u043d\u0438\u043a\u0438.\",\"publisher\":{\"@id\":\"https:\\\/\\\/kamoto.md\\\/ro\\\/#organization\"},\"potentialAction\":[{\"@type\":\"SearchAction\",\"target\":{\"@type\":\"EntryPoint\",\"urlTemplate\":\"https:\\\/\\\/kamoto.md\\\/ro\\\/?s={search_term_string}\"},\"query-input\":{\"@type\":\"PropertyValueSpecification\",\"valueRequired\":true,\"valueName\":\"search_term_string\"}}],\"inLanguage\":\"ro-RO\"},{\"@type\":\"Organization\",\"@id\":\"https:\\\/\\\/kamoto.md\\\/ro\\\/#organization\",\"name\":\"Kamoto S.R.L.\",\"url\":\"https:\\\/\\\/kamoto.md\\\/ro\\\/\",\"logo\":{\"@type\":\"ImageObject\",\"inLanguage\":\"ro-RO\",\"@id\":\"https:\\\/\\\/kamoto.md\\\/ro\\\/#\\\/schema\\\/logo\\\/image\\\/\",\"url\":\"https:\\\/\\\/kamoto.md\\\/wp-content\\\/uploads\\\/2017\\\/08\\\/logo.png\",\"contentUrl\":\"https:\\\/\\\/kamoto.md\\\/wp-content\\\/uploads\\\/2017\\\/08\\\/logo.png\",\"width\":323,\"height\":50,\"caption\":\"Kamoto S.R.L.\"},\"image\":{\"@id\":\"https:\\\/\\\/kamoto.md\\\/ro\\\/#\\\/schema\\\/logo\\\/image\\\/\"}}]}<\/script>\n<!-- \/ Yoast SEO plugin. -->","yoast_head_json":{"title":"Sistem de pulverizare f\u0103r\u0103 aer - Suport duz\u0103 APS900PRO - Kamoto.md","robots":{"index":"index","follow":"follow","max-snippet":"max-snippet:-1","max-image-preview":"max-image-preview:large","max-video-preview":"max-video-preview:-1"},"canonical":"https:\/\/kamoto.md\/ro\/shop\/utilaje-pentru-constructii\/sistem-de-pulverizare-fara-aer\/suport-duza-aps900pro\/","og_locale":"ro_RO","og_type":"article","og_title":"Sistem de pulverizare f\u0103r\u0103 aer - Suport duz\u0103 APS900PRO - Kamoto.md","og_description":"Produc\u0103tor: KAMOTO Produc\u021bie: China Filet: 7\/8\"","og_url":"https:\/\/kamoto.md\/ro\/shop\/utilaje-pentru-constructii\/sistem-de-pulverizare-fara-aer\/suport-duza-aps900pro\/","og_site_name":"Kamoto.md","article_modified_time":"2026-02-27T11:17:39+00:00","og_image":[{"width":1000,"height":1000,"url":"https:\/\/kamoto.md\/wp-content\/uploads\/2021\/05\/logo2.png","type":"image\/png"}],"twitter_card":"summary_large_image","twitter_misc":{"Timp estimat pentru citire":"2 minute"},"schema":{"@context":"https:\/\/schema.org","@graph":[{"@type":["WebPage","ItemPage"],"@id":"https:\/\/kamoto.md\/ro\/shop\/utilaje-pentru-constructii\/sistem-de-pulverizare-fara-aer\/suport-duza-aps900pro\/","url":"https:\/\/kamoto.md\/ro\/shop\/utilaje-pentru-constructii\/sistem-de-pulverizare-fara-aer\/suport-duza-aps900pro\/","name":"Sistem de pulverizare f\u0103r\u0103 aer - Suport duz\u0103 APS900PRO - Kamoto.md","isPartOf":{"@id":"https:\/\/kamoto.md\/ro\/#website"},"primaryImageOfPage":{"@id":"https:\/\/kamoto.md\/ro\/shop\/utilaje-pentru-constructii\/sistem-de-pulverizare-fara-aer\/suport-duza-aps900pro\/#primaryimage"},"image":{"@id":"https:\/\/kamoto.md\/ro\/shop\/utilaje-pentru-constructii\/sistem-de-pulverizare-fara-aer\/suport-duza-aps900pro\/#primaryimage"},"thumbnailUrl":"https:\/\/kamoto.md\/wp-content\/uploads\/2020\/09\/G.O_16.07.2020-78.jpg","datePublished":"2020-09-07T00:07:14+00:00","dateModified":"2026-02-27T11:17:39+00:00","breadcrumb":{"@id":"https:\/\/kamoto.md\/ro\/shop\/utilaje-pentru-constructii\/sistem-de-pulverizare-fara-aer\/suport-duza-aps900pro\/#breadcrumb"},"inLanguage":"ro-RO","potentialAction":[{"@type":"ReadAction","target":["https:\/\/kamoto.md\/ro\/shop\/utilaje-pentru-constructii\/sistem-de-pulverizare-fara-aer\/suport-duza-aps900pro\/"]}]},{"@type":"ImageObject","inLanguage":"ro-RO","@id":"https:\/\/kamoto.md\/ro\/shop\/utilaje-pentru-constructii\/sistem-de-pulverizare-fara-aer\/suport-duza-aps900pro\/#primaryimage","url":"https:\/\/kamoto.md\/wp-content\/uploads\/2020\/09\/G.O_16.07.2020-78.jpg","contentUrl":"https:\/\/kamoto.md\/wp-content\/uploads\/2020\/09\/G.O_16.07.2020-78.jpg","width":1000,"height":1000},{"@type":"BreadcrumbList","@id":"https:\/\/kamoto.md\/ro\/shop\/utilaje-pentru-constructii\/sistem-de-pulverizare-fara-aer\/suport-duza-aps900pro\/#breadcrumb","itemListElement":[{"@type":"ListItem","position":1,"name":"\u0413\u043b\u0430\u0432\u043d\u0430\u044f \u0441\u0442\u0440\u0430\u043d\u0438\u0446\u0430","item":"https:\/\/kamoto.md\/ro\/"},{"@type":"ListItem","position":2,"name":"Catalog","item":"https:\/\/kamoto.md\/ro\/catalog\/"},{"@type":"ListItem","position":3,"name":"Utilaje pentru construc\u021bii","item":"https:\/\/kamoto.md\/ro\/catalog\/utilaje-pentru-constructii\/"},{"@type":"ListItem","position":4,"name":"Sistem de pulverizare f\u0103r\u0103 aer","item":"https:\/\/kamoto.md\/ro\/catalog\/utilaje-pentru-constructii\/sistem-de-pulverizare-fara-aer\/"},{"@type":"ListItem","position":5,"name":"Suport duz\u0103 APS900PRO"}]},{"@type":"WebSite","@id":"https:\/\/kamoto.md\/ro\/#website","url":"https:\/\/kamoto.md\/ro\/","name":"Kamoto.MD","description":"\u0418\u043d\u0442\u0435\u0440\u043d\u0435\u0442 \u043c\u0430\u0433\u0430\u0437\u0438\u043d \u044d\u043b\u0435\u043a\u0442\u0440\u043e\u0438\u043d\u0441\u0442\u0440\u0443\u043c\u0435\u043d\u0442\u0430, \u0441\u0430\u0434\u043e\u0432\u043e\u0439 \u0438 \u0441\u0438\u043b\u043e\u0432\u043e\u0439 \u0442\u0435\u0445\u043d\u0438\u043a\u0438.","publisher":{"@id":"https:\/\/kamoto.md\/ro\/#organization"},"potentialAction":[{"@type":"SearchAction","target":{"@type":"EntryPoint","urlTemplate":"https:\/\/kamoto.md\/ro\/?s={search_term_string}"},"query-input":{"@type":"PropertyValueSpecification","valueRequired":true,"valueName":"search_term_string"}}],"inLanguage":"ro-RO"},{"@type":"Organization","@id":"https:\/\/kamoto.md\/ro\/#organization","name":"Kamoto S.R.L.","url":"https:\/\/kamoto.md\/ro\/","logo":{"@type":"ImageObject","inLanguage":"ro-RO","@id":"https:\/\/kamoto.md\/ro\/#\/schema\/logo\/image\/","url":"https:\/\/kamoto.md\/wp-content\/uploads\/2017\/08\/logo.png","contentUrl":"https:\/\/kamoto.md\/wp-content\/uploads\/2017\/08\/logo.png","width":323,"height":50,"caption":"Kamoto S.R.L."},"image":{"@id":"https:\/\/kamoto.md\/ro\/#\/schema\/logo\/image\/"}}]}},"_links":{"self":[{"href":"https:\/\/kamoto.md\/ro\/wp-json\/wp\/v2\/product\/9689","targetHints":{"allow":["GET"]}}],"collection":[{"href":"https:\/\/kamoto.md\/ro\/wp-json\/wp\/v2\/product"}],"about":[{"href":"https:\/\/kamoto.md\/ro\/wp-json\/wp\/v2\/types\/product"}],"wp:featuredmedia":[{"embeddable":true,"href":"https:\/\/kamoto.md\/ro\/wp-json\/wp\/v2\/media\/9562"}],"wp:attachment":[{"href":"https:\/\/kamoto.md\/ro\/wp-json\/wp\/v2\/media?parent=9689"}],"wp:term":[{"taxonomy":"product_brand","embeddable":true,"href":"https:\/\/kamoto.md\/ro\/wp-json\/wp\/v2\/product_brand?post=9689"},{"taxonomy":"product_cat","embeddable":true,"href":"https:\/\/kamoto.md\/ro\/wp-json\/wp\/v2\/product_cat?post=9689"},{"taxonomy":"product_tag","embeddable":true,"href":"https:\/\/kamoto.md\/ro\/wp-json\/wp\/v2\/product_tag?post=9689"}],"curies":[{"name":"wp","href":"https:\/\/api.w.org\/{rel}","templated":true}]}}