{"id":9693,"date":"2020-09-07T01:39:20","date_gmt":"2020-09-06T23:39:20","guid":{"rendered":"https:\/\/kamoto.md\/shop\/fara-categorie\/masina-de-tuns-gazon-electric-kamoto-lm1232\/"},"modified":"2026-02-26T10:11:22","modified_gmt":"2026-02-26T08:11:22","slug":"masina-electrica-de-tuns-iarba-kamoto-lm1232","status":"publish","type":"product","link":"https:\/\/kamoto.md\/ro\/shop\/scule-si-unelte-de-gradinarit\/masini-de-tuns-gazon\/masina-electrica-de-tuns-iarba-kamoto-lm1232\/","title":{"rendered":"Ma\u0219in\u0103 electric\u0103 de tuns iarba KAMOTO LM1232"},"content":{"rendered":"<p>Ma\u0219in\u0103 electric\u0103 de tuns iarba KAMOTO LM1232 cu motor de 1200 W \u0219i \u00een\u0103l\u021bime de t\u0103iere variabil\u0103 \u00een intervalul 25 &#8211; 65 mm (3 pozi\u021bii) este proiectat\u0103 pentru t\u0103ierea \u0219i colectarea ierbii pe o suprafa\u021b\u0103 plan\u0103 a parcelelor de uz casnic de dimensiuni mici \u0219i medii, cu o suprafa\u021b\u0103 total\u0103 care nu dep\u0103\u0219e\u0219te 500 de metri p\u0103tra\u021bi. Toamna, cositoarea poate fi utilizat\u0103 \u0219i pentru colectarea frunzelor c\u0103zute din copaci. Carcasa robust\u0103 din plastic protejeaz\u0103 dispozitivul de deterior\u0103ri mecanice, \u0219ocuri \u0219i alte daune. Ma\u0219ina de tuns iarba se distinge prin manevrabilitate mare, pornire u\u0219oar\u0103, performan\u021be ridicate \u0219i \u00eentre\u021binere u\u0219oar\u0103.<br \/>\nM\u00e2nerul pliabil, cutia de colectare a ierbii deta\u0219abil\u0103 \u0219i dimensiunea compact\u0103 fac ma\u0219ina de tuns iarba u\u0219or de transportat \u0219i depozitat.<\/p>\n<p><em><strong>Not\u0103 pentru sine!<\/strong><br \/>\nDac\u0103 iarba de pe gazon este destul de \u00eenalt\u0103, nu trebuie s\u0103 v\u0103 gr\u0103bi\u021bi s\u0103 o t\u0103ia\u021bi imediat. Exist\u0103 o recomandare general\u0103 conform c\u0103reia <strong>nu pute\u021bi t\u0103ia \u00een siguran\u021b\u0103 mai mult de o treime din \u00een\u0103l\u021bimea ierbii, pentru a nu perturba cre\u0219terea acesteia \u0219i a nu strica gazonul<\/strong>. \u00cen caz contrar, aceasta se poate \u00eeng\u0103lbeni. Aminti\u021bi-v\u0103 c\u0103 iarba are o tulpin\u0103 \u0219i una p\u00e2n\u0103 la mai multe frunze, de care are nevoie pentru a respira. Dac\u0103 gazonul este neglijat, ar trebui s\u0103 fie t\u0103iat \u00een mai multe etape, la intervale de dou\u0103 s\u0103pt\u0103m\u00e2ni. <\/em><\/p>\n","protected":false},"excerpt":{"rendered":"<p>Putere nominal\u0103: 1200 W<br \/>\nTensiune nominal\u0103: 220-240 V ~ 50 Hz<br \/>\nTura\u021bia motorului: 3450\u00b110% min-1<br \/>\nL\u0103\u021bime de tundere: 32 cm<br \/>\n\u00cen\u0103l\u021bime de tundere: 25 &#8211; 65 mm<br \/>\nCapacitatea cutiei de colectare a ierbii: 25 litri<br \/>\nIndicator pentru a verifica dac\u0103 este plin\u0103: Da<br \/>\nSuprafa\u021ba de gazon recomandat\u0103: p\u00e2n\u0103 la 500 mp<br \/>\nGreutate: 6,85 kg<\/p>\n","protected":false},"featured_media":9510,"template":"","meta":[],"product_brand":[],"product_cat":[289],"product_tag":[],"class_list":{"0":"post-9693","1":"product","2":"type-product","3":"status-publish","4":"has-post-thumbnail","6":"product_cat-masini-de-tuns-gazon","8":"first","9":"outofstock","10":"shipping-taxable","11":"product-type-simple"},"yoast_head":"<!-- This site is optimized with the Yoast SEO plugin v27.3 - https:\/\/yoast.com\/product\/yoast-seo-wordpress\/ -->\n<title>Ma\u0219ini de tuns gazon - Ma\u0219in\u0103 electric\u0103 de tuns iarba KAMOTO LM1232 - Kamoto.md<\/title>\n<meta name=\"robots\" content=\"index, follow, max-snippet:-1, max-image-preview:large, max-video-preview:-1\" \/>\n<link rel=\"canonical\" href=\"https:\/\/kamoto.md\/ro\/shop\/scule-si-unelte-de-gradinarit\/masini-de-tuns-gazon\/masina-electrica-de-tuns-iarba-kamoto-lm1232\/\" \/>\n<meta property=\"og:locale\" content=\"ro_RO\" \/>\n<meta property=\"og:type\" content=\"article\" \/>\n<meta property=\"og:title\" content=\"Ma\u0219ini de tuns gazon - Ma\u0219in\u0103 electric\u0103 de tuns iarba KAMOTO LM1232 - Kamoto.md\" \/>\n<meta property=\"og:description\" content=\"Putere nominal\u0103: 1200 W Tensiune nominal\u0103: 220-240 V ~ 50 Hz Tura\u021bia motorului: 3450\u00b110% min-1 L\u0103\u021bime de tundere: 32 cm \u00cen\u0103l\u021bime de tundere: 25 - 65 mm Capacitatea cutiei de colectare a ierbii: 25 litri Indicator pentru a verifica dac\u0103 este plin\u0103: Da Suprafa\u021ba de gazon recomandat\u0103: p\u00e2n\u0103 la 500 mp Greutate: 6,85 kg\" \/>\n<meta property=\"og:url\" content=\"https:\/\/kamoto.md\/ro\/shop\/scule-si-unelte-de-gradinarit\/masini-de-tuns-gazon\/masina-electrica-de-tuns-iarba-kamoto-lm1232\/\" \/>\n<meta property=\"og:site_name\" content=\"Kamoto.md\" \/>\n<meta property=\"article:modified_time\" content=\"2026-02-26T08:11:22+00:00\" \/>\n<meta property=\"og:image\" content=\"https:\/\/kamoto.md\/wp-content\/uploads\/2021\/05\/logo2.png\" \/>\n\t<meta property=\"og:image:width\" content=\"1000\" \/>\n\t<meta property=\"og:image:height\" content=\"1000\" \/>\n\t<meta property=\"og:image:type\" content=\"image\/png\" \/>\n<meta name=\"twitter:card\" content=\"summary_large_image\" \/>\n<meta name=\"twitter:label1\" content=\"Timp estimat pentru citire\" \/>\n\t<meta name=\"twitter:data1\" content=\"2 minute\" \/>\n<script type=\"application\/ld+json\" class=\"yoast-schema-graph\">{\"@context\":\"https:\\\/\\\/schema.org\",\"@graph\":[{\"@type\":[\"WebPage\",\"ItemPage\"],\"@id\":\"https:\\\/\\\/kamoto.md\\\/ro\\\/shop\\\/scule-si-unelte-de-gradinarit\\\/masini-de-tuns-gazon\\\/masina-electrica-de-tuns-iarba-kamoto-lm1232\\\/\",\"url\":\"https:\\\/\\\/kamoto.md\\\/ro\\\/shop\\\/scule-si-unelte-de-gradinarit\\\/masini-de-tuns-gazon\\\/masina-electrica-de-tuns-iarba-kamoto-lm1232\\\/\",\"name\":\"Ma\u0219ini de tuns gazon - Ma\u0219in\u0103 electric\u0103 de tuns iarba KAMOTO LM1232 - Kamoto.md\",\"isPartOf\":{\"@id\":\"https:\\\/\\\/kamoto.md\\\/ro\\\/#website\"},\"primaryImageOfPage\":{\"@id\":\"https:\\\/\\\/kamoto.md\\\/ro\\\/shop\\\/scule-si-unelte-de-gradinarit\\\/masini-de-tuns-gazon\\\/masina-electrica-de-tuns-iarba-kamoto-lm1232\\\/#primaryimage\"},\"image\":{\"@id\":\"https:\\\/\\\/kamoto.md\\\/ro\\\/shop\\\/scule-si-unelte-de-gradinarit\\\/masini-de-tuns-gazon\\\/masina-electrica-de-tuns-iarba-kamoto-lm1232\\\/#primaryimage\"},\"thumbnailUrl\":\"https:\\\/\\\/kamoto.md\\\/wp-content\\\/uploads\\\/2020\\\/09\\\/1_G.O_16.07.2020-19.jpg\",\"datePublished\":\"2020-09-06T23:39:20+00:00\",\"dateModified\":\"2026-02-26T08:11:22+00:00\",\"breadcrumb\":{\"@id\":\"https:\\\/\\\/kamoto.md\\\/ro\\\/shop\\\/scule-si-unelte-de-gradinarit\\\/masini-de-tuns-gazon\\\/masina-electrica-de-tuns-iarba-kamoto-lm1232\\\/#breadcrumb\"},\"inLanguage\":\"ro-RO\",\"potentialAction\":[{\"@type\":\"ReadAction\",\"target\":[\"https:\\\/\\\/kamoto.md\\\/ro\\\/shop\\\/scule-si-unelte-de-gradinarit\\\/masini-de-tuns-gazon\\\/masina-electrica-de-tuns-iarba-kamoto-lm1232\\\/\"]}]},{\"@type\":\"ImageObject\",\"inLanguage\":\"ro-RO\",\"@id\":\"https:\\\/\\\/kamoto.md\\\/ro\\\/shop\\\/scule-si-unelte-de-gradinarit\\\/masini-de-tuns-gazon\\\/masina-electrica-de-tuns-iarba-kamoto-lm1232\\\/#primaryimage\",\"url\":\"https:\\\/\\\/kamoto.md\\\/wp-content\\\/uploads\\\/2020\\\/09\\\/1_G.O_16.07.2020-19.jpg\",\"contentUrl\":\"https:\\\/\\\/kamoto.md\\\/wp-content\\\/uploads\\\/2020\\\/09\\\/1_G.O_16.07.2020-19.jpg\",\"width\":1000,\"height\":1000},{\"@type\":\"BreadcrumbList\",\"@id\":\"https:\\\/\\\/kamoto.md\\\/ro\\\/shop\\\/scule-si-unelte-de-gradinarit\\\/masini-de-tuns-gazon\\\/masina-electrica-de-tuns-iarba-kamoto-lm1232\\\/#breadcrumb\",\"itemListElement\":[{\"@type\":\"ListItem\",\"position\":1,\"name\":\"\u0413\u043b\u0430\u0432\u043d\u0430\u044f \u0441\u0442\u0440\u0430\u043d\u0438\u0446\u0430\",\"item\":\"https:\\\/\\\/kamoto.md\\\/ro\\\/\"},{\"@type\":\"ListItem\",\"position\":2,\"name\":\"Catalog\",\"item\":\"https:\\\/\\\/kamoto.md\\\/ro\\\/catalog\\\/\"},{\"@type\":\"ListItem\",\"position\":3,\"name\":\"Instrumente \u0219i unelte de gr\u0103din\u0103rit\",\"item\":\"https:\\\/\\\/kamoto.md\\\/ro\\\/catalog\\\/scule-si-unelte-de-gradinarit\\\/\"},{\"@type\":\"ListItem\",\"position\":4,\"name\":\"Ma\u0219ini de tuns gazon\",\"item\":\"https:\\\/\\\/kamoto.md\\\/ro\\\/catalog\\\/scule-si-unelte-de-gradinarit\\\/masini-de-tuns-gazon\\\/\"},{\"@type\":\"ListItem\",\"position\":5,\"name\":\"Ma\u0219in\u0103 electric\u0103 de tuns iarba KAMOTO LM1232\"}]},{\"@type\":\"WebSite\",\"@id\":\"https:\\\/\\\/kamoto.md\\\/ro\\\/#website\",\"url\":\"https:\\\/\\\/kamoto.md\\\/ro\\\/\",\"name\":\"Kamoto.MD\",\"description\":\"\u0418\u043d\u0442\u0435\u0440\u043d\u0435\u0442 \u043c\u0430\u0433\u0430\u0437\u0438\u043d \u044d\u043b\u0435\u043a\u0442\u0440\u043e\u0438\u043d\u0441\u0442\u0440\u0443\u043c\u0435\u043d\u0442\u0430, \u0441\u0430\u0434\u043e\u0432\u043e\u0439 \u0438 \u0441\u0438\u043b\u043e\u0432\u043e\u0439 \u0442\u0435\u0445\u043d\u0438\u043a\u0438.\",\"publisher\":{\"@id\":\"https:\\\/\\\/kamoto.md\\\/ro\\\/#organization\"},\"potentialAction\":[{\"@type\":\"SearchAction\",\"target\":{\"@type\":\"EntryPoint\",\"urlTemplate\":\"https:\\\/\\\/kamoto.md\\\/ro\\\/?s={search_term_string}\"},\"query-input\":{\"@type\":\"PropertyValueSpecification\",\"valueRequired\":true,\"valueName\":\"search_term_string\"}}],\"inLanguage\":\"ro-RO\"},{\"@type\":\"Organization\",\"@id\":\"https:\\\/\\\/kamoto.md\\\/ro\\\/#organization\",\"name\":\"Kamoto S.R.L.\",\"url\":\"https:\\\/\\\/kamoto.md\\\/ro\\\/\",\"logo\":{\"@type\":\"ImageObject\",\"inLanguage\":\"ro-RO\",\"@id\":\"https:\\\/\\\/kamoto.md\\\/ro\\\/#\\\/schema\\\/logo\\\/image\\\/\",\"url\":\"https:\\\/\\\/kamoto.md\\\/wp-content\\\/uploads\\\/2017\\\/08\\\/logo.png\",\"contentUrl\":\"https:\\\/\\\/kamoto.md\\\/wp-content\\\/uploads\\\/2017\\\/08\\\/logo.png\",\"width\":323,\"height\":50,\"caption\":\"Kamoto S.R.L.\"},\"image\":{\"@id\":\"https:\\\/\\\/kamoto.md\\\/ro\\\/#\\\/schema\\\/logo\\\/image\\\/\"}}]}<\/script>\n<!-- \/ Yoast SEO plugin. -->","yoast_head_json":{"title":"Ma\u0219ini de tuns gazon - Ma\u0219in\u0103 electric\u0103 de tuns iarba KAMOTO LM1232 - Kamoto.md","robots":{"index":"index","follow":"follow","max-snippet":"max-snippet:-1","max-image-preview":"max-image-preview:large","max-video-preview":"max-video-preview:-1"},"canonical":"https:\/\/kamoto.md\/ro\/shop\/scule-si-unelte-de-gradinarit\/masini-de-tuns-gazon\/masina-electrica-de-tuns-iarba-kamoto-lm1232\/","og_locale":"ro_RO","og_type":"article","og_title":"Ma\u0219ini de tuns gazon - Ma\u0219in\u0103 electric\u0103 de tuns iarba KAMOTO LM1232 - Kamoto.md","og_description":"Putere nominal\u0103: 1200 W Tensiune nominal\u0103: 220-240 V ~ 50 Hz Tura\u021bia motorului: 3450\u00b110% min-1 L\u0103\u021bime de tundere: 32 cm \u00cen\u0103l\u021bime de tundere: 25 - 65 mm Capacitatea cutiei de colectare a ierbii: 25 litri Indicator pentru a verifica dac\u0103 este plin\u0103: Da Suprafa\u021ba de gazon recomandat\u0103: p\u00e2n\u0103 la 500 mp Greutate: 6,85 kg","og_url":"https:\/\/kamoto.md\/ro\/shop\/scule-si-unelte-de-gradinarit\/masini-de-tuns-gazon\/masina-electrica-de-tuns-iarba-kamoto-lm1232\/","og_site_name":"Kamoto.md","article_modified_time":"2026-02-26T08:11:22+00:00","og_image":[{"width":1000,"height":1000,"url":"https:\/\/kamoto.md\/wp-content\/uploads\/2021\/05\/logo2.png","type":"image\/png"}],"twitter_card":"summary_large_image","twitter_misc":{"Timp estimat pentru citire":"2 minute"},"schema":{"@context":"https:\/\/schema.org","@graph":[{"@type":["WebPage","ItemPage"],"@id":"https:\/\/kamoto.md\/ro\/shop\/scule-si-unelte-de-gradinarit\/masini-de-tuns-gazon\/masina-electrica-de-tuns-iarba-kamoto-lm1232\/","url":"https:\/\/kamoto.md\/ro\/shop\/scule-si-unelte-de-gradinarit\/masini-de-tuns-gazon\/masina-electrica-de-tuns-iarba-kamoto-lm1232\/","name":"Ma\u0219ini de tuns gazon - Ma\u0219in\u0103 electric\u0103 de tuns iarba KAMOTO LM1232 - Kamoto.md","isPartOf":{"@id":"https:\/\/kamoto.md\/ro\/#website"},"primaryImageOfPage":{"@id":"https:\/\/kamoto.md\/ro\/shop\/scule-si-unelte-de-gradinarit\/masini-de-tuns-gazon\/masina-electrica-de-tuns-iarba-kamoto-lm1232\/#primaryimage"},"image":{"@id":"https:\/\/kamoto.md\/ro\/shop\/scule-si-unelte-de-gradinarit\/masini-de-tuns-gazon\/masina-electrica-de-tuns-iarba-kamoto-lm1232\/#primaryimage"},"thumbnailUrl":"https:\/\/kamoto.md\/wp-content\/uploads\/2020\/09\/1_G.O_16.07.2020-19.jpg","datePublished":"2020-09-06T23:39:20+00:00","dateModified":"2026-02-26T08:11:22+00:00","breadcrumb":{"@id":"https:\/\/kamoto.md\/ro\/shop\/scule-si-unelte-de-gradinarit\/masini-de-tuns-gazon\/masina-electrica-de-tuns-iarba-kamoto-lm1232\/#breadcrumb"},"inLanguage":"ro-RO","potentialAction":[{"@type":"ReadAction","target":["https:\/\/kamoto.md\/ro\/shop\/scule-si-unelte-de-gradinarit\/masini-de-tuns-gazon\/masina-electrica-de-tuns-iarba-kamoto-lm1232\/"]}]},{"@type":"ImageObject","inLanguage":"ro-RO","@id":"https:\/\/kamoto.md\/ro\/shop\/scule-si-unelte-de-gradinarit\/masini-de-tuns-gazon\/masina-electrica-de-tuns-iarba-kamoto-lm1232\/#primaryimage","url":"https:\/\/kamoto.md\/wp-content\/uploads\/2020\/09\/1_G.O_16.07.2020-19.jpg","contentUrl":"https:\/\/kamoto.md\/wp-content\/uploads\/2020\/09\/1_G.O_16.07.2020-19.jpg","width":1000,"height":1000},{"@type":"BreadcrumbList","@id":"https:\/\/kamoto.md\/ro\/shop\/scule-si-unelte-de-gradinarit\/masini-de-tuns-gazon\/masina-electrica-de-tuns-iarba-kamoto-lm1232\/#breadcrumb","itemListElement":[{"@type":"ListItem","position":1,"name":"\u0413\u043b\u0430\u0432\u043d\u0430\u044f \u0441\u0442\u0440\u0430\u043d\u0438\u0446\u0430","item":"https:\/\/kamoto.md\/ro\/"},{"@type":"ListItem","position":2,"name":"Catalog","item":"https:\/\/kamoto.md\/ro\/catalog\/"},{"@type":"ListItem","position":3,"name":"Instrumente \u0219i unelte de gr\u0103din\u0103rit","item":"https:\/\/kamoto.md\/ro\/catalog\/scule-si-unelte-de-gradinarit\/"},{"@type":"ListItem","position":4,"name":"Ma\u0219ini de tuns gazon","item":"https:\/\/kamoto.md\/ro\/catalog\/scule-si-unelte-de-gradinarit\/masini-de-tuns-gazon\/"},{"@type":"ListItem","position":5,"name":"Ma\u0219in\u0103 electric\u0103 de tuns iarba KAMOTO LM1232"}]},{"@type":"WebSite","@id":"https:\/\/kamoto.md\/ro\/#website","url":"https:\/\/kamoto.md\/ro\/","name":"Kamoto.MD","description":"\u0418\u043d\u0442\u0435\u0440\u043d\u0435\u0442 \u043c\u0430\u0433\u0430\u0437\u0438\u043d \u044d\u043b\u0435\u043a\u0442\u0440\u043e\u0438\u043d\u0441\u0442\u0440\u0443\u043c\u0435\u043d\u0442\u0430, \u0441\u0430\u0434\u043e\u0432\u043e\u0439 \u0438 \u0441\u0438\u043b\u043e\u0432\u043e\u0439 \u0442\u0435\u0445\u043d\u0438\u043a\u0438.","publisher":{"@id":"https:\/\/kamoto.md\/ro\/#organization"},"potentialAction":[{"@type":"SearchAction","target":{"@type":"EntryPoint","urlTemplate":"https:\/\/kamoto.md\/ro\/?s={search_term_string}"},"query-input":{"@type":"PropertyValueSpecification","valueRequired":true,"valueName":"search_term_string"}}],"inLanguage":"ro-RO"},{"@type":"Organization","@id":"https:\/\/kamoto.md\/ro\/#organization","name":"Kamoto S.R.L.","url":"https:\/\/kamoto.md\/ro\/","logo":{"@type":"ImageObject","inLanguage":"ro-RO","@id":"https:\/\/kamoto.md\/ro\/#\/schema\/logo\/image\/","url":"https:\/\/kamoto.md\/wp-content\/uploads\/2017\/08\/logo.png","contentUrl":"https:\/\/kamoto.md\/wp-content\/uploads\/2017\/08\/logo.png","width":323,"height":50,"caption":"Kamoto S.R.L."},"image":{"@id":"https:\/\/kamoto.md\/ro\/#\/schema\/logo\/image\/"}}]}},"_links":{"self":[{"href":"https:\/\/kamoto.md\/ro\/wp-json\/wp\/v2\/product\/9693","targetHints":{"allow":["GET"]}}],"collection":[{"href":"https:\/\/kamoto.md\/ro\/wp-json\/wp\/v2\/product"}],"about":[{"href":"https:\/\/kamoto.md\/ro\/wp-json\/wp\/v2\/types\/product"}],"wp:featuredmedia":[{"embeddable":true,"href":"https:\/\/kamoto.md\/ro\/wp-json\/wp\/v2\/media\/9510"}],"wp:attachment":[{"href":"https:\/\/kamoto.md\/ro\/wp-json\/wp\/v2\/media?parent=9693"}],"wp:term":[{"taxonomy":"product_brand","embeddable":true,"href":"https:\/\/kamoto.md\/ro\/wp-json\/wp\/v2\/product_brand?post=9693"},{"taxonomy":"product_cat","embeddable":true,"href":"https:\/\/kamoto.md\/ro\/wp-json\/wp\/v2\/product_cat?post=9693"},{"taxonomy":"product_tag","embeddable":true,"href":"https:\/\/kamoto.md\/ro\/wp-json\/wp\/v2\/product_tag?post=9693"}],"curies":[{"name":"wp","href":"https:\/\/api.w.org\/{rel}","templated":true}]}}