{"id":9694,"date":"2020-09-07T01:33:20","date_gmt":"2020-09-06T23:33:20","guid":{"rendered":"https:\/\/kamoto.md\/shop\/fara-categorie\/ferastrau-electric-kamoto-es2416l\/"},"modified":"2026-02-27T15:54:34","modified_gmt":"2026-02-27T13:54:34","slug":"fierastrau-electric-kamoto-es2416l","status":"publish","type":"product","link":"https:\/\/kamoto.md\/ro\/shop\/scule-si-unelte-de-gradinarit\/ferestraie\/fierastrau-electric-kamoto-es2416l\/","title":{"rendered":"Fier\u0103str\u0103u electric KAMOTO ES2416L"},"content":{"rendered":"<p>Fier\u0103str\u0103ul electric KAMOTO ES2416L este proiectat pentru a lucra at\u00e2t \u00een exterior, c\u00e2t \u0219i \u00een interior.<br \/>\nCombina\u021bia unic\u0103 de performan\u021b\u0103 ridicat\u0103, u\u0219urin\u021b\u0103 \u0219i siguran\u021b\u0103 \u00een utilizare, zgomot redus \u0219i \u00eentre\u021binere minim\u0103 face din fer\u0103str\u0103ul electric alegerea ideal\u0103 pentru toate tipurile de lucr\u0103ri \u00een cas\u0103 \u0219i gr\u0103din\u0103.<br \/>\nMotorul puternic \u0219i lan\u021bul profesional garanteaz\u0103 viteze mari de t\u0103iere pentru lemnul de diametru mediu.<\/p>\n<p>Sistemul automat de lubrifiere previne supra\u00eenc\u0103lzirea barei \u0219i a lan\u021bului fer\u0103str\u0103ului \u0219i le protejeaz\u0103 \u00eempotriva uzurii premature \u0219i a coroziunii.<\/p>\n<p>Domeniul de aplicare.<\/p>\n<p>Fer\u0103str\u0103ul electric cu lan\u021b este proiectat pentru lucrul pe termen scurt \u00een condi\u021bii domestice, \u00een zone cu clim\u0103 moderat\u0103, cu temperatur\u0103 caracteristic\u0103 de la -10\u00b0\u0421 la +40\u00b0\u0421, umiditate relativ\u0103 de cel mult 80% \u0219i absen\u021ba impactului direct al precipita\u021biilor atmosferice \u0219i a prafului excesiv din aer.<\/p>\n<p>RECOMAND\u0102RI DE BAZ\u0102 \u0218I INSTRUC\u021aIUNI DE SIGURAN\u021a\u0102<\/p>\n<p>Citi\u021bi cu aten\u021bie instruc\u021biunile \u00eenainte de a \u00eencepe lucrul.<\/p>\n<p>Utiliza\u021bi fer\u0103str\u0103ul electric numai \u00een scopul pentru care a fost proiectat.<\/p>\n<p>Nu utiliza\u021bi fer\u0103str\u0103ul atunci c\u00e2nd plou\u0103 sau \u00een condi\u021bii de umezeal\u0103. Nu utiliza\u021bi prelungitoare, cabluri deteriorate.<\/p>\n<p>\u00cenainte de a \u00eencepe lucrul, asigura\u021bi-v\u0103 c\u0103 fer\u0103str\u0103ul electric este complet \u0219i corect asamblat. Verifica\u021bi dac\u0103 toate componentele uneltei, \u00een special bara fer\u0103str\u0103ului \u0219i lan\u021bul, sunt corect instalate \u0219i bine fixate. Dac\u0103 cablul este deteriorat, deconecta\u021bi imediat \u0219techerul de la re\u021bea.<\/p>\n<p>Nu l\u0103sa\u021bi fer\u0103str\u0103ul electric nesupravegheat atunci c\u00e2nd acesta este \u00een func\u021biune. Dac\u0103 sunt copii \u00een apropiere atunci c\u00e2nd fer\u0103str\u0103ul este \u00een func\u021biune, fi\u021bi extrem de aten\u021bi.<\/p>\n<p>Atunci c\u00e2nd depozita\u021bi \u0219i transporta\u021bi fer\u0103str\u0103ul, utiliza\u021bi \u00eentotdeauna ap\u0103r\u0103toarea pentru mecanismul fer\u0103str\u0103ului, acest lucru va prelungi durata de via\u021b\u0103 a lan\u021bului, a barei \u0219i a pinionului fer\u0103str\u0103ului.<\/p>\n<p>Nu scufunda\u021bi fer\u0103str\u0103ul electric \u00een ap\u0103 sau \u00een orice alt lichid.<\/p>\n<p>Verifica\u021bi \u00een mod regulat dac\u0103 lan\u021bul \u0219i bara fer\u0103str\u0103ului prezint\u0103 defec\u021biuni \u0219i dac\u0103 fer\u0103str\u0103ul \u00een sine prezint\u0103 deterior\u0103ri.<\/p>\n<p>Dac\u0103 este detectat\u0103 o deteriorare de orice fel, opri\u021bi imediat utilizarea fer\u0103str\u0103ului \u0219i duce\u021bi dispozitivul la cel mai apropiat centru de service autorizat pentru diagnosticare \u0219i reparare.<\/p>\n<p>Atunci c\u00e2nd utiliza\u021bi fer\u0103str\u0103ul, respecta\u021bi pozi\u021bia cablului.<\/p>\n<p>\u021aine\u021bi-l \u00eentotdeauna departe de lan\u021bul fer\u0103str\u0103ului \u00een func\u021biune, nu \u00eel \u021bine\u021bi sub tensiune \u0219i evita\u021bi ca prelungitorul \u0219i conexiunile acestuia s\u0103 intre \u00een ap\u0103 sau alte lichide.<\/p>\n<p>Nu atinge\u021bi lan\u021bul fer\u0103str\u0103ului cu m\u00e2inile goale, at\u00e2t \u00eenainte, c\u00e2t \u0219i dup\u0103 ce fer\u0103str\u0103ul a terminat de func\u021bionat.<\/p>\n<p>Fer\u0103str\u0103ul nu este destinat utiliz\u0103rii de c\u0103tre copii sau de c\u0103tre persoane cu mobilitate redus\u0103 sau de c\u0103tre persoane aflate sub influen\u021ba alcoolului, a drogurilor sau a medicamentelor.<\/p>\n<p>Opri\u021bi produsul atunci c\u00e2nd \u00eel l\u0103sa\u021bi nesupravegheat \u0219i dup\u0103 ce a\u021bi terminat lucrul, \u00eenainte de a-l cur\u0103\u021ba sau transporta.<br \/>\nOrice repara\u021bie sau \u00eentre\u021binere a produsului, alta dec\u00e2t cur\u0103\u021barea, trebuie s\u0103 fie efectuat\u0103 de un centru de service autorizat.<\/p>\n<p>Lan\u021bul fer\u0103str\u0103ului trebuie s\u0103 fie bine lubrifiat. Un lan\u021b slab lubrifiat se uzeaz\u0103 mai repede \u0219i poate duce la uzura rapid\u0103 a barei \u0219i a pinionului de transmisie.<br \/>\nNu utiliza\u021bi ulei uzat pentru lubrifierea lan\u021bului fer\u0103str\u0103ului electric.<\/p>\n<p>Asigura\u021bi-v\u0103 c\u0103 lan\u021bul fer\u0103str\u0103ului este tensionat corect. Un lan\u021b slab tensionat cre\u0219te riscul de alunecare \u0219i rupere.<\/p>\n<p>Dup\u0103 terminarea lucrului, cur\u0103\u021ba\u021bi unealta de rumegu\u0219 \u0219i murd\u0103rie lipite de unealt\u0103.<\/p>\n<p>Ascu\u021bi\u021bi periodic lan\u021bul fer\u0103str\u0103ului. Aceasta este o condi\u021bie prealabil\u0103 pentru func\u021bionarea eficient\u0103 a uneltei, f\u0103r\u0103 de care performan\u021ba va avea de suferit, motorul va fi mai solicitat \u0219i toate p\u0103r\u021bile uneltei se vor uza.<\/p>\n","protected":false},"excerpt":{"rendered":"<p>Putere: 2400 W<br \/>\nLungimea barei: 16\u2033\/40 cm<br \/>\nNum\u0103rul verigilor lan\u021bului: 57 buc<br \/>\nPasul lan\u021bului \u0219i grosimea verigilor: 3\/8\u2033LP \/ 1.3 mm<br \/>\nPozi\u021bia motorului: Longitudinal<br \/>\nTura\u021bia motorului: 8000 rpm<br \/>\nCapacitatea rezervorului de ulei: 0.200 litri<br \/>\nLubrifierea automat\u0103 a lan\u021bului: Da<br \/>\nSistem de oprire de urgen\u021b\u0103: Verifica\u021bi<br \/>\nM\u00e2ner cauciucat: Verifica\u021bi<br \/>\nTip lan\u021b: Dalt\u0103 (lan\u021b profesional)<br \/>\nSistem de tensionare a lan\u021bului SDS: Verifica\u021bi<br \/>\nLungime cablu electric: 3,0 m<br \/>\nNivel de zgomot: 106 dB<br \/>\nGreutate 5,5 kg<\/p>\n","protected":false},"featured_media":9717,"template":"","meta":[],"product_brand":[],"product_cat":[296],"product_tag":[],"class_list":{"0":"post-9694","1":"product","2":"type-product","3":"status-publish","4":"has-post-thumbnail","6":"product_cat-ferestraie","8":"first","9":"outofstock","10":"shipping-taxable","11":"product-type-simple"},"yoast_head":"<!-- This site is optimized with the Yoast SEO plugin v27.3 - https:\/\/yoast.com\/product\/yoast-seo-wordpress\/ -->\n<title>Fier\u0103straie - Fier\u0103str\u0103u electric KAMOTO ES2416L - Kamoto.md<\/title>\n<meta name=\"robots\" content=\"index, follow, max-snippet:-1, max-image-preview:large, max-video-preview:-1\" \/>\n<link rel=\"canonical\" href=\"https:\/\/kamoto.md\/ro\/shop\/scule-si-unelte-de-gradinarit\/ferestraie\/fierastrau-electric-kamoto-es2416l\/\" \/>\n<meta property=\"og:locale\" content=\"ro_RO\" \/>\n<meta property=\"og:type\" content=\"article\" \/>\n<meta property=\"og:title\" content=\"Fier\u0103straie - Fier\u0103str\u0103u electric KAMOTO ES2416L - Kamoto.md\" \/>\n<meta property=\"og:description\" content=\"Putere: 2400 W Lungimea barei: 16\u2033\/40 cm Num\u0103rul verigilor lan\u021bului: 57 buc Pasul lan\u021bului \u0219i grosimea verigilor: 3\/8\u2033LP \/ 1.3 mm Pozi\u021bia motorului: Longitudinal Tura\u021bia motorului: 8000 rpm Capacitatea rezervorului de ulei: 0.200 litri Lubrifierea automat\u0103 a lan\u021bului: Da Sistem de oprire de urgen\u021b\u0103: Verifica\u021bi M\u00e2ner cauciucat: Verifica\u021bi Tip lan\u021b: Dalt\u0103 (lan\u021b profesional) Sistem de tensionare a lan\u021bului SDS: Verifica\u021bi Lungime cablu electric: 3,0 m Nivel de zgomot: 106 dB Greutate 5,5 kg\" \/>\n<meta property=\"og:url\" content=\"https:\/\/kamoto.md\/ro\/shop\/scule-si-unelte-de-gradinarit\/ferestraie\/fierastrau-electric-kamoto-es2416l\/\" \/>\n<meta property=\"og:site_name\" content=\"Kamoto.md\" \/>\n<meta property=\"article:modified_time\" content=\"2026-02-27T13:54:34+00:00\" \/>\n<meta property=\"og:image\" content=\"https:\/\/kamoto.md\/wp-content\/uploads\/2021\/05\/logo2.png\" \/>\n\t<meta property=\"og:image:width\" content=\"1000\" \/>\n\t<meta property=\"og:image:height\" content=\"1000\" \/>\n\t<meta property=\"og:image:type\" content=\"image\/png\" \/>\n<meta name=\"twitter:card\" content=\"summary_large_image\" \/>\n<meta name=\"twitter:label1\" content=\"Timp estimat pentru citire\" \/>\n\t<meta name=\"twitter:data1\" content=\"3 minute\" \/>\n<script type=\"application\/ld+json\" class=\"yoast-schema-graph\">{\"@context\":\"https:\\\/\\\/schema.org\",\"@graph\":[{\"@type\":[\"WebPage\",\"ItemPage\"],\"@id\":\"https:\\\/\\\/kamoto.md\\\/ro\\\/shop\\\/scule-si-unelte-de-gradinarit\\\/ferestraie\\\/fierastrau-electric-kamoto-es2416l\\\/\",\"url\":\"https:\\\/\\\/kamoto.md\\\/ro\\\/shop\\\/scule-si-unelte-de-gradinarit\\\/ferestraie\\\/fierastrau-electric-kamoto-es2416l\\\/\",\"name\":\"Fier\u0103straie - Fier\u0103str\u0103u electric KAMOTO ES2416L - Kamoto.md\",\"isPartOf\":{\"@id\":\"https:\\\/\\\/kamoto.md\\\/ro\\\/#website\"},\"primaryImageOfPage\":{\"@id\":\"https:\\\/\\\/kamoto.md\\\/ro\\\/shop\\\/scule-si-unelte-de-gradinarit\\\/ferestraie\\\/fierastrau-electric-kamoto-es2416l\\\/#primaryimage\"},\"image\":{\"@id\":\"https:\\\/\\\/kamoto.md\\\/ro\\\/shop\\\/scule-si-unelte-de-gradinarit\\\/ferestraie\\\/fierastrau-electric-kamoto-es2416l\\\/#primaryimage\"},\"thumbnailUrl\":\"https:\\\/\\\/kamoto.md\\\/wp-content\\\/uploads\\\/2020\\\/09\\\/photo_2020-10-28_20-53-18.jpg\",\"datePublished\":\"2020-09-06T23:33:20+00:00\",\"dateModified\":\"2026-02-27T13:54:34+00:00\",\"breadcrumb\":{\"@id\":\"https:\\\/\\\/kamoto.md\\\/ro\\\/shop\\\/scule-si-unelte-de-gradinarit\\\/ferestraie\\\/fierastrau-electric-kamoto-es2416l\\\/#breadcrumb\"},\"inLanguage\":\"ro-RO\",\"potentialAction\":[{\"@type\":\"ReadAction\",\"target\":[\"https:\\\/\\\/kamoto.md\\\/ro\\\/shop\\\/scule-si-unelte-de-gradinarit\\\/ferestraie\\\/fierastrau-electric-kamoto-es2416l\\\/\"]}]},{\"@type\":\"ImageObject\",\"inLanguage\":\"ro-RO\",\"@id\":\"https:\\\/\\\/kamoto.md\\\/ro\\\/shop\\\/scule-si-unelte-de-gradinarit\\\/ferestraie\\\/fierastrau-electric-kamoto-es2416l\\\/#primaryimage\",\"url\":\"https:\\\/\\\/kamoto.md\\\/wp-content\\\/uploads\\\/2020\\\/09\\\/photo_2020-10-28_20-53-18.jpg\",\"contentUrl\":\"https:\\\/\\\/kamoto.md\\\/wp-content\\\/uploads\\\/2020\\\/09\\\/photo_2020-10-28_20-53-18.jpg\",\"width\":1000,\"height\":1000},{\"@type\":\"BreadcrumbList\",\"@id\":\"https:\\\/\\\/kamoto.md\\\/ro\\\/shop\\\/scule-si-unelte-de-gradinarit\\\/ferestraie\\\/fierastrau-electric-kamoto-es2416l\\\/#breadcrumb\",\"itemListElement\":[{\"@type\":\"ListItem\",\"position\":1,\"name\":\"\u0413\u043b\u0430\u0432\u043d\u0430\u044f \u0441\u0442\u0440\u0430\u043d\u0438\u0446\u0430\",\"item\":\"https:\\\/\\\/kamoto.md\\\/ro\\\/\"},{\"@type\":\"ListItem\",\"position\":2,\"name\":\"Catalog\",\"item\":\"https:\\\/\\\/kamoto.md\\\/ro\\\/catalog\\\/\"},{\"@type\":\"ListItem\",\"position\":3,\"name\":\"Instrumente \u0219i unelte de gr\u0103din\u0103rit\",\"item\":\"https:\\\/\\\/kamoto.md\\\/ro\\\/catalog\\\/scule-si-unelte-de-gradinarit\\\/\"},{\"@type\":\"ListItem\",\"position\":4,\"name\":\"Fier\u0103straie\",\"item\":\"https:\\\/\\\/kamoto.md\\\/ro\\\/catalog\\\/scule-si-unelte-de-gradinarit\\\/ferestraie\\\/\"},{\"@type\":\"ListItem\",\"position\":5,\"name\":\"Fier\u0103str\u0103u electric KAMOTO ES2416L\"}]},{\"@type\":\"WebSite\",\"@id\":\"https:\\\/\\\/kamoto.md\\\/ro\\\/#website\",\"url\":\"https:\\\/\\\/kamoto.md\\\/ro\\\/\",\"name\":\"Kamoto.MD\",\"description\":\"\u0418\u043d\u0442\u0435\u0440\u043d\u0435\u0442 \u043c\u0430\u0433\u0430\u0437\u0438\u043d \u044d\u043b\u0435\u043a\u0442\u0440\u043e\u0438\u043d\u0441\u0442\u0440\u0443\u043c\u0435\u043d\u0442\u0430, \u0441\u0430\u0434\u043e\u0432\u043e\u0439 \u0438 \u0441\u0438\u043b\u043e\u0432\u043e\u0439 \u0442\u0435\u0445\u043d\u0438\u043a\u0438.\",\"publisher\":{\"@id\":\"https:\\\/\\\/kamoto.md\\\/ro\\\/#organization\"},\"potentialAction\":[{\"@type\":\"SearchAction\",\"target\":{\"@type\":\"EntryPoint\",\"urlTemplate\":\"https:\\\/\\\/kamoto.md\\\/ro\\\/?s={search_term_string}\"},\"query-input\":{\"@type\":\"PropertyValueSpecification\",\"valueRequired\":true,\"valueName\":\"search_term_string\"}}],\"inLanguage\":\"ro-RO\"},{\"@type\":\"Organization\",\"@id\":\"https:\\\/\\\/kamoto.md\\\/ro\\\/#organization\",\"name\":\"Kamoto S.R.L.\",\"url\":\"https:\\\/\\\/kamoto.md\\\/ro\\\/\",\"logo\":{\"@type\":\"ImageObject\",\"inLanguage\":\"ro-RO\",\"@id\":\"https:\\\/\\\/kamoto.md\\\/ro\\\/#\\\/schema\\\/logo\\\/image\\\/\",\"url\":\"https:\\\/\\\/kamoto.md\\\/wp-content\\\/uploads\\\/2017\\\/08\\\/logo.png\",\"contentUrl\":\"https:\\\/\\\/kamoto.md\\\/wp-content\\\/uploads\\\/2017\\\/08\\\/logo.png\",\"width\":323,\"height\":50,\"caption\":\"Kamoto S.R.L.\"},\"image\":{\"@id\":\"https:\\\/\\\/kamoto.md\\\/ro\\\/#\\\/schema\\\/logo\\\/image\\\/\"}}]}<\/script>\n<!-- \/ Yoast SEO plugin. -->","yoast_head_json":{"title":"Fier\u0103straie - Fier\u0103str\u0103u electric KAMOTO ES2416L - Kamoto.md","robots":{"index":"index","follow":"follow","max-snippet":"max-snippet:-1","max-image-preview":"max-image-preview:large","max-video-preview":"max-video-preview:-1"},"canonical":"https:\/\/kamoto.md\/ro\/shop\/scule-si-unelte-de-gradinarit\/ferestraie\/fierastrau-electric-kamoto-es2416l\/","og_locale":"ro_RO","og_type":"article","og_title":"Fier\u0103straie - Fier\u0103str\u0103u electric KAMOTO ES2416L - Kamoto.md","og_description":"Putere: 2400 W Lungimea barei: 16\u2033\/40 cm Num\u0103rul verigilor lan\u021bului: 57 buc Pasul lan\u021bului \u0219i grosimea verigilor: 3\/8\u2033LP \/ 1.3 mm Pozi\u021bia motorului: Longitudinal Tura\u021bia motorului: 8000 rpm Capacitatea rezervorului de ulei: 0.200 litri Lubrifierea automat\u0103 a lan\u021bului: Da Sistem de oprire de urgen\u021b\u0103: Verifica\u021bi M\u00e2ner cauciucat: Verifica\u021bi Tip lan\u021b: Dalt\u0103 (lan\u021b profesional) Sistem de tensionare a lan\u021bului SDS: Verifica\u021bi Lungime cablu electric: 3,0 m Nivel de zgomot: 106 dB Greutate 5,5 kg","og_url":"https:\/\/kamoto.md\/ro\/shop\/scule-si-unelte-de-gradinarit\/ferestraie\/fierastrau-electric-kamoto-es2416l\/","og_site_name":"Kamoto.md","article_modified_time":"2026-02-27T13:54:34+00:00","og_image":[{"width":1000,"height":1000,"url":"https:\/\/kamoto.md\/wp-content\/uploads\/2021\/05\/logo2.png","type":"image\/png"}],"twitter_card":"summary_large_image","twitter_misc":{"Timp estimat pentru citire":"3 minute"},"schema":{"@context":"https:\/\/schema.org","@graph":[{"@type":["WebPage","ItemPage"],"@id":"https:\/\/kamoto.md\/ro\/shop\/scule-si-unelte-de-gradinarit\/ferestraie\/fierastrau-electric-kamoto-es2416l\/","url":"https:\/\/kamoto.md\/ro\/shop\/scule-si-unelte-de-gradinarit\/ferestraie\/fierastrau-electric-kamoto-es2416l\/","name":"Fier\u0103straie - Fier\u0103str\u0103u electric KAMOTO ES2416L - Kamoto.md","isPartOf":{"@id":"https:\/\/kamoto.md\/ro\/#website"},"primaryImageOfPage":{"@id":"https:\/\/kamoto.md\/ro\/shop\/scule-si-unelte-de-gradinarit\/ferestraie\/fierastrau-electric-kamoto-es2416l\/#primaryimage"},"image":{"@id":"https:\/\/kamoto.md\/ro\/shop\/scule-si-unelte-de-gradinarit\/ferestraie\/fierastrau-electric-kamoto-es2416l\/#primaryimage"},"thumbnailUrl":"https:\/\/kamoto.md\/wp-content\/uploads\/2020\/09\/photo_2020-10-28_20-53-18.jpg","datePublished":"2020-09-06T23:33:20+00:00","dateModified":"2026-02-27T13:54:34+00:00","breadcrumb":{"@id":"https:\/\/kamoto.md\/ro\/shop\/scule-si-unelte-de-gradinarit\/ferestraie\/fierastrau-electric-kamoto-es2416l\/#breadcrumb"},"inLanguage":"ro-RO","potentialAction":[{"@type":"ReadAction","target":["https:\/\/kamoto.md\/ro\/shop\/scule-si-unelte-de-gradinarit\/ferestraie\/fierastrau-electric-kamoto-es2416l\/"]}]},{"@type":"ImageObject","inLanguage":"ro-RO","@id":"https:\/\/kamoto.md\/ro\/shop\/scule-si-unelte-de-gradinarit\/ferestraie\/fierastrau-electric-kamoto-es2416l\/#primaryimage","url":"https:\/\/kamoto.md\/wp-content\/uploads\/2020\/09\/photo_2020-10-28_20-53-18.jpg","contentUrl":"https:\/\/kamoto.md\/wp-content\/uploads\/2020\/09\/photo_2020-10-28_20-53-18.jpg","width":1000,"height":1000},{"@type":"BreadcrumbList","@id":"https:\/\/kamoto.md\/ro\/shop\/scule-si-unelte-de-gradinarit\/ferestraie\/fierastrau-electric-kamoto-es2416l\/#breadcrumb","itemListElement":[{"@type":"ListItem","position":1,"name":"\u0413\u043b\u0430\u0432\u043d\u0430\u044f \u0441\u0442\u0440\u0430\u043d\u0438\u0446\u0430","item":"https:\/\/kamoto.md\/ro\/"},{"@type":"ListItem","position":2,"name":"Catalog","item":"https:\/\/kamoto.md\/ro\/catalog\/"},{"@type":"ListItem","position":3,"name":"Instrumente \u0219i unelte de gr\u0103din\u0103rit","item":"https:\/\/kamoto.md\/ro\/catalog\/scule-si-unelte-de-gradinarit\/"},{"@type":"ListItem","position":4,"name":"Fier\u0103straie","item":"https:\/\/kamoto.md\/ro\/catalog\/scule-si-unelte-de-gradinarit\/ferestraie\/"},{"@type":"ListItem","position":5,"name":"Fier\u0103str\u0103u electric KAMOTO ES2416L"}]},{"@type":"WebSite","@id":"https:\/\/kamoto.md\/ro\/#website","url":"https:\/\/kamoto.md\/ro\/","name":"Kamoto.MD","description":"\u0418\u043d\u0442\u0435\u0440\u043d\u0435\u0442 \u043c\u0430\u0433\u0430\u0437\u0438\u043d \u044d\u043b\u0435\u043a\u0442\u0440\u043e\u0438\u043d\u0441\u0442\u0440\u0443\u043c\u0435\u043d\u0442\u0430, \u0441\u0430\u0434\u043e\u0432\u043e\u0439 \u0438 \u0441\u0438\u043b\u043e\u0432\u043e\u0439 \u0442\u0435\u0445\u043d\u0438\u043a\u0438.","publisher":{"@id":"https:\/\/kamoto.md\/ro\/#organization"},"potentialAction":[{"@type":"SearchAction","target":{"@type":"EntryPoint","urlTemplate":"https:\/\/kamoto.md\/ro\/?s={search_term_string}"},"query-input":{"@type":"PropertyValueSpecification","valueRequired":true,"valueName":"search_term_string"}}],"inLanguage":"ro-RO"},{"@type":"Organization","@id":"https:\/\/kamoto.md\/ro\/#organization","name":"Kamoto S.R.L.","url":"https:\/\/kamoto.md\/ro\/","logo":{"@type":"ImageObject","inLanguage":"ro-RO","@id":"https:\/\/kamoto.md\/ro\/#\/schema\/logo\/image\/","url":"https:\/\/kamoto.md\/wp-content\/uploads\/2017\/08\/logo.png","contentUrl":"https:\/\/kamoto.md\/wp-content\/uploads\/2017\/08\/logo.png","width":323,"height":50,"caption":"Kamoto S.R.L."},"image":{"@id":"https:\/\/kamoto.md\/ro\/#\/schema\/logo\/image\/"}}]}},"_links":{"self":[{"href":"https:\/\/kamoto.md\/ro\/wp-json\/wp\/v2\/product\/9694","targetHints":{"allow":["GET"]}}],"collection":[{"href":"https:\/\/kamoto.md\/ro\/wp-json\/wp\/v2\/product"}],"about":[{"href":"https:\/\/kamoto.md\/ro\/wp-json\/wp\/v2\/types\/product"}],"wp:featuredmedia":[{"embeddable":true,"href":"https:\/\/kamoto.md\/ro\/wp-json\/wp\/v2\/media\/9717"}],"wp:attachment":[{"href":"https:\/\/kamoto.md\/ro\/wp-json\/wp\/v2\/media?parent=9694"}],"wp:term":[{"taxonomy":"product_brand","embeddable":true,"href":"https:\/\/kamoto.md\/ro\/wp-json\/wp\/v2\/product_brand?post=9694"},{"taxonomy":"product_cat","embeddable":true,"href":"https:\/\/kamoto.md\/ro\/wp-json\/wp\/v2\/product_cat?post=9694"},{"taxonomy":"product_tag","embeddable":true,"href":"https:\/\/kamoto.md\/ro\/wp-json\/wp\/v2\/product_tag?post=9694"}],"curies":[{"name":"wp","href":"https:\/\/api.w.org\/{rel}","templated":true}]}}