{"id":9696,"date":"2020-09-07T01:22:21","date_gmt":"2020-09-06T23:22:21","guid":{"rendered":"https:\/\/kamoto.md\/shop\/fara-categorie\/motoferastrau-kamoto-cs5820\/"},"modified":"2026-02-27T13:18:46","modified_gmt":"2026-02-27T11:18:46","slug":"motoferastrau-kamoto-cs5820","status":"publish","type":"product","link":"https:\/\/kamoto.md\/ro\/shop\/scule-si-unelte-de-gradinarit\/ferestraie\/motoferastrau-kamoto-cs5820\/","title":{"rendered":"Motofer\u0103str\u0103u KAMOTO S58"},"content":{"rendered":"<p>Motofer\u0103str\u0103u KAMOTO S58 este un fer\u0103str\u0103u cu lan\u021b puternic \u0219i practic pentru t\u0103ierea trunchiurilor de copaci cu diametru mare, construc\u021bii, lemne de foc, gr\u0103din\u0103rit \u0219i amenaj\u0103ri peisagistice.<br \/>\nMotorul puternic de 2T cu durat\u0103 de via\u021b\u0103 extins\u0103, lan\u021bul profesional, sistemul avansat anti-vibra\u021bii, designul echilibrat vor asigura func\u021bionarea confortabil\u0103 \u0219i t\u0103ierea precis\u0103.<br \/>\nAccesul u\u0219or la filtrul de aer \u0219i la bujie permite \u00eentre\u021binerea periodic\u0103 f\u0103r\u0103 a fi nevoie de un centru de service.<br \/>\nSistemul Easy Start v\u0103 economise\u0219te timp \u0219i efort &#8211; efortul este redus cu 60% comparativ cu fer\u0103straiele de putere similar\u0103.<br \/>\nFer\u0103str\u0103ul este echipat cu un sistem automat de lubrifiere a lan\u021bului, care previne supra\u00eenc\u0103lzirea p\u0103r\u021bilor de lucru ale fer\u0103str\u0103ului \u0219i le protejeaz\u0103 \u00eempotriva uzurii premature \u0219i a coroziunii. \u00cen plus, sistemul de lubrifiere are capacitatea de a regla cantitatea de ulei furnizat\u0103 lan\u021bului \u00een func\u021bie de condi\u021biile de lucru \u0219i de tipul de lemn.<br \/>\n\u00cen setul de livrare sunt incluse: mixer de combustibil, pil\u0103 pentru ascu\u021birea lan\u021bului, trusa de scule necesar\u0103 pentru \u00eentre\u021binere.<\/p>\n<p>Recomand\u0103ri: RINDING <a href=\"https:\/\/kamoto.md\/rekomendatsii\/obkatka-dvuhtaktnogo-dvigatelya\/\">OF TWO-TO-TO-KE ENGINE<\/a>.<\/p>\n","protected":false},"excerpt":{"rendered":"<p>Putere: 2.45 KW \/ 3.3 HP<br \/>\nCilindree motor: 58 cm\u00b3<br \/>\nLungime anvelope: 20\u2033 \/ 50 cm<br \/>\nTip lan\u021b: Chisel (Professional)<br \/>\nNum\u0103r de verigi de lan\u021b: 76 buc<br \/>\nPasul lan\u021bului: 0,325<br \/>\nL\u0103\u021bimea lan\u021bului: 0,058\u2033<br \/>\nGrosimea verigilor lan\u021bului: 1.5 mm<br \/>\nSistem de pornire: EASY START<br \/>\nAmorsare amestec combustibil: Da<br \/>\nSistem antivibra\u021bii: Da<br \/>\nCapacitate rezervor combustibil: 550 ml<br \/>\nCapacitate rezervor ulei: 260<br \/>\nGreutate: 6.5 kg<\/p>\n","protected":false},"featured_media":9479,"template":"","meta":[],"product_brand":[],"product_cat":[296],"product_tag":[],"class_list":{"0":"post-9696","1":"product","2":"type-product","3":"status-publish","4":"has-post-thumbnail","6":"product_cat-ferestraie","8":"first","9":"instock","10":"shipping-taxable","11":"purchasable","12":"product-type-simple"},"yoast_head":"<!-- This site is optimized with the Yoast SEO plugin v27.3 - https:\/\/yoast.com\/product\/yoast-seo-wordpress\/ -->\n<title>Fier\u0103straie - Motofer\u0103str\u0103u KAMOTO S58 - Kamoto.md<\/title>\n<meta name=\"robots\" content=\"index, follow, max-snippet:-1, max-image-preview:large, max-video-preview:-1\" \/>\n<link rel=\"canonical\" href=\"https:\/\/kamoto.md\/ro\/shop\/scule-si-unelte-de-gradinarit\/ferestraie\/motoferastrau-kamoto-cs5820\/\" \/>\n<meta property=\"og:locale\" content=\"ro_RO\" \/>\n<meta property=\"og:type\" content=\"article\" \/>\n<meta property=\"og:title\" content=\"Fier\u0103straie - Motofer\u0103str\u0103u KAMOTO S58 - Kamoto.md\" \/>\n<meta property=\"og:description\" content=\"Putere: 2.45 KW \/ 3.3 HP Cilindree motor: 58 cm\u00b3 Lungime anvelope: 20\u2033 \/ 50 cm Tip lan\u021b: Chisel (Professional) Num\u0103r de verigi de lan\u021b: 76 buc Pasul lan\u021bului: 0,325 L\u0103\u021bimea lan\u021bului: 0,058\u2033 Grosimea verigilor lan\u021bului: 1.5 mm Sistem de pornire: EASY START Amorsare amestec combustibil: Da Sistem antivibra\u021bii: Da Capacitate rezervor combustibil: 550 ml Capacitate rezervor ulei: 260 Greutate: 6.5 kg\" \/>\n<meta property=\"og:url\" content=\"https:\/\/kamoto.md\/ro\/shop\/scule-si-unelte-de-gradinarit\/ferestraie\/motoferastrau-kamoto-cs5820\/\" \/>\n<meta property=\"og:site_name\" content=\"Kamoto.md\" \/>\n<meta property=\"article:modified_time\" content=\"2026-02-27T11:18:46+00:00\" \/>\n<meta property=\"og:image\" content=\"https:\/\/kamoto.md\/wp-content\/uploads\/2021\/05\/logo2.png\" \/>\n\t<meta property=\"og:image:width\" content=\"1000\" \/>\n\t<meta property=\"og:image:height\" content=\"1000\" \/>\n\t<meta property=\"og:image:type\" content=\"image\/png\" \/>\n<meta name=\"twitter:card\" content=\"summary_large_image\" \/>\n<meta name=\"twitter:label1\" content=\"Timp estimat pentru citire\" \/>\n\t<meta name=\"twitter:data1\" content=\"1 minut\" \/>\n<script type=\"application\/ld+json\" class=\"yoast-schema-graph\">{\"@context\":\"https:\\\/\\\/schema.org\",\"@graph\":[{\"@type\":[\"WebPage\",\"ItemPage\"],\"@id\":\"https:\\\/\\\/kamoto.md\\\/ro\\\/shop\\\/scule-si-unelte-de-gradinarit\\\/ferestraie\\\/motoferastrau-kamoto-cs5820\\\/\",\"url\":\"https:\\\/\\\/kamoto.md\\\/ro\\\/shop\\\/scule-si-unelte-de-gradinarit\\\/ferestraie\\\/motoferastrau-kamoto-cs5820\\\/\",\"name\":\"Fier\u0103straie - Motofer\u0103str\u0103u KAMOTO S58 - Kamoto.md\",\"isPartOf\":{\"@id\":\"https:\\\/\\\/kamoto.md\\\/ro\\\/#website\"},\"primaryImageOfPage\":{\"@id\":\"https:\\\/\\\/kamoto.md\\\/ro\\\/shop\\\/scule-si-unelte-de-gradinarit\\\/ferestraie\\\/motoferastrau-kamoto-cs5820\\\/#primaryimage\"},\"image\":{\"@id\":\"https:\\\/\\\/kamoto.md\\\/ro\\\/shop\\\/scule-si-unelte-de-gradinarit\\\/ferestraie\\\/motoferastrau-kamoto-cs5820\\\/#primaryimage\"},\"thumbnailUrl\":\"https:\\\/\\\/kamoto.md\\\/wp-content\\\/uploads\\\/2020\\\/09\\\/1_G.O_16.07.2020-10.jpg\",\"datePublished\":\"2020-09-06T23:22:21+00:00\",\"dateModified\":\"2026-02-27T11:18:46+00:00\",\"breadcrumb\":{\"@id\":\"https:\\\/\\\/kamoto.md\\\/ro\\\/shop\\\/scule-si-unelte-de-gradinarit\\\/ferestraie\\\/motoferastrau-kamoto-cs5820\\\/#breadcrumb\"},\"inLanguage\":\"ro-RO\",\"potentialAction\":[{\"@type\":\"ReadAction\",\"target\":[\"https:\\\/\\\/kamoto.md\\\/ro\\\/shop\\\/scule-si-unelte-de-gradinarit\\\/ferestraie\\\/motoferastrau-kamoto-cs5820\\\/\"]}]},{\"@type\":\"ImageObject\",\"inLanguage\":\"ro-RO\",\"@id\":\"https:\\\/\\\/kamoto.md\\\/ro\\\/shop\\\/scule-si-unelte-de-gradinarit\\\/ferestraie\\\/motoferastrau-kamoto-cs5820\\\/#primaryimage\",\"url\":\"https:\\\/\\\/kamoto.md\\\/wp-content\\\/uploads\\\/2020\\\/09\\\/1_G.O_16.07.2020-10.jpg\",\"contentUrl\":\"https:\\\/\\\/kamoto.md\\\/wp-content\\\/uploads\\\/2020\\\/09\\\/1_G.O_16.07.2020-10.jpg\",\"width\":1000,\"height\":1000},{\"@type\":\"BreadcrumbList\",\"@id\":\"https:\\\/\\\/kamoto.md\\\/ro\\\/shop\\\/scule-si-unelte-de-gradinarit\\\/ferestraie\\\/motoferastrau-kamoto-cs5820\\\/#breadcrumb\",\"itemListElement\":[{\"@type\":\"ListItem\",\"position\":1,\"name\":\"\u0413\u043b\u0430\u0432\u043d\u0430\u044f \u0441\u0442\u0440\u0430\u043d\u0438\u0446\u0430\",\"item\":\"https:\\\/\\\/kamoto.md\\\/ro\\\/\"},{\"@type\":\"ListItem\",\"position\":2,\"name\":\"Catalog\",\"item\":\"https:\\\/\\\/kamoto.md\\\/ro\\\/catalog\\\/\"},{\"@type\":\"ListItem\",\"position\":3,\"name\":\"Instrumente \u0219i unelte de gr\u0103din\u0103rit\",\"item\":\"https:\\\/\\\/kamoto.md\\\/ro\\\/catalog\\\/scule-si-unelte-de-gradinarit\\\/\"},{\"@type\":\"ListItem\",\"position\":4,\"name\":\"Fier\u0103straie\",\"item\":\"https:\\\/\\\/kamoto.md\\\/ro\\\/catalog\\\/scule-si-unelte-de-gradinarit\\\/ferestraie\\\/\"},{\"@type\":\"ListItem\",\"position\":5,\"name\":\"Motofer\u0103str\u0103u KAMOTO S58\"}]},{\"@type\":\"WebSite\",\"@id\":\"https:\\\/\\\/kamoto.md\\\/ro\\\/#website\",\"url\":\"https:\\\/\\\/kamoto.md\\\/ro\\\/\",\"name\":\"Kamoto.MD\",\"description\":\"\u0418\u043d\u0442\u0435\u0440\u043d\u0435\u0442 \u043c\u0430\u0433\u0430\u0437\u0438\u043d \u044d\u043b\u0435\u043a\u0442\u0440\u043e\u0438\u043d\u0441\u0442\u0440\u0443\u043c\u0435\u043d\u0442\u0430, \u0441\u0430\u0434\u043e\u0432\u043e\u0439 \u0438 \u0441\u0438\u043b\u043e\u0432\u043e\u0439 \u0442\u0435\u0445\u043d\u0438\u043a\u0438.\",\"publisher\":{\"@id\":\"https:\\\/\\\/kamoto.md\\\/ro\\\/#organization\"},\"potentialAction\":[{\"@type\":\"SearchAction\",\"target\":{\"@type\":\"EntryPoint\",\"urlTemplate\":\"https:\\\/\\\/kamoto.md\\\/ro\\\/?s={search_term_string}\"},\"query-input\":{\"@type\":\"PropertyValueSpecification\",\"valueRequired\":true,\"valueName\":\"search_term_string\"}}],\"inLanguage\":\"ro-RO\"},{\"@type\":\"Organization\",\"@id\":\"https:\\\/\\\/kamoto.md\\\/ro\\\/#organization\",\"name\":\"Kamoto S.R.L.\",\"url\":\"https:\\\/\\\/kamoto.md\\\/ro\\\/\",\"logo\":{\"@type\":\"ImageObject\",\"inLanguage\":\"ro-RO\",\"@id\":\"https:\\\/\\\/kamoto.md\\\/ro\\\/#\\\/schema\\\/logo\\\/image\\\/\",\"url\":\"https:\\\/\\\/kamoto.md\\\/wp-content\\\/uploads\\\/2017\\\/08\\\/logo.png\",\"contentUrl\":\"https:\\\/\\\/kamoto.md\\\/wp-content\\\/uploads\\\/2017\\\/08\\\/logo.png\",\"width\":323,\"height\":50,\"caption\":\"Kamoto S.R.L.\"},\"image\":{\"@id\":\"https:\\\/\\\/kamoto.md\\\/ro\\\/#\\\/schema\\\/logo\\\/image\\\/\"}}]}<\/script>\n<!-- \/ Yoast SEO plugin. -->","yoast_head_json":{"title":"Fier\u0103straie - Motofer\u0103str\u0103u KAMOTO S58 - Kamoto.md","robots":{"index":"index","follow":"follow","max-snippet":"max-snippet:-1","max-image-preview":"max-image-preview:large","max-video-preview":"max-video-preview:-1"},"canonical":"https:\/\/kamoto.md\/ro\/shop\/scule-si-unelte-de-gradinarit\/ferestraie\/motoferastrau-kamoto-cs5820\/","og_locale":"ro_RO","og_type":"article","og_title":"Fier\u0103straie - Motofer\u0103str\u0103u KAMOTO S58 - Kamoto.md","og_description":"Putere: 2.45 KW \/ 3.3 HP Cilindree motor: 58 cm\u00b3 Lungime anvelope: 20\u2033 \/ 50 cm Tip lan\u021b: Chisel (Professional) Num\u0103r de verigi de lan\u021b: 76 buc Pasul lan\u021bului: 0,325 L\u0103\u021bimea lan\u021bului: 0,058\u2033 Grosimea verigilor lan\u021bului: 1.5 mm Sistem de pornire: EASY START Amorsare amestec combustibil: Da Sistem antivibra\u021bii: Da Capacitate rezervor combustibil: 550 ml Capacitate rezervor ulei: 260 Greutate: 6.5 kg","og_url":"https:\/\/kamoto.md\/ro\/shop\/scule-si-unelte-de-gradinarit\/ferestraie\/motoferastrau-kamoto-cs5820\/","og_site_name":"Kamoto.md","article_modified_time":"2026-02-27T11:18:46+00:00","og_image":[{"width":1000,"height":1000,"url":"https:\/\/kamoto.md\/wp-content\/uploads\/2021\/05\/logo2.png","type":"image\/png"}],"twitter_card":"summary_large_image","twitter_misc":{"Timp estimat pentru citire":"1 minut"},"schema":{"@context":"https:\/\/schema.org","@graph":[{"@type":["WebPage","ItemPage"],"@id":"https:\/\/kamoto.md\/ro\/shop\/scule-si-unelte-de-gradinarit\/ferestraie\/motoferastrau-kamoto-cs5820\/","url":"https:\/\/kamoto.md\/ro\/shop\/scule-si-unelte-de-gradinarit\/ferestraie\/motoferastrau-kamoto-cs5820\/","name":"Fier\u0103straie - Motofer\u0103str\u0103u KAMOTO S58 - Kamoto.md","isPartOf":{"@id":"https:\/\/kamoto.md\/ro\/#website"},"primaryImageOfPage":{"@id":"https:\/\/kamoto.md\/ro\/shop\/scule-si-unelte-de-gradinarit\/ferestraie\/motoferastrau-kamoto-cs5820\/#primaryimage"},"image":{"@id":"https:\/\/kamoto.md\/ro\/shop\/scule-si-unelte-de-gradinarit\/ferestraie\/motoferastrau-kamoto-cs5820\/#primaryimage"},"thumbnailUrl":"https:\/\/kamoto.md\/wp-content\/uploads\/2020\/09\/1_G.O_16.07.2020-10.jpg","datePublished":"2020-09-06T23:22:21+00:00","dateModified":"2026-02-27T11:18:46+00:00","breadcrumb":{"@id":"https:\/\/kamoto.md\/ro\/shop\/scule-si-unelte-de-gradinarit\/ferestraie\/motoferastrau-kamoto-cs5820\/#breadcrumb"},"inLanguage":"ro-RO","potentialAction":[{"@type":"ReadAction","target":["https:\/\/kamoto.md\/ro\/shop\/scule-si-unelte-de-gradinarit\/ferestraie\/motoferastrau-kamoto-cs5820\/"]}]},{"@type":"ImageObject","inLanguage":"ro-RO","@id":"https:\/\/kamoto.md\/ro\/shop\/scule-si-unelte-de-gradinarit\/ferestraie\/motoferastrau-kamoto-cs5820\/#primaryimage","url":"https:\/\/kamoto.md\/wp-content\/uploads\/2020\/09\/1_G.O_16.07.2020-10.jpg","contentUrl":"https:\/\/kamoto.md\/wp-content\/uploads\/2020\/09\/1_G.O_16.07.2020-10.jpg","width":1000,"height":1000},{"@type":"BreadcrumbList","@id":"https:\/\/kamoto.md\/ro\/shop\/scule-si-unelte-de-gradinarit\/ferestraie\/motoferastrau-kamoto-cs5820\/#breadcrumb","itemListElement":[{"@type":"ListItem","position":1,"name":"\u0413\u043b\u0430\u0432\u043d\u0430\u044f \u0441\u0442\u0440\u0430\u043d\u0438\u0446\u0430","item":"https:\/\/kamoto.md\/ro\/"},{"@type":"ListItem","position":2,"name":"Catalog","item":"https:\/\/kamoto.md\/ro\/catalog\/"},{"@type":"ListItem","position":3,"name":"Instrumente \u0219i unelte de gr\u0103din\u0103rit","item":"https:\/\/kamoto.md\/ro\/catalog\/scule-si-unelte-de-gradinarit\/"},{"@type":"ListItem","position":4,"name":"Fier\u0103straie","item":"https:\/\/kamoto.md\/ro\/catalog\/scule-si-unelte-de-gradinarit\/ferestraie\/"},{"@type":"ListItem","position":5,"name":"Motofer\u0103str\u0103u KAMOTO S58"}]},{"@type":"WebSite","@id":"https:\/\/kamoto.md\/ro\/#website","url":"https:\/\/kamoto.md\/ro\/","name":"Kamoto.MD","description":"\u0418\u043d\u0442\u0435\u0440\u043d\u0435\u0442 \u043c\u0430\u0433\u0430\u0437\u0438\u043d \u044d\u043b\u0435\u043a\u0442\u0440\u043e\u0438\u043d\u0441\u0442\u0440\u0443\u043c\u0435\u043d\u0442\u0430, \u0441\u0430\u0434\u043e\u0432\u043e\u0439 \u0438 \u0441\u0438\u043b\u043e\u0432\u043e\u0439 \u0442\u0435\u0445\u043d\u0438\u043a\u0438.","publisher":{"@id":"https:\/\/kamoto.md\/ro\/#organization"},"potentialAction":[{"@type":"SearchAction","target":{"@type":"EntryPoint","urlTemplate":"https:\/\/kamoto.md\/ro\/?s={search_term_string}"},"query-input":{"@type":"PropertyValueSpecification","valueRequired":true,"valueName":"search_term_string"}}],"inLanguage":"ro-RO"},{"@type":"Organization","@id":"https:\/\/kamoto.md\/ro\/#organization","name":"Kamoto S.R.L.","url":"https:\/\/kamoto.md\/ro\/","logo":{"@type":"ImageObject","inLanguage":"ro-RO","@id":"https:\/\/kamoto.md\/ro\/#\/schema\/logo\/image\/","url":"https:\/\/kamoto.md\/wp-content\/uploads\/2017\/08\/logo.png","contentUrl":"https:\/\/kamoto.md\/wp-content\/uploads\/2017\/08\/logo.png","width":323,"height":50,"caption":"Kamoto S.R.L."},"image":{"@id":"https:\/\/kamoto.md\/ro\/#\/schema\/logo\/image\/"}}]}},"_links":{"self":[{"href":"https:\/\/kamoto.md\/ro\/wp-json\/wp\/v2\/product\/9696","targetHints":{"allow":["GET"]}}],"collection":[{"href":"https:\/\/kamoto.md\/ro\/wp-json\/wp\/v2\/product"}],"about":[{"href":"https:\/\/kamoto.md\/ro\/wp-json\/wp\/v2\/types\/product"}],"wp:featuredmedia":[{"embeddable":true,"href":"https:\/\/kamoto.md\/ro\/wp-json\/wp\/v2\/media\/9479"}],"wp:attachment":[{"href":"https:\/\/kamoto.md\/ro\/wp-json\/wp\/v2\/media?parent=9696"}],"wp:term":[{"taxonomy":"product_brand","embeddable":true,"href":"https:\/\/kamoto.md\/ro\/wp-json\/wp\/v2\/product_brand?post=9696"},{"taxonomy":"product_cat","embeddable":true,"href":"https:\/\/kamoto.md\/ro\/wp-json\/wp\/v2\/product_cat?post=9696"},{"taxonomy":"product_tag","embeddable":true,"href":"https:\/\/kamoto.md\/ro\/wp-json\/wp\/v2\/product_tag?post=9696"}],"curies":[{"name":"wp","href":"https:\/\/api.w.org\/{rel}","templated":true}]}}