{"id":9698,"date":"2020-09-07T01:11:19","date_gmt":"2020-09-06T23:11:19","guid":{"rendered":"https:\/\/kamoto.md\/shop\/fara-categorie\/motoferastrau-kamoto-cs4116\/"},"modified":"2026-02-27T13:19:19","modified_gmt":"2026-02-27T11:19:19","slug":"motoferastrau-kamoto-cs4116","status":"publish","type":"product","link":"https:\/\/kamoto.md\/ro\/shop\/scule-si-unelte-de-gradinarit\/ferestraie\/motoferastrau-kamoto-cs4116\/","title":{"rendered":"Motofer\u0103str\u0103u KAMOTO S41"},"content":{"rendered":"<p>Motofer\u0103str\u0103ul KAMOTO S41 cu vibra\u021bii reduse este proiectat pentru uz casnic \u00een gr\u0103din\u0103.<br \/>\nPotrivit pentru utilizatorii exigen\u021bi care au nevoie de o unealt\u0103 fiabil\u0103 pentru t\u0103ierea lemnului cu diametru mic \u0219i mediu, a lemnului de foc \u0219i a lucr\u0103rilor de construc\u021bii. Utilizat\u0103 pentru t\u0103ierea copacilor cu diametrul de p\u00e2n\u0103 la 30-35 centimetri. O drujb\u0103 practic\u0103 \u0219i u\u0219or de utilizat \u0219i \u00eentre\u021binut.<br \/>\nMotorul fiabil 2T cu consum redus de combustibil \u0219i emisii reduse de gaze de e\u0219apament, precum \u0219i designul echilibrat asigur\u0103 u\u0219urin\u021b\u0103 \u00een utilizare \u0219i t\u0103iere precis\u0103.<br \/>\nSistemul Easy Start este responsabil pentru pornirea confortabil\u0103 &#8211; reduce efortul de pornire cu 60% comparativ cu fer\u0103straiele cu lan\u021b din aceea\u0219i categorie.<br \/>\nAccesul u\u0219or la filtrul de aer \u0219i la bujie permite \u00eentre\u021binerea periodic\u0103 f\u0103r\u0103 a fi nevoie de un centru de service.<br \/>\nFer\u0103str\u0103ul este echipat cu un sistem automat de lubrifiere a lan\u021bului care previne supra\u00eenc\u0103lzirea barei \u0219i a lan\u021bului \u0219i le protejeaz\u0103 de uzura prematur\u0103 \u0219i coroziune. \u00cen plus, sistemul de lubrifiere are capacitatea de a regla cantitatea de ulei furnizat\u0103 lan\u021bului \u00een func\u021bie de condi\u021biile de lucru \u0219i de tipul de lemn, iar lan\u021bul profesional din set v\u0103 va permite s\u0103 face\u021bi o t\u0103iere precis\u0103 f\u0103r\u0103 prea mult efort fizic.<br \/>\nInclus \u00een livrare: rezervor de amestecare a combustibilului, pil\u0103 pentru ascu\u021birea lan\u021bului \u0219i trusa de scule necesar\u0103 pentru \u00eentre\u021binere.<\/p>\n<p>Recomand\u0103ri: RINDING <a href=\"https:\/\/kamoto.md\/rekomendatsii\/obkatka-dvuhtaktnogo-dvigatelya\/\">OF TWO-TO-TO-KE ENGINE<\/a>.<\/p>\n","protected":false},"excerpt":{"rendered":"<p>Putere: 1.45 KW \/ 2.0 HP<br \/>\nCilindree motor: 41 cm\u00b3<br \/>\nLungime anvelope: 16\u2033 \/ 40 cm<br \/>\nTip lan\u021b: Chisel (Professional)<br \/>\nNum\u0103r de verigi de lan\u021b: 57 buc<br \/>\nPasul lan\u021bului: 3\/8\u2033LP<br \/>\nL\u0103\u021bimea lan\u021bului: 0.050\u2033<br \/>\nGrosimea verigilor lan\u021bului: 1.3 mm<br \/>\nSistem de pornire: EASY START<br \/>\nAmorsare amestec combustibil: Da<br \/>\nSistem antivibra\u021bii: Da<br \/>\nCapacitate rezervor combustibil: 310 ml<br \/>\nCapacitate rezervor ulei: 210 ml<br \/>\nAmbalaj: Cutie carton<br \/>\nGreutate: 5.1 kg<\/p>\n","protected":false},"featured_media":13382,"template":"","meta":[],"product_brand":[],"product_cat":[296],"product_tag":[],"class_list":{"0":"post-9698","1":"product","2":"type-product","3":"status-publish","4":"has-post-thumbnail","6":"product_cat-ferestraie","8":"first","9":"instock","10":"shipping-taxable","11":"purchasable","12":"product-type-simple"},"yoast_head":"<!-- This site is optimized with the Yoast SEO plugin v27.3 - https:\/\/yoast.com\/product\/yoast-seo-wordpress\/ -->\n<title>Fier\u0103straie - Motofer\u0103str\u0103u KAMOTO S41 - Kamoto.md<\/title>\n<meta name=\"description\" content=\"Fer\u0103str\u0103u cu lan\u021b universal Kamoto S41 cu nivel redus de vibra\u021bii\" \/>\n<meta name=\"robots\" content=\"index, follow, max-snippet:-1, max-image-preview:large, max-video-preview:-1\" \/>\n<link rel=\"canonical\" href=\"https:\/\/kamoto.md\/ro\/shop\/scule-si-unelte-de-gradinarit\/ferestraie\/motoferastrau-kamoto-cs4116\/\" \/>\n<meta property=\"og:locale\" content=\"ro_RO\" \/>\n<meta property=\"og:type\" content=\"article\" \/>\n<meta property=\"og:title\" content=\"Fier\u0103straie - Motofer\u0103str\u0103u KAMOTO S41 - Kamoto.md\" \/>\n<meta property=\"og:description\" content=\"Fer\u0103str\u0103u cu lan\u021b universal Kamoto S41 cu nivel redus de vibra\u021bii\" \/>\n<meta property=\"og:url\" content=\"https:\/\/kamoto.md\/ro\/shop\/scule-si-unelte-de-gradinarit\/ferestraie\/motoferastrau-kamoto-cs4116\/\" \/>\n<meta property=\"og:site_name\" content=\"Kamoto.md\" \/>\n<meta property=\"article:modified_time\" content=\"2026-02-27T11:19:19+00:00\" \/>\n<meta property=\"og:image\" content=\"https:\/\/kamoto.md\/wp-content\/uploads\/2021\/05\/logo2.png\" \/>\n\t<meta property=\"og:image:width\" content=\"1000\" \/>\n\t<meta property=\"og:image:height\" content=\"1000\" \/>\n\t<meta property=\"og:image:type\" content=\"image\/png\" \/>\n<meta name=\"twitter:card\" content=\"summary_large_image\" \/>\n<meta name=\"twitter:label1\" content=\"Timp estimat pentru citire\" \/>\n\t<meta name=\"twitter:data1\" content=\"2 minute\" \/>\n<script type=\"application\/ld+json\" class=\"yoast-schema-graph\">{\"@context\":\"https:\\\/\\\/schema.org\",\"@graph\":[{\"@type\":[\"WebPage\",\"ItemPage\"],\"@id\":\"https:\\\/\\\/kamoto.md\\\/ro\\\/shop\\\/scule-si-unelte-de-gradinarit\\\/ferestraie\\\/motoferastrau-kamoto-cs4116\\\/\",\"url\":\"https:\\\/\\\/kamoto.md\\\/ro\\\/shop\\\/scule-si-unelte-de-gradinarit\\\/ferestraie\\\/motoferastrau-kamoto-cs4116\\\/\",\"name\":\"Fier\u0103straie - Motofer\u0103str\u0103u KAMOTO S41 - Kamoto.md\",\"isPartOf\":{\"@id\":\"https:\\\/\\\/kamoto.md\\\/ro\\\/#website\"},\"primaryImageOfPage\":{\"@id\":\"https:\\\/\\\/kamoto.md\\\/ro\\\/shop\\\/scule-si-unelte-de-gradinarit\\\/ferestraie\\\/motoferastrau-kamoto-cs4116\\\/#primaryimage\"},\"image\":{\"@id\":\"https:\\\/\\\/kamoto.md\\\/ro\\\/shop\\\/scule-si-unelte-de-gradinarit\\\/ferestraie\\\/motoferastrau-kamoto-cs4116\\\/#primaryimage\"},\"thumbnailUrl\":\"https:\\\/\\\/kamoto.md\\\/wp-content\\\/uploads\\\/2020\\\/09\\\/1.jpg\",\"datePublished\":\"2020-09-06T23:11:19+00:00\",\"dateModified\":\"2026-02-27T11:19:19+00:00\",\"description\":\"Fer\u0103str\u0103u cu lan\u021b universal Kamoto S41 cu nivel redus de vibra\u021bii\",\"breadcrumb\":{\"@id\":\"https:\\\/\\\/kamoto.md\\\/ro\\\/shop\\\/scule-si-unelte-de-gradinarit\\\/ferestraie\\\/motoferastrau-kamoto-cs4116\\\/#breadcrumb\"},\"inLanguage\":\"ro-RO\",\"potentialAction\":[{\"@type\":\"ReadAction\",\"target\":[\"https:\\\/\\\/kamoto.md\\\/ro\\\/shop\\\/scule-si-unelte-de-gradinarit\\\/ferestraie\\\/motoferastrau-kamoto-cs4116\\\/\"]}]},{\"@type\":\"ImageObject\",\"inLanguage\":\"ro-RO\",\"@id\":\"https:\\\/\\\/kamoto.md\\\/ro\\\/shop\\\/scule-si-unelte-de-gradinarit\\\/ferestraie\\\/motoferastrau-kamoto-cs4116\\\/#primaryimage\",\"url\":\"https:\\\/\\\/kamoto.md\\\/wp-content\\\/uploads\\\/2020\\\/09\\\/1.jpg\",\"contentUrl\":\"https:\\\/\\\/kamoto.md\\\/wp-content\\\/uploads\\\/2020\\\/09\\\/1.jpg\",\"width\":1000,\"height\":1000},{\"@type\":\"BreadcrumbList\",\"@id\":\"https:\\\/\\\/kamoto.md\\\/ro\\\/shop\\\/scule-si-unelte-de-gradinarit\\\/ferestraie\\\/motoferastrau-kamoto-cs4116\\\/#breadcrumb\",\"itemListElement\":[{\"@type\":\"ListItem\",\"position\":1,\"name\":\"\u0413\u043b\u0430\u0432\u043d\u0430\u044f \u0441\u0442\u0440\u0430\u043d\u0438\u0446\u0430\",\"item\":\"https:\\\/\\\/kamoto.md\\\/ro\\\/\"},{\"@type\":\"ListItem\",\"position\":2,\"name\":\"Catalog\",\"item\":\"https:\\\/\\\/kamoto.md\\\/ro\\\/catalog\\\/\"},{\"@type\":\"ListItem\",\"position\":3,\"name\":\"Instrumente \u0219i unelte de gr\u0103din\u0103rit\",\"item\":\"https:\\\/\\\/kamoto.md\\\/ro\\\/catalog\\\/scule-si-unelte-de-gradinarit\\\/\"},{\"@type\":\"ListItem\",\"position\":4,\"name\":\"Fier\u0103straie\",\"item\":\"https:\\\/\\\/kamoto.md\\\/ro\\\/catalog\\\/scule-si-unelte-de-gradinarit\\\/ferestraie\\\/\"},{\"@type\":\"ListItem\",\"position\":5,\"name\":\"Motofer\u0103str\u0103u KAMOTO S41\"}]},{\"@type\":\"WebSite\",\"@id\":\"https:\\\/\\\/kamoto.md\\\/ro\\\/#website\",\"url\":\"https:\\\/\\\/kamoto.md\\\/ro\\\/\",\"name\":\"Kamoto.MD\",\"description\":\"\u0418\u043d\u0442\u0435\u0440\u043d\u0435\u0442 \u043c\u0430\u0433\u0430\u0437\u0438\u043d \u044d\u043b\u0435\u043a\u0442\u0440\u043e\u0438\u043d\u0441\u0442\u0440\u0443\u043c\u0435\u043d\u0442\u0430, \u0441\u0430\u0434\u043e\u0432\u043e\u0439 \u0438 \u0441\u0438\u043b\u043e\u0432\u043e\u0439 \u0442\u0435\u0445\u043d\u0438\u043a\u0438.\",\"publisher\":{\"@id\":\"https:\\\/\\\/kamoto.md\\\/ro\\\/#organization\"},\"potentialAction\":[{\"@type\":\"SearchAction\",\"target\":{\"@type\":\"EntryPoint\",\"urlTemplate\":\"https:\\\/\\\/kamoto.md\\\/ro\\\/?s={search_term_string}\"},\"query-input\":{\"@type\":\"PropertyValueSpecification\",\"valueRequired\":true,\"valueName\":\"search_term_string\"}}],\"inLanguage\":\"ro-RO\"},{\"@type\":\"Organization\",\"@id\":\"https:\\\/\\\/kamoto.md\\\/ro\\\/#organization\",\"name\":\"Kamoto S.R.L.\",\"url\":\"https:\\\/\\\/kamoto.md\\\/ro\\\/\",\"logo\":{\"@type\":\"ImageObject\",\"inLanguage\":\"ro-RO\",\"@id\":\"https:\\\/\\\/kamoto.md\\\/ro\\\/#\\\/schema\\\/logo\\\/image\\\/\",\"url\":\"https:\\\/\\\/kamoto.md\\\/wp-content\\\/uploads\\\/2017\\\/08\\\/logo.png\",\"contentUrl\":\"https:\\\/\\\/kamoto.md\\\/wp-content\\\/uploads\\\/2017\\\/08\\\/logo.png\",\"width\":323,\"height\":50,\"caption\":\"Kamoto S.R.L.\"},\"image\":{\"@id\":\"https:\\\/\\\/kamoto.md\\\/ro\\\/#\\\/schema\\\/logo\\\/image\\\/\"}}]}<\/script>\n<!-- \/ Yoast SEO plugin. -->","yoast_head_json":{"title":"Fier\u0103straie - Motofer\u0103str\u0103u KAMOTO S41 - Kamoto.md","description":"Fer\u0103str\u0103u cu lan\u021b universal Kamoto S41 cu nivel redus de vibra\u021bii","robots":{"index":"index","follow":"follow","max-snippet":"max-snippet:-1","max-image-preview":"max-image-preview:large","max-video-preview":"max-video-preview:-1"},"canonical":"https:\/\/kamoto.md\/ro\/shop\/scule-si-unelte-de-gradinarit\/ferestraie\/motoferastrau-kamoto-cs4116\/","og_locale":"ro_RO","og_type":"article","og_title":"Fier\u0103straie - Motofer\u0103str\u0103u KAMOTO S41 - Kamoto.md","og_description":"Fer\u0103str\u0103u cu lan\u021b universal Kamoto S41 cu nivel redus de vibra\u021bii","og_url":"https:\/\/kamoto.md\/ro\/shop\/scule-si-unelte-de-gradinarit\/ferestraie\/motoferastrau-kamoto-cs4116\/","og_site_name":"Kamoto.md","article_modified_time":"2026-02-27T11:19:19+00:00","og_image":[{"width":1000,"height":1000,"url":"https:\/\/kamoto.md\/wp-content\/uploads\/2021\/05\/logo2.png","type":"image\/png"}],"twitter_card":"summary_large_image","twitter_misc":{"Timp estimat pentru citire":"2 minute"},"schema":{"@context":"https:\/\/schema.org","@graph":[{"@type":["WebPage","ItemPage"],"@id":"https:\/\/kamoto.md\/ro\/shop\/scule-si-unelte-de-gradinarit\/ferestraie\/motoferastrau-kamoto-cs4116\/","url":"https:\/\/kamoto.md\/ro\/shop\/scule-si-unelte-de-gradinarit\/ferestraie\/motoferastrau-kamoto-cs4116\/","name":"Fier\u0103straie - Motofer\u0103str\u0103u KAMOTO S41 - Kamoto.md","isPartOf":{"@id":"https:\/\/kamoto.md\/ro\/#website"},"primaryImageOfPage":{"@id":"https:\/\/kamoto.md\/ro\/shop\/scule-si-unelte-de-gradinarit\/ferestraie\/motoferastrau-kamoto-cs4116\/#primaryimage"},"image":{"@id":"https:\/\/kamoto.md\/ro\/shop\/scule-si-unelte-de-gradinarit\/ferestraie\/motoferastrau-kamoto-cs4116\/#primaryimage"},"thumbnailUrl":"https:\/\/kamoto.md\/wp-content\/uploads\/2020\/09\/1.jpg","datePublished":"2020-09-06T23:11:19+00:00","dateModified":"2026-02-27T11:19:19+00:00","description":"Fer\u0103str\u0103u cu lan\u021b universal Kamoto S41 cu nivel redus de vibra\u021bii","breadcrumb":{"@id":"https:\/\/kamoto.md\/ro\/shop\/scule-si-unelte-de-gradinarit\/ferestraie\/motoferastrau-kamoto-cs4116\/#breadcrumb"},"inLanguage":"ro-RO","potentialAction":[{"@type":"ReadAction","target":["https:\/\/kamoto.md\/ro\/shop\/scule-si-unelte-de-gradinarit\/ferestraie\/motoferastrau-kamoto-cs4116\/"]}]},{"@type":"ImageObject","inLanguage":"ro-RO","@id":"https:\/\/kamoto.md\/ro\/shop\/scule-si-unelte-de-gradinarit\/ferestraie\/motoferastrau-kamoto-cs4116\/#primaryimage","url":"https:\/\/kamoto.md\/wp-content\/uploads\/2020\/09\/1.jpg","contentUrl":"https:\/\/kamoto.md\/wp-content\/uploads\/2020\/09\/1.jpg","width":1000,"height":1000},{"@type":"BreadcrumbList","@id":"https:\/\/kamoto.md\/ro\/shop\/scule-si-unelte-de-gradinarit\/ferestraie\/motoferastrau-kamoto-cs4116\/#breadcrumb","itemListElement":[{"@type":"ListItem","position":1,"name":"\u0413\u043b\u0430\u0432\u043d\u0430\u044f \u0441\u0442\u0440\u0430\u043d\u0438\u0446\u0430","item":"https:\/\/kamoto.md\/ro\/"},{"@type":"ListItem","position":2,"name":"Catalog","item":"https:\/\/kamoto.md\/ro\/catalog\/"},{"@type":"ListItem","position":3,"name":"Instrumente \u0219i unelte de gr\u0103din\u0103rit","item":"https:\/\/kamoto.md\/ro\/catalog\/scule-si-unelte-de-gradinarit\/"},{"@type":"ListItem","position":4,"name":"Fier\u0103straie","item":"https:\/\/kamoto.md\/ro\/catalog\/scule-si-unelte-de-gradinarit\/ferestraie\/"},{"@type":"ListItem","position":5,"name":"Motofer\u0103str\u0103u KAMOTO S41"}]},{"@type":"WebSite","@id":"https:\/\/kamoto.md\/ro\/#website","url":"https:\/\/kamoto.md\/ro\/","name":"Kamoto.MD","description":"\u0418\u043d\u0442\u0435\u0440\u043d\u0435\u0442 \u043c\u0430\u0433\u0430\u0437\u0438\u043d \u044d\u043b\u0435\u043a\u0442\u0440\u043e\u0438\u043d\u0441\u0442\u0440\u0443\u043c\u0435\u043d\u0442\u0430, \u0441\u0430\u0434\u043e\u0432\u043e\u0439 \u0438 \u0441\u0438\u043b\u043e\u0432\u043e\u0439 \u0442\u0435\u0445\u043d\u0438\u043a\u0438.","publisher":{"@id":"https:\/\/kamoto.md\/ro\/#organization"},"potentialAction":[{"@type":"SearchAction","target":{"@type":"EntryPoint","urlTemplate":"https:\/\/kamoto.md\/ro\/?s={search_term_string}"},"query-input":{"@type":"PropertyValueSpecification","valueRequired":true,"valueName":"search_term_string"}}],"inLanguage":"ro-RO"},{"@type":"Organization","@id":"https:\/\/kamoto.md\/ro\/#organization","name":"Kamoto S.R.L.","url":"https:\/\/kamoto.md\/ro\/","logo":{"@type":"ImageObject","inLanguage":"ro-RO","@id":"https:\/\/kamoto.md\/ro\/#\/schema\/logo\/image\/","url":"https:\/\/kamoto.md\/wp-content\/uploads\/2017\/08\/logo.png","contentUrl":"https:\/\/kamoto.md\/wp-content\/uploads\/2017\/08\/logo.png","width":323,"height":50,"caption":"Kamoto S.R.L."},"image":{"@id":"https:\/\/kamoto.md\/ro\/#\/schema\/logo\/image\/"}}]}},"_links":{"self":[{"href":"https:\/\/kamoto.md\/ro\/wp-json\/wp\/v2\/product\/9698","targetHints":{"allow":["GET"]}}],"collection":[{"href":"https:\/\/kamoto.md\/ro\/wp-json\/wp\/v2\/product"}],"about":[{"href":"https:\/\/kamoto.md\/ro\/wp-json\/wp\/v2\/types\/product"}],"wp:featuredmedia":[{"embeddable":true,"href":"https:\/\/kamoto.md\/ro\/wp-json\/wp\/v2\/media\/13382"}],"wp:attachment":[{"href":"https:\/\/kamoto.md\/ro\/wp-json\/wp\/v2\/media?parent=9698"}],"wp:term":[{"taxonomy":"product_brand","embeddable":true,"href":"https:\/\/kamoto.md\/ro\/wp-json\/wp\/v2\/product_brand?post=9698"},{"taxonomy":"product_cat","embeddable":true,"href":"https:\/\/kamoto.md\/ro\/wp-json\/wp\/v2\/product_cat?post=9698"},{"taxonomy":"product_tag","embeddable":true,"href":"https:\/\/kamoto.md\/ro\/wp-json\/wp\/v2\/product_tag?post=9698"}],"curies":[{"name":"wp","href":"https:\/\/api.w.org\/{rel}","templated":true}]}}